{"id":7210,"date":"2019-02-21T10:50:04","date_gmt":"2019-02-21T08:50:04","guid":{"rendered":"https:\/\/nano-zen.com\/product\/nano-fil-2\/"},"modified":"2019-10-08T23:15:49","modified_gmt":"2019-10-08T21:15:49","slug":"nano-fil-2","status":"publish","type":"product","link":"https:\/\/nano-zen.com\/lv\/product\/nano-fil-2\/","title":{"rendered":"Echelon Nano-fil"},"content":{"rendered":"<p>NANO-FIL ir elast\u012bga nanosai\u0161u t\u012bkla strukt\u016bra, kas no jauna tika izstr\u0101d\u0101ta no piln\u012bgi cita skatupunkta, sal\u012bdzinot ar eso\u0161o stikla p\u0101rkl\u0101jumu galveno iez\u012bmi, kas bija augst\u0101 ciet\u012bbas pak\u0101pe. Katra da\u013ci\u0146a nanosai\u0161u t\u012bkla strukt\u016br\u0101 ir cie\u0161i saist\u012bta ar t\u0101s kaimi\u0146iem \u0137\u0113des veid\u0101, k\u0101 rezult\u0101t\u0101 NANO-FIL izdev\u0101s stikla p\u0101rkl\u0101jumam pie\u0161\u0137irt gan ciet\u012bbu, gan elast\u012bbu.<br \/>\nNANO-FIL nanosai\u0161u t\u012bkla strukt\u016bra darbojas k\u0101 amortiz\u0113jo\u0161a sist\u0113ma, l\u012bdz s\u0101k rasties boj\u0101jumi no \u0101r\u0113jiem faktoriem, piem\u0113ram, smalkiem skr\u0101p\u0113jumiem un traipiem uz kr\u0101sot\u0101s virsmas.<\/p>\n<p><img decoding=\"async\" class=\"alignnone wp-image-1957\" src=\"https:\/\/nano-zen.com\/wp-content\/uploads\/2019\/02\/nanolink-vana-versioon.jpg\" alt=\"\" width=\"373\" height=\"222\" srcset=\"https:\/\/nano-zen.com\/wp-content\/uploads\/2019\/02\/nanolink-vana-versioon-200x119.jpg 200w, https:\/\/nano-zen.com\/wp-content\/uploads\/2019\/02\/nanolink-vana-versioon-300x179.jpg 300w, https:\/\/nano-zen.com\/wp-content\/uploads\/2019\/02\/nanolink-vana-versioon.jpg 400w\" sizes=\"(max-width: 373px) 100vw, 373px\" \/>\u00a0 \u00a0 \u00a0<img decoding=\"async\" class=\"alignnone wp-image-1952\" src=\"https:\/\/nano-zen.com\/wp-content\/uploads\/2019\/02\/Nanolink-Network-struckture-previous-version.jpg\" alt=\"\" width=\"400\" height=\"222\" srcset=\"https:\/\/nano-zen.com\/wp-content\/uploads\/2019\/02\/Nanolink-Network-struckture-previous-version-200x111.jpg 200w, https:\/\/nano-zen.com\/wp-content\/uploads\/2019\/02\/Nanolink-Network-struckture-previous-version-300x167.jpg 300w, https:\/\/nano-zen.com\/wp-content\/uploads\/2019\/02\/Nanolink-Network-struckture-previous-version.jpg 400w\" sizes=\"(max-width: 400px) 100vw, 400px\" \/><\/p>\n<p>Br\u012bni\u0161\u0137\u012bga \u016bdens atgr\u016b\u0161anas sp\u0113ja un lieliska apdare.<\/p>\n<div class=\"clearfix\">Ar savu nanosai\u0161u t\u012bkla strukt\u016bru NANO-FIL veido biezu sl\u0101ni ar tam rakstur\u012bgu dzi\u013cu sp\u012bdumu. Sl\u0101nim piem\u012bt br\u012bni\u0161\u0137\u012bga \u016bdens atgr\u016b\u0161anas sp\u0113ja, un tas uzr\u0101da sp\u012bdo\u0161u noteces efektu ar zemu berzes koeficientu, kas pasarg\u0101 kr\u0101soto virsmu no \u016bdens traipiem un nogulsn\u0113m, pateicoties siner\u0123iskam efektam ar elast\u012bgu p\u0101rkl\u0101jumu, k\u0101 rezult\u0101t\u0101 skaistais st\u0101voklis saglab\u0101jas ilgu laiku.<\/div>\n<div><\/div>\n<div>Iev\u0113r\u012bbas cien\u012bga aizsardz\u012bba pret \u0101r\u0113jiem faktoriem<\/div>\n<div>\n<p>NANO-FIL samazina vides faktoru ietekmi, piem\u0113ram, putnu m\u0113slu, dzelteno smil\u0161u, koku sulas un sk\u0101bo lietu ietekmi uz kr\u0101sot\u0101s virsmas. NANO-FIL, kuru tikpat k\u0101 neietekm\u0113 UV stari, pasarg\u0101 savu aizsargsl\u0101ni no dzeltenas kr\u0101sas ra\u0161an\u0101s un nolieto\u0161an\u0101s, k\u0101 rezult\u0101t\u0101 rodas notur\u012bgs krist\u0101ldzidrs sp\u012bduma sl\u0101nis. (skat\u012bt 2. att\u0113lu)<br \/>\nM\u016bsu vair\u0101k nek\u0101 3 gadu ilg\u0101s p\u0101rbaudes rezult\u0101ti attiec\u012bb\u0101 uz transportl\u012bdzek\u013ciem un pa\u0101trin\u0101tas iedarb\u012bbas tests, ko veica neatkar\u012bga organiz\u0101cija \u201cSunshine Weather Meter\u201d, pier\u0101d\u012bja NANO-FIL augsto sniegumu.<\/p>\n<\/div>\n<div><img decoding=\"async\" class=\"alignnone size-full wp-image-1942\" src=\"https:\/\/nano-zen.com\/wp-content\/uploads\/2019\/02\/Wavelength-of-Sunlight-Spectrum-nano-meters_1.jpg\" alt=\"\" width=\"799\" height=\"268\" srcset=\"https:\/\/nano-zen.com\/wp-content\/uploads\/2019\/02\/Wavelength-of-Sunlight-Spectrum-nano-meters_1-200x67.jpg 200w, https:\/\/nano-zen.com\/wp-content\/uploads\/2019\/02\/Wavelength-of-Sunlight-Spectrum-nano-meters_1-300x101.jpg 300w, https:\/\/nano-zen.com\/wp-content\/uploads\/2019\/02\/Wavelength-of-Sunlight-Spectrum-nano-meters_1-400x134.jpg 400w, https:\/\/nano-zen.com\/wp-content\/uploads\/2019\/02\/Wavelength-of-Sunlight-Spectrum-nano-meters_1-500x168.jpg 500w, https:\/\/nano-zen.com\/wp-content\/uploads\/2019\/02\/Wavelength-of-Sunlight-Spectrum-nano-meters_1-600x201.jpg 600w, https:\/\/nano-zen.com\/wp-content\/uploads\/2019\/02\/Wavelength-of-Sunlight-Spectrum-nano-meters_1-700x235.jpg 700w, https:\/\/nano-zen.com\/wp-content\/uploads\/2019\/02\/Wavelength-of-Sunlight-Spectrum-nano-meters_1-768x258.jpg 768w, https:\/\/nano-zen.com\/wp-content\/uploads\/2019\/02\/Wavelength-of-Sunlight-Spectrum-nano-meters_1.jpg 799w\" sizes=\"(max-width: 799px) 100vw, 799px\" \/><\/div>\n","protected":false},"excerpt":{"rendered":"<h2>Ciet\u0101 stikla p\u0101rkl\u0101jums ar elast\u012bgu Nanolink t\u012bkla strukt\u016bru<\/h2>\n<h3>3D t\u012bkla strukt\u016bra<\/h3>\n<ul>\n<li>Veido efekt\u012bvu p\u0101rkl\u0101jumu, no kura notek \u016bdens, pateicoties tam, virsmas paliek t\u012bras.<\/li>\n<li>Aizsarg\u0101 kr\u0101sot\u0101s virsmas elast\u012bgumu ar savu unik\u0101lo \u201cnanosai\u0161u t\u012bkla strukt\u016bru\u201d.<\/li>\n<li>\u0100tra un vienk\u0101r\u0161a lieto\u0161ana, pateicoties 1 komponenta a\u0123entam.<\/li>\n<\/ul>\n<p><strong>Komplekt\u0101:<\/strong><\/p>\n<p>&#8211; Galvenais \u0161\u0137idrums 20 ml (1 automobilim)<br \/>\n&#8211; Mikrot\u012bkla audums \u00d7 1<br \/>\n&#8211; Za\u013c\u0161 un melns s\u016bklis x 1<br \/>\n&#8211; Uzl\u012bmes<\/p>\n","protected":false},"featured_media":7212,"template":"","meta":[],"product_cat":[811,905,840,906],"product_tag":[],"yoast_head":"<!-- This site is optimized with the Yoast SEO Premium plugin v14.8 - https:\/\/yoast.com\/wordpress\/plugins\/seo\/ -->\n<title>Echelon Nano-fil - Zen-Xero Glass Coating<\/title>\n<meta name=\"robots\" content=\"index, follow\" \/>\n<meta name=\"googlebot\" content=\"index, follow, max-snippet:-1, max-image-preview:large, max-video-preview:-1\" \/>\n<meta name=\"bingbot\" content=\"index, follow, max-snippet:-1, max-image-preview:large, max-video-preview:-1\" \/>\n<link rel=\"canonical\" href=\"https:\/\/nano-zen.com\/lv\/product\/nano-fil-2\/\" \/>\n<meta property=\"og:locale\" content=\"lv_LV\" \/>\n<meta property=\"og:type\" content=\"article\" \/>\n<meta property=\"og:title\" content=\"Echelon Nano-fil - Zen-Xero Glass Coating\" \/>\n<meta property=\"og:description\" content=\"Ciet\u0101 stikla p\u0101rkl\u0101jums ar elast\u012bgu Nanolink t\u012bkla strukt\u016bru 3D t\u012bkla strukt\u016bra   Veido efekt\u012bvu p\u0101rkl\u0101jumu, no kura notek \u016bdens, pateicoties tam, virsmas paliek t\u012bras.  Aizsarg\u0101 kr\u0101sot\u0101s virsmas elast\u012bgumu ar savu unik\u0101lo \u201cnanosai\u0161u t\u012bkla strukt\u016bru\u201d.  \u0100tra un vienk\u0101r\u0161a lieto\u0161ana, pateicoties 1 komponenta a\u0123entam.  Komplekt\u0101:  - Galvenais \u0161\u0137idrums 20 ml (1 automobilim) - Mikrot\u012bkla audums \u00d7 1 - Za\u013c\u0161 un melns s\u016bklis x 1 - Uzl\u012bmes\" \/>\n<meta property=\"og:url\" content=\"https:\/\/nano-zen.com\/lv\/product\/nano-fil-2\/\" \/>\n<meta property=\"og:site_name\" content=\"Zen-Xero Glass Coating\" \/>\n<meta property=\"article:modified_time\" content=\"2019-10-08T21:15:49+00:00\" \/>\n<meta property=\"og:image\" content=\"https:\/\/nano-zen.com\/wp-content\/uploads\/2019\/02\/Echelon-Nano-Fil.jpg\" \/>\n\t<meta property=\"og:image:width\" content=\"700\" \/>\n\t<meta property=\"og:image:height\" content=\"500\" \/>\n<meta property=\"fb:app_id\" content=\"836976856476249\" \/>\n<meta name=\"twitter:card\" content=\"summary_large_image\" \/>\n<script type=\"application\/ld+json\" class=\"yoast-schema-graph\">{\"@context\":\"https:\/\/schema.org\",\"@graph\":[{\"@type\":\"WebSite\",\"@id\":\"https:\/\/nano-zen.com\/lv\/#website\",\"url\":\"https:\/\/nano-zen.com\/lv\/\",\"name\":\"Zen-Xero Glass Coating\",\"description\":\"Zen-Xero Glass Coating protection for all parts of the car.\",\"potentialAction\":[{\"@type\":\"SearchAction\",\"target\":\"https:\/\/nano-zen.com\/lv\/?s={search_term_string}\",\"query-input\":\"required name=search_term_string\"}],\"inLanguage\":\"lv-LV\"},{\"@type\":\"ImageObject\",\"@id\":\"https:\/\/nano-zen.com\/lv\/product\/nano-fil-2\/#primaryimage\",\"inLanguage\":\"lv-LV\",\"url\":\"https:\/\/nano-zen.com\/wp-content\/uploads\/2019\/02\/Echelon-Nano-Fil.jpg\",\"width\":700,\"height\":500,\"caption\":\"Echelon Nano-Fil Ciet\\u0101 stikla p\\u0101rkl\\u0101jums ar elast\\u012bgu Nanolink t\\u012bkla strukt\\u016bru\"},{\"@type\":\"WebPage\",\"@id\":\"https:\/\/nano-zen.com\/lv\/product\/nano-fil-2\/#webpage\",\"url\":\"https:\/\/nano-zen.com\/lv\/product\/nano-fil-2\/\",\"name\":\"Echelon Nano-fil - Zen-Xero Glass Coating\",\"isPartOf\":{\"@id\":\"https:\/\/nano-zen.com\/lv\/#website\"},\"primaryImageOfPage\":{\"@id\":\"https:\/\/nano-zen.com\/lv\/product\/nano-fil-2\/#primaryimage\"},\"datePublished\":\"2019-02-21T08:50:04+00:00\",\"dateModified\":\"2019-10-08T21:15:49+00:00\",\"inLanguage\":\"lv-LV\",\"potentialAction\":[{\"@type\":\"ReadAction\",\"target\":[\"https:\/\/nano-zen.com\/lv\/product\/nano-fil-2\/\"]}]}]}<\/script>\n<!-- \/ Yoast SEO Premium plugin. -->","_links":{"self":[{"href":"https:\/\/nano-zen.com\/lv\/wp-json\/wp\/v2\/product\/7210"}],"collection":[{"href":"https:\/\/nano-zen.com\/lv\/wp-json\/wp\/v2\/product"}],"about":[{"href":"https:\/\/nano-zen.com\/lv\/wp-json\/wp\/v2\/types\/product"}],"wp:featuredmedia":[{"embeddable":true,"href":"https:\/\/nano-zen.com\/lv\/wp-json\/wp\/v2\/media\/7212"}],"wp:attachment":[{"href":"https:\/\/nano-zen.com\/lv\/wp-json\/wp\/v2\/media?parent=7210"}],"wp:term":[{"taxonomy":"product_cat","embeddable":true,"href":"https:\/\/nano-zen.com\/lv\/wp-json\/wp\/v2\/product_cat?post=7210"},{"taxonomy":"product_tag","embeddable":true,"href":"https:\/\/nano-zen.com\/lv\/wp-json\/wp\/v2\/product_tag?post=7210"}],"curies":[{"name":"wp","href":"https:\/\/api.w.org\/{rel}","templated":true}]}}