{"id":7135,"date":"2019-02-21T10:52:43","date_gmt":"2019-02-21T08:52:43","guid":{"rendered":"https:\/\/nano-zen.com\/product\/zen-xero-smart\/"},"modified":"2019-10-08T23:08:14","modified_gmt":"2019-10-08T21:08:14","slug":"zen-xero-smart","status":"publish","type":"product","link":"https:\/\/nano-zen.com\/lv\/product\/zen-xero-smart\/","title":{"rendered":"Zen-Xero Smart"},"content":{"rendered":"<h2 class=\"p1\">Kas ir Zen-Xero tehnolo\u0123ija?<\/h2>\n<p class=\"p1\">Lai gan pa\u0161u p\u0101rkl\u0101jumu veiktsp\u0113ja ir att\u012bst\u012bjusies, pateicoties tehnolo\u0123iju att\u012bst\u012bbai, joproj\u0101m ir iesp\u0113jami uzlabojumi attiec\u012bb\u0101 uz metodi, ar kuru p\u0101rkl\u0101jums tiek nostiprin\u0101ts uz kr\u0101sot\u0101m virsm\u0101m, lai ieg\u016btu p\u0101rkl\u0101juma augst\u0101ko veiktsp\u0113ju. Zen-Xero tehnolo\u0123ija tika izstr\u0101d\u0101ta, lai uzlabotu saikni starp kr\u0101soto virsmu un p\u0101rkl\u0101jumu. Pa\u0101trin\u0101t\u0101js, kas ir tehnolo\u0123ijas pamatelements, iev\u0113rojami palielina fiks\u0113\u0161anas jaudu un nodro\u0161ina p\u0101rkl\u0101juma maksim\u0101lo veiktsp\u0113ju.<\/p>\n<p><img decoding=\"async\" class=\"aligncenter wp-image-2148 size-800\" src=\"https:\/\/nano-zen.com\/wp-content\/uploads\/2019\/02\/with-or-without-accelerator-2-1-800x491.jpg\" alt=\"Zen-Xero accelerator\" width=\"800\" height=\"491\" srcset=\"https:\/\/nano-zen.com\/wp-content\/uploads\/2019\/02\/with-or-without-accelerator-2-1-200x123.jpg 200w, https:\/\/nano-zen.com\/wp-content\/uploads\/2019\/02\/with-or-without-accelerator-2-1-300x184.jpg 300w, https:\/\/nano-zen.com\/wp-content\/uploads\/2019\/02\/with-or-without-accelerator-2-1-400x246.jpg 400w, https:\/\/nano-zen.com\/wp-content\/uploads\/2019\/02\/with-or-without-accelerator-2-1-500x307.jpg 500w, https:\/\/nano-zen.com\/wp-content\/uploads\/2019\/02\/with-or-without-accelerator-2-1-600x368.jpg 600w, https:\/\/nano-zen.com\/wp-content\/uploads\/2019\/02\/with-or-without-accelerator-2-1-700x430.jpg 700w, https:\/\/nano-zen.com\/wp-content\/uploads\/2019\/02\/with-or-without-accelerator-2-1-768x472.jpg 768w, https:\/\/nano-zen.com\/wp-content\/uploads\/2019\/02\/with-or-without-accelerator-2-1-800x491.jpg 800w, https:\/\/nano-zen.com\/wp-content\/uploads\/2019\/02\/with-or-without-accelerator-2-1-1024x629.jpg 1024w, https:\/\/nano-zen.com\/wp-content\/uploads\/2019\/02\/with-or-without-accelerator-2-1-1200x737.jpg 1200w\" sizes=\"(max-width: 800px) 100vw, 800px\" \/><\/p>\n<p>&nbsp;<\/p>\n<h2 class=\"p1\">Zen-Xero Smart lielisk\u0101s iztur\u012bbas \u012bpa\u0161\u012bbas<\/h2>\n<p class=\"p1\">Zen-Xero Smart ir \u013coti iztur\u012bgas \u012bpa\u0161\u012bbas pret da\u017e\u0101d\u0101m \u0137\u012bmisk\u0101m viel\u0101m papildus pretsk\u0101bes iztur\u012bbas \u012bpa\u0161\u012bbai. Nav jut\u012bgs pret negat\u012bvo ietekmi uz vidi nodro\u0161ina kr\u0101sot\u0101s virsmas ilglaic\u012bgu aizsardz\u012bbu no barg\u0101kajiem, piem\u0113ram, ultravioletajiem stariem.<\/p>\n<p class=\"p1\"><img decoding=\"async\" class=\"wp-image-2150 alignnone\" src=\"https:\/\/nano-zen.com\/wp-content\/uploads\/2019\/02\/Screen-Shot-2019-04-11-at-14.38.41.png\" alt=\"\" width=\"714\" height=\"180\" srcset=\"https:\/\/nano-zen.com\/wp-content\/uploads\/2019\/02\/Screen-Shot-2019-04-11-at-14.38.41-200x50.png 200w, https:\/\/nano-zen.com\/wp-content\/uploads\/2019\/02\/Screen-Shot-2019-04-11-at-14.38.41-300x76.png 300w, https:\/\/nano-zen.com\/wp-content\/uploads\/2019\/02\/Screen-Shot-2019-04-11-at-14.38.41-400x101.png 400w, https:\/\/nano-zen.com\/wp-content\/uploads\/2019\/02\/Screen-Shot-2019-04-11-at-14.38.41-500x126.png 500w, https:\/\/nano-zen.com\/wp-content\/uploads\/2019\/02\/Screen-Shot-2019-04-11-at-14.38.41-600x151.png 600w, https:\/\/nano-zen.com\/wp-content\/uploads\/2019\/02\/Screen-Shot-2019-04-11-at-14.38.41-700x177.png 700w, https:\/\/nano-zen.com\/wp-content\/uploads\/2019\/02\/Screen-Shot-2019-04-11-at-14.38.41-768x194.png 768w, https:\/\/nano-zen.com\/wp-content\/uploads\/2019\/02\/Screen-Shot-2019-04-11-at-14.38.41-800x202.png 800w, https:\/\/nano-zen.com\/wp-content\/uploads\/2019\/02\/Screen-Shot-2019-04-11-at-14.38.41.png 979w\" sizes=\"(max-width: 714px) 100vw, 714px\" \/> <img decoding=\"async\" class=\"wp-image-2152 alignnone\" src=\"https:\/\/nano-zen.com\/wp-content\/uploads\/2019\/02\/Screen-Shot-2019-04-11-at-14.39.01.png\" alt=\"\" width=\"256\" height=\"180\" srcset=\"https:\/\/nano-zen.com\/wp-content\/uploads\/2019\/02\/Screen-Shot-2019-04-11-at-14.39.01-200x141.png 200w, https:\/\/nano-zen.com\/wp-content\/uploads\/2019\/02\/Screen-Shot-2019-04-11-at-14.39.01-300x212.png 300w, https:\/\/nano-zen.com\/wp-content\/uploads\/2019\/02\/Screen-Shot-2019-04-11-at-14.39.01-400x282.png 400w, https:\/\/nano-zen.com\/wp-content\/uploads\/2019\/02\/Screen-Shot-2019-04-11-at-14.39.01.png 451w\" sizes=\"(max-width: 256px) 100vw, 256px\" \/><\/p>\n<p>&nbsp;<\/p>\n<h2 class=\"p1\">Zen-Xero Smart \u016bdens atgr\u016b\u0161anas efekta iztur\u012bbas nosl\u0113pums<\/h2>\n<p class=\"p1\">Tradicion\u0101lajos p\u0101rkl\u0101\u0161anas produktos \u016bdens atgr\u016b\u0161anas efekta pamatsast\u0101vda\u013cas (fluors, metils u.c.) paliek nogul\u0161\u0146u veid\u0101 tikai uz p\u0101rkl\u0101juma virsmas. \u0160\u012b iemesla d\u0113\u013c \u016bdens atgr\u016b\u0161anas efekts laika gait\u0101 iev\u0113rojami samazin\u0101s. Zen-Xero Smart ir pan\u0101kusi piln\u012bgu stikla komponenta un fluora sapl\u016b\u0161anu.<\/p>\n<p class=\"p1\">T\u0101 k\u0101 stikla p\u0101rkl\u0101jum\u0101 fluora l\u012bmenis ir vienm\u0113r\u012bgi sabl\u012bv\u0113ts, \u016bdens atgr\u016b\u0161anas efekta pamatne paliek p\u0101rkl\u0101jum\u0101, kas \u016bdens atgr\u016b\u0161anai \u013cauj kalpot ilgu laiku, neskatoties uz p\u0101rkl\u0101juma biezuma samazin\u0101\u0161anos.<\/p>\n<p>&nbsp;<\/p>\n<h3 class=\"p1\">Att\u0113ls. Tradicion\u0101lo \u016bdens atgr\u016b\u0161anas produktu stikla sl\u0101nis.<\/h3>\n<p class=\"p1\"><img decoding=\"async\" class=\"wp-image-2156 alignleft\" src=\"https:\/\/nano-zen.com\/wp-content\/uploads\/2019\/02\/water-reppelency-usual-800x356.jpg\" alt=\"water-reppelency usual\" width=\"800\" height=\"356\" srcset=\"https:\/\/nano-zen.com\/wp-content\/uploads\/2019\/02\/water-reppelency-usual-200x89.jpg 200w, https:\/\/nano-zen.com\/wp-content\/uploads\/2019\/02\/water-reppelency-usual-300x134.jpg 300w, https:\/\/nano-zen.com\/wp-content\/uploads\/2019\/02\/water-reppelency-usual-400x178.jpg 400w, https:\/\/nano-zen.com\/wp-content\/uploads\/2019\/02\/water-reppelency-usual-500x223.jpg 500w, https:\/\/nano-zen.com\/wp-content\/uploads\/2019\/02\/water-reppelency-usual-600x267.jpg 600w, https:\/\/nano-zen.com\/wp-content\/uploads\/2019\/02\/water-reppelency-usual-700x312.jpg 700w, https:\/\/nano-zen.com\/wp-content\/uploads\/2019\/02\/water-reppelency-usual-768x342.jpg 768w, https:\/\/nano-zen.com\/wp-content\/uploads\/2019\/02\/water-reppelency-usual-800x356.jpg 800w, https:\/\/nano-zen.com\/wp-content\/uploads\/2019\/02\/water-reppelency-usual-1024x456.jpg 1024w, https:\/\/nano-zen.com\/wp-content\/uploads\/2019\/02\/water-reppelency-usual.jpg 1184w\" sizes=\"(max-width: 800px) 100vw, 800px\" \/><\/p>\n<p>&nbsp;<\/p>\n<p>&nbsp;<\/p>\n<p class=\"p1\">\u016adens atgr\u016b\u0161anas efekta pamats veidojas tikai uz p\u0101rkl\u0101juma virsmas. \u016adens atgr\u016b\u0161anas efekts samazin\u0101s, kad virs\u0113jais p\u0101rkl\u0101jums nodilst.<\/p>\n<p>&nbsp;<\/p>\n<p>&nbsp;<\/p>\n<p>&nbsp;<\/p>\n<p>&nbsp;<\/p>\n<h3><\/h3>\n<h3><\/h3>\n<h3 class=\"p1\">Att\u0113ls. Zen-Xero Smart stikla sl\u0101nis.<\/h3>\n<p><img decoding=\"async\" class=\"wp-image-2154 alignleft\" src=\"https:\/\/nano-zen.com\/wp-content\/uploads\/2019\/02\/water-repellency-ZX-800x357.jpg\" alt=\"\" width=\"800\" height=\"357\" srcset=\"https:\/\/nano-zen.com\/wp-content\/uploads\/2019\/02\/water-repellency-ZX-200x89.jpg 200w, https:\/\/nano-zen.com\/wp-content\/uploads\/2019\/02\/water-repellency-ZX-300x134.jpg 300w, https:\/\/nano-zen.com\/wp-content\/uploads\/2019\/02\/water-repellency-ZX-400x178.jpg 400w, https:\/\/nano-zen.com\/wp-content\/uploads\/2019\/02\/water-repellency-ZX-500x223.jpg 500w, https:\/\/nano-zen.com\/wp-content\/uploads\/2019\/02\/water-repellency-ZX-600x268.jpg 600w, https:\/\/nano-zen.com\/wp-content\/uploads\/2019\/02\/water-repellency-ZX-700x312.jpg 700w, https:\/\/nano-zen.com\/wp-content\/uploads\/2019\/02\/water-repellency-ZX-768x342.jpg 768w, https:\/\/nano-zen.com\/wp-content\/uploads\/2019\/02\/water-repellency-ZX-800x357.jpg 800w, https:\/\/nano-zen.com\/wp-content\/uploads\/2019\/02\/water-repellency-ZX-1024x457.jpg 1024w, https:\/\/nano-zen.com\/wp-content\/uploads\/2019\/02\/water-repellency-ZX.jpg 1200w\" sizes=\"(max-width: 800px) 100vw, 800px\" \/><\/p>\n<p>&nbsp;<\/p>\n<p>&nbsp;<\/p>\n<p class=\"p1\">\u016adens atgr\u016b\u0161anas efekta pamat\u0101 ir vienm\u0113r\u012bgi iestr\u0101d\u0101ts stikla p\u0101rkl\u0101jums, kas nodro\u0161ina \u016bdens atgr\u016b\u0161anas saglab\u0101\u0161anos pat tad, kad p\u0101rkl\u0101jo\u0161\u0101 virsma nodilst.<\/p>\n<p>&nbsp;<\/p>\n<p>&nbsp;<\/p>\n<p>&nbsp;<\/p>\n<p>&nbsp;<\/p>\n<p>&nbsp;<\/p>\n<h2><\/h2>\n<p>&nbsp;<\/p>\n","protected":false},"excerpt":{"rendered":"<p><img decoding=\"async\" class=\"alignnone wp-image-2752\" src=\"https:\/\/nano-zen.com\/wp-content\/uploads\/2019\/02\/Echelon-Zen-Xero-Smart.png\" alt=\"Echelon Zen-Xero Smart\" width=\"360\" height=\"514\" srcset=\"https:\/\/nano-zen.com\/wp-content\/uploads\/2019\/02\/Echelon-Zen-Xero-Smart-200x285.png 200w, https:\/\/nano-zen.com\/wp-content\/uploads\/2019\/02\/Echelon-Zen-Xero-Smart-210x300.png 210w, https:\/\/nano-zen.com\/wp-content\/uploads\/2019\/02\/Echelon-Zen-Xero-Smart-324x462.png 324w, https:\/\/nano-zen.com\/wp-content\/uploads\/2019\/02\/Echelon-Zen-Xero-Smart-400x571.png 400w, https:\/\/nano-zen.com\/wp-content\/uploads\/2019\/02\/Echelon-Zen-Xero-Smart-416x594.png 416w, https:\/\/nano-zen.com\/wp-content\/uploads\/2019\/02\/Echelon-Zen-Xero-Smart.png 433w\" sizes=\"(max-width: 360px) 100vw, 360px\" \/><\/p>\n<p class=\"p1\"><strong>Great Durability and Ease of Application Achieved with the New Technology<\/strong><\/p>\n<ul>\n<li>Dynamic water-repellent layer: water-repellent effect.<\/li>\n<li>Complete fusion of glass and fluorine that makes water-repellency last.<\/li>\n<li>Deep gloss and shine, perfect for dark-colored cars.<\/li>\n<li>Excellent coating performance with an anti-acid property.<\/li>\n<li>Uniform and high-quality application by only one-time application of a 2-component mixture.<\/li>\n<\/ul>\n<p><strong>Inside the kit:<\/strong><\/p>\n<p>-Liquid I (30 ml)<br \/>\n-Liquid II (0.5ml)<br \/>\n-Accelerator (30ml)<br \/>\n-Applicator sponge x 1<\/p>\n","protected":false},"featured_media":7149,"template":"","meta":[],"product_cat":[811,905,840,906],"product_tag":[],"yoast_head":"<!-- This site is optimized with the Yoast SEO Premium plugin v14.8 - https:\/\/yoast.com\/wordpress\/plugins\/seo\/ -->\n<title>Echelon Zen-Xero Smart - 2 komponentu stikla p\u0101rkl\u0101jums automa\u0161\u012bnai<\/title>\n<meta name=\"description\" content=\"Echelon Zen-Xero Smart \u2013 2 kop\u0113jais p\u0101rkl\u0101jums kr\u0101so\u0161anai. Superhidrofobisks. Liela iztur\u012bba un \u0113rta pielieto\u0161ana, kas pan\u0101kta ar jauno Zen-Xero tehnolo\u0123iju.\" \/>\n<meta name=\"robots\" content=\"index, follow\" \/>\n<meta name=\"googlebot\" content=\"index, follow, max-snippet:-1, max-image-preview:large, max-video-preview:-1\" \/>\n<meta name=\"bingbot\" content=\"index, follow, max-snippet:-1, max-image-preview:large, max-video-preview:-1\" \/>\n<link rel=\"canonical\" href=\"https:\/\/nano-zen.com\/lv\/product\/zen-xero-smart\/\" \/>\n<meta property=\"og:locale\" content=\"lv_LV\" \/>\n<meta property=\"og:type\" content=\"article\" \/>\n<meta property=\"og:title\" content=\"Echelon Zen-Xero Smart - 2 komponentu stikla p\u0101rkl\u0101jums automa\u0161\u012bnai\" \/>\n<meta property=\"og:description\" content=\"Echelon Zen-Xero Smart \u2013 2 kop\u0113jais p\u0101rkl\u0101jums kr\u0101so\u0161anai. Superhidrofobisks. Liela iztur\u012bba un \u0113rta pielieto\u0161ana, kas pan\u0101kta ar jauno Zen-Xero tehnolo\u0123iju.\" \/>\n<meta property=\"og:url\" content=\"https:\/\/nano-zen.com\/lv\/product\/zen-xero-smart\/\" \/>\n<meta property=\"og:site_name\" content=\"Zen-Xero Glass Coating\" \/>\n<meta property=\"article:modified_time\" content=\"2019-10-08T21:08:14+00:00\" \/>\n<meta property=\"og:image\" content=\"https:\/\/nano-zen.com\/wp-content\/uploads\/2019\/02\/Zen-Xero-Smart.jpg\" \/>\n\t<meta property=\"og:image:width\" content=\"700\" \/>\n\t<meta property=\"og:image:height\" content=\"500\" \/>\n<meta property=\"fb:app_id\" content=\"836976856476249\" \/>\n<meta name=\"twitter:card\" content=\"summary_large_image\" \/>\n<script type=\"application\/ld+json\" class=\"yoast-schema-graph\">{\"@context\":\"https:\/\/schema.org\",\"@graph\":[{\"@type\":\"WebSite\",\"@id\":\"https:\/\/nano-zen.com\/lv\/#website\",\"url\":\"https:\/\/nano-zen.com\/lv\/\",\"name\":\"Zen-Xero Glass Coating\",\"description\":\"Zen-Xero Glass Coating protection for all parts of the car.\",\"potentialAction\":[{\"@type\":\"SearchAction\",\"target\":\"https:\/\/nano-zen.com\/lv\/?s={search_term_string}\",\"query-input\":\"required name=search_term_string\"}],\"inLanguage\":\"lv-LV\"},{\"@type\":\"ImageObject\",\"@id\":\"https:\/\/nano-zen.com\/lv\/product\/zen-xero-smart\/#primaryimage\",\"inLanguage\":\"lv-LV\",\"url\":\"https:\/\/nano-zen.com\/wp-content\/uploads\/2019\/02\/Zen-Xero-Smart.jpg\",\"width\":700,\"height\":500,\"caption\":\"Zen-Xero Smart\"},{\"@type\":\"WebPage\",\"@id\":\"https:\/\/nano-zen.com\/lv\/product\/zen-xero-smart\/#webpage\",\"url\":\"https:\/\/nano-zen.com\/lv\/product\/zen-xero-smart\/\",\"name\":\"Echelon Zen-Xero Smart - 2 komponentu stikla p\\u0101rkl\\u0101jums automa\\u0161\\u012bnai\",\"isPartOf\":{\"@id\":\"https:\/\/nano-zen.com\/lv\/#website\"},\"primaryImageOfPage\":{\"@id\":\"https:\/\/nano-zen.com\/lv\/product\/zen-xero-smart\/#primaryimage\"},\"datePublished\":\"2019-02-21T08:52:43+00:00\",\"dateModified\":\"2019-10-08T21:08:14+00:00\",\"description\":\"Echelon Zen-Xero Smart \\u2013 2 kop\\u0113jais p\\u0101rkl\\u0101jums kr\\u0101so\\u0161anai. Superhidrofobisks. Liela iztur\\u012bba un \\u0113rta pielieto\\u0161ana, kas pan\\u0101kta ar jauno Zen-Xero tehnolo\\u0123iju.\",\"inLanguage\":\"lv-LV\",\"potentialAction\":[{\"@type\":\"ReadAction\",\"target\":[\"https:\/\/nano-zen.com\/lv\/product\/zen-xero-smart\/\"]}]}]}<\/script>\n<!-- \/ Yoast SEO Premium plugin. -->","_links":{"self":[{"href":"https:\/\/nano-zen.com\/lv\/wp-json\/wp\/v2\/product\/7135"}],"collection":[{"href":"https:\/\/nano-zen.com\/lv\/wp-json\/wp\/v2\/product"}],"about":[{"href":"https:\/\/nano-zen.com\/lv\/wp-json\/wp\/v2\/types\/product"}],"wp:featuredmedia":[{"embeddable":true,"href":"https:\/\/nano-zen.com\/lv\/wp-json\/wp\/v2\/media\/7149"}],"wp:attachment":[{"href":"https:\/\/nano-zen.com\/lv\/wp-json\/wp\/v2\/media?parent=7135"}],"wp:term":[{"taxonomy":"product_cat","embeddable":true,"href":"https:\/\/nano-zen.com\/lv\/wp-json\/wp\/v2\/product_cat?post=7135"},{"taxonomy":"product_tag","embeddable":true,"href":"https:\/\/nano-zen.com\/lv\/wp-json\/wp\/v2\/product_tag?post=7135"}],"curies":[{"name":"wp","href":"https:\/\/api.w.org\/{rel}","templated":true}]}}