{"id":6498,"date":"2019-04-11T12:12:41","date_gmt":"2019-04-11T10:12:41","guid":{"rendered":"https:\/\/nano-zen.com\/product\/zen-xero-vario\/"},"modified":"2019-09-30T20:30:22","modified_gmt":"2019-09-30T18:30:22","slug":"zen-xero-vario","status":"publish","type":"product","link":"https:\/\/nano-zen.com\/lv\/product\/zen-xero-vario\/","title":{"rendered":"Zen-Xero Vario"},"content":{"rendered":"<h3 class=\"border_gray\" style=\"font-weight: bold;\">Performance of Zen-Xero Vario<\/h3>\n<div class=\"fusion-tabs fusion-tabs-1 classic horizontal-tabs icon-position-left\"><style type=\"text\/css\">.fusion-tabs.fusion-tabs-1 .nav-tabs li a.tab-link{border-top-color:#f4f6f8;background-color:#f4f6f8;}.fusion-tabs.fusion-tabs-1 .nav-tabs{background-color:#ffffff;}.fusion-tabs.fusion-tabs-1 .nav-tabs li.active a.tab-link,.fusion-tabs.fusion-tabs-1 .nav-tabs li.active a.tab-link:hover,.fusion-tabs.fusion-tabs-1 .nav-tabs li.active a.tab-link:focus{border-right-color:#ffffff;}.fusion-tabs.fusion-tabs-1 .nav-tabs li.active a.tab-link,.fusion-tabs.fusion-tabs-1 .nav-tabs li.active a.tab-link:hover,.fusion-tabs.fusion-tabs-1 .nav-tabs li.active a.tab-link:focus{background-color:#ffffff;}.fusion-tabs.fusion-tabs-1 .nav-tabs li a:hover{background-color:#ffffff;border-top-color:#ffffff;}.fusion-tabs.fusion-tabs-1 .tab-pane{background-color:#ffffff;}.fusion-tabs.fusion-tabs-1 .nav,.fusion-tabs.fusion-tabs-1 .nav-tabs,.fusion-tabs.fusion-tabs-1 .tab-content .tab-pane{border-color:#dbe2ea;}<\/style><div class=\"nav\"><ul class=\"nav-tabs nav-justified\" role=\"tablist\"><li class=\"active\"><a class=\"tab-link\" data-toggle=\"tab\" role=\"tab\" aria-controls=\"tab-fc538dc08c836021d95\" aria-selected=\"true\" id=\"fusion-tab-rite\u0146iem\" href=\"#tab-fc538dc08c836021d95\"><h4 class=\"fusion-tab-heading\">Rite\u0146iem<\/h4><\/a><\/li><li><a class=\"tab-link\" data-toggle=\"tab\" role=\"tab\" aria-controls=\"tab-0dbe17aba8ef3b6746a\" aria-selected=\"false\" tabindex=\"-1\" id=\"fusion-tab-\u0100dai\" href=\"#tab-0dbe17aba8ef3b6746a\"><h4 class=\"fusion-tab-heading\">\u0100dai<\/h4><\/a><\/li><li><a class=\"tab-link\" data-toggle=\"tab\" role=\"tab\" aria-controls=\"tab-6c42a52657b7fb5bbde\" aria-selected=\"false\" tabindex=\"-1\" id=\"fusion-tab-priek\u0161\u0113jiemlukturiem\" href=\"#tab-6c42a52657b7fb5bbde\"><h4 class=\"fusion-tab-heading\">Priek\u0161\u0113jiem lukturiem<\/h4><\/a><\/li><li><a class=\"tab-link\" data-toggle=\"tab\" role=\"tab\" aria-controls=\"tab-f952d15c0f4dc58ce55\" aria-selected=\"false\" tabindex=\"-1\" id=\"fusion-tab-met\u0101laapdarei\" href=\"#tab-f952d15c0f4dc58ce55\"><h4 class=\"fusion-tab-heading\">Met\u0101la apdarei<\/h4><\/a><\/li><\/ul><\/div><div class=\"tab-content\"><div class=\"nav fusion-mobile-tab-nav\"><ul class=\"nav-tabs nav-justified\"><li class=\"active\"><a class=\"tab-link\" data-toggle=\"tab\" role=\"tab\" aria-controls=\"tab-fc538dc08c836021d95\" aria-selected=\"true\" id=\"mobile-fusion-tab-rite\u0146iem\" href=\"#tab-fc538dc08c836021d95\"><h4 class=\"fusion-tab-heading\">Rite\u0146iem<\/h4><\/a><\/li><\/ul><\/div><div class=\"tab-pane fade fusion-clearfix in active\" role=\"tabpanel\" tabindex=\"0\" aria-labelledby=\"fusion-tab-rite\u0146iem\" id=\"tab-fc538dc08c836021d95\"><\/p>\n<p>Alum\u012bnija diski iev\u0113rojami ietekm\u0113 kop\u0113jo transportl\u012bdzek\u013ca izskatu, un tie ir pak\u013cauti skarbai videi vair\u0101k, piem\u0113ram, tiem var viegl\u0101k piek\u013c\u016bt bremz\u0113\u0161anas putek\u013ci un taukaini net\u012brumi. Turkl\u0101t augst\u0101 temperat\u016bra, ko rada bremz\u0113\u0161ana, liek net\u012brumiem pietur\u0113ties pie diskiem v\u0113l vair\u0101k. Zen-Xero Vario ir stikla p\u0101rkl\u0101jums alum\u012bnija diskiem, kas paredz\u0113ts darbam tik skarb\u0101 vid\u0113. Tas ir hibr\u012bda tips, kas izmanto polisilaz\u0101nu un nodro\u0161ina gan p\u0101rkl\u0101juma biezumu, gan iztur\u012bgumu, kas nepiecie\u0161ams rite\u0146u aizsardz\u012bbai.<\/p>\n<p><img decoding=\"async\" class=\"aligncenter wp-image-2134 size-400\" src=\"https:\/\/nano-zen.com\/wp-content\/uploads\/2019\/04\/wheels_content1-400x157.jpg\" alt=\"Zen-Xero Vario for Wheels\" width=\"400\" height=\"157\" srcset=\"https:\/\/nano-zen.com\/wp-content\/uploads\/2019\/04\/wheels_content1-200x78.jpg 200w, https:\/\/nano-zen.com\/wp-content\/uploads\/2019\/04\/wheels_content1-300x117.jpg 300w, https:\/\/nano-zen.com\/wp-content\/uploads\/2019\/04\/wheels_content1-400x157.jpg 400w, https:\/\/nano-zen.com\/wp-content\/uploads\/2019\/04\/wheels_content1.jpg 460w\" sizes=\"(max-width: 400px) 100vw, 400px\" \/><\/p>\n<p>Zen-Xero Vario uzkl\u0101j tikai uz puses no diska. Sal\u012bdzinot abu laukumu apst\u0101k\u013cus p\u0113c m\u0113ne\u0161a bez mazg\u0101\u0161anas, var paman\u012bt, ka uzkl\u0101tajam laukumam ir maz\u0101k net\u012brumu.<\/p>\n<h3 style=\"font-weight: bold;\">M\u016bsdien\u0101s rite\u0146u p\u0101rkl\u0101\u0161anas pakalpojumi k\u013c\u016bst arvien popul\u0101r\u0101ki, turkl\u0101t tirg\u016b ir da\u017e\u0101di produkti. Tom\u0113r viena no liel\u0101kaj\u0101m rite\u0146u p\u0101rkl\u0101jumu probl\u0113m\u0101m ir saciet\u0113\u0161anas laiks p\u0113c uzkl\u0101\u0161anas. Viegli lietojamie produkti, kuriem nav vajadz\u012bgs tik daudz laika, nevar nodro\u0161in\u0101t pietiekami daudz veiktsp\u0113jas, un produkti, kas uzr\u0101da noteiktu efektu, prasa laiku saglab\u0101\u0161anai, un automa\u0161\u012bnu \u012bpa\u0161niekiem ir ilgi j\u0101gaida, lai var\u0113tu sa\u0146emt atpaka\u013c automa\u0161\u012bnas. Zen-Xero Vario piev\u0113r\u0161as \u0161ai probl\u0113mai un ir veidots t\u0101, lai samazin\u0101tu saciet\u0113\u0161anas laiku p\u0113c lieto\u0161anas. P\u0101rkl\u0101t\u0101 virsma \u0101tri no\u017e\u016bst un ne\u013cauj net\u012brumiem palikt uz p\u0101rkl\u0101juma pat tad, ja auto brauc dr\u012bz p\u0113c uzkl\u0101\u0161anas. T\u0101p\u0113c ar Zen-Xero Vario ir iesp\u0113jama efekt\u012bva transportl\u012bdzek\u013ca lieto\u0161ana un \u0101tr\u0101ka atgrie\u0161ana \u012bpa\u0161niekam.o.<\/p>\n<p><\/div><div class=\"nav fusion-mobile-tab-nav\"><ul class=\"nav-tabs nav-justified\"><li><a class=\"tab-link\" data-toggle=\"tab\" role=\"tab\" aria-controls=\"tab-0dbe17aba8ef3b6746a\" aria-selected=\"false\" tabindex=\"-1\" id=\"mobile-fusion-tab-\u0100dai\" href=\"#tab-0dbe17aba8ef3b6746a\"><h4 class=\"fusion-tab-heading\">\u0100dai<\/h4><\/a><\/li><\/ul><\/div><div class=\"tab-pane fade fusion-clearfix\" role=\"tabpanel\" tabindex=\"0\" aria-labelledby=\"fusion-tab-\u0100dai\" id=\"tab-0dbe17aba8ef3b6746a\"><\/p>\n<p>Viens no jut\u012bg\u0101kajiem materi\u0101liem, ko izmanto auto interjeram, ir \u0101da, piem\u0113ram, \u0101das s\u0113dek\u013ci. Ir \u013coti daudz da\u017e\u0101du materi\u0101lu un virsmas apstr\u0101des gan m\u0101ksl\u012bgai, gan dab\u012bgajai \u0101dai, ta\u010du \u0101das kop\u0113jie v\u0101jie punkti ir t\u0101di, ka t\u0101 viegli sm\u0113r\u0113jas un ir gr\u016bt\u012bbas t\u0101s kop\u0161an\u0101. Tradicion\u0101li galvenie \u0101das kop\u0161anas procesi ir biju\u0161i \u0137\u012bmisk\u0101 t\u012br\u012b\u0161ana un v\u0113l\u0101ka \u0101das mitrin\u0101\u0161ana. Tom\u0113r attiec\u012bb\u0101 uz aizsardz\u012bbu pret net\u012brumiem nav paredzams liels efekts. Lai gan b\u016btu lieliski, ja uz \u0101das b\u016btu izveidots sp\u0113c\u012bgs aizsargp\u0101rkl\u0101jums, piem\u0113ram, k\u0101 stikla p\u0101rkl\u0101jums uz automa\u0161\u012bnas, \u0161\u0101ds sp\u0113c\u012bgs p\u0101rkl\u0101jums nesaskan\u0113tu ar \u0101das materi\u0101liem. Zen-Xero Vario ir revolucion\u0101rs p\u0101rkl\u0101jums \u0101das virsmu aizsardz\u012bbai ar stikla apvalku, kas darbojas, neboj\u0101jot \u0101das materi\u0101lu fakt\u016bru.<\/p>\n<p><img decoding=\"async\" class=\"aligncenter wp-image-2136 size-400\" src=\"https:\/\/nano-zen.com\/wp-content\/uploads\/2019\/04\/leather_content1-400x157.jpg\" alt=\"Zen-Xero Vario for Leather\" width=\"400\" height=\"157\" srcset=\"https:\/\/nano-zen.com\/wp-content\/uploads\/2019\/04\/leather_content1-200x78.jpg 200w, https:\/\/nano-zen.com\/wp-content\/uploads\/2019\/04\/leather_content1-300x117.jpg 300w, https:\/\/nano-zen.com\/wp-content\/uploads\/2019\/04\/leather_content1-400x157.jpg 400w, https:\/\/nano-zen.com\/wp-content\/uploads\/2019\/04\/leather_content1.jpg 460w\" sizes=\"(max-width: 400px) 100vw, 400px\" \/><\/p>\n<p>Izstr\u0101d\u0101jums ir da\u013c\u0113ji uzkl\u0101ts uz \u0101das s\u0113dek\u013ca. P\u0113c 6 m\u0113ne\u0161iem var mier\u012bgi paman\u012bt at\u0161\u0137ir\u012bbu.<\/p>\n<h3 style=\"font-weight: bold;\">Nekrist\u0101lisks stikla p\u0101rkl\u0101jums, kas neboj\u0101 \u0101das fakt\u016bru<\/h3>\n<p>Eso\u0161s stikla p\u0101rkl\u0101jums kr\u0101sotaj\u0101m virsm\u0101m veido sp\u0113c\u012bgu stikla apvalku, tam ir lieliska aizsarg\u0101jo\u0161a darb\u012bba. Tom\u0113r, ja tas uz \u0101das virsmas k\u013c\u016bst piln\u012bb\u0101 kristaliz\u0113ts, tas nesp\u0113j tikt gal\u0101 ar \u0101das elast\u012bbu, izraisot plaisas un lob\u012b\u0161anos. Zen-Xero Vario ir nekrist\u0101liska tipa p\u0101rkl\u0101jums ar \u012bpa\u0161u strukt\u016bru, kas der elast\u012bgai \u0101das virsmai, neboj\u0101jot t\u0101s porain\u0101s iez\u012bmes. Turkl\u0101t tas ar savu lielo stikla aizsargsp\u0113ku aizsarg\u0101 \u0101das jut\u012bg\u0101s virsmas no net\u012brumiem.<\/p>\n<p>&nbsp;<\/p>\n<p><\/div><div class=\"nav fusion-mobile-tab-nav\"><ul class=\"nav-tabs nav-justified\"><li><a class=\"tab-link\" data-toggle=\"tab\" role=\"tab\" aria-controls=\"tab-6c42a52657b7fb5bbde\" aria-selected=\"false\" tabindex=\"-1\" id=\"mobile-fusion-tab-priek\u0161\u0113jiemlukturiem\" href=\"#tab-6c42a52657b7fb5bbde\"><h4 class=\"fusion-tab-heading\">Priek\u0161\u0113jiem lukturiem<\/h4><\/a><\/li><\/ul><\/div><div class=\"tab-pane fade fusion-clearfix\" role=\"tabpanel\" tabindex=\"0\" aria-labelledby=\"fusion-tab-priek\u0161\u0113jiemlukturiem\" id=\"tab-6c42a52657b7fb5bbde\"><\/p>\n<p>Tagad polikarbon\u0101ta sve\u0137us, nevis stiklu, izmanto priek\u0161\u0113jo lukturu materi\u0101lam, k\u0101 ar\u012b past\u0101v da\u017e\u0101das priek\u0161\u0113jo lukturu formas. Priek\u0161\u0113jie lukturi ir svar\u012bgas deta\u013cas, lai noteiktu transportl\u012bdzek\u013ca konstrukciju. Par polikarbon\u0101ta v\u0101jo punktu uzskata priek\u0161\u0113jo lukturu virspuses ciet\u0101 apvalka sl\u0101\u0146a nolieto\u0161anos un balto sp\u012bdumu. Lai risin\u0101tu \u0161o probl\u0113mu, parasti virsmas cieto sl\u0101ni no\u0146em ar smil\u0161pap\u012bru, nopul\u0113 ar caursp\u012bd\u012bguma atjauno\u0161anas vielu, bet p\u0113c tam uz virsmas lieto p\u0101rkl\u0101jumu vai kr\u0101su. Tom\u0113r ir vajadz\u012bgs produkts, kas \u012bpa\u0161i paredz\u0113ts priek\u0161\u0113jiem lukturiem, lai pan\u0101ktu maksim\u0101lu ietekmi uz materi\u0101lu un apst\u0101k\u013ciem, kas at\u0161\u0137iras no kr\u0101sotaj\u0101m virsm\u0101m. Zen-Xero Vario ir izstr\u0101d\u0101ts speci\u0101li priek\u0161\u0113jiem lukturiem, un tas nov\u0113r\u0161 pa\u0161a p\u0101rkl\u0101juma nolieto\u0161anos un aizsarg\u0101 polikarbon\u0101tu.<\/p>\n<p><img decoding=\"async\" class=\"aligncenter wp-image-2138 size-400\" src=\"https:\/\/nano-zen.com\/wp-content\/uploads\/2019\/04\/headlight_content1-400x157.jpg\" alt=\"Zen-Xero Vario for Headlights\" width=\"400\" height=\"157\" srcset=\"https:\/\/nano-zen.com\/wp-content\/uploads\/2019\/04\/headlight_content1-200x78.jpg 200w, https:\/\/nano-zen.com\/wp-content\/uploads\/2019\/04\/headlight_content1-300x117.jpg 300w, https:\/\/nano-zen.com\/wp-content\/uploads\/2019\/04\/headlight_content1-400x157.jpg 400w, https:\/\/nano-zen.com\/wp-content\/uploads\/2019\/04\/headlight_content1.jpg 460w\" sizes=\"(max-width: 400px) 100vw, 400px\" \/><\/p>\n<p>&nbsp;<\/p>\n<h3 style=\"font-weight: bold;\">Iztur\u012bba pret atmosf\u0113ras ietekmi pasarg\u0101 ar\u012b pret ultravioletiem stariem<\/h3>\n<p>Cietais p\u0101rkl\u0101jums, kas s\u0101kotn\u0113ji ir priek\u0161\u0113jos lukturos, izmanto \u012bpa\u0161as kr\u0101sas, kas \u0146em v\u0113r\u0101 ultravioleto staru iedarb\u012bbu. Neskatoties uz to, nav iesp\u0113jams piln\u012bb\u0101 izvair\u012bties no \u0161\u012bs ietekmes, un kr\u0101sa galu gal\u0101 pasliktin\u0101s. Ja priek\u0161\u0113jie lukturi ir pul\u0113ti, parastajiem auto korpusa p\u0101rkl\u0101jumiem nav lielas pretest\u012bbas pret ultravioletajiem stariem, un polikarbon\u0101ts dr\u012bz saboj\u0101jas. Tom\u0113r \u0161is produkts veido stikla apvalku ar sp\u0113c\u012bgu siloks\u0101na saiti, kas nesa\u0146em p\u0101rm\u0113r\u012bgu ultravioleto staru iedarb\u012bbu un ilgsto\u0161i aizsarg\u0101 polikarbon\u0101ta virsmas.<\/p>\n<p><\/div><div class=\"nav fusion-mobile-tab-nav\"><ul class=\"nav-tabs nav-justified\"><li><a class=\"tab-link\" data-toggle=\"tab\" role=\"tab\" aria-controls=\"tab-f952d15c0f4dc58ce55\" aria-selected=\"false\" tabindex=\"-1\" id=\"mobile-fusion-tab-met\u0101laapdarei\" href=\"#tab-f952d15c0f4dc58ce55\"><h4 class=\"fusion-tab-heading\">Met\u0101la apdarei<\/h4><\/a><\/li><\/ul><\/div><div class=\"tab-pane fade fusion-clearfix\" role=\"tabpanel\" tabindex=\"0\" aria-labelledby=\"fusion-tab-met\u0101laapdarei\" id=\"tab-f952d15c0f4dc58ce55\"><\/p>\n<p>Baltais sp\u012bdums un met\u0101la logu r\u0101mju nolieto\u0161an\u0101s, kas bie\u017ei vien piem\u012bt import\u0113tiem automobi\u013ciem, piem\u0113ram, Eiropas automobi\u013ciem, rada lielas ba\u017eas automobi\u013cu izplat\u012bt\u0101jiem, jo tos ir gr\u016bti atjaunot s\u0101kotn\u0113j\u0101 st\u0101vokl\u012b. Turkl\u0101t pat tad, kad sp\u012bdums tiek atjaunots, izmantojot abraz\u012bvu savienojumu, kas \u012bpa\u0161i izgatavots met\u0101la r\u0101mjiem, piem\u0113ram, METAL AID, tas dr\u012bz atkal pasliktin\u0101sies. Zen-Xero Vario ir stikla p\u0101rkl\u0101jums alum\u012bnijam un ner\u016bs\u0113jo\u0161\u0101m da\u013c\u0101m, piem\u0113ram, logu apdarei, re\u017e\u0123iem, jumta slied\u0113m un t\u0101 t\u0101l\u0101k.<\/p>\n<p><img decoding=\"async\" class=\"aligncenter wp-image-2140 size-400\" src=\"https:\/\/nano-zen.com\/wp-content\/uploads\/2019\/04\/metaltrims_content1-400x157.jpg\" alt=\"Zen-Xero Vario For Metal Trims\" width=\"400\" height=\"157\" srcset=\"https:\/\/nano-zen.com\/wp-content\/uploads\/2019\/04\/metaltrims_content1-200x78.jpg 200w, https:\/\/nano-zen.com\/wp-content\/uploads\/2019\/04\/metaltrims_content1-300x117.jpg 300w, https:\/\/nano-zen.com\/wp-content\/uploads\/2019\/04\/metaltrims_content1-400x157.jpg 400w, https:\/\/nano-zen.com\/wp-content\/uploads\/2019\/04\/metaltrims_content1.jpg 460w\" sizes=\"(max-width: 400px) 100vw, 400px\" \/><\/p>\n<p>&nbsp;<\/p>\n<h3 style=\"font-weight: bold;\">Apbr\u012bnojams p\u0101rkl\u0101juma biezums, kas nodro\u0161ina aizsardz\u012bbu<\/h3>\n<p>Eso\u0161ie stikla p\u0101rkl\u0101jumi kr\u0101sotaj\u0101m virsm\u0101m parasti tiek not\u012br\u012bti, kad tie uzkl\u0101ti uz virsm\u0101m. T\u0101p\u0113c ir palieko\u0161\u0101 p\u0101rkl\u0101juma biezuma robe\u017ea. Turkl\u0101t, ja p\u0101rkl\u0101jums b\u016bs p\u0101r\u0101k biezs, tas k\u013c\u016bs nepietiekami elast\u012bgs, lai atbilstu virsm\u0101m, un rad\u012bs plaisas. T\u0101 k\u0101 \u0161is izstr\u0101d\u0101jums ir paredz\u0113ts tikai alum\u012bnijam vai ner\u016bs\u0113jo\u0161iem r\u0101mjiem un ir izstr\u0101d\u0101ts unik\u0101l\u0101 formul\u0101, tas var viegli veidot elast\u012bgu un biezu stikla apvalku. Izstr\u0101d\u0101jums sniedz lielisku izl\u012bdzino\u0161u efektu, un ar\u012b lieto\u0161anas metode ir \u013coti vienk\u0101r\u0161a: izl\u012bdzin\u0101\u0161ana notiek tikai ar roku, pat nav nepiecie\u0161ams t\u012br\u012b\u0161anas etaps. Protams, p\u0113c saciet\u0113\u0161anas varat not\u012br\u012bt izveidoju\u0161os sl\u0101ni parast\u0101 veid\u0101, lai uzlabotu darba efektivit\u0101ti.<\/p>\n<p><\/div><\/div><\/div>\n","protected":false},"excerpt":{"rendered":"[fusion_text columns=\"\" column_min_width=\"\" column_spacing=\"\" rule_style=\"default\" rule_size=\"\" rule_color=\"\" hide_on_mobile=\"small-visibility,medium-visibility,large-visibility\" class=\"\" id=\"\"]\n<h3 class=\"txt_center\" style=\"font-weight: bold;\">Tikai viens produkts, kas aizsarg\u0101 da\u017e\u0101das automa\u0161\u012bnas da\u013cas, piem\u0113ram, \u0101das salonu un alum\u012bnija diskus<\/h3>\n<h4 class=\"box-header2\">Zen-Xero Vario 100ml<\/h4>\n<p>&nbsp;<\/p>\n<p>[\/fusion_text][fusion_builder_container hundred_percent=\"no\" hundred_percent_height=\"no\" hundred_percent_height_scroll=\"no\" hundred_percent_height_center_content=\"yes\" equal_height_columns=\"no\" menu_anchor=\"\" hide_on_mobile=\"small-visibility,medium-visibility,large-visibility\" status=\"published\" publish_date=\"\" class=\"\" id=\"\" background_color=\"\" background_image=\"\" background_position=\"center center\" background_repeat=\"no-repeat\" fade=\"no\" background_parallax=\"none\" enable_mobile=\"no\" parallax_speed=\"0.3\" video_mp4=\"\" video_webm=\"\" video_ogv=\"\" video_url=\"\" video_aspect_ratio=\"16:9\" video_loop=\"yes\" video_mute=\"yes\" video_preview_image=\"\" border_size=\"\" border_color=\"\" border_style=\"solid\" margin_top=\"\" margin_bottom=\"\" padding_top=\"\" padding_right=\"\" padding_bottom=\"\" padding_left=\"\"][fusion_builder_row][\/fusion_builder_row][\/fusion_builder_container]<\/p>\n","protected":false},"featured_media":6070,"template":"","meta":[],"product_cat":[811,839],"product_tag":[],"yoast_head":"<!-- This site is optimized with the Yoast SEO Premium plugin v14.8 - https:\/\/yoast.com\/wordpress\/plugins\/seo\/ -->\n<title>Zen-Xero Vario - Zen-Xero Glass Coating<\/title>\n<meta name=\"description\" content=\"Tikai viens produkts, kas aizsarg\u0101 da\u017e\u0101das automa\u0161\u012bnas da\u013cas, piem\u0113ram, \u0101das salonu un alum\u012bnija diskus\" \/>\n<meta name=\"robots\" content=\"index, follow\" \/>\n<meta name=\"googlebot\" content=\"index, follow, max-snippet:-1, max-image-preview:large, max-video-preview:-1\" \/>\n<meta name=\"bingbot\" content=\"index, follow, max-snippet:-1, max-image-preview:large, max-video-preview:-1\" \/>\n<link rel=\"canonical\" href=\"https:\/\/nano-zen.com\/lv\/product\/zen-xero-vario\/\" \/>\n<meta property=\"og:locale\" content=\"lv_LV\" \/>\n<meta property=\"og:type\" content=\"article\" \/>\n<meta property=\"og:title\" content=\"Zen-Xero Vario - Zen-Xero Glass Coating\" \/>\n<meta property=\"og:description\" content=\"Tikai viens produkts, kas aizsarg\u0101 da\u017e\u0101das automa\u0161\u012bnas da\u013cas, piem\u0113ram, \u0101das salonu un alum\u012bnija diskus\" \/>\n<meta property=\"og:url\" content=\"https:\/\/nano-zen.com\/lv\/product\/zen-xero-vario\/\" \/>\n<meta property=\"og:site_name\" content=\"Zen-Xero Glass Coating\" \/>\n<meta property=\"article:modified_time\" content=\"2019-09-30T18:30:22+00:00\" \/>\n<meta property=\"og:image\" content=\"https:\/\/nano-zen.com\/wp-content\/uploads\/2019\/04\/vario-main.jpg\" \/>\n\t<meta property=\"og:image:width\" content=\"600\" \/>\n\t<meta property=\"og:image:height\" content=\"466\" \/>\n<meta property=\"fb:app_id\" content=\"836976856476249\" \/>\n<meta name=\"twitter:card\" content=\"summary_large_image\" \/>\n<script type=\"application\/ld+json\" class=\"yoast-schema-graph\">{\"@context\":\"https:\/\/schema.org\",\"@graph\":[{\"@type\":\"WebSite\",\"@id\":\"https:\/\/nano-zen.com\/lv\/#website\",\"url\":\"https:\/\/nano-zen.com\/lv\/\",\"name\":\"Zen-Xero Glass Coating\",\"description\":\"Zen-Xero Glass Coating protection for all parts of the car.\",\"potentialAction\":[{\"@type\":\"SearchAction\",\"target\":\"https:\/\/nano-zen.com\/lv\/?s={search_term_string}\",\"query-input\":\"required name=search_term_string\"}],\"inLanguage\":\"lv-LV\"},{\"@type\":\"ImageObject\",\"@id\":\"https:\/\/nano-zen.com\/lv\/product\/zen-xero-vario\/#primaryimage\",\"inLanguage\":\"lv-LV\",\"url\":\"https:\/\/nano-zen.com\/wp-content\/uploads\/2019\/04\/vario-main.jpg\",\"width\":600,\"height\":466,\"caption\":\"Zen-xero Vario\"},{\"@type\":\"WebPage\",\"@id\":\"https:\/\/nano-zen.com\/lv\/product\/zen-xero-vario\/#webpage\",\"url\":\"https:\/\/nano-zen.com\/lv\/product\/zen-xero-vario\/\",\"name\":\"Zen-Xero Vario - Zen-Xero Glass Coating\",\"isPartOf\":{\"@id\":\"https:\/\/nano-zen.com\/lv\/#website\"},\"primaryImageOfPage\":{\"@id\":\"https:\/\/nano-zen.com\/lv\/product\/zen-xero-vario\/#primaryimage\"},\"datePublished\":\"2019-04-11T10:12:41+00:00\",\"dateModified\":\"2019-09-30T18:30:22+00:00\",\"description\":\"Tikai viens produkts, kas aizsarg\\u0101 da\\u017e\\u0101das automa\\u0161\\u012bnas da\\u013cas, piem\\u0113ram, \\u0101das salonu un alum\\u012bnija diskus\",\"inLanguage\":\"lv-LV\",\"potentialAction\":[{\"@type\":\"ReadAction\",\"target\":[\"https:\/\/nano-zen.com\/lv\/product\/zen-xero-vario\/\"]}]}]}<\/script>\n<!-- \/ Yoast SEO Premium plugin. -->","_links":{"self":[{"href":"https:\/\/nano-zen.com\/lv\/wp-json\/wp\/v2\/product\/6498"}],"collection":[{"href":"https:\/\/nano-zen.com\/lv\/wp-json\/wp\/v2\/product"}],"about":[{"href":"https:\/\/nano-zen.com\/lv\/wp-json\/wp\/v2\/types\/product"}],"wp:featuredmedia":[{"embeddable":true,"href":"https:\/\/nano-zen.com\/lv\/wp-json\/wp\/v2\/media\/6070"}],"wp:attachment":[{"href":"https:\/\/nano-zen.com\/lv\/wp-json\/wp\/v2\/media?parent=6498"}],"wp:term":[{"taxonomy":"product_cat","embeddable":true,"href":"https:\/\/nano-zen.com\/lv\/wp-json\/wp\/v2\/product_cat?post=6498"},{"taxonomy":"product_tag","embeddable":true,"href":"https:\/\/nano-zen.com\/lv\/wp-json\/wp\/v2\/product_tag?post=6498"}],"curies":[{"name":"wp","href":"https:\/\/api.w.org\/{rel}","templated":true}]}}