{"id":7150,"date":"2019-04-21T13:40:54","date_gmt":"2019-04-21T11:40:54","guid":{"rendered":"https:\/\/nano-zen.com\/terms-of-service\/"},"modified":"2019-10-06T14:46:12","modified_gmt":"2019-10-06T12:46:12","slug":"terms-of-service","status":"publish","type":"page","link":"https:\/\/nano-zen.com\/lv\/terms-of-service\/","title":{"rendered":"Pakalpojumu snieg\u0161anas noteikumi"},"content":{"rendered":"<p>1. Visp\u0101r\u012bgie nosac\u012bjumi.<\/p>\n<p>1.1. nano-zen.com ir CWH O\u00dc pirk\u0161anas vide, re\u0123istra kods 12330926, adrese Turu 2, Tartu 51014 (turpm\u0101k \u201cP\u0101rdev\u0113js\u201d), caur kuru notiek Produktu un Pakalpojumu p\u0101rdo\u0161ana Klientam (turpm\u0101k \u201cKlients\u201d).<\/p>\n<p>1.2. Noteikumi un nosac\u012bjumi attiecas uz tiesiskaj\u0101m attiec\u012bb\u0101m, kas rodas starp Klientu un P\u0101rdev\u0113ju saist\u012bb\u0101 ar Pre\u010du un Pakalpojumu ieg\u0101di tie\u0161saistes veikal\u0101.<\/p>\n<p>1.3. P\u0101rdev\u0113js un Klients vad\u0101s p\u0113c Pien\u0101kumu likuma, citiem Igaunijas Republikas likumiem un citiem ties\u012bbu aktiem un e-veikala lieto\u0161anas noteikumos saska\u0146otajiem noteikumiem<\/p>\n<p>&nbsp;<\/p>\n<p>2. Cenas<\/p>\n<p>2.1. Visas cenas e-veikal\u0101 ir noteiktas eiro un neiek\u013cauj PVN 20% (redzams tikai lietot\u0101jiem, kas pieteiku\u0161ies). CWH O\u00dc PVN sertifik\u0101ts ir EE101637589. Nor\u0113\u0137iniem klientiem no Igaunijas PVN 20% tiks pieskait\u012bts maks\u0101jot. Klientiem no Latvijas un Lietuvas netiks pieskait\u012bts PVN nodoklis (sp\u0113k\u0101 eso\u0161s PVN numurs j\u0101uzr\u0101da Pierakstoties).<\/p>\n<p>2.2. P\u0101rdev\u0113jam ir ties\u012bbas jebkur\u0101 br\u012bd\u012b main\u012bt att\u0113lot\u0101s cenas. Ja lietot\u0101js ir iesniedzis un samaks\u0101jis par pas\u016bt\u012bjumu e-veikal\u0101, P\u0101rdev\u0113js ap\u0146emas pieg\u0101d\u0101t lietot\u0101jam atbilsto\u0161os produktus un sniegt pakalpojumus par pas\u016bt\u012bjuma laik\u0101 sp\u0113k\u0101 eso\u0161aj\u0101m cen\u0101m.<\/p>\n<p>2.3. Pieg\u0101d\u0101t\u0101jam ir ties\u012bbas atteikties no pas\u016bt\u012bjuma tehnisk\u0101s k\u013c\u016bdas gad\u012bjum\u0101, kuras d\u0113\u013c produkta cena e-veikal\u0101 ir bijusi k\u013c\u016bdaina. \u0160\u0101d\u0101 gad\u012bjum\u0101 Klienta samaks\u0101t\u0101 pirkuma summa tiek atgriezta Klientam.<\/p>\n<p>&nbsp;<\/p>\n<p>3. Produkti<\/p>\n<p>3.1. Nevar iepriek\u0161 izm\u0113\u0123in\u0101t e-veikal\u0101 att\u0113lotos produktus pie P\u0101rdev\u0113ja.<\/p>\n<p>3.2. Ja Klients iesniedz pas\u016bt\u012bjumu, bet \u0161\u0137iet, ka \u0161is Produkts nav noliktav\u0101, e-veikals nevar\u0113s izpild\u012bt pas\u016bt\u012bjumu. \u0160aj\u0101 gad\u012bjum\u0101 P\u0101rdev\u0113js sazin\u0101sies ar Klientu un pied\u0101v\u0101s aizst\u0101j\u0113jproduktu, iesp\u0113jamo jauno pieg\u0101des laiku vai 14 dienu laik\u0101 atgriez\u012bs Pirkuma summu Klientam.<\/p>\n<p>3.3. E-veikal\u0101 att\u0113loto produktu un pakalpojumu fotogr\u0101fijas ir ilustrat\u012bvas, un t\u0101s var nedaudz at\u0161\u0137irties no faktisk\u0101 produkta izskata.<\/p>\n<p>&nbsp;<\/p>\n<p>4. Pirkuma veik\u0161ana<\/p>\n<p>4.1. Pirkuma veik\u0161ana ir iesp\u0113jama juridisk\u0101m person\u0101m, un to apstiprina tikai CWH O\u00dc.<\/p>\n<p>4.2. Klients e-veikal\u0101 atlasa atbilsto\u0161os produktus vai pakalpojumus un pievieno tos iepirkumu grozam, noklik\u0161\u0137inot uz pogas &#8220;Pievienot grozam&#8221;. Ja Klients grozam ir pievienojis piem\u0113rotus produktus vai pakalpojumus, Klients var p\u0101rbaud\u012bt groza saturu, noklik\u0161\u0137inot uz pogas \u201cApskat\u012bt grozu\u201d. Ja iepirkumu groza saturs ir pareizs, Klients noklik\u0161\u0137in\u0101s uz pogas \u201cTurpin\u0101t iepirk\u0161anos\u201d, p\u0113c kuras Klients tiks novirz\u012bts uz pas\u016bt\u012bjuma pabeig\u0161anu.<\/p>\n<p>4.3. Lai pabeigtu pas\u016bt\u012bjumu fiziskajam produktam, Klients aizpilda nepiecie\u0161amos laukus un izv\u0113las atbilsto\u0161o SmartPost paku termin\u0101li, uz kuru tiks nos\u016bt\u012bti Produkti. Ja ir rekl\u0101mas kods, tas j\u0101ievada pas\u016bt\u012b\u0161anas laik\u0101, kur sist\u0113ma autom\u0101tiski apr\u0113\u0137ina atlaidi. P\u0113c tam Klients noklik\u0161\u0137in\u0101s uz pogas \u201cIesniegt pas\u016bt\u012bjumu\u201d.<\/p>\n<p>4.4. P\u0113c pas\u016bt\u012bjuma veik\u0161anas Klients maks\u0101 par produktu vai pakalpojumu, izmantojot Interneta bankas saiti, un apstiprina pas\u016bt\u012bjumu, noklik\u0161\u0137inot uz pogas \u201cAtgriezties pie tirgot\u0101ja\u201d.<\/p>\n<p>4.5. Klients ap\u0146emas iesniegt pareizos datus, kas nepiecie\u0161ami pas\u016bt\u012bjuma izpildei, pabeidzot pas\u016bt\u012bjumu.<\/p>\n<p>4.6. P\u0101rdev\u0113js nav atbild\u012bgs par izpildes neiesp\u0113jam\u012bbu sakar\u0101 ar nepareiziem datiem, ko Klients sniedzis, izpildot pas\u016bt\u012bjumu, vai par sek\u0101m, kas no t\u0101 izriet.<\/p>\n<p>&nbsp;<\/p>\n<p>5. Maks\u0101\u0161anas veidi<\/p>\n<p>5.1. Pas\u016bt\u012bjumus var dro\u0161i apmaks\u0101t, izmantojot Igaunijas banku saites (Swedbank, SEB, Luminor, LHV, Coop, Pocopay, Liisi ID), Latvijas banku saites (Swedbank, SEB, Citadele, Luminor), Lietuvas banku saites (Swedbank, SEB, Luminor) un kred\u012btkartes.<\/p>\n<p>5.2. Maks\u0101jums tiek veikts \u0101rpus e-veikala vides attiec\u012bg\u0101s bankas vai pakalpojumu sniedz\u0113ja dro\u0161\u0101 maks\u0101jumu vid\u0113.<\/p>\n<p>5.3. P\u0101rdev\u0113jam nav piek\u013cuves Klienta bankas datiem un kred\u012btkartes inform\u0101cijai.<\/p>\n<p>&nbsp;<\/p>\n<p>6. Pieg\u0101de un pieg\u0101des noteikumi<\/p>\n<p>6.1. Pas\u016bt\u012btie produkti tiks pieg\u0101d\u0101ti Klienta izv\u0113l\u0113taj\u0101 SmartPost paku termin\u0101l\u012b 3 darba dienu laik\u0101 p\u0113c pas\u016bt\u012bjuma veik\u0161anas. Preces m\u0113s pieg\u0101d\u0101jam tikai uz Igauniju, Latviju un Lietuvu.<\/p>\n<p>6.2. \u0100rk\u0101rtas gad\u012bjumos mums ir ties\u012bbas nos\u016bt\u012bt preces l\u012bdz 21 kalend\u0101ra dienai.<\/p>\n<p>6.3. Smartpost pieg\u0101des maksa ir 5 eiro par s\u016bt\u012bjumu, par kuru Klients maks\u0101, veicot pirkumu.<\/p>\n<p>&nbsp;<\/p>\n<p>7. Atteikuma ties\u012bbas<\/p>\n<p>7.1. Atteikuma ties\u012bbas (Pien\u0101kumu likuma 53. panta 4. punkts) nepiem\u0113ro, ja pirc\u0113js ir juridiska persona (ja vien: nav pieg\u0101d\u0101ti nepareizi produkti atbilsto\u0161i pas\u016bt\u012bjumam, boj\u0101ti produkti).<\/p>\n<p>&nbsp;<\/p>\n<p>8. Pras\u012bbu iesnieg\u0161anas proced\u016bra<\/p>\n<p>8.1. Saska\u0146\u0101 ar Pien\u0101kumu likuma 222. panta 1. punktu Klientam ir ties\u012bbas piepras\u012bt Produkta remontu vai nomai\u0146u, ja tiek p\u0101rk\u0101pti Produkta noteikumi. Ja Produkts neatbilst L\u012bguma noteikumiem, P\u0101rdev\u0113js sedz produkta remonta vai produkta nomai\u0146as izmaksas, jo \u012bpa\u0161i transporta, pasta, darba, ce\u013cojumu un materi\u0101lu izmaksas. Klientam ir j\u0101sazin\u0101s ar P\u0101rdev\u0113ju, izmantojot e-pastu: support@nano-zen.com. Lai apstr\u0101d\u0101tu mai\u0146as un kompens\u0101cijas, ir nepiecie\u0161ama viena (1) ned\u0113\u013ca.<\/p>\n<p>8.3. P\u0101rdev\u0113js nav atbild\u012bgs par jebk\u0101diem boj\u0101jumiem, kas radu\u0161ies pas\u016bt\u012bto produktu neparedz\u0113tas izmanto\u0161anas rezult\u0101t\u0101, k\u0101 ar\u012b par pieg\u0101des kav\u0113\u0161anos, ja tas noticis t\u0101du apst\u0101k\u013cu d\u0113\u013c, kurus p\u0101rdev\u0113js nevar kontrol\u0113t, un\/vai nep\u0101rvaramas varas (<em>force majeure<\/em>) d\u0113\u013c.<\/p>\n<p>&nbsp;<\/p>\n<p>9. Konfidencialit\u0101tes politika<\/p>\n<p>9.1. Klients sniedz P\u0101rdev\u0113jam skaidru un apzin\u0101tu piekri\u0161anu savu personas datu apstr\u0101dei.<\/p>\n<p>9.2. Personas dati (v\u0101rds, uzv\u0101rds, e-pasts, t\u0101lru\u0146a numurs), kas P\u0101rdev\u0113jam k\u013cuvu\u0161i zin\u0101mi, tiek ierakst\u012bti Klientu re\u0123istr\u0101 un izmantoti P\u0101rdo\u0161anas pakalpojuma snieg\u0161anai un Pre\u010du nodro\u0161in\u0101\u0161anai Klientam. \u0160o inform\u0101ciju uzskata par konfidenci\u0101lu un apstr\u0101d\u0101 saska\u0146\u0101 ar Personas datu aizsardz\u012bbas likumu. Personas dati, kas nepiecie\u0161ami, lai nos\u016bt\u012btu produktus Klientam, tiek nos\u016bt\u012bti pasta pakalpojumu un maks\u0101jumu pakalpojumu uz\u0146\u0113mumiem (Itella Estonia O\u00dc, Maksekeskus AS).<\/p>\n<p>9.4. P\u0101rdev\u0113js var izmantot Klienta personas datus, lai nos\u016bt\u012btu Klientam inform\u0101ciju par \u012bpa\u0161ajiem pied\u0101v\u0101jumiem un kampa\u0146\u0101m tikai pa e-pastu. Klients var jebkur\u0101 br\u012bd\u012b atteikties no m\u0101rketinga sazi\u0146as, noklik\u0161\u0137inot uz attiec\u012bg\u0101s saites e-pasta zi\u0146ojuma beig\u0101s vai nos\u016btot attiec\u012bgo piepras\u012bjumu pa e-pastu.<\/p>\n<p>9.5. Maks\u0101jums tiek veikts \u0101rpus e-veikala vides attiec\u012bg\u0101s bankas vai pakalpojumu sniedz\u0113ja dro\u0161\u0101 maks\u0101jumu vid\u0113. E-veikalam nav piek\u013cuves Klienta bankas datiem un kred\u012btkartes inform\u0101cijai.<\/p>\n<p>9.6. Personas datus apstr\u0101d\u0101 CWH O\u00dc.<\/p>\n<p>&nbsp;<\/p>\n<p>10. Atbild\u012bba<\/p>\n<p>10.1. P\u0101rdev\u0113js uz\u0146emas atbild\u012bbu produkta p\u0101rdo\u0161anas cenas apm\u0113r\u0101.<\/p>\n<p>10.2. Klients ap\u0146emas izmantot e-veikala pakalpojumus tikai t\u0101diem m\u0113r\u0137iem, kas atbilst ties\u012bbu aktiem un labai praksei.<\/p>\n<p>10.3. P\u0101rdev\u0113js un Klients ir atbild\u012bgi viens pret otru par jebkuru kait\u0113jumu, kas nodar\u012bts otrai pusei, p\u0101rk\u0101pjot \u0161os lieto\u0161anas noteikumus Igaunijas Republikas ties\u012bbu aktos paredz\u0113tajos gad\u012bjumos un apjom\u0101.<\/p>\n<p>&nbsp;<\/p>\n<p>11. Domstarp\u012bbas<\/p>\n<p>11.1. Domstarp\u012bbas starp Klientu un P\u0101rdev\u0113ju atrisin\u0101mas sarunu ce\u013c\u0101. Ja vieno\u0161an\u0101s netiks pan\u0101kta, domstarp\u012bbas tiks atrisin\u0101tas Tartu apgabala tiesas nam\u0101. Klients var sazin\u0101ties ar\u012b ar Pat\u0113r\u0113t\u0101ju aizsardz\u012bbas p\u0101rvaldi un\/vai Pat\u0113r\u0113t\u0101ju s\u016bdz\u012bbu komiteju.<\/p>\n<p>&nbsp;<\/p>\n<p>12. Lieto\u0161anas noteikumi<\/p>\n<p>12.1. Klientam ir pien\u0101kums iepaz\u012bties ar p\u0101rdo\u0161anas l\u012bgum\u0101 nor\u0101d\u012btajiem noteikumiem un nosac\u012bjumiem.<\/p>\n<p>12.2. Pas\u016bt\u012b\u0161anas laik\u0101 atz\u012bm\u0113jot izv\u0113les r\u016bti\u0146u attiec\u012bgaj\u0101 log\u0101 \u201cEs piekr\u012btu noteikumiem un nosac\u012bjumiem\u201d, klients piekr\u012bt, ka ir izlas\u012bjis un sapratis p\u0101rdo\u0161anas l\u012bguma noteikumus un nosac\u012bjumus un piekr\u012bt p\u0101rdo\u0161anas l\u012bgum\u0101 nor\u0101d\u012btajiem noteikumiem un nosac\u012bjumiem.<\/p>\n<p>12.3. P\u0101rdo\u0161anas l\u012bgums starp P\u0101rdev\u0113ju un Klientu st\u0101jas sp\u0113k\u0101, sa\u0146emot pirkuma summu, kas maks\u0101jama P\u0101rdev\u0113ja nor\u0113\u0137inu kont\u0101.<\/p>\n<p>12.4. P\u0101rdev\u0113js var main\u012bt e-veikala lieto\u0161anas noteikumus un produktu cenas. Pazi\u0146ojums par izmai\u0146\u0101m tiek public\u0113ts e-veikala vid\u0113. Uz dar\u012bjumu attiecas dar\u012bjuma laik\u0101 piem\u0113rojamie noteikumi un cenas.<\/p>\n<p>12.5. P\u0101rdev\u0113jam ir ties\u012bbas atteikties no pas\u016bt\u012bjuma izpildes, ja e-veikal\u0101 redzam\u0101 Produkta cena tehniskas k\u013c\u016bdas d\u0113\u013c bijusi k\u013c\u016bdaina. \u0160\u0101d\u0101 gad\u012bjum\u0101 Klienta samaks\u0101t\u0101 pirkuma summa tiek atgriezta Klientam.<\/p>\n<p>&nbsp;<\/p>\n<p>13. Klientu atbalsts<\/p>\n<p>13.1. Klientu atbalsta t\u0101lrunis ir +372 55 11 300, un e-pasta adrese ir support@nano-zen.com<\/p>\n<p>13.2. Klientu atbalsts pie\u0146em zvanus no 10:00 l\u012bdz 16:00 darbdien\u0101s (GMT +2).<\/p>\n<p>13.3. M\u0113s atbild\u0113sim uz e-pasta zi\u0146ojumiem p\u0113c iesp\u0113jas \u0101tr\u0101k, bet ne v\u0113l\u0101k k\u0101 1 darbadienas laik\u0101.<\/p>\n","protected":false},"excerpt":{"rendered":"<p>1. Visp\u0101r\u012bgie nosac\u012bjumi. 1.1. nano-zen.com ir CWH O\u00dc pirk\u0161anas vide, re\u0123istra kods 12330926, adrese Turu 2, Tartu 51014 (turpm\u0101k \u201cP\u0101rdev\u0113js\u201d), caur kuru notiek Produktu un Pakalpojumu p\u0101rdo\u0161ana Klientam (turpm\u0101k \u201cKlients\u201d). [&hellip;]<\/p>\n","protected":false},"author":2,"featured_media":0,"parent":0,"menu_order":0,"comment_status":"closed","ping_status":"closed","template":"","meta":{"footnotes":""},"yoast_head":"<!-- This site is optimized with the Yoast SEO Premium plugin v14.8 - https:\/\/yoast.com\/wordpress\/plugins\/seo\/ -->\n<title>Pakalpojumu snieg\u0161anas noteikumi - Zen-Xero Glass Coating<\/title>\n<meta name=\"robots\" content=\"index, follow\" \/>\n<meta name=\"googlebot\" content=\"index, follow, max-snippet:-1, max-image-preview:large, max-video-preview:-1\" \/>\n<meta name=\"bingbot\" content=\"index, follow, max-snippet:-1, max-image-preview:large, max-video-preview:-1\" \/>\n<link rel=\"canonical\" href=\"https:\/\/nano-zen.com\/lv\/terms-of-service\/\" \/>\n<meta property=\"og:locale\" content=\"lv_LV\" \/>\n<meta property=\"og:type\" content=\"article\" \/>\n<meta property=\"og:title\" content=\"Pakalpojumu snieg\u0161anas noteikumi - Zen-Xero Glass Coating\" \/>\n<meta property=\"og:description\" content=\"1. Visp\u0101r\u012bgie nosac\u012bjumi. 1.1. nano-zen.com ir CWH O\u00dc pirk\u0161anas vide, re\u0123istra kods 12330926, adrese Turu 2, Tartu 51014 (turpm\u0101k \u201cP\u0101rdev\u0113js\u201d), caur kuru notiek Produktu un Pakalpojumu p\u0101rdo\u0161ana Klientam (turpm\u0101k \u201cKlients\u201d). [&hellip;]\" \/>\n<meta property=\"og:url\" content=\"https:\/\/nano-zen.com\/lv\/terms-of-service\/\" \/>\n<meta property=\"og:site_name\" content=\"Zen-Xero Glass Coating\" \/>\n<meta property=\"article:modified_time\" content=\"2019-10-06T12:46:12+00:00\" \/>\n<meta property=\"fb:app_id\" content=\"836976856476249\" \/>\n<meta name=\"twitter:card\" content=\"summary_large_image\" \/>\n<script type=\"application\/ld+json\" class=\"yoast-schema-graph\">{\"@context\":\"https:\/\/schema.org\",\"@graph\":[{\"@type\":\"WebSite\",\"@id\":\"https:\/\/nano-zen.com\/lv\/#website\",\"url\":\"https:\/\/nano-zen.com\/lv\/\",\"name\":\"Zen-Xero Glass Coating\",\"description\":\"Zen-Xero Glass Coating protection for all parts of the car.\",\"potentialAction\":[{\"@type\":\"SearchAction\",\"target\":\"https:\/\/nano-zen.com\/lv\/?s={search_term_string}\",\"query-input\":\"required name=search_term_string\"}],\"inLanguage\":\"lv-LV\"},{\"@type\":\"WebPage\",\"@id\":\"https:\/\/nano-zen.com\/lv\/terms-of-service\/#webpage\",\"url\":\"https:\/\/nano-zen.com\/lv\/terms-of-service\/\",\"name\":\"Pakalpojumu snieg\\u0161anas noteikumi - Zen-Xero Glass Coating\",\"isPartOf\":{\"@id\":\"https:\/\/nano-zen.com\/lv\/#website\"},\"datePublished\":\"2019-04-21T11:40:54+00:00\",\"dateModified\":\"2019-10-06T12:46:12+00:00\",\"inLanguage\":\"lv-LV\",\"potentialAction\":[{\"@type\":\"ReadAction\",\"target\":[\"https:\/\/nano-zen.com\/lv\/terms-of-service\/\"]}]}]}<\/script>\n<!-- \/ Yoast SEO Premium plugin. -->","_links":{"self":[{"href":"https:\/\/nano-zen.com\/lv\/wp-json\/wp\/v2\/pages\/7150"}],"collection":[{"href":"https:\/\/nano-zen.com\/lv\/wp-json\/wp\/v2\/pages"}],"about":[{"href":"https:\/\/nano-zen.com\/lv\/wp-json\/wp\/v2\/types\/page"}],"author":[{"embeddable":true,"href":"https:\/\/nano-zen.com\/lv\/wp-json\/wp\/v2\/users\/2"}],"replies":[{"embeddable":true,"href":"https:\/\/nano-zen.com\/lv\/wp-json\/wp\/v2\/comments?post=7150"}],"version-history":[{"count":1,"href":"https:\/\/nano-zen.com\/lv\/wp-json\/wp\/v2\/pages\/7150\/revisions"}],"predecessor-version":[{"id":7163,"href":"https:\/\/nano-zen.com\/lv\/wp-json\/wp\/v2\/pages\/7150\/revisions\/7163"}],"wp:attachment":[{"href":"https:\/\/nano-zen.com\/lv\/wp-json\/wp\/v2\/media?parent=7150"}],"curies":[{"name":"wp","href":"https:\/\/api.w.org\/{rel}","templated":true}]}}