{"id":7134,"date":"2019-04-26T09:49:54","date_gmt":"2019-04-26T07:49:54","guid":{"rendered":"https:\/\/nano-zen.com\/processing-of-personal-data\/"},"modified":"2019-10-06T14:48:51","modified_gmt":"2019-10-06T12:48:51","slug":"processing-of-personal-data","status":"publish","type":"page","link":"https:\/\/nano-zen.com\/lv\/processing-of-personal-data\/","title":{"rendered":"Personas datu apstr\u0101de"},"content":{"rendered":"<p>Tie\u0161saistes veikala personas datu p\u0101rzinis ir CWH O\u00dc (re\u0123istra kods 11489470), kas atrodas Tartu, Turu iel\u0101 2, t\u0101lrunis: +3725511300 un e-pasta adrese: support@nano-zen.com.<\/p>\n<p><strong>\u00a0<\/strong><\/p>\n<p><strong>K\u0101di personas dati tiek apstr\u0101d\u0101ti<\/strong><\/p>\n<ul>\n<li>v\u0101rds, uzv\u0101rds, t\u0101lru\u0146a numurs un e-pasta adrese;<\/li>\n<li>pieg\u0101des adrese;<\/li>\n<li>bankas konta numurs;<\/li>\n<li>pre\u010du un pakalpojumu izmaksas un ar maks\u0101jumiem saist\u012btie dati (pirk\u0161anas v\u0113sture);<\/li>\n<li>klientu atbalsta dati.<\/li>\n<\/ul>\n<p>&nbsp;<\/p>\n<p><strong>K\u0101p\u0113c tiek apstr\u0101d\u0101ti personas dati<\/strong><\/p>\n<p>Personas dati tiek izmantoti, lai p\u0101rvald\u012btu klienta pas\u016bt\u012bjumus un pieg\u0101d\u0101tu preces.<\/p>\n<p>Pirk\u0161anas v\u0113stures datus (pirk\u0161anas datums, preces, daudzums, klienta dati) izmanto, lai sagatavotu ieg\u0101d\u0101to pre\u010du un pakalpojumu kopsavilkumus un analiz\u0113tu klientu izv\u0113les.<\/p>\n<p>Bankas konta numurs tiek izmantots, lai klientam atgrieztu maks\u0101jumus.<\/p>\n<p>Personas dati, piem\u0113ram, e-pasts, t\u0101lru\u0146a numurs un klienta v\u0101rds, tiek apstr\u0101d\u0101ti, lai risin\u0101tu visus ar pre\u010du un pakalpojumu snieg\u0161anu saist\u012btos jaut\u0101jumus (klientu atbalsts).<\/p>\n<p>Tie\u0161saistes veikala lietot\u0101ja IP adrese vai citi t\u012bmek\u013ca identifikatori tiek apstr\u0101d\u0101ti, lai nodro\u0161in\u0101tu tie\u0161saistes veikalu k\u0101 inform\u0101cijas sabiedr\u012bbas pakalpojumu un lai nodro\u0161in\u0101tu t\u012bmek\u013ca izmanto\u0161anas statistiku.<\/p>\n<p>&nbsp;<\/p>\n<p><strong>Juridiskais pamatojums<\/strong><\/p>\n<p>Personas datus apstr\u0101d\u0101, lai izpild\u012btu ar klientu nosl\u0113gtu l\u012bgumu.<\/p>\n<p>Personas datus apstr\u0101d\u0101 juridisko saist\u012bbu izpildei (piem\u0113ram, gr\u0101matved\u012bbai un pat\u0113r\u0113t\u0101ju s\u016bdz\u012bbu izskat\u012b\u0161anai).<\/p>\n<p>&nbsp;<\/p>\n<p><strong>Personas datu sa\u0146\u0113m\u0113ji<\/strong><\/p>\n<p>Personas dati tiek nos\u016bt\u012bti tie\u0161saistes veikala klientu atbalstam, lai p\u0101rvald\u012btu pirkumus un pirk\u0161anas v\u0113sturi un atrisin\u0101tu klientu iesp\u0113jam\u0101s probl\u0113mas. Personas dati tiek nos\u016bt\u012bti ar\u012b pilnvarotam maks\u0101jumu apstr\u0101des uz\u0146\u0113mumam Maksekeskus AS.<\/p>\n<p>Klienta izv\u0113l\u0113tajam transporta pakalpojumu sniedz\u0113jam tiek p\u0101rs\u016bt\u012bts v\u0101rds, uzv\u0101rds, t\u0101lru\u0146a numurs un e-pasta adrese. Kad preces pieg\u0101d\u0101 kurjers, kop\u0101 ar kontaktinform\u0101ciju tiek p\u0101rs\u016bt\u012bta ar\u012b klienta adrese.<\/p>\n<p>Ja t\u012bmek\u013ca veikala kontus glab\u0101 pakalpojumu sniedz\u0113js, personas dati tiek nos\u016bt\u012bti pakalpojumu sniedz\u0113jam gr\u0101matved\u012bbas oper\u0101ciju veik\u0161anai.<\/p>\n<p>Personas datus var nos\u016bt\u012bt IT pakalpojumu sniedz\u0113jiem, ja tas ir nepiecie\u0161ams tie\u0161saistes uz\u0146\u0113muma funkcionalit\u0101tes nodro\u0161in\u0101\u0161anai vai datu mitin\u0101\u0161anai.<\/p>\n<p>&nbsp;<\/p>\n<p>&nbsp;<\/p>\n<p><strong>Dro\u0161\u012bba un piek\u013cuve datiem<\/strong><\/p>\n<p>Personas datus glab\u0101 Zone Media O\u00dc serveros, kas atrodas Eiropas Savien\u012bbas dal\u012bbvalsts vai Eiropas Ekonomikas zonas valstu teritorij\u0101. Datus var nodot valst\u012bm, kuru datu aizsardz\u012bbas l\u012bmeni Eiropas Komisija ir nov\u0113rt\u0113jusi k\u0101 adekv\u0101tu, un ASV uz\u0146\u0113mumiem, kas ir pievienoju\u0161ies priv\u0101tuma aizsardz\u012bbas sist\u0113mai.<\/p>\n<p>Tie\u0161saistes veikala darbinieki var piek\u013c\u016bt personas datiem, lai atrisin\u0101tu ar tie\u0161saistes veikala lieto\u0161anu saist\u012btus tehniskus jaut\u0101jumus un sniegtu klientu atbalstu.<\/p>\n<p>Tie\u0161saistes veikals veic atbilsto\u0161us fiziskus, organizatoriskus un IT dro\u0161\u012bbas pas\u0101kumus, lai aizsarg\u0101tu personas datus pret nejau\u0161u vai nelikum\u012bgu izn\u012bcin\u0101\u0161anu, nozaud\u0113\u0161anu, p\u0101rveido\u0161anu vai neat\u013cautu piek\u013cuvi un izpau\u0161anu.<\/p>\n<p>Personas dati tiek p\u0101rs\u016bt\u012bti tie\u0161saistes veikala datu apstr\u0101d\u0101t\u0101jiem (piem\u0113ram, transporta pakalpojumu sniedz\u0113jiem un datu mitin\u0101\u0161anas pakalpojumus sniedz\u0113jiem), un apstr\u0101d\u0101ti saska\u0146\u0101 ar l\u012bgumiem, kas nosl\u0113gti starp tie\u0161saistes veikalu un apstr\u0101d\u0101t\u0101jiem. Apstr\u0101d\u0101t\u0101jiem j\u0101nodro\u0161ina atbilst\u012bgi aizsardz\u012bbas pas\u0101kumi, apstr\u0101d\u0101jot personas datus.<\/p>\n<p>&nbsp;<\/p>\n<p><strong>Piek\u013cuve personas datiem un to labo\u0161ana<\/strong><\/p>\n<p><strong>\u00a0<\/strong>Personas datiem var piek\u013c\u016bt un tos var labot tie\u0161saistes veikala lietot\u0101ja profil\u0101.<\/p>\n<p>&nbsp;<\/p>\n<p><strong>Piekri\u0161anas atsauk\u0161ana<\/strong><\/p>\n<p>Ja personas datus apstr\u0101d\u0101, pamatojoties uz klienta piekri\u0161anu, klientam ir ties\u012bbas atsaukt savu piekri\u0161anu, pazi\u0146ojot klientu atbalstam pa e-pastu.<\/p>\n<p><strong>\u00a0<\/strong><\/p>\n<p><strong>Uzglab\u0101\u0161ana<\/strong><\/p>\n<p>Personas datus dz\u0113\u0161 p\u0113c tie\u0161saistes veikala klienta konta sl\u0113g\u0161anas, ja vien datu glab\u0101\u0161ana nav nepiecie\u0161ama gr\u0101matved\u012bbas vajadz\u012bb\u0101m vai pat\u0113r\u0113t\u0101ju str\u012bdu iz\u0161\u0137ir\u0161anai.<\/p>\n<p>Str\u012bdu gad\u012bjumos, kas saist\u012bti ar maks\u0101jumiem un pat\u0113r\u0113t\u0101ju str\u012bdiem, personas datus glab\u0101 l\u012bdz br\u012bdim, kad pras\u012bba tiek apmierin\u0101ta, vai l\u012bdz noilguma termi\u0146a beig\u0101m.<\/p>\n<p>Gr\u0101matved\u012bbas vajadz\u012bb\u0101m nepiecie\u0161amie personas dati tiek glab\u0101ti septi\u0146us gadus.<\/p>\n<p><strong>\u00a0<\/strong><\/p>\n<p><strong>Dz\u0113\u0161ana<\/strong><\/p>\n<p>Lai dz\u0113stu personas datus, ar klientu atbalstu j\u0101sazin\u0101s pa e-pastu. Uz dz\u0113\u0161anas piepras\u012bjumiem atbild ne v\u0113l\u0101k k\u0101 viena m\u0113ne\u0161a laik\u0101 un nosaka dz\u0113\u0161anas termi\u0146u.<\/p>\n<p><strong>\u00a0<\/strong><\/p>\n<p><strong>Nos\u016bt\u012b\u0161ana<\/strong><\/p>\n<p>Piepras\u012bjumi nos\u016bt\u012bt personas datus, kas iesniegti pa e-pastu, tiek atbild\u0113ti vienas ned\u0113\u013cas laik\u0101. Klientu atbalsts identific\u0113 personu un nor\u0101da, k\u0101di personas dati ir nos\u016bt\u0101mi.<\/p>\n<p>&nbsp;<\/p>\n<p><strong>Tie\u0161\u0101 m\u0101rketinga zi\u0146ojumi<\/strong><\/p>\n<p>Tie\u0161\u0101 m\u0101rketinga zi\u0146ojumu s\u016bt\u012b\u0161anai tiek izmantota e-pasta adrese un t\u0101lru\u0146a numurs, ja klients ir devis attiec\u012bgu piekri\u0161anu. Ja klients nev\u0113las sa\u0146emt tie\u0161\u0101 m\u0101rketinga zi\u0146ojumus, klientam j\u0101atlasa attiec\u012bg\u0101 saite e-pasta zi\u0146ojuma k\u0101jen\u0113 vai j\u0101sazin\u0101s ar klientu apkalpo\u0161anas dienestu.<\/p>\n<p>Ja personas datus apstr\u0101d\u0101 tie\u0161\u0101s tirdzniec\u012bbas vajadz\u012bb\u0101m (profil\u0113\u0161anai), klientam ir ties\u012bbas jebkur\u0101 laik\u0101 iebilst pret savu personas datu s\u0101kotn\u0113jo un turpm\u0101ko apstr\u0101di, tostarp profil\u0113\u0161anu, saist\u012bb\u0101 ar tie\u0161o m\u0101rketingu, pazi\u0146ojot par to klientu atbalstam pa e-pastu (attiec\u012bg\u0101 inform\u0101cija j\u0101iesniedz skaidri un atsevi\u0161\u0137i no jebkuras citas inform\u0101cijas).<\/p>\n<p>&nbsp;<\/p>\n<p><strong>Str\u012bdu iz\u0161\u0137ir\u0161ana<\/strong><\/p>\n<p>Str\u012bdus par personas datu apstr\u0101di risina ar klientu atbalstu (support@nano-zen.com). Uzraudz\u012bbas iest\u0101de ir Igaunijas Datu aizsardz\u012bbas inspekcija (<a href=\"mailto:info@aki.ee\">info@aki.ee<\/a>).<\/p>\n","protected":false},"excerpt":{"rendered":"<p>Tie\u0161saistes veikala personas datu p\u0101rzinis ir CWH O\u00dc (re\u0123istra kods 11489470), kas atrodas Tartu, Turu iel\u0101 2, t\u0101lrunis: +3725511300 un e-pasta adrese: support@nano-zen.com. \u00a0 K\u0101di personas dati tiek apstr\u0101d\u0101ti v\u0101rds, [&hellip;]<\/p>\n","protected":false},"author":2,"featured_media":0,"parent":0,"menu_order":0,"comment_status":"closed","ping_status":"closed","template":"","meta":{"footnotes":""},"yoast_head":"<!-- This site is optimized with the Yoast SEO Premium plugin v14.8 - https:\/\/yoast.com\/wordpress\/plugins\/seo\/ -->\n<title>Personas datu apstr\u0101de - Zen-Xero Glass Coating<\/title>\n<meta name=\"robots\" content=\"index, follow\" \/>\n<meta name=\"googlebot\" content=\"index, follow, max-snippet:-1, max-image-preview:large, max-video-preview:-1\" \/>\n<meta name=\"bingbot\" content=\"index, follow, max-snippet:-1, max-image-preview:large, max-video-preview:-1\" \/>\n<link rel=\"canonical\" href=\"https:\/\/nano-zen.com\/lv\/processing-of-personal-data\/\" \/>\n<meta property=\"og:locale\" content=\"lv_LV\" \/>\n<meta property=\"og:type\" content=\"article\" \/>\n<meta property=\"og:title\" content=\"Personas datu apstr\u0101de - Zen-Xero Glass Coating\" \/>\n<meta property=\"og:description\" content=\"Tie\u0161saistes veikala personas datu p\u0101rzinis ir CWH O\u00dc (re\u0123istra kods 11489470), kas atrodas Tartu, Turu iel\u0101 2, t\u0101lrunis: +3725511300 un e-pasta adrese: support@nano-zen.com. \u00a0 K\u0101di personas dati tiek apstr\u0101d\u0101ti v\u0101rds, [&hellip;]\" \/>\n<meta property=\"og:url\" content=\"https:\/\/nano-zen.com\/lv\/processing-of-personal-data\/\" \/>\n<meta property=\"og:site_name\" content=\"Zen-Xero Glass Coating\" \/>\n<meta property=\"article:modified_time\" content=\"2019-10-06T12:48:51+00:00\" \/>\n<meta property=\"fb:app_id\" content=\"836976856476249\" \/>\n<meta name=\"twitter:card\" content=\"summary_large_image\" \/>\n<script type=\"application\/ld+json\" class=\"yoast-schema-graph\">{\"@context\":\"https:\/\/schema.org\",\"@graph\":[{\"@type\":\"WebSite\",\"@id\":\"https:\/\/nano-zen.com\/lv\/#website\",\"url\":\"https:\/\/nano-zen.com\/lv\/\",\"name\":\"Zen-Xero Glass Coating\",\"description\":\"Zen-Xero Glass Coating protection for all parts of the car.\",\"potentialAction\":[{\"@type\":\"SearchAction\",\"target\":\"https:\/\/nano-zen.com\/lv\/?s={search_term_string}\",\"query-input\":\"required name=search_term_string\"}],\"inLanguage\":\"lv-LV\"},{\"@type\":\"WebPage\",\"@id\":\"https:\/\/nano-zen.com\/lv\/processing-of-personal-data\/#webpage\",\"url\":\"https:\/\/nano-zen.com\/lv\/processing-of-personal-data\/\",\"name\":\"Personas datu apstr\\u0101de - Zen-Xero Glass Coating\",\"isPartOf\":{\"@id\":\"https:\/\/nano-zen.com\/lv\/#website\"},\"datePublished\":\"2019-04-26T07:49:54+00:00\",\"dateModified\":\"2019-10-06T12:48:51+00:00\",\"inLanguage\":\"lv-LV\",\"potentialAction\":[{\"@type\":\"ReadAction\",\"target\":[\"https:\/\/nano-zen.com\/lv\/processing-of-personal-data\/\"]}]}]}<\/script>\n<!-- \/ Yoast SEO Premium plugin. -->","_links":{"self":[{"href":"https:\/\/nano-zen.com\/lv\/wp-json\/wp\/v2\/pages\/7134"}],"collection":[{"href":"https:\/\/nano-zen.com\/lv\/wp-json\/wp\/v2\/pages"}],"about":[{"href":"https:\/\/nano-zen.com\/lv\/wp-json\/wp\/v2\/types\/page"}],"author":[{"embeddable":true,"href":"https:\/\/nano-zen.com\/lv\/wp-json\/wp\/v2\/users\/2"}],"replies":[{"embeddable":true,"href":"https:\/\/nano-zen.com\/lv\/wp-json\/wp\/v2\/comments?post=7134"}],"version-history":[{"count":1,"href":"https:\/\/nano-zen.com\/lv\/wp-json\/wp\/v2\/pages\/7134\/revisions"}],"predecessor-version":[{"id":7164,"href":"https:\/\/nano-zen.com\/lv\/wp-json\/wp\/v2\/pages\/7134\/revisions\/7164"}],"wp:attachment":[{"href":"https:\/\/nano-zen.com\/lv\/wp-json\/wp\/v2\/media?parent=7134"}],"curies":[{"name":"wp","href":"https:\/\/api.w.org\/{rel}","templated":true}]}}