{"id":6501,"date":"2015-10-28T23:02:07","date_gmt":"2015-10-28T23:02:07","guid":{"rendered":"https:\/\/nano-zen.com\/nano-glass-coating\/"},"modified":"2019-09-21T21:33:33","modified_gmt":"2019-09-21T19:33:33","slug":"nano-glass-coating","status":"publish","type":"page","link":"https:\/\/nano-zen.com\/lv\/","title":{"rendered":"Homepage"},"content":{"rendered":"<p><div class=\"fusion-fullwidth fullwidth-box fusion-builder-row-1 nonhundred-percent-fullwidth non-hundred-percent-height-scrolling fusion-equal-height-columns\" style=\"background-color: rgba(255,255,255,0);background-position: left top;background-repeat: no-repeat;padding-top:2%;padding-right:0px;padding-bottom:40px;padding-left:0px;margin-bottom: 0px;margin-top: 0px;border-width: 0px 0px 0px 0px;border-color:#eae9e9;border-style:solid;\" ><div class=\"fusion-builder-row fusion-row\"><div class=\"fusion-layout-column fusion_builder_column fusion-builder-column-0 fusion_builder_column_1_3 1_3 fusion-one-third fusion-column-first\" style=\"width:30.6666%; margin-right: 4%;margin-top:14px;margin-bottom:15px;\"><div class=\"fusion-column-wrapper fusion-flex-column-wrapper-legacy\" style=\"background-position:left top;background-repeat:no-repeat;-webkit-background-size:cover;-moz-background-size:cover;-o-background-size:cover;background-size:cover;padding: 10px 10px 10px 10px;\"><div class=\"fusion-column-content-centered\"><div class=\"fusion-column-content\"><div class=\"woocommerce front-product\"><\/div><\/div><\/div><div class=\"fusion-clearfix\"><\/div><\/div><\/div><div class=\"fusion-layout-column fusion_builder_column fusion-builder-column-1 fusion_builder_column_2_3 2_3 fusion-two-third fusion-column-last\" style=\"width:65.3333%;margin-top:14px;margin-bottom:15px;\"><div class=\"fusion-column-wrapper fusion-flex-column-wrapper-legacy\" style=\"background-position:left top;background-repeat:no-repeat;-webkit-background-size:cover;-moz-background-size:cover;-o-background-size:cover;background-size:cover;padding: 20px 20px 20px 20px;\"><div class=\"fusion-column-content-centered\"><div class=\"fusion-column-content\"><div class=\"fusion-text fusion-text-1\"><h2>Zen-Xero Dynamic p\u0101rkl\u0101jums kr\u0101sot\u0101m virsm\u0101m<\/h2>\n<\/div><div class=\"fusion-text fusion-text-2\"><h4><span style=\"color: #89919f;\">Dinamiskais \u016bdens necaurlaid\u012bgums nodro\u0161ina efekt\u012bv\u0101ku \u016bdens atgr\u016b\u0161anu un samazina net\u012brumu pielip\u0161anu.<\/span><\/h4>\n<\/div><div class=\"fusion-text fusion-text-3\"><ul>\n<li class=\"p1\">Dinamisks \u016bdens necaurlaid\u012bguma efekts.<\/li>\n<li class=\"p1\">Nevainojams darb\u012bbas l\u012bdzsvars un \u0113rta lieto\u0161ana, lietojot tr\u012bs komponentu mais\u012bjumu.<\/li>\n<li class=\"p1\">Piln\u012bga stikla un fluora sapl\u016b\u0161ana, kas rada ilglaic\u012bgu \u016bdens necaurlaid\u012bguma efektu.<\/li>\n<li class=\"p1\">Dzi\u013c\u0161 sp\u012bdums un mirdzums, ide\u0101li piem\u0113rots tum\u0161as kr\u0101sas automa\u0161\u012bn\u0101m.<\/li>\n<li class=\"p1\">Lielisks p\u0101rkl\u0101jums ar pretsk\u0101bes \u012bpa\u0161\u012bbu.<\/li>\n<\/ul>\n<\/div><\/div><\/div><div class=\"fusion-clearfix\"><\/div><\/div><\/div><\/div><\/div><div class=\"fusion-fullwidth fullwidth-box fusion-builder-row-2 nonhundred-percent-fullwidth non-hundred-percent-height-scrolling fusion-equal-height-columns\" style=\"background-color: rgba(255,255,255,0);background-position: left top;background-repeat: no-repeat;padding-top:2%;padding-right:0px;padding-bottom:40px;padding-left:0px;margin-bottom: 0px;margin-top: 0px;border-width: 0px 0px 0px 0px;border-color:#eae9e9;border-style:solid;\" ><div class=\"fusion-builder-row fusion-row\"><div class=\"fusion-layout-column fusion_builder_column fusion-builder-column-2 fusion_builder_column_1_3 1_3 fusion-one-third fusion-column-first\" style=\"width:30.6666%; margin-right: 4%;margin-top:14px;margin-bottom:15px;\"><div class=\"fusion-column-wrapper fusion-flex-column-wrapper-legacy\" style=\"background-position:left top;background-repeat:no-repeat;-webkit-background-size:cover;-moz-background-size:cover;-o-background-size:cover;background-size:cover;padding: 10px 10px 10px 10px;\"><div class=\"fusion-column-content-centered\"><div class=\"fusion-column-content\"><div class=\"woocommerce front-product\"><ul class=\"products clearfix products-1\">\n<li class=\"product-grid-view product type-product post-7135 status-publish first instock product_cat-eksterjers-lv product_cat-glass-coating-lv product_cat-keramikas-parklajums-lv product_cat-nano-coating-lv has-post-thumbnail featured taxable shipping-taxable product-type-simple\">\n\t<div class=\"fusion-clean-product-image-wrapper \">\n\t\n\n<div  class=\"fusion-image-wrapper fusion-image-size-fixed\" aria-haspopup=\"true\">\n\t\n\t\t\t\t\t<a href=\"https:\/\/nano-zen.com\/lv\/product\/zen-xero-smart\/\" aria-label=\"Zen-Xero Smart\">\n\t\t\t\n\t\t\t\t\t<img decoding=\"async\" width=\"500\" height=\"357\" src=\"https:\/\/nano-zen.com\/wp-content\/uploads\/2019\/02\/Zen-Xero-Smart-500x357.jpg\" class=\"attachment-shop_catalog size-shop_catalog wp-post-image\" alt=\"Zen-Xero Smart\" srcset=\"https:\/\/nano-zen.com\/wp-content\/uploads\/2019\/02\/Zen-Xero-Smart-200x143.jpg 200w, https:\/\/nano-zen.com\/wp-content\/uploads\/2019\/02\/Zen-Xero-Smart-300x214.jpg 300w, https:\/\/nano-zen.com\/wp-content\/uploads\/2019\/02\/Zen-Xero-Smart-400x286.jpg 400w, https:\/\/nano-zen.com\/wp-content\/uploads\/2019\/02\/Zen-Xero-Smart-500x357.jpg 500w, https:\/\/nano-zen.com\/wp-content\/uploads\/2019\/02\/Zen-Xero-Smart-600x429.jpg 600w, https:\/\/nano-zen.com\/wp-content\/uploads\/2019\/02\/Zen-Xero-Smart.jpg 700w\" sizes=\"(max-width: 500px) 100vw, 500px\" \/>\n\t\n\n\t\t<\/a>\n\n\t\n<\/div>\n<\/div>\n<div class=\"fusion-product-content\">\n\t<div class=\"product-details\">\n\t\t<div class=\"product-details-container\">\n<h3 class=\"product-title\">\n\t<a href=\"https:\/\/nano-zen.com\/lv\/product\/zen-xero-smart\/\">\n\t\tZen-Xero Smart\t<\/a>\n<\/h3>\n<div class=\"fusion-price-rating\">\n\t\t<\/div>\n\t<\/div>\n<\/div>\n\n\t<\/div> \n\n\n<\/li>\n<\/ul>\n<\/div><\/div><\/div><div class=\"fusion-clearfix\"><\/div><\/div><\/div><div class=\"fusion-layout-column fusion_builder_column fusion-builder-column-3 fusion_builder_column_2_3 2_3 fusion-two-third fusion-column-last\" style=\"width:65.3333%;margin-top:14px;margin-bottom:15px;\"><div class=\"fusion-column-wrapper fusion-flex-column-wrapper-legacy\" style=\"background-position:left top;background-repeat:no-repeat;-webkit-background-size:cover;-moz-background-size:cover;-o-background-size:cover;background-size:cover;padding: 20px 20px 20px 20px;\"><div class=\"fusion-column-content-centered\"><div class=\"fusion-column-content\"><div class=\"fusion-text fusion-text-4\"><h2>Zen-Xero Smart \u2013 p\u0101rkl\u0101jums kr\u0101sot\u0101m virsm\u0101m<\/h2>\n<\/div><div class=\"fusion-text fusion-text-5\"><h4><span style=\"color: #89919f;\">Lielisks lieto\u0161anas ilgums un pielietojuma vieglums, kas sasniegts, izmantojot jaun\u0101s tehnolo\u0123ijas.<\/span><\/h4>\n<\/div><div class=\"fusion-text fusion-text-6\"><ul>\n<li class=\"p1\">Dinamisks \u016bdens necaurlaid\u012bguma efekts.<\/li>\n<li class=\"p1\">Piln\u012bga stikla un fluora sapl\u016b\u0161ana, kas rada ilglaic\u012bgu \u016bdens necaurlaid\u012bgumu.<\/li>\n<li class=\"p1\">Dzi\u013c\u0161 sp\u012bdums un mirdzums, ide\u0101li piem\u0113rots tum\u0161as kr\u0101sas automa\u0161\u012bn\u0101m.<\/li>\n<li class=\"p1\">Lielisks p\u0101rkl\u0101jums ar pretsk\u0101bes \u012bpa\u0161\u012bbu.<\/li>\n<li class=\"p1\">Vienveid\u012bga un kvalitat\u012bva 2 komponentu mais\u012bjuma lieto\u0161ana tikai vienreiz.<\/li>\n<\/ul>\n<\/div><\/div><\/div><div class=\"fusion-clearfix\"><\/div><\/div><\/div><\/div><\/div><div class=\"fusion-fullwidth fullwidth-box fusion-builder-row-3 nonhundred-percent-fullwidth non-hundred-percent-height-scrolling fusion-equal-height-columns\" style=\"background-color: rgba(255,255,255,0);background-position: left top;background-repeat: no-repeat;padding-top:2%;padding-right:0px;padding-bottom:40px;padding-left:0px;margin-bottom: 0px;margin-top: 0px;border-width: 0px 0px 0px 0px;border-color:#eae9e9;border-style:solid;\" ><div class=\"fusion-builder-row fusion-row\"><div class=\"fusion-layout-column fusion_builder_column fusion-builder-column-4 fusion_builder_column_1_3 1_3 fusion-one-third fusion-column-first\" style=\"width:30.6666%; margin-right: 4%;margin-top:14px;margin-bottom:15px;\"><div class=\"fusion-column-wrapper fusion-flex-column-wrapper-legacy\" style=\"background-position:left top;background-repeat:no-repeat;-webkit-background-size:cover;-moz-background-size:cover;-o-background-size:cover;background-size:cover;padding: 10px 10px 10px 10px;\"><div class=\"fusion-column-content-centered\"><div class=\"fusion-column-content\"><div class=\"woocommerce front-product\"><ul class=\"products clearfix products-1\">\n<li class=\"product-grid-view product type-product post-7210 status-publish first instock product_cat-eksterjers-lv product_cat-glass-coating-lv product_cat-keramikas-parklajums-lv product_cat-nano-coating-lv has-post-thumbnail featured taxable shipping-taxable product-type-simple\">\n\t<div class=\"fusion-clean-product-image-wrapper \">\n\t\n\n<div  class=\"fusion-image-wrapper fusion-image-size-fixed\" aria-haspopup=\"true\">\n\t\n\t\t\t\t\t<a href=\"https:\/\/nano-zen.com\/lv\/product\/nano-fil-2\/\" aria-label=\"Echelon Nano-fil\">\n\t\t\t\n\t\t\t\t\t<img decoding=\"async\" width=\"500\" height=\"357\" src=\"https:\/\/nano-zen.com\/wp-content\/uploads\/2019\/02\/Echelon-Nano-Fil-500x357.jpg\" class=\"attachment-shop_catalog size-shop_catalog wp-post-image\" alt=\"Echelon Nano-Fil  Ciet\u0101 stikla p\u0101rkl\u0101jums ar elast\u012bgu Nanolink t\u012bkla strukt\u016bru\" srcset=\"https:\/\/nano-zen.com\/wp-content\/uploads\/2019\/02\/Echelon-Nano-Fil-200x143.jpg 200w, https:\/\/nano-zen.com\/wp-content\/uploads\/2019\/02\/Echelon-Nano-Fil-300x214.jpg 300w, https:\/\/nano-zen.com\/wp-content\/uploads\/2019\/02\/Echelon-Nano-Fil-400x286.jpg 400w, https:\/\/nano-zen.com\/wp-content\/uploads\/2019\/02\/Echelon-Nano-Fil-500x357.jpg 500w, https:\/\/nano-zen.com\/wp-content\/uploads\/2019\/02\/Echelon-Nano-Fil-600x429.jpg 600w, https:\/\/nano-zen.com\/wp-content\/uploads\/2019\/02\/Echelon-Nano-Fil.jpg 700w\" sizes=\"(max-width: 500px) 100vw, 500px\" \/>\n\t\n\n\t\t<\/a>\n\n\t\n<\/div>\n<\/div>\n<div class=\"fusion-product-content\">\n\t<div class=\"product-details\">\n\t\t<div class=\"product-details-container\">\n<h3 class=\"product-title\">\n\t<a href=\"https:\/\/nano-zen.com\/lv\/product\/nano-fil-2\/\">\n\t\tEchelon Nano-fil\t<\/a>\n<\/h3>\n<div class=\"fusion-price-rating\">\n\t\t<\/div>\n\t<\/div>\n<\/div>\n\n\t<\/div> \n\n\n<\/li>\n<\/ul>\n<\/div><\/div><\/div><div class=\"fusion-clearfix\"><\/div><\/div><\/div><div class=\"fusion-layout-column fusion_builder_column fusion-builder-column-5 fusion_builder_column_2_3 2_3 fusion-two-third fusion-column-last\" style=\"width:65.3333%;margin-top:14px;margin-bottom:15px;\"><div class=\"fusion-column-wrapper fusion-flex-column-wrapper-legacy\" style=\"background-position:left top;background-repeat:no-repeat;-webkit-background-size:cover;-moz-background-size:cover;-o-background-size:cover;background-size:cover;padding: 20px 20px 20px 20px;\"><div class=\"fusion-column-content-centered\"><div class=\"fusion-column-content\"><div class=\"fusion-text fusion-text-7\"><h2>Echelon Nano-Fil p\u0101rkl\u0101jums kr\u0101sot\u0101m virsm\u0101m<\/h2>\n<\/div><div class=\"fusion-text fusion-text-8\"><h4><span style=\"color: #89919f;\">3D t\u012bkla strukt\u016bra<\/span><\/h4>\n<\/div><div class=\"fusion-text fusion-text-9\"><ul>\n<li>Veido efekt\u012bvu p\u0101rkl\u0101jumu, no kura notek \u016bdens, pateicoties tam, virsmas paliek t\u012bras.<\/li>\n<li>Aizsarg\u0101 kr\u0101sot\u0101s virsmas elast\u012bgumu ar savu unik\u0101lo \u201cnanosai\u0161u t\u012bkla strukt\u016bru\u201d.<\/li>\n<li>\u0100tra un vienk\u0101r\u0161a lieto\u0161ana, pateicoties 1 komponenta a\u0123entam.<\/li>\n<\/ul>\n<\/div><\/div><\/div><div class=\"fusion-clearfix\"><\/div><\/div><\/div><\/div><\/div><div class=\"fusion-fullwidth fullwidth-box fusion-builder-row-4 nonhundred-percent-fullwidth non-hundred-percent-height-scrolling fusion-equal-height-columns\" style=\"background-color: rgba(255,255,255,0);background-position: left top;background-repeat: no-repeat;padding-top:2%;padding-right:0px;padding-bottom:40px;padding-left:0px;margin-bottom: 0px;margin-top: 0px;border-width: 0px 0px 0px 0px;border-color:#eae9e9;border-style:solid;\" ><div class=\"fusion-builder-row fusion-row\"><div class=\"fusion-layout-column fusion_builder_column fusion-builder-column-6 fusion_builder_column_1_3 1_3 fusion-one-third fusion-column-first\" style=\"width:30.6666%; margin-right: 4%;margin-top:14px;margin-bottom:15px;\"><div class=\"fusion-column-wrapper fusion-flex-column-wrapper-legacy\" style=\"background-position:left top;background-repeat:no-repeat;-webkit-background-size:cover;-moz-background-size:cover;-o-background-size:cover;background-size:cover;padding: 10px 10px 10px 10px;\"><div class=\"fusion-column-content-centered\"><div class=\"fusion-column-content\"><div class=\"woocommerce front-product\"><ul class=\"products clearfix products-1\">\n<li class=\"product-grid-view product type-product post-6498 status-publish first instock product_cat-eksterjers-lv product_cat-interjers-lv has-post-thumbnail taxable shipping-taxable product-type-simple\">\n\t<div class=\"fusion-clean-product-image-wrapper \">\n\t\n\n<div  class=\"fusion-image-wrapper fusion-image-size-fixed\" aria-haspopup=\"true\">\n\t\n\t\t\t\t\t<a href=\"https:\/\/nano-zen.com\/lv\/product\/zen-xero-vario\/\" aria-label=\"Zen-Xero Vario\">\n\t\t\t\n\t\t\t\t\t<img decoding=\"async\" width=\"500\" height=\"388\" src=\"https:\/\/nano-zen.com\/wp-content\/uploads\/2019\/04\/vario-main-500x388.jpg\" class=\"attachment-shop_catalog size-shop_catalog wp-post-image\" alt=\"Zen-xero Vario\" srcset=\"https:\/\/nano-zen.com\/wp-content\/uploads\/2019\/04\/vario-main-200x155.jpg 200w, https:\/\/nano-zen.com\/wp-content\/uploads\/2019\/04\/vario-main-300x233.jpg 300w, https:\/\/nano-zen.com\/wp-content\/uploads\/2019\/04\/vario-main-400x311.jpg 400w, https:\/\/nano-zen.com\/wp-content\/uploads\/2019\/04\/vario-main-500x388.jpg 500w, https:\/\/nano-zen.com\/wp-content\/uploads\/2019\/04\/vario-main.jpg 600w\" sizes=\"(max-width: 500px) 100vw, 500px\" \/>\n\t\n\n\t\t<\/a>\n\n\t\n<\/div>\n<\/div>\n<div class=\"fusion-product-content\">\n\t<div class=\"product-details\">\n\t\t<div class=\"product-details-container\">\n<h3 class=\"product-title\">\n\t<a href=\"https:\/\/nano-zen.com\/lv\/product\/zen-xero-vario\/\">\n\t\tZen-Xero Vario\t<\/a>\n<\/h3>\n<div class=\"fusion-price-rating\">\n\t\t<\/div>\n\t<\/div>\n<\/div>\n\n\t<\/div> \n\n\n<\/li>\n<\/ul>\n<\/div><\/div><\/div><div class=\"fusion-clearfix\"><\/div><\/div><\/div><div class=\"fusion-layout-column fusion_builder_column fusion-builder-column-7 fusion_builder_column_2_3 2_3 fusion-two-third fusion-column-last\" style=\"width:65.3333%;margin-top:14px;margin-bottom:15px;\"><div class=\"fusion-column-wrapper fusion-flex-column-wrapper-legacy\" style=\"background-position:left top;background-repeat:no-repeat;-webkit-background-size:cover;-moz-background-size:cover;-o-background-size:cover;background-size:cover;padding: 20px 20px 20px 20px;\"><div class=\"fusion-column-content-centered\"><div class=\"fusion-column-content\"><div class=\"fusion-text fusion-text-10\"><h2>Zen-Xero Vario<\/h2>\n<\/div><div class=\"fusion-text fusion-text-11\"><h4><span style=\"color: #89919f;\">Tikai viens produkts, kas aizsarg\u0101 da\u017e\u0101das automa\u0161\u012bnas da\u013cas, piem\u0113ram, \u0101das salonu un alum\u012bnija diskus<\/span><\/h4>\n<\/div><div class=\"fusion-text fusion-text-12\"><ul>\n<li class=\"p1\">Rite\u0146u diskiem \u2014 maz\u0101ks saciet\u0113\u0161anas laiks = samazin\u0101s gaid\u012b\u0161anas laiks, kad auto tiek pieg\u0101d\u0101ts atpaka\u013c klientam<\/li>\n<li>\u0100das virsm\u0101m \u2013 nekrist\u0101lisks stikla p\u0101rkl\u0101jums, kas neboj\u0101 \u0101das fakt\u016bru<\/li>\n<li class=\"p1\">Priek\u0161\u0113jiem lukturiem \u2013 iztur\u012bba pret atmosf\u0113ras iedarb\u012bbu, kas pasarg\u0101 ar\u012b no ultravioletiem stariem<\/li>\n<li class=\"p1\">Met\u0101la apdar\u0113m \u2013 apbr\u012bnojams biezums, kas nodro\u0161ina aizsardz\u012bbu<\/li>\n<\/ul>\n<\/div><\/div><\/div><div class=\"fusion-clearfix\"><\/div><\/div><\/div><\/div><\/div><div class=\"fusion-fullwidth fullwidth-box fusion-builder-row-5 nonhundred-percent-fullwidth non-hundred-percent-height-scrolling\" style=\"background-color: rgba(255,255,255,0);background-position: center center;background-repeat: no-repeat;padding-top:0px;padding-right:0px;padding-bottom:0px;padding-left:0px;margin-bottom: 0px;margin-top: 0px;border-width: 0px 0px 0px 0px;border-color:#eae9e9;border-style:solid;\" ><div class=\"fusion-builder-row fusion-row\"><div class=\"fusion-layout-column fusion_builder_column fusion-builder-column-8 fusion_builder_column_1_1 1_1 fusion-one-full fusion-column-first fusion-column-last\" style=\"margin-top:15px;margin-bottom:40px;\"><div class=\"fusion-column-wrapper fusion-flex-column-wrapper-legacy\" style=\"background-position:left top;background-repeat:no-repeat;-webkit-background-size:cover;-moz-background-size:cover;-o-background-size:cover;background-size:cover;padding: 0px 0px 0px 0px;\"><style type=\"text\/css\"><\/style><div class=\"fusion-title title fusion-title-1 fusion-sep-none fusion-title-center fusion-title-text fusion-title-size-one\" style=\"margin-top:20px;margin-bottom:50px;\"><h1 class=\"title-heading-center\" style=\"margin:0;\"><h2>Blogs<\/h2><\/h1><\/div><div class=\"fusion-recent-posts fusion-recent-posts-1 avada-container layout-default layout-columns-3\"><section class=\"fusion-columns columns fusion-columns-3 columns-3\"><article class=\"post fusion-column column col col-lg-4 col-md-4 col-sm-4\"><div class=\"fusion-flexslider fusion-flexslider-loading flexslider flexslider-hover-type-none\"><ul class=\"slides\"><li><a href=\"https:\/\/nano-zen.com\/lv\/10-miti-par-keramikas-vai-stikla-parklajumu\/\" aria-label=\"10 m\u012bti par keramikas vai stikla p\u0101rkl\u0101jumu\" class=\"hover-type-none\"><img decoding=\"async\" width=\"700\" height=\"441\" src=\"https:\/\/nano-zen.com\/wp-content\/uploads\/2019\/02\/Zen-Xero-Dynamic-1-700x441.jpg\" class=\"attachment-recent-posts size-recent-posts\" alt=\"\" srcset=\"https:\/\/nano-zen.com\/wp-content\/uploads\/2019\/02\/Zen-Xero-Dynamic-1-320x202.jpg 320w, https:\/\/nano-zen.com\/wp-content\/uploads\/2019\/02\/Zen-Xero-Dynamic-1-700x441.jpg 700w\" sizes=\"(max-width: 700px) 100vw, 700px\" \/><\/a><\/li><\/ul><\/div><div class=\"recent-posts-content\"><span class=\"vcard\" style=\"display: none;\"><span class=\"fn\"><a href=\"https:\/\/nano-zen.com\/lv\/author\/marko\/\" title=\"Posts by marko\" rel=\"author\">marko<\/a><\/span><\/span><span class=\"updated\" style=\"display:none;\">2019-09-05T14:35:46+02:00<\/span><h4 class=\"entry-title\"><a href=\"https:\/\/nano-zen.com\/lv\/10-miti-par-keramikas-vai-stikla-parklajumu\/\">10 m\u012bti par keramikas vai stikla p\u0101rkl\u0101jumu<\/a><\/h4><p class=\"meta\"><span class=\"vcard\" style=\"display: none;\"><span class=\"fn\"><a href=\"https:\/\/nano-zen.com\/lv\/author\/marko\/\" title=\"Posts by marko\" rel=\"author\">marko<\/a><\/span><\/span><span class=\"updated\" style=\"display:none;\">2019-09-05T14:35:46+02:00<\/span><\/p><p> Lai m\u016bsu klienti b\u016btu apmierin\u0101ti ar produktu, mums ir ar\u012b j\u0101uzman\u0101s, lai nerad\u012btu tiem nepatiesas cer\u012bbas. L\u016bk, da\u017ei no t\u0101 saucamajiem m\u012btiem, ko esmu dzird\u0113jis no auto \u012bpa\u0161niekiem. 1. Ar keramiku p\u0101rkl\u0101tais auto ir [...]<\/p><\/div><\/article><article class=\"post fusion-column column col col-lg-4 col-md-4 col-sm-4\"><div class=\"recent-posts-content\"><span class=\"vcard\" style=\"display: none;\"><span class=\"fn\"><a href=\"https:\/\/nano-zen.com\/lv\/author\/marko\/\" title=\"Posts by marko\" rel=\"author\">marko<\/a><\/span><\/span><span class=\"updated\" style=\"display:none;\">2019-09-05T14:15:02+02:00<\/span><h4 class=\"entry-title\"><a href=\"https:\/\/nano-zen.com\/lv\/praktiskais-piemers-volkswagen-passat-2015-auto-pulesana-un-parklasana-ar-zen-xero-dynamic-stikla-parklajumu\/\">Praktiskais piem\u0113rs: Volkswagen Passat 2015 \u2013 auto pul\u0113\u0161ana un p\u0101rkl\u0101\u0161ana ar Zen-Xero Dynamic stikla p\u0101rkl\u0101jumu<\/a><\/h4><p class=\"meta\"><span class=\"vcard\" style=\"display: none;\"><span class=\"fn\"><a href=\"https:\/\/nano-zen.com\/lv\/author\/marko\/\" title=\"Posts by marko\" rel=\"author\">marko<\/a><\/span><\/span><span class=\"updated\" style=\"display:none;\">2019-09-05T14:15:02+02:00<\/span><\/p><p> K\u0101da ir automa\u0161\u012bnas \u016bdens atgr\u016bdo\u0161u p\u0101rkl\u0101jumu praktisk\u0101 v\u0113rt\u012bba? Lai to lab\u0101k saprastu, nopul\u0113j\u0101m pusi no automa\u0161\u012bnas un uzkl\u0101j\u0101m ar\u012b \u00a0\u0161\u0137idro stiklu Echelon Zen-Xero Dynamic. \u0160is raksts b\u016bs sam\u0113r\u0101 nedaudzos v\u0101rdos. \u0160eit b\u016btu lietder\u012bgi izmantot [...]<\/p><\/div><\/article><article class=\"post fusion-column column col col-lg-4 col-md-4 col-sm-4\"><div class=\"fusion-flexslider fusion-flexslider-loading flexslider flexslider-hover-type-none\"><ul class=\"slides\"><li><a href=\"https:\/\/nano-zen.com\/lv\/auto-pulesanas-cenas-vai-cena-ir-svarigakais\/\" aria-label=\"Auto pul\u0113\u0161anas cenas. Vai cena ir svar\u012bg\u0101kais?\" class=\"hover-type-none\"><img decoding=\"async\" width=\"700\" height=\"441\" src=\"https:\/\/nano-zen.com\/wp-content\/uploads\/2019\/02\/Auto-poleerimine-palju-maksab-700x441.jpg\" class=\"attachment-recent-posts size-recent-posts\" alt=\"car polishing price\" srcset=\"https:\/\/nano-zen.com\/wp-content\/uploads\/2019\/02\/Auto-poleerimine-palju-maksab-320x202.jpg 320w, https:\/\/nano-zen.com\/wp-content\/uploads\/2019\/02\/Auto-poleerimine-palju-maksab-700x441.jpg 700w\" sizes=\"(max-width: 700px) 100vw, 700px\" \/><\/a><\/li><\/ul><\/div><div class=\"recent-posts-content\"><span class=\"vcard\" style=\"display: none;\"><span class=\"fn\"><a href=\"https:\/\/nano-zen.com\/lv\/author\/marko\/\" title=\"Posts by marko\" rel=\"author\">marko<\/a><\/span><\/span><span class=\"updated\" style=\"display:none;\">2019-09-05T14:01:18+02:00<\/span><h4 class=\"entry-title\"><a href=\"https:\/\/nano-zen.com\/lv\/auto-pulesanas-cenas-vai-cena-ir-svarigakais\/\">Auto pul\u0113\u0161anas cenas. Vai cena ir svar\u012bg\u0101kais?<\/a><\/h4><p class=\"meta\"><span class=\"vcard\" style=\"display: none;\"><span class=\"fn\"><a href=\"https:\/\/nano-zen.com\/lv\/author\/marko\/\" title=\"Posts by marko\" rel=\"author\">marko<\/a><\/span><\/span><span class=\"updated\" style=\"display:none;\">2019-09-05T14:01:18+02:00<\/span><\/p><p> Auto pul\u0113\u0161ana un cenas, \u0161\u0137iet, cilv\u0113kiem ir svar\u012bgs jaut\u0101jums. T\u0101p\u0113c m\u0113\u0123in\u0101\u0161u mazliet par to uzrakst\u012bt, lai automa\u0161\u012bnas \u012bpa\u0161niekam b\u016btu viegl\u0101k atrast piem\u0113rotu pakalpojuma sniedz\u0113ju. Pul\u0113\u0161ana ar\u012b ir diezgan apjom\u012bgs darbs d\u0101rgu automa\u0161\u012bnu apkopei. Tas, [...]<\/p><\/div><\/article><\/section><\/div><div class=\"fusion-aligncenter\"><style type=\"text\/css\">.fusion-button.button-1 {border-radius:2px;}<\/style><a class=\"fusion-button button-flat fusion-button-default-size button-default button-1 fusion-button-default-span fusion-button-default-type\" target=\"_self\" href=\"\/blog\"><span class=\"fusion-button-text\">Read more<\/span><\/a><\/div><div class=\"fusion-clearfix\"><\/div><\/div><\/div><\/div><\/div><\/p>\n","protected":false},"excerpt":{"rendered":"","protected":false},"author":1,"featured_media":0,"parent":0,"menu_order":0,"comment_status":"closed","ping_status":"closed","template":"100-width.php","meta":{"footnotes":""},"yoast_head":"<!-- This site is optimized with the Yoast SEO Premium plugin v14.8 - https:\/\/yoast.com\/wordpress\/plugins\/seo\/ -->\n<title>Zen-Xero Nano Glass Coating ( up to 5 years)<\/title>\n<meta name=\"description\" content=\"Echelon Zen-Xero Liquid Glass Coating (ceramic car coating) products. For Paintwork, Leather, Windshield etc.\" \/>\n<meta name=\"robots\" content=\"index, follow\" \/>\n<meta name=\"googlebot\" content=\"index, follow, max-snippet:-1, max-image-preview:large, max-video-preview:-1\" \/>\n<meta name=\"bingbot\" content=\"index, follow, max-snippet:-1, max-image-preview:large, max-video-preview:-1\" \/>\n<link rel=\"canonical\" href=\"https:\/\/nano-zen.com\/lv\/\" \/>\n<meta property=\"og:locale\" content=\"lv_LV\" \/>\n<meta property=\"og:type\" content=\"article\" \/>\n<meta property=\"og:title\" content=\"Zen-Xero Nano Glass Coating ( up to 5 years)\" \/>\n<meta property=\"og:description\" content=\"Echelon Zen-Xero Liquid Glass Coating (ceramic car coating) products. For Paintwork, Leather, Windshield etc.\" \/>\n<meta property=\"og:url\" content=\"https:\/\/nano-zen.com\/lv\/\" \/>\n<meta property=\"og:site_name\" content=\"Zen-Xero Glass Coating\" \/>\n<meta property=\"article:modified_time\" content=\"2019-09-21T19:33:33+00:00\" \/>\n<meta property=\"fb:app_id\" content=\"836976856476249\" \/>\n<meta name=\"twitter:card\" content=\"summary_large_image\" \/>\n<script type=\"application\/ld+json\" class=\"yoast-schema-graph\">{\"@context\":\"https:\/\/schema.org\",\"@graph\":[{\"@type\":\"WebSite\",\"@id\":\"https:\/\/nano-zen.com\/lv\/#website\",\"url\":\"https:\/\/nano-zen.com\/lv\/\",\"name\":\"Zen-Xero Glass Coating\",\"description\":\"Zen-Xero Glass Coating protection for all parts of the car.\",\"potentialAction\":[{\"@type\":\"SearchAction\",\"target\":\"https:\/\/nano-zen.com\/lv\/?s={search_term_string}\",\"query-input\":\"required name=search_term_string\"}],\"inLanguage\":\"lv-LV\"},{\"@type\":\"WebPage\",\"@id\":\"https:\/\/nano-zen.com\/lv\/#webpage\",\"url\":\"https:\/\/nano-zen.com\/lv\/\",\"name\":\"Zen-Xero Nano Glass Coating ( up to 5 years)\",\"isPartOf\":{\"@id\":\"https:\/\/nano-zen.com\/lv\/#website\"},\"datePublished\":\"2015-10-28T23:02:07+00:00\",\"dateModified\":\"2019-09-21T19:33:33+00:00\",\"description\":\"Echelon Zen-Xero Liquid Glass Coating (ceramic car coating) products. For Paintwork, Leather, Windshield etc.\",\"inLanguage\":\"lv-LV\",\"potentialAction\":[{\"@type\":\"ReadAction\",\"target\":[\"https:\/\/nano-zen.com\/lv\/\"]}]}]}<\/script>\n<!-- \/ Yoast SEO Premium plugin. -->","_links":{"self":[{"href":"https:\/\/nano-zen.com\/lv\/wp-json\/wp\/v2\/pages\/6501"}],"collection":[{"href":"https:\/\/nano-zen.com\/lv\/wp-json\/wp\/v2\/pages"}],"about":[{"href":"https:\/\/nano-zen.com\/lv\/wp-json\/wp\/v2\/types\/page"}],"author":[{"embeddable":true,"href":"https:\/\/nano-zen.com\/lv\/wp-json\/wp\/v2\/users\/1"}],"replies":[{"embeddable":true,"href":"https:\/\/nano-zen.com\/lv\/wp-json\/wp\/v2\/comments?post=6501"}],"version-history":[{"count":3,"href":"https:\/\/nano-zen.com\/lv\/wp-json\/wp\/v2\/pages\/6501\/revisions"}],"predecessor-version":[{"id":6512,"href":"https:\/\/nano-zen.com\/lv\/wp-json\/wp\/v2\/pages\/6501\/revisions\/6512"}],"wp:attachment":[{"href":"https:\/\/nano-zen.com\/lv\/wp-json\/wp\/v2\/media?parent=6501"}],"curies":[{"name":"wp","href":"https:\/\/api.w.org\/{rel}","templated":true}]}}