{"id":5988,"date":"2019-09-05T13:28:11","date_gmt":"2019-09-05T11:28:11","guid":{"rendered":"https:\/\/nano-zen.com\/?page_id=5988"},"modified":"2020-11-14T14:13:45","modified_gmt":"2020-11-14T12:13:45","slug":"par","status":"publish","type":"page","link":"https:\/\/nano-zen.com\/lv\/par\/","title":{"rendered":"Par"},"content":{"rendered":"<div class=\"fusion-fullwidth fullwidth-box fusion-builder-row-1 nonhundred-percent-fullwidth non-hundred-percent-height-scrolling\" style=\"background-color: rgba(255,255,255,0);background-position: center center;background-repeat: no-repeat;padding-top:0px;padding-right:0px;padding-bottom:0px;padding-left:0px;margin-bottom: 0px;margin-top: 0px;border-width: 0px 0px 0px 0px;border-color:#eae9e9;border-style:solid;\" ><div class=\"fusion-builder-row fusion-row\"><div class=\"fusion-layout-column fusion_builder_column fusion-builder-column-0 fusion_builder_column_1_1 1_1 fusion-one-full fusion-column-first fusion-column-last\" style=\"margin-top:15px;margin-bottom:15px;\"><div class=\"fusion-column-wrapper fusion-flex-column-wrapper-legacy\" style=\"background-position:left top;background-repeat:no-repeat;-webkit-background-size:cover;-moz-background-size:cover;-o-background-size:cover;background-size:cover;padding: 0px 0px 0px 0px;\"><div class=\"fusion-text fusion-text-1\"><h2>\u0160odien.<\/h2>\n<p>Pa\u0161laik Tartu centr\u0101 man ir auto mazg\u0101\u0161anas darbn\u012bca, kur pied\u0101v\u0101jam visus galvenos pakalpojumus auto mazg\u0101\u0161anas un apkopes jom\u0101. Auto mazg\u0101\u0161ana un t\u012br\u012b\u0161ana, salona mitr\u0101 t\u012br\u012b\u0161ana, pul\u0113\u0161ana, vasko\u0161ana, cietie p\u0101rkl\u0101jumi (\u0161\u0137idrais stikls un keramika).<br \/>\nEs vienm\u0113r esmu bijis akt\u012bvs uz\u0146\u0113m\u0113js, kas, ja nepiecie\u0161ams, zina visus m\u016bsu pied\u0101v\u0101tos pakalpojumus un dara to pats. Mani interes\u0113, k\u0101 kaut kas darbojas un k\u0101 biju\u0161ais sportists esmu ieinteres\u0113ts ieg\u016bt \u0101tr\u0101kus un lab\u0101kus rezult\u0101tus, vienlaikus optimiz\u0113jot darba procesus. Ar\u012b materi\u0101ls \u0161aj\u0101 zi\u0146\u0101 ir svar\u012bgs, un Echelon produkti \u0161aj\u0101 zi\u0146\u0101 ir \u013coti noder\u012bgi.<br \/>\nEs p\u0101r\u0146\u0113mu Tasku auto mazg\u0101tavu pirms vair\u0101k nek\u0101 3 gadiem (2016. gada marts). Darbn\u012bcai nebija zaud\u0113jumu, bet t\u0101 nedeva nek\u0101du pe\u013c\u0146u. M\u0113s esam palielin\u0101ju\u0161i apgroz\u012bjumu vid\u0113ji par 50% gad\u0101, t\u0101tad tr\u012bs gadus p\u0113c k\u0101rtas. 2019. gad\u0101 pl\u0101nots atkal neliels pieaugums.<\/p>\n<p><img decoding=\"async\" class=\" wp-image-4867 aligncenter\" src=\"https:\/\/nano-zen.com\/wp-content\/uploads\/2019\/08\/Screen-Shot-2019-08-08-at-11.17.05.png\" alt=\"\" width=\"720\" height=\"227\" srcset=\"https:\/\/nano-zen.com\/wp-content\/uploads\/2019\/08\/Screen-Shot-2019-08-08-at-11.17.05-200x63.png 200w, https:\/\/nano-zen.com\/wp-content\/uploads\/2019\/08\/Screen-Shot-2019-08-08-at-11.17.05-300x95.png 300w, https:\/\/nano-zen.com\/wp-content\/uploads\/2019\/08\/Screen-Shot-2019-08-08-at-11.17.05-400x126.png 400w, https:\/\/nano-zen.com\/wp-content\/uploads\/2019\/08\/Screen-Shot-2019-08-08-at-11.17.05-500x158.png 500w, https:\/\/nano-zen.com\/wp-content\/uploads\/2019\/08\/Screen-Shot-2019-08-08-at-11.17.05-600x189.png 600w, https:\/\/nano-zen.com\/wp-content\/uploads\/2019\/08\/Screen-Shot-2019-08-08-at-11.17.05-700x221.png 700w, https:\/\/nano-zen.com\/wp-content\/uploads\/2019\/08\/Screen-Shot-2019-08-08-at-11.17.05-768x242.png 768w, https:\/\/nano-zen.com\/wp-content\/uploads\/2019\/08\/Screen-Shot-2019-08-08-at-11.17.05-800x252.png 800w, https:\/\/nano-zen.com\/wp-content\/uploads\/2019\/08\/Screen-Shot-2019-08-08-at-11.17.05.png 996w\" sizes=\"(max-width: 720px) 100vw, 720px\" \/><\/p>\n<p>Neto apgroz\u012bjums 2018. gad\u0101 &#8211; 109 t\u016bksto\u0161i<br \/>\nT\u012br\u0101 pe\u013c\u0146a\/zaud\u0113jumi 2018. gad\u0101 &#8211; 8 t\u016bksto\u0161i<br \/>\nDarbinieku skaits 2018. gad\u0101 &#8211; 4<\/p>\n<p>\u0160\u0137idr\u0101 stikla un keramikas aizsardz\u012bba nodro\u0161ina iev\u0113rojamu da\u013cu no m\u016bsu apgroz\u012bjuma (p\u0113d\u0113jos 2 gados esam veiku\u0161i gandr\u012bz 300 cieto p\u0101rkl\u0101jumu apstr\u0101di, no kuriem aptuveni 100 ir keramikas p\u0101rkl\u0101jumi un gandr\u012bz 200 ir stikla p\u0101rkl\u0101jumi, 50 no tiem m\u0113s veic\u0101m 2019. gada janv\u0101r\u012b un mart\u0101. Taj\u0101 pa\u0161\u0101 laik\u0101 es dom\u0101ju izteikt sadarb\u012bbas priek\u0161likumu \u0161\u0137idro stikla p\u0101rkl\u0101jumu ra\u017eot\u0101jam FE Trade LTD.<\/p>\n<h2>Ar auto mazg\u0101\u0161anas biznesu esmu saist\u012bts jau 13 gadus.<\/h2>\n<p>Pirmo auto mazg\u0101tavu atv\u0113ru 2006. gad\u0101. Papla\u0161in\u0101\u0161an\u0101s bija 2008. gad\u0101 \u2013 6 auto mazg\u0101tavas, 4 no t\u0101m dzimtaj\u0101 pils\u0113t\u0101 un 2 Tallin\u0101 (Igaunijas galvaspils\u0113ta, 200 km no Tartu).<br \/>\nKop\u0161 2008. gada sav\u0101 dzimtaj\u0101 pils\u0113t\u0101 esmu bijis ar\u012b Presta un Malco automa\u0161\u012bnu kop\u0161anas l\u012bdzek\u013cu tirgot\u0101js. 2013. gad\u0101 tika pievienota Ma-Fra pre\u010du z\u012bme.<\/p>\n<p>2013. gad\u0101 tika p\u0101rdota p\u0113d\u0113j\u0101 auto mazg\u0101tava, kuru vad\u012bju. Biju \u013coti noguris. Bija pien\u0101cis laiks p\u0101rtraukt automa\u0161\u012bnu mazg\u0101\u0161anu&#8230;<\/p>\n<p>2012. gad\u0101 es uzs\u0101ku programmat\u016bras biznesu. S\u0101kta tie\u0161saistes automa\u0161\u012bnu mazg\u0101\u0161ana un resursu p\u0101rvald\u012bbas platformas izstr\u0101de. T\u0101 iestr\u0113ga. \u0160obr\u012bd ir da\u017ei lietot\u0101ji, bet p\u0101rdo\u0161ana, visticam\u0101k, turpin\u0101sies no 2019. gada rudens, kad tiek prognoz\u0113ts, ka platforma b\u016bs gatava doties uz starptautisko tirgu (\u0161obr\u012bd pieejama tikai igau\u0146u valod\u0101).<\/p>\n<p>Paral\u0113li savam programmat\u016bras uz\u0146\u0113mumam es str\u0101d\u0101ju k\u0101 interneta m\u0101rketinga speci\u0101lists uz\u0146\u0113muma Sportlyzer (sporta klubu vad\u012bbas programmat\u016bra vis\u0101 pasaul\u0113). Sportlyzer autors un vad\u012bt\u0101js ir mans biju\u0161ais karat\u0113 pal\u012bgs un konkurents Tenis S\u0101gs (T\u00f5nis Saag).<br \/>\nNo 2016. gada str\u0101d\u0101 auto mazg\u0101tuve Tasku Car Wash. Esmu sa\u0146\u0113mis 5 vai vair\u0101k pied\u0101v\u0101jumus par jaunu auto mazg\u0101tavu, bet esmu atteicies no tiem. \u0160obr\u012bd man ir 4 darbinieki, kas ir pietiekami nelielai auto mazg\u0101tuvei. M\u0113s esam atv\u0113rti 7 dienas ned\u0113\u013c\u0101.<\/p>\n<p><img decoding=\"async\" class=\"alignnone wp-image-3505\" src=\"https:\/\/nano-zen.com\/wp-content\/uploads\/2019\/07\/Tasku-Autopesula-Marko-Luhamaa.jpg\" alt=\"Tasku Autopesula Marko Luhamaa\" width=\"156\" height=\"231\" srcset=\"https:\/\/nano-zen.com\/wp-content\/uploads\/2019\/07\/Tasku-Autopesula-Marko-Luhamaa-200x297.jpg 200w, https:\/\/nano-zen.com\/wp-content\/uploads\/2019\/07\/Tasku-Autopesula-Marko-Luhamaa-202x300.jpg 202w, https:\/\/nano-zen.com\/wp-content\/uploads\/2019\/07\/Tasku-Autopesula-Marko-Luhamaa.jpg 400w\" sizes=\"(max-width: 156px) 100vw, 156px\" \/><\/p>\n<p>Marko Luham\u0101 (Marko Luhamaa)<br \/>\n<a href=\"https:\/\/nano-zen.com\">nano-zen.com<\/a> dibin\u0101t\u0101js, vad\u012bt\u0101js<\/p>\n<\/div><div class=\"fusion-clearfix\"><\/div><\/div><\/div><\/div><\/div>\n","protected":false},"excerpt":{"rendered":"","protected":false},"author":2,"featured_media":0,"parent":0,"menu_order":0,"comment_status":"closed","ping_status":"closed","template":"","meta":{"footnotes":""},"yoast_head":"<!-- This site is optimized with the Yoast SEO Premium plugin v14.8 - https:\/\/yoast.com\/wordpress\/plugins\/seo\/ -->\n<title>Par - Zen-Xero Glass Coating<\/title>\n<meta name=\"robots\" content=\"index, follow\" \/>\n<meta name=\"googlebot\" content=\"index, follow, max-snippet:-1, max-image-preview:large, max-video-preview:-1\" \/>\n<meta name=\"bingbot\" content=\"index, follow, max-snippet:-1, max-image-preview:large, max-video-preview:-1\" \/>\n<link rel=\"canonical\" href=\"https:\/\/nano-zen.com\/lv\/par\/\" \/>\n<meta property=\"og:locale\" content=\"lv_LV\" \/>\n<meta property=\"og:type\" content=\"article\" \/>\n<meta property=\"og:title\" content=\"Par - Zen-Xero Glass Coating\" \/>\n<meta property=\"og:url\" content=\"https:\/\/nano-zen.com\/lv\/par\/\" \/>\n<meta property=\"og:site_name\" content=\"Zen-Xero Glass Coating\" \/>\n<meta property=\"article:modified_time\" content=\"2020-11-14T12:13:45+00:00\" \/>\n<meta property=\"og:image\" content=\"https:\/\/nano-zen.com\/wp-content\/uploads\/2019\/08\/Screen-Shot-2019-08-08-at-11.17.05.png\" \/>\n<meta property=\"fb:app_id\" content=\"836976856476249\" \/>\n<meta name=\"twitter:card\" content=\"summary_large_image\" \/>\n<script type=\"application\/ld+json\" class=\"yoast-schema-graph\">{\"@context\":\"https:\/\/schema.org\",\"@graph\":[{\"@type\":\"WebSite\",\"@id\":\"https:\/\/nano-zen.com\/lv\/#website\",\"url\":\"https:\/\/nano-zen.com\/lv\/\",\"name\":\"Zen-Xero Glass Coating\",\"description\":\"Zen-Xero Glass Coating protection for all parts of the car.\",\"potentialAction\":[{\"@type\":\"SearchAction\",\"target\":\"https:\/\/nano-zen.com\/lv\/?s={search_term_string}\",\"query-input\":\"required name=search_term_string\"}],\"inLanguage\":\"lv-LV\"},{\"@type\":\"ImageObject\",\"@id\":\"https:\/\/nano-zen.com\/lv\/par\/#primaryimage\",\"inLanguage\":\"lv-LV\",\"url\":\"https:\/\/nano-zen.com\/wp-content\/uploads\/2019\/08\/Screen-Shot-2019-08-08-at-11.17.05.png\",\"width\":996,\"height\":314},{\"@type\":\"WebPage\",\"@id\":\"https:\/\/nano-zen.com\/lv\/par\/#webpage\",\"url\":\"https:\/\/nano-zen.com\/lv\/par\/\",\"name\":\"Par - Zen-Xero Glass Coating\",\"isPartOf\":{\"@id\":\"https:\/\/nano-zen.com\/lv\/#website\"},\"primaryImageOfPage\":{\"@id\":\"https:\/\/nano-zen.com\/lv\/par\/#primaryimage\"},\"datePublished\":\"2019-09-05T11:28:11+00:00\",\"dateModified\":\"2020-11-14T12:13:45+00:00\",\"inLanguage\":\"lv-LV\",\"potentialAction\":[{\"@type\":\"ReadAction\",\"target\":[\"https:\/\/nano-zen.com\/lv\/par\/\"]}]}]}<\/script>\n<!-- \/ Yoast SEO Premium plugin. -->","_links":{"self":[{"href":"https:\/\/nano-zen.com\/lv\/wp-json\/wp\/v2\/pages\/5988"}],"collection":[{"href":"https:\/\/nano-zen.com\/lv\/wp-json\/wp\/v2\/pages"}],"about":[{"href":"https:\/\/nano-zen.com\/lv\/wp-json\/wp\/v2\/types\/page"}],"author":[{"embeddable":true,"href":"https:\/\/nano-zen.com\/lv\/wp-json\/wp\/v2\/users\/2"}],"replies":[{"embeddable":true,"href":"https:\/\/nano-zen.com\/lv\/wp-json\/wp\/v2\/comments?post=5988"}],"version-history":[{"count":5,"href":"https:\/\/nano-zen.com\/lv\/wp-json\/wp\/v2\/pages\/5988\/revisions"}],"predecessor-version":[{"id":16873,"href":"https:\/\/nano-zen.com\/lv\/wp-json\/wp\/v2\/pages\/5988\/revisions\/16873"}],"wp:attachment":[{"href":"https:\/\/nano-zen.com\/lv\/wp-json\/wp\/v2\/media?parent=5988"}],"curies":[{"name":"wp","href":"https:\/\/api.w.org\/{rel}","templated":true}]}}