{"id":7230,"date":"2019-02-21T10:50:04","date_gmt":"2019-02-21T08:50:04","guid":{"rendered":"https:\/\/nano-zen.com\/product\/nano-fil-2\/"},"modified":"2019-10-08T23:15:49","modified_gmt":"2019-10-08T21:15:49","slug":"nano-fil-2","status":"publish","type":"product","link":"https:\/\/nano-zen.com\/lt\/product\/nano-fil-2\/","title":{"rendered":"Echelon Nano-fil"},"content":{"rendered":"<p>NANO-FIL turi lanks\u010di\u0105 \u201enanolink\u201c tinklo strukt\u016br\u0105, kuri buvo naujai sukurta i\u0161 visi\u0161kai skirtingos, t. y. didelio kietumo perspektyvos, palyginus su pagrindin\u0117mis esam\u0173 stikli\u0161k\u0173 dang\u0173 savyb\u0117mis. Kiekviena dalel\u0117 yra stipriai suri\u0161ta su kitomis dalel\u0117mis, kaip tiesi grandin\u0117 \u201enanolink\u201c tinklo strukt\u016broje, ir tod\u0117l NANO-FIL pavyko i\u0161laikyti tiek stikli\u0161kos dangos kietum\u0105, tiek ir lankstum\u0105.<br \/>\nNANO-FIL \u201enanolink\u201c tinklo strukt\u016bra veikia kaip sm\u016bgius sugeriantis efektas prie\u0161 atsirandant \u017ealai d\u0117l i\u0161orini\u0173 veiksni\u0173, pavyzd\u017eiui, smulki\u0173 da\u017eyto pavir\u0161iaus \u012fbr\u0117\u017eim\u0173 ir d\u0117mi\u0173.<\/p>\n<p><img decoding=\"async\" class=\"alignnone wp-image-1957\" src=\"https:\/\/nano-zen.com\/wp-content\/uploads\/2019\/02\/nanolink-vana-versioon.jpg\" alt=\"\" width=\"373\" height=\"222\" srcset=\"https:\/\/nano-zen.com\/wp-content\/uploads\/2019\/02\/nanolink-vana-versioon-200x119.jpg 200w, https:\/\/nano-zen.com\/wp-content\/uploads\/2019\/02\/nanolink-vana-versioon-300x179.jpg 300w, https:\/\/nano-zen.com\/wp-content\/uploads\/2019\/02\/nanolink-vana-versioon.jpg 400w\" sizes=\"(max-width: 373px) 100vw, 373px\" \/>\u00a0 \u00a0 \u00a0<img decoding=\"async\" class=\"alignnone wp-image-1952\" src=\"https:\/\/nano-zen.com\/wp-content\/uploads\/2019\/02\/Nanolink-Network-struckture-previous-version.jpg\" alt=\"\" width=\"400\" height=\"222\" srcset=\"https:\/\/nano-zen.com\/wp-content\/uploads\/2019\/02\/Nanolink-Network-struckture-previous-version-200x111.jpg 200w, https:\/\/nano-zen.com\/wp-content\/uploads\/2019\/02\/Nanolink-Network-struckture-previous-version-300x167.jpg 300w, https:\/\/nano-zen.com\/wp-content\/uploads\/2019\/02\/Nanolink-Network-struckture-previous-version.jpg 400w\" sizes=\"(max-width: 400px) 100vw, 400px\" \/><\/p>\n<p>Puikiai atstumia ir nuvarvina vanden\u012f<\/p>\n<div class=\"clearfix\">D\u0117l \u201enanolink\u201c tinklo strukt\u016bros NANO-FIL suformuoja patvar\u0173 i\u0161skirtinio gilaus blizgesio sluoksn\u012f. Tas sluoksnis turi nuostabias vandens atst\u016bmimo ir nuvarvinimo savybes bei ma\u017e\u0105 trinties koeficient\u0105, be to, da\u017e\u0173 pavir\u0161i\u0173 apsaugo nuo vandens d\u0117mi\u0173 ir liekan\u0173, i\u0161laikant sinergin\u012f pavir\u0161iaus lankstum\u0105, ir tai u\u017etikrina ger\u0105 pavir\u0161iaus b\u016bkl\u0119 ilg\u0105 laik\u0105.<\/div>\n<div><\/div>\n<div>Ne\u012fprasta apsauga nuo i\u0161orini\u0173 veiksni\u0173 <\/div>\n<div>\n<p>NANO-FIL suma\u017eina aplinkos veiksni\u0173, pavyzd\u017eiui, pauk\u0161\u010di\u0173 m\u0117\u0161lo, geltonojo sm\u0117lio, med\u017ei\u0173 sulos ir r\u016bg\u0161\u010diojo lietaus poveik\u012f da\u017eytam pavir\u0161iui. NANO-FIL, kur\u012f ma\u017eai veikia UV spinduliai, apsaugo apsaugin\u012f sluoksn\u012f nuo pageltonavimo ir nusid\u0117v\u0117jimo bei i\u0161laiko ilgalaik\u012f kri\u0161tolo skaidrumo sluoksnio blizges\u012f (\u017er. 2 pav.).<br \/>\nM\u016bs\u0173 daugiau kaip 3 metus truk\u0119s bandymas su transporto priemon\u0117mis ir nepriklausomos organizacijos pagreitinto poveikio bandymas, naudojant \u201eSunshine Weather Meter\u201d, \u012frod\u0117 auk\u0161t\u0105 NANO-FIL kokyb\u0119.<\/p>\n<\/div>\n<div><img decoding=\"async\" class=\"alignnone size-full wp-image-1942\" src=\"https:\/\/nano-zen.com\/wp-content\/uploads\/2019\/02\/Wavelength-of-Sunlight-Spectrum-nano-meters_1.jpg\" alt=\"\" width=\"799\" height=\"268\" srcset=\"https:\/\/nano-zen.com\/wp-content\/uploads\/2019\/02\/Wavelength-of-Sunlight-Spectrum-nano-meters_1-200x67.jpg 200w, https:\/\/nano-zen.com\/wp-content\/uploads\/2019\/02\/Wavelength-of-Sunlight-Spectrum-nano-meters_1-300x101.jpg 300w, https:\/\/nano-zen.com\/wp-content\/uploads\/2019\/02\/Wavelength-of-Sunlight-Spectrum-nano-meters_1-400x134.jpg 400w, https:\/\/nano-zen.com\/wp-content\/uploads\/2019\/02\/Wavelength-of-Sunlight-Spectrum-nano-meters_1-500x168.jpg 500w, https:\/\/nano-zen.com\/wp-content\/uploads\/2019\/02\/Wavelength-of-Sunlight-Spectrum-nano-meters_1-600x201.jpg 600w, https:\/\/nano-zen.com\/wp-content\/uploads\/2019\/02\/Wavelength-of-Sunlight-Spectrum-nano-meters_1-700x235.jpg 700w, https:\/\/nano-zen.com\/wp-content\/uploads\/2019\/02\/Wavelength-of-Sunlight-Spectrum-nano-meters_1-768x258.jpg 768w, https:\/\/nano-zen.com\/wp-content\/uploads\/2019\/02\/Wavelength-of-Sunlight-Spectrum-nano-meters_1.jpg 799w\" sizes=\"(max-width: 799px) 100vw, 799px\" \/><\/div>\n","protected":false},"excerpt":{"rendered":"<h2>Echelon Nano-Fil \u2013 danga da\u017eymo darbams<\/h2>\n<h4>3D tinklo strukt\u016bra<\/h4>\n<ul>\n<li>Sudaro veiksming\u0105 \u201evandens slydimo\u201c dang\u0105 su didele apsaugos nuo ne\u0161varum\u0173 ir pa\u017eeidim\u0173 geba.<\/li>\n<li>Apsaugo da\u017e\u0173 lankstum\u0105 savo unikalia \u201enanolink\u201c tinklo strukt\u016bra.<\/li>\n<li>1 komponento d\u0117ka greitas ir lengvas naudojimas.<\/li>\n<\/ul>\n<p>&nbsp;<\/p>\n<p><strong>Komplekto sud\u0117tyje:<\/strong><\/p>\n<p>&#8211; Bazinis skystis 20 ml (1 automobiliui)<br \/>\n&#8211; \u201eMikro tinklelio\u201c audinys, 1 vnt.<br \/>\n&#8211; Green &amp; Black kempin\u0117, 1 vnt.<br \/>\n&#8211; Lipdukai<\/p>\n","protected":false},"featured_media":7232,"template":"","meta":[],"product_cat":[636,909,911,910],"product_tag":[],"yoast_head":"<!-- This site is optimized with the Yoast SEO Premium plugin v14.8 - https:\/\/yoast.com\/wordpress\/plugins\/seo\/ -->\n<title>Echelon Nano-fil - Zen-Xero Glass Coating<\/title>\n<meta name=\"robots\" content=\"index, follow\" \/>\n<meta name=\"googlebot\" content=\"index, follow, max-snippet:-1, max-image-preview:large, max-video-preview:-1\" \/>\n<meta name=\"bingbot\" content=\"index, follow, max-snippet:-1, max-image-preview:large, max-video-preview:-1\" \/>\n<link rel=\"canonical\" href=\"https:\/\/nano-zen.com\/lt\/product\/nano-fil-2\/\" \/>\n<meta property=\"og:locale\" content=\"lt_LT\" \/>\n<meta property=\"og:type\" content=\"article\" \/>\n<meta property=\"og:title\" content=\"Echelon Nano-fil - Zen-Xero Glass Coating\" \/>\n<meta property=\"og:description\" content=\"Echelon Nano-Fil \u2013 danga da\u017eymo darbams 3D tinklo strukt\u016bra   Sudaro veiksming\u0105 \u201evandens slydimo\u201c dang\u0105 su didele apsaugos nuo ne\u0161varum\u0173 ir pa\u017eeidim\u0173 geba.  Apsaugo da\u017e\u0173 lankstum\u0105 savo unikalia \u201enanolink\u201c tinklo strukt\u016bra.  1 komponento d\u0117ka greitas ir lengvas naudojimas.  &nbsp;  Komplekto sud\u0117tyje:  - Bazinis skystis 20 ml (1 automobiliui) - \u201eMikro tinklelio\u201c audinys, 1 vnt. - Green &amp; Black kempin\u0117, 1 vnt. - Lipdukai\" \/>\n<meta property=\"og:url\" content=\"https:\/\/nano-zen.com\/lt\/product\/nano-fil-2\/\" \/>\n<meta property=\"og:site_name\" content=\"Zen-Xero Glass Coating\" \/>\n<meta property=\"article:modified_time\" content=\"2019-10-08T21:15:49+00:00\" \/>\n<meta property=\"og:image\" content=\"https:\/\/nano-zen.com\/wp-content\/uploads\/2019\/02\/Echelon-Nano-Fil.jpg\" \/>\n\t<meta property=\"og:image:width\" content=\"700\" \/>\n\t<meta property=\"og:image:height\" content=\"500\" \/>\n<meta property=\"fb:app_id\" content=\"836976856476249\" \/>\n<meta name=\"twitter:card\" content=\"summary_large_image\" \/>\n<script type=\"application\/ld+json\" class=\"yoast-schema-graph\">{\"@context\":\"https:\/\/schema.org\",\"@graph\":[{\"@type\":\"WebSite\",\"@id\":\"https:\/\/nano-zen.com\/lt\/#website\",\"url\":\"https:\/\/nano-zen.com\/lt\/\",\"name\":\"Zen-Xero Glass Coating\",\"description\":\"Zen-Xero Glass Coating protection for all parts of the car.\",\"potentialAction\":[{\"@type\":\"SearchAction\",\"target\":\"https:\/\/nano-zen.com\/lt\/?s={search_term_string}\",\"query-input\":\"required name=search_term_string\"}],\"inLanguage\":\"lt-LT\"},{\"@type\":\"ImageObject\",\"@id\":\"https:\/\/nano-zen.com\/lt\/product\/nano-fil-2\/#primaryimage\",\"inLanguage\":\"lt-LT\",\"url\":\"https:\/\/nano-zen.com\/wp-content\/uploads\/2019\/02\/Echelon-Nano-Fil.jpg\",\"width\":700,\"height\":500,\"caption\":\"Echelon Nano-Fil \\u2013 danga da\\u017eymo darbams\"},{\"@type\":\"WebPage\",\"@id\":\"https:\/\/nano-zen.com\/lt\/product\/nano-fil-2\/#webpage\",\"url\":\"https:\/\/nano-zen.com\/lt\/product\/nano-fil-2\/\",\"name\":\"Echelon Nano-fil - Zen-Xero Glass Coating\",\"isPartOf\":{\"@id\":\"https:\/\/nano-zen.com\/lt\/#website\"},\"primaryImageOfPage\":{\"@id\":\"https:\/\/nano-zen.com\/lt\/product\/nano-fil-2\/#primaryimage\"},\"datePublished\":\"2019-02-21T08:50:04+00:00\",\"dateModified\":\"2019-10-08T21:15:49+00:00\",\"inLanguage\":\"lt-LT\",\"potentialAction\":[{\"@type\":\"ReadAction\",\"target\":[\"https:\/\/nano-zen.com\/lt\/product\/nano-fil-2\/\"]}]}]}<\/script>\n<!-- \/ Yoast SEO Premium plugin. -->","_links":{"self":[{"href":"https:\/\/nano-zen.com\/lt\/wp-json\/wp\/v2\/product\/7230"}],"collection":[{"href":"https:\/\/nano-zen.com\/lt\/wp-json\/wp\/v2\/product"}],"about":[{"href":"https:\/\/nano-zen.com\/lt\/wp-json\/wp\/v2\/types\/product"}],"wp:featuredmedia":[{"embeddable":true,"href":"https:\/\/nano-zen.com\/lt\/wp-json\/wp\/v2\/media\/7232"}],"wp:attachment":[{"href":"https:\/\/nano-zen.com\/lt\/wp-json\/wp\/v2\/media?parent=7230"}],"wp:term":[{"taxonomy":"product_cat","embeddable":true,"href":"https:\/\/nano-zen.com\/lt\/wp-json\/wp\/v2\/product_cat?post=7230"},{"taxonomy":"product_tag","embeddable":true,"href":"https:\/\/nano-zen.com\/lt\/wp-json\/wp\/v2\/product_tag?post=7230"}],"curies":[{"name":"wp","href":"https:\/\/api.w.org\/{rel}","templated":true}]}}