{"id":7198,"date":"2019-02-21T10:51:37","date_gmt":"2019-02-21T08:51:37","guid":{"rendered":"https:\/\/nano-zen.com\/product\/zen-xero-dynamic-2\/"},"modified":"2019-10-08T23:03:38","modified_gmt":"2019-10-08T21:03:38","slug":"zen-xero-dynamic-2","status":"publish","type":"product","link":"https:\/\/nano-zen.com\/lt\/product\/zen-xero-dynamic-2\/","title":{"rendered":"ECHELON Zen-Xero Dynamic"},"content":{"rendered":"<h2 class=\"p1\">What\u2019s Zen-Xero Technology?<\/h2>\n<p class=\"p1\">While the performance of the coatings themselves has been evolving through advances in technology, there has still been room for improvement regarding the method with which the coating is fixed onto painted surfaces to bring out the coating\u2019s highest performance. Zen-Xero Technology was developed to enhance the bond between the painted surface and the coating. The Accelerator, which is a core element of the technology, dramatically increases the fixing power and brings out the coating\u2019s maximum performance.<\/p>\n<p><img decoding=\"async\" class=\"size-800 wp-image-2146 aligncenter\" src=\"https:\/\/nano-zen.com\/wp-content\/uploads\/2019\/02\/with-or-without-accelerator-2-800x492.jpg\" alt=\"Zen-Xero accelerator\" width=\"800\" height=\"492\" srcset=\"https:\/\/nano-zen.com\/wp-content\/uploads\/2019\/02\/with-or-without-accelerator-2-200x123.jpg 200w, https:\/\/nano-zen.com\/wp-content\/uploads\/2019\/02\/with-or-without-accelerator-2-300x185.jpg 300w, https:\/\/nano-zen.com\/wp-content\/uploads\/2019\/02\/with-or-without-accelerator-2-400x246.jpg 400w, https:\/\/nano-zen.com\/wp-content\/uploads\/2019\/02\/with-or-without-accelerator-2-500x308.jpg 500w, https:\/\/nano-zen.com\/wp-content\/uploads\/2019\/02\/with-or-without-accelerator-2-600x369.jpg 600w, https:\/\/nano-zen.com\/wp-content\/uploads\/2019\/02\/with-or-without-accelerator-2-700x431.jpg 700w, https:\/\/nano-zen.com\/wp-content\/uploads\/2019\/02\/with-or-without-accelerator-2-768x472.jpg 768w, https:\/\/nano-zen.com\/wp-content\/uploads\/2019\/02\/with-or-without-accelerator-2-800x492.jpg 800w, https:\/\/nano-zen.com\/wp-content\/uploads\/2019\/02\/with-or-without-accelerator-2-1024x630.jpg 1024w, https:\/\/nano-zen.com\/wp-content\/uploads\/2019\/02\/with-or-without-accelerator-2-1200x738.jpg 1200w, https:\/\/nano-zen.com\/wp-content\/uploads\/2019\/02\/with-or-without-accelerator-2.jpg 1385w\" sizes=\"(max-width: 800px) 100vw, 800px\" \/><\/p>\n<p>&nbsp;<\/p>\n<p>&nbsp;<\/p>\n<h2 class=\"p1\">Complete Fusion of Glass Component and Fluorine<\/h2>\n<p class=\"p1\">Fluorine is evenly aligned between silica bonds, and that gives the coat excellent water-repellency and smoothness.<\/p>\n<p><img decoding=\"async\" class=\" wp-image-2167 aligncenter\" src=\"https:\/\/nano-zen.com\/wp-content\/uploads\/2019\/02\/zen-xero-complete-fusion-of-glass-component-and-fluorine-800x448.jpg\" alt=\"zen-xero complete fusion of glass component and fluorine\" width=\"691\" height=\"387\" srcset=\"https:\/\/nano-zen.com\/wp-content\/uploads\/2019\/02\/zen-xero-complete-fusion-of-glass-component-and-fluorine-200x112.jpg 200w, https:\/\/nano-zen.com\/wp-content\/uploads\/2019\/02\/zen-xero-complete-fusion-of-glass-component-and-fluorine-300x168.jpg 300w, https:\/\/nano-zen.com\/wp-content\/uploads\/2019\/02\/zen-xero-complete-fusion-of-glass-component-and-fluorine-400x224.jpg 400w, https:\/\/nano-zen.com\/wp-content\/uploads\/2019\/02\/zen-xero-complete-fusion-of-glass-component-and-fluorine-500x280.jpg 500w, https:\/\/nano-zen.com\/wp-content\/uploads\/2019\/02\/zen-xero-complete-fusion-of-glass-component-and-fluorine-600x336.jpg 600w, https:\/\/nano-zen.com\/wp-content\/uploads\/2019\/02\/zen-xero-complete-fusion-of-glass-component-and-fluorine-700x392.jpg 700w, https:\/\/nano-zen.com\/wp-content\/uploads\/2019\/02\/zen-xero-complete-fusion-of-glass-component-and-fluorine-768x430.jpg 768w, https:\/\/nano-zen.com\/wp-content\/uploads\/2019\/02\/zen-xero-complete-fusion-of-glass-component-and-fluorine-800x448.jpg 800w, https:\/\/nano-zen.com\/wp-content\/uploads\/2019\/02\/zen-xero-complete-fusion-of-glass-component-and-fluorine-1024x574.jpg 1024w, https:\/\/nano-zen.com\/wp-content\/uploads\/2019\/02\/zen-xero-complete-fusion-of-glass-component-and-fluorine-1200x672.jpg 1200w\" sizes=\"(max-width: 691px) 100vw, 691px\" \/><\/p>\n<p>&nbsp;<\/p>\n<h2 class=\"p1\">Dynamic Water-repellency with Functionality<\/h2>\n<p class=\"p1\">Zen-Xero Dynamic\u2019s dynamic water-repellency was achieved by finding a perfect balance of many different elements: appropriate raw materials, the perfect blending ratio, smoothness of the coat&#8217;s surface, the ideal water-contact angle, and many others. It is not enough to simply bind fluorine components to the surface of the coat.\u00a0 The base component of Zen-Xero Dynamic is silicone, and its special metallic binders link with an even distribution of fluorine throughout the coat. In addition, the water-contact angle is adjusted by changing the blending ratio of fluorine and creating an amazing smoothness on the glass coat, which brings out an excellent and effective water run-off performance.<\/p>\n<\/p>\n<div class=\"table-1\">\n<table width=\"100%\">\n<thead>\n<tr>\n<th align=\"center\">\n<table width=\"100%\">\n<thead>\n<tr>\n<td>Statinis vandens atst\u016bmimas<\/td>\n<\/tr>\n<\/thead>\n<\/table>\n<\/th>\n<th align=\"center\">Dinaminis vandens atst\u016bmimas<\/th>\n<\/tr>\n<\/thead>\n<tbody>\n<tr>\n<td align=\"center\"><img decoding=\"async\" class=\"alignnone wp-image-2163\" src=\"https:\/\/nano-zen.com\/wp-content\/uploads\/2019\/02\/water-repellency-800x641.jpg\" alt=\"Static water repellency\" width=\"349\" height=\"280\" srcset=\"https:\/\/nano-zen.com\/wp-content\/uploads\/2019\/02\/water-repellency-177x142.jpg 177w, https:\/\/nano-zen.com\/wp-content\/uploads\/2019\/02\/water-repellency-200x160.jpg 200w, https:\/\/nano-zen.com\/wp-content\/uploads\/2019\/02\/water-repellency-300x240.jpg 300w, https:\/\/nano-zen.com\/wp-content\/uploads\/2019\/02\/water-repellency-400x320.jpg 400w, https:\/\/nano-zen.com\/wp-content\/uploads\/2019\/02\/water-repellency-500x400.jpg 500w, https:\/\/nano-zen.com\/wp-content\/uploads\/2019\/02\/water-repellency-600x481.jpg 600w, https:\/\/nano-zen.com\/wp-content\/uploads\/2019\/02\/water-repellency-700x561.jpg 700w, https:\/\/nano-zen.com\/wp-content\/uploads\/2019\/02\/water-repellency-768x615.jpg 768w, https:\/\/nano-zen.com\/wp-content\/uploads\/2019\/02\/water-repellency-800x641.jpg 800w, https:\/\/nano-zen.com\/wp-content\/uploads\/2019\/02\/water-repellency-1024x820.jpg 1024w, https:\/\/nano-zen.com\/wp-content\/uploads\/2019\/02\/water-repellency.jpg 1200w\" sizes=\"(max-width: 349px) 100vw, 349px\" \/><\/td>\n<td align=\"center\"><img decoding=\"async\" class=\"alignnone wp-image-2165\" src=\"https:\/\/nano-zen.com\/wp-content\/uploads\/2019\/02\/Water-repellency-dynamic-800x641.jpg\" alt=\"Dynamic water-repellency\" width=\"349\" height=\"280\" srcset=\"https:\/\/nano-zen.com\/wp-content\/uploads\/2019\/02\/Water-repellency-dynamic-177x142.jpg 177w, https:\/\/nano-zen.com\/wp-content\/uploads\/2019\/02\/Water-repellency-dynamic-200x160.jpg 200w, https:\/\/nano-zen.com\/wp-content\/uploads\/2019\/02\/Water-repellency-dynamic-300x240.jpg 300w, https:\/\/nano-zen.com\/wp-content\/uploads\/2019\/02\/Water-repellency-dynamic-400x320.jpg 400w, https:\/\/nano-zen.com\/wp-content\/uploads\/2019\/02\/Water-repellency-dynamic-500x400.jpg 500w, https:\/\/nano-zen.com\/wp-content\/uploads\/2019\/02\/Water-repellency-dynamic-600x481.jpg 600w, https:\/\/nano-zen.com\/wp-content\/uploads\/2019\/02\/Water-repellency-dynamic-700x561.jpg 700w, https:\/\/nano-zen.com\/wp-content\/uploads\/2019\/02\/Water-repellency-dynamic-768x615.jpg 768w, https:\/\/nano-zen.com\/wp-content\/uploads\/2019\/02\/Water-repellency-dynamic-800x641.jpg 800w, https:\/\/nano-zen.com\/wp-content\/uploads\/2019\/02\/Water-repellency-dynamic-1024x820.jpg 1024w, https:\/\/nano-zen.com\/wp-content\/uploads\/2019\/02\/Water-repellency-dynamic.jpg 1200w\" sizes=\"(max-width: 349px) 100vw, 349px\" \/><\/td>\n<\/tr>\n<\/tbody>\n<\/table>\n<\/div>\n<p>\n<p>Read a <a href=\"https:\/\/nano-zen.com\/case-study-volkswagen-passat-2015-car-polishing-and-zen-xero-dynamic-glass-coating\/\" target=\"_blank\" rel=\"noopener noreferrer\">nano coating case study blog post HERE.<\/a><\/p>\n","protected":false},"excerpt":{"rendered":"<h3><img decoding=\"async\" class=\"alignnone wp-image-2754\" src=\"https:\/\/nano-zen.com\/wp-content\/uploads\/2019\/02\/Echelon-Zen-Xero-Dynamic.png\" alt=\"Echelon Zen-Xero Dynamic\" width=\"360\" height=\"512\" srcset=\"https:\/\/nano-zen.com\/wp-content\/uploads\/2019\/02\/Echelon-Zen-Xero-Dynamic-200x284.png 200w, https:\/\/nano-zen.com\/wp-content\/uploads\/2019\/02\/Echelon-Zen-Xero-Dynamic-211x300.png 211w, https:\/\/nano-zen.com\/wp-content\/uploads\/2019\/02\/Echelon-Zen-Xero-Dynamic-324x461.png 324w, https:\/\/nano-zen.com\/wp-content\/uploads\/2019\/02\/Echelon-Zen-Xero-Dynamic-400x569.png 400w, https:\/\/nano-zen.com\/wp-content\/uploads\/2019\/02\/Echelon-Zen-Xero-Dynamic-416x591.png 416w, https:\/\/nano-zen.com\/wp-content\/uploads\/2019\/02\/Echelon-Zen-Xero-Dynamic.png 434w\" sizes=\"(max-width: 360px) 100vw, 360px\" \/><\/h3>\n<h3 class=\"p1\">Dinaminis vandens atst\u016bmimas &#8211; atstumia vanden\u012f dar geriau ir ma\u017eina d\u0117mes.<\/h3>\n<ul>\n<li>Dinaminis vanden\u012f atstumiantis efektas.<\/li>\n<li>Puikus rezultato kokyb\u0117s ir trij\u0173 komponent\u0173 mi\u0161inio vienkartinio naudojimo paprastumo balansas.<\/li>\n<li>Visi\u0161kas stikli\u0161kos dangos ir fluoro susiliejimas, u\u017etikrinantis ilgalaik\u012f vandens atst\u016bmim\u0105.<\/li>\n<li>Gilus \u017evilgesys ir spindesys, puikiai tinkantys tamsios spalvos automobiliams.<\/li>\n<li>Puiki dangos kokyb\u0117 su atsparumo r\u016bg\u0161tims savyb\u0117mis.<\/li>\n<\/ul>\n<p><strong>Komplekto sud\u0117tyje:<\/strong><\/p>\n<p>Skystis I (30 ml)<br \/>\n&#8211; Skystis II (3 ml)<br \/>\n&#8211; Skystis III (0,5 ml)<br \/>\n&#8211; Spartintuvas (30 ml) <a href=\"https:\/\/www.lrt.lt\/mediateka\/irasas\/2000076594\">komplekto sud\u0117tyje <\/a><br \/>\n&#8211; Aplikatorius-kempin\u0117, 1 vnt.<\/p>\n","protected":false},"featured_media":7207,"template":"","meta":[],"product_cat":[636,909,911,910],"product_tag":[],"yoast_head":"<!-- This site is optimized with the Yoast SEO Premium plugin v14.8 - https:\/\/yoast.com\/wordpress\/plugins\/seo\/ -->\n<title>ECHELON Zen-Xero Dynamic - Zen-Xero Glass Coating<\/title>\n<meta name=\"robots\" content=\"index, follow\" \/>\n<meta name=\"googlebot\" content=\"index, follow, max-snippet:-1, max-image-preview:large, max-video-preview:-1\" \/>\n<meta name=\"bingbot\" content=\"index, follow, max-snippet:-1, max-image-preview:large, max-video-preview:-1\" \/>\n<link rel=\"canonical\" href=\"https:\/\/nano-zen.com\/lt\/product\/zen-xero-dynamic-2\/\" \/>\n<meta property=\"og:locale\" content=\"lt_LT\" \/>\n<meta property=\"og:type\" content=\"article\" \/>\n<meta property=\"og:title\" content=\"ECHELON Zen-Xero Dynamic - Zen-Xero Glass Coating\" \/>\n<meta property=\"og:description\" content=\"Dinaminis vandens atst\u016bmimas - atstumia vanden\u012f dar geriau ir ma\u017eina d\u0117mes.   Dinaminis vanden\u012f atstumiantis efektas.  Puikus rezultato kokyb\u0117s ir trij\u0173 komponent\u0173 mi\u0161inio vienkartinio naudojimo paprastumo balansas.  Visi\u0161kas stikli\u0161kos dangos ir fluoro susiliejimas, u\u017etikrinantis ilgalaik\u012f vandens atst\u016bmim\u0105.  Gilus \u017evilgesys ir spindesys, puikiai tinkantys tamsios spalvos automobiliams.  Puiki dangos kokyb\u0117 su atsparumo r\u016bg\u0161tims savyb\u0117mis.  Komplekto sud\u0117tyje:  Skystis I (30 ml) - Skystis II (3 ml) - Skystis III (0,5 ml) - Spartintuvas (30 ml) komplekto sud\u0117tyje  - Aplikatorius-kempin\u0117, 1 vnt.\" \/>\n<meta property=\"og:url\" content=\"https:\/\/nano-zen.com\/lt\/product\/zen-xero-dynamic-2\/\" \/>\n<meta property=\"og:site_name\" content=\"Zen-Xero Glass Coating\" \/>\n<meta property=\"article:modified_time\" content=\"2019-10-08T21:03:38+00:00\" \/>\n<meta property=\"og:image\" content=\"https:\/\/nano-zen.com\/wp-content\/uploads\/2019\/02\/Zen-Xero-Dynamic.jpg\" \/>\n\t<meta property=\"og:image:width\" content=\"700\" \/>\n\t<meta property=\"og:image:height\" content=\"500\" \/>\n<meta property=\"fb:app_id\" content=\"836976856476249\" \/>\n<meta name=\"twitter:card\" content=\"summary_large_image\" \/>\n<script type=\"application\/ld+json\" class=\"yoast-schema-graph\">{\"@context\":\"https:\/\/schema.org\",\"@graph\":[{\"@type\":\"WebSite\",\"@id\":\"https:\/\/nano-zen.com\/lt\/#website\",\"url\":\"https:\/\/nano-zen.com\/lt\/\",\"name\":\"Zen-Xero Glass Coating\",\"description\":\"Zen-Xero Glass Coating protection for all parts of the car.\",\"potentialAction\":[{\"@type\":\"SearchAction\",\"target\":\"https:\/\/nano-zen.com\/lt\/?s={search_term_string}\",\"query-input\":\"required name=search_term_string\"}],\"inLanguage\":\"lt-LT\"},{\"@type\":\"ImageObject\",\"@id\":\"https:\/\/nano-zen.com\/lt\/product\/zen-xero-dynamic-2\/#primaryimage\",\"inLanguage\":\"lt-LT\",\"url\":\"https:\/\/nano-zen.com\/wp-content\/uploads\/2019\/02\/Zen-Xero-Dynamic.jpg\",\"width\":700,\"height\":500,\"caption\":\"Zen-Xero Dynamic - 3 komponent\\u0173 skysto stiklo danga automobiliui\"},{\"@type\":\"WebPage\",\"@id\":\"https:\/\/nano-zen.com\/lt\/product\/zen-xero-dynamic-2\/#webpage\",\"url\":\"https:\/\/nano-zen.com\/lt\/product\/zen-xero-dynamic-2\/\",\"name\":\"ECHELON Zen-Xero Dynamic - Zen-Xero Glass Coating\",\"isPartOf\":{\"@id\":\"https:\/\/nano-zen.com\/lt\/#website\"},\"primaryImageOfPage\":{\"@id\":\"https:\/\/nano-zen.com\/lt\/product\/zen-xero-dynamic-2\/#primaryimage\"},\"datePublished\":\"2019-02-21T08:51:37+00:00\",\"dateModified\":\"2019-10-08T21:03:38+00:00\",\"inLanguage\":\"lt-LT\",\"potentialAction\":[{\"@type\":\"ReadAction\",\"target\":[\"https:\/\/nano-zen.com\/lt\/product\/zen-xero-dynamic-2\/\"]}]}]}<\/script>\n<!-- \/ Yoast SEO Premium plugin. -->","_links":{"self":[{"href":"https:\/\/nano-zen.com\/lt\/wp-json\/wp\/v2\/product\/7198"}],"collection":[{"href":"https:\/\/nano-zen.com\/lt\/wp-json\/wp\/v2\/product"}],"about":[{"href":"https:\/\/nano-zen.com\/lt\/wp-json\/wp\/v2\/types\/product"}],"wp:featuredmedia":[{"embeddable":true,"href":"https:\/\/nano-zen.com\/lt\/wp-json\/wp\/v2\/media\/7207"}],"wp:attachment":[{"href":"https:\/\/nano-zen.com\/lt\/wp-json\/wp\/v2\/media?parent=7198"}],"wp:term":[{"taxonomy":"product_cat","embeddable":true,"href":"https:\/\/nano-zen.com\/lt\/wp-json\/wp\/v2\/product_cat?post=7198"},{"taxonomy":"product_tag","embeddable":true,"href":"https:\/\/nano-zen.com\/lt\/wp-json\/wp\/v2\/product_tag?post=7198"}],"curies":[{"name":"wp","href":"https:\/\/api.w.org\/{rel}","templated":true}]}}