{"id":7183,"date":"2019-02-21T10:52:43","date_gmt":"2019-02-21T08:52:43","guid":{"rendered":"https:\/\/nano-zen.com\/product\/zen-xero-smart-2\/"},"modified":"2019-10-08T23:08:14","modified_gmt":"2019-10-08T21:08:14","slug":"zen-xero-smart-2","status":"publish","type":"product","link":"https:\/\/nano-zen.com\/lt\/product\/zen-xero-smart-2\/","title":{"rendered":"Zen-Xero Smart"},"content":{"rendered":"<h2>Kas yra Zen-Xero technologija?<\/h2>\n<p>Zen-Xero Dynamic vandens atst\u016bmimas buvo pasiektas ie\u0161kant idealaus daugyb\u0117s \u012fvairi\u0173 element\u0173 &#8211; tinkam\u0173 \u017ealiav\u0173, puikaus komponent\u0173 santykio, pavir\u0161iaus glotnumo, idealaus s\u0105ly\u010dio su vandeniu kampo ir daugelio kit\u0173 &#8211; derinio. Nepakanka fluoro komponentus tiesiog suliesti su dangos pavir\u0161iumi.\u00a0 Bazinis Zen-Xero Dynamic komponentas yra silikonas, o special\u016bs jo metaliniai ri\u0161ikliai prisijungia prie tolygaus fluoro pasiskirstymo visame dangos pavir\u0161iuje. Be to, s\u0105ly\u010dio su vandeniu kampas reguliuojamas kei\u010diant fluoro mai\u0161ymo santyk\u012f ir sukuriant nuostab\u0173 stikli\u0161ko pavir\u0161iaus glotnum\u0105, kas padeda padidinti puik\u0173 ir efektyv\u0173 vandens nust\u016bmimo poveik\u012f.<\/p>\n<p><img decoding=\"async\" class=\"aligncenter wp-image-2148 size-800\" src=\"https:\/\/nano-zen.com\/wp-content\/uploads\/2019\/02\/with-or-without-accelerator-2-1-800x491.jpg\" alt=\"Zen-Xero accelerator\" width=\"800\" height=\"491\" srcset=\"https:\/\/nano-zen.com\/wp-content\/uploads\/2019\/02\/with-or-without-accelerator-2-1-200x123.jpg 200w, https:\/\/nano-zen.com\/wp-content\/uploads\/2019\/02\/with-or-without-accelerator-2-1-300x184.jpg 300w, https:\/\/nano-zen.com\/wp-content\/uploads\/2019\/02\/with-or-without-accelerator-2-1-400x246.jpg 400w, https:\/\/nano-zen.com\/wp-content\/uploads\/2019\/02\/with-or-without-accelerator-2-1-500x307.jpg 500w, https:\/\/nano-zen.com\/wp-content\/uploads\/2019\/02\/with-or-without-accelerator-2-1-600x368.jpg 600w, https:\/\/nano-zen.com\/wp-content\/uploads\/2019\/02\/with-or-without-accelerator-2-1-700x430.jpg 700w, https:\/\/nano-zen.com\/wp-content\/uploads\/2019\/02\/with-or-without-accelerator-2-1-768x472.jpg 768w, https:\/\/nano-zen.com\/wp-content\/uploads\/2019\/02\/with-or-without-accelerator-2-1-800x491.jpg 800w, https:\/\/nano-zen.com\/wp-content\/uploads\/2019\/02\/with-or-without-accelerator-2-1-1024x629.jpg 1024w, https:\/\/nano-zen.com\/wp-content\/uploads\/2019\/02\/with-or-without-accelerator-2-1-1200x737.jpg 1200w\" sizes=\"(max-width: 800px) 100vw, 800px\" \/><\/p>\n<p>&nbsp;<\/p>\n<h2>Puikios Zen-Xero Smart atsparumo savyb\u0117s<\/h2>\n<p class=\"p1\">Be atsparumo r\u016bg\u0161tims, Zen-Xero Smart turi ger\u0173 atsparumo \u012fvairioms chemin\u0117ms med\u017eiagoms savybi\u0173. B\u016bdamas neatsparus neigiamam aplinkos poveikiui produktas u\u017etikrina ilgalaik\u0119 da\u017eyto pavir\u0161iaus apsaug\u0105 nuo pa\u010di\u0173 ar\u0161iausi\u0173 poveiki\u0173, toki\u0173 kaip ultravioletiniai spinduliai.<\/p>\n<p class=\"p1\"><img decoding=\"async\" class=\"wp-image-2150 alignnone\" src=\"https:\/\/nano-zen.com\/wp-content\/uploads\/2019\/02\/Screen-Shot-2019-04-11-at-14.38.41.png\" alt=\"\" width=\"714\" height=\"180\" srcset=\"https:\/\/nano-zen.com\/wp-content\/uploads\/2019\/02\/Screen-Shot-2019-04-11-at-14.38.41-200x50.png 200w, https:\/\/nano-zen.com\/wp-content\/uploads\/2019\/02\/Screen-Shot-2019-04-11-at-14.38.41-300x76.png 300w, https:\/\/nano-zen.com\/wp-content\/uploads\/2019\/02\/Screen-Shot-2019-04-11-at-14.38.41-400x101.png 400w, https:\/\/nano-zen.com\/wp-content\/uploads\/2019\/02\/Screen-Shot-2019-04-11-at-14.38.41-500x126.png 500w, https:\/\/nano-zen.com\/wp-content\/uploads\/2019\/02\/Screen-Shot-2019-04-11-at-14.38.41-600x151.png 600w, https:\/\/nano-zen.com\/wp-content\/uploads\/2019\/02\/Screen-Shot-2019-04-11-at-14.38.41-700x177.png 700w, https:\/\/nano-zen.com\/wp-content\/uploads\/2019\/02\/Screen-Shot-2019-04-11-at-14.38.41-768x194.png 768w, https:\/\/nano-zen.com\/wp-content\/uploads\/2019\/02\/Screen-Shot-2019-04-11-at-14.38.41-800x202.png 800w, https:\/\/nano-zen.com\/wp-content\/uploads\/2019\/02\/Screen-Shot-2019-04-11-at-14.38.41.png 979w\" sizes=\"(max-width: 714px) 100vw, 714px\" \/> <img decoding=\"async\" class=\"wp-image-2152 alignnone\" src=\"https:\/\/nano-zen.com\/wp-content\/uploads\/2019\/02\/Screen-Shot-2019-04-11-at-14.39.01.png\" alt=\"\" width=\"256\" height=\"180\" srcset=\"https:\/\/nano-zen.com\/wp-content\/uploads\/2019\/02\/Screen-Shot-2019-04-11-at-14.39.01-200x141.png 200w, https:\/\/nano-zen.com\/wp-content\/uploads\/2019\/02\/Screen-Shot-2019-04-11-at-14.39.01-300x212.png 300w, https:\/\/nano-zen.com\/wp-content\/uploads\/2019\/02\/Screen-Shot-2019-04-11-at-14.39.01-400x282.png 400w, https:\/\/nano-zen.com\/wp-content\/uploads\/2019\/02\/Screen-Shot-2019-04-11-at-14.39.01.png 451w\" sizes=\"(max-width: 256px) 100vw, 256px\" \/><\/p>\n<p>&nbsp;<\/p>\n<h2 class=\"p1\">Zen-Xero Smart vandens atst\u016bmimo efekto patvarumo paslaptis<\/h2>\n<p>\u012eprastuose dang\u0173 gaminiuose baziniai vandens atst\u016bmimo poveikio komponentai (fluoras, metilas ir kt.) i\u0161lieka tik ant dangos pavir\u0161iaus. Tod\u0117l vandens atst\u016bmimo poveikis per tam tikr\u0105 laik\u0105 link\u0119s \u017eymiai susilpn\u0117ti. Zen-Xero Smart pasiek\u0117 visi\u0161k\u0105 stikli\u0161k\u0173 komponent\u0173 ir fluoro susiliejim\u0105.<\/p>\n<p>D\u0117l ant stikli\u0161kos dangos tolygiai pasiskirs\u010diusio fluoro vandens atst\u016bmimo poveikio pagrindas i\u0161lieka ant dangos pavir\u0161iaus, tod\u0117l vandens atst\u016bmimo poveikis trunka ilg\u0105 laik\u0105 net suma\u017e\u0117jus dangos storiui.<\/p>\n<p>&nbsp;<\/p>\n<h3 class=\"p1\"><strong>\u012eprast\u0173 vanden\u012f atstumian\u010di\u0173 produkt\u0173 stikli\u0161kojo sluoksnio vaizdas.<\/strong><\/h3>\n<p class=\"p1\"><img decoding=\"async\" class=\"wp-image-2156 alignleft\" src=\"https:\/\/nano-zen.com\/wp-content\/uploads\/2019\/02\/water-reppelency-usual-800x356.jpg\" alt=\"water-reppelency usual\" width=\"800\" height=\"356\" srcset=\"https:\/\/nano-zen.com\/wp-content\/uploads\/2019\/02\/water-reppelency-usual-200x89.jpg 200w, https:\/\/nano-zen.com\/wp-content\/uploads\/2019\/02\/water-reppelency-usual-300x134.jpg 300w, https:\/\/nano-zen.com\/wp-content\/uploads\/2019\/02\/water-reppelency-usual-400x178.jpg 400w, https:\/\/nano-zen.com\/wp-content\/uploads\/2019\/02\/water-reppelency-usual-500x223.jpg 500w, https:\/\/nano-zen.com\/wp-content\/uploads\/2019\/02\/water-reppelency-usual-600x267.jpg 600w, https:\/\/nano-zen.com\/wp-content\/uploads\/2019\/02\/water-reppelency-usual-700x312.jpg 700w, https:\/\/nano-zen.com\/wp-content\/uploads\/2019\/02\/water-reppelency-usual-768x342.jpg 768w, https:\/\/nano-zen.com\/wp-content\/uploads\/2019\/02\/water-reppelency-usual-800x356.jpg 800w, https:\/\/nano-zen.com\/wp-content\/uploads\/2019\/02\/water-reppelency-usual-1024x456.jpg 1024w, https:\/\/nano-zen.com\/wp-content\/uploads\/2019\/02\/water-reppelency-usual.jpg 1184w\" sizes=\"(max-width: 800px) 100vw, 800px\" \/><\/p>\n<p>&nbsp;<\/p>\n<p>&nbsp;<\/p>\n<p>Vandens atst\u016bmimo efektas susidaro tik ant dangos pavir\u0161iaus. Dangos pavir\u0161iui nusid\u0117vint vandens atst\u016bmimo efektas silpn\u0117ja.<\/p>\n<p>&nbsp;<\/p>\n<p>&nbsp;<\/p>\n<p>&nbsp;<\/p>\n<p>&nbsp;<\/p>\n<h3><\/h3>\n<h3><\/h3>\n<h3><strong>Zen-Xero Smart stikli\u0161kojo sluoksnio vaizdas.<\/strong><\/h3>\n<p><img decoding=\"async\" class=\"wp-image-2154 alignleft\" src=\"https:\/\/nano-zen.com\/wp-content\/uploads\/2019\/02\/water-repellency-ZX-800x357.jpg\" alt=\"\" width=\"800\" height=\"357\" srcset=\"https:\/\/nano-zen.com\/wp-content\/uploads\/2019\/02\/water-repellency-ZX-200x89.jpg 200w, https:\/\/nano-zen.com\/wp-content\/uploads\/2019\/02\/water-repellency-ZX-300x134.jpg 300w, https:\/\/nano-zen.com\/wp-content\/uploads\/2019\/02\/water-repellency-ZX-400x178.jpg 400w, https:\/\/nano-zen.com\/wp-content\/uploads\/2019\/02\/water-repellency-ZX-500x223.jpg 500w, https:\/\/nano-zen.com\/wp-content\/uploads\/2019\/02\/water-repellency-ZX-600x268.jpg 600w, https:\/\/nano-zen.com\/wp-content\/uploads\/2019\/02\/water-repellency-ZX-700x312.jpg 700w, https:\/\/nano-zen.com\/wp-content\/uploads\/2019\/02\/water-repellency-ZX-768x342.jpg 768w, https:\/\/nano-zen.com\/wp-content\/uploads\/2019\/02\/water-repellency-ZX-800x357.jpg 800w, https:\/\/nano-zen.com\/wp-content\/uploads\/2019\/02\/water-repellency-ZX-1024x457.jpg 1024w, https:\/\/nano-zen.com\/wp-content\/uploads\/2019\/02\/water-repellency-ZX.jpg 1200w\" sizes=\"(max-width: 800px) 100vw, 800px\" \/><\/p>\n<p>&nbsp;<\/p>\n<p>&nbsp;<\/p>\n<p>Vandens atst\u016bmimo efekto pagrindas tolygiai \u012fvedamas \u012f stikli\u0161k\u0105j\u012f sluoksn\u012f, u\u017etikrinant, kad vandens atst\u016bmimo efektas i\u0161lieka net dangos pavir\u0161iui nusid\u0117vint.<\/p>\n<p>&nbsp;<\/p>\n<p>&nbsp;<\/p>\n<p>&nbsp;<\/p>\n<p>&nbsp;<\/p>\n<p>&nbsp;<\/p>\n<h2><\/h2>\n<p>&nbsp;<\/p>\n","protected":false},"excerpt":{"rendered":"<p><img decoding=\"async\" class=\"alignnone wp-image-2752\" src=\"https:\/\/nano-zen.com\/wp-content\/uploads\/2019\/02\/Echelon-Zen-Xero-Smart.png\" alt=\"Echelon Zen-Xero Smart\" width=\"360\" height=\"514\" srcset=\"https:\/\/nano-zen.com\/wp-content\/uploads\/2019\/02\/Echelon-Zen-Xero-Smart-200x285.png 200w, https:\/\/nano-zen.com\/wp-content\/uploads\/2019\/02\/Echelon-Zen-Xero-Smart-210x300.png 210w, https:\/\/nano-zen.com\/wp-content\/uploads\/2019\/02\/Echelon-Zen-Xero-Smart-324x462.png 324w, https:\/\/nano-zen.com\/wp-content\/uploads\/2019\/02\/Echelon-Zen-Xero-Smart-400x571.png 400w, https:\/\/nano-zen.com\/wp-content\/uploads\/2019\/02\/Echelon-Zen-Xero-Smart-416x594.png 416w, https:\/\/nano-zen.com\/wp-content\/uploads\/2019\/02\/Echelon-Zen-Xero-Smart.png 433w\" sizes=\"(max-width: 360px) 100vw, 360px\" \/><\/p>\n<p class=\"p1\">Didelis patvarumas ir naudojimo paprastumas<br \/>\nPasiekta naudojant nauj\u0105sias technologijas.<\/p>\n<ul>\n<li>Dinami\u0161kas vanden\u012f atstumiantis efektas.<\/li>\n<li>Visi\u0161kas stikli\u0161kumo komponento ir fluoro susiliejimas, u\u017etikrinantis vandens atst\u016bmimo poveikio ilgalaiki\u0161kum\u0105.<\/li>\n<li>Gilus blizgesys ir \u0161vyt\u0117jimas, puikiai tinkantys tamsios spalvos automobiliams.<\/li>\n<li>Puiki dangos kokyb\u0117 su anti-r\u016bg\u0161tin\u0117mis savyb\u0117mis.<\/li>\n<\/ul>\n<p><strong>Komplekto sud\u0117tyje:<\/strong><\/p>\n<p>-Skystis I (30 ml)<br \/>\n-Skystis II (0,5 ml)<br \/>\n-Spartintuvas (30 ml)<br \/>\n-Aplikatorius-kempin\u0117, 1 vnt.<\/p>\n","protected":false},"featured_media":7197,"template":"","meta":[],"product_cat":[636,909,911,910],"product_tag":[],"yoast_head":"<!-- This site is optimized with the Yoast SEO Premium plugin v14.8 - https:\/\/yoast.com\/wordpress\/plugins\/seo\/ -->\n<title>Echelon Zen-Xero Smart - 2 komponent\u0173 stiklo danga automobiliui<\/title>\n<meta name=\"description\" content=\"Echelon Zen-Xero Smart \u2013 2 komponent\u0173 danga da\u017eams. Superhidrofobinis. Puikus patvarumas ir lengvas pritaikymas, pasiektas naudojant nauj\u0105 \u201eZen-Xero\u201c technologij\u0105.\" \/>\n<meta name=\"robots\" content=\"index, follow\" \/>\n<meta name=\"googlebot\" content=\"index, follow, max-snippet:-1, max-image-preview:large, max-video-preview:-1\" \/>\n<meta name=\"bingbot\" content=\"index, follow, max-snippet:-1, max-image-preview:large, max-video-preview:-1\" \/>\n<link rel=\"canonical\" href=\"https:\/\/nano-zen.com\/lt\/product\/zen-xero-smart-2\/\" \/>\n<meta property=\"og:locale\" content=\"lt_LT\" \/>\n<meta property=\"og:type\" content=\"article\" \/>\n<meta property=\"og:title\" content=\"Echelon Zen-Xero Smart - 2 komponent\u0173 stiklo danga automobiliui\" \/>\n<meta property=\"og:description\" content=\"Echelon Zen-Xero Smart \u2013 2 komponent\u0173 danga da\u017eams. Superhidrofobinis. Puikus patvarumas ir lengvas pritaikymas, pasiektas naudojant nauj\u0105 \u201eZen-Xero\u201c technologij\u0105.\" \/>\n<meta property=\"og:url\" content=\"https:\/\/nano-zen.com\/lt\/product\/zen-xero-smart-2\/\" \/>\n<meta property=\"og:site_name\" content=\"Zen-Xero Glass Coating\" \/>\n<meta property=\"article:modified_time\" content=\"2019-10-08T21:08:14+00:00\" \/>\n<meta property=\"og:image\" content=\"https:\/\/nano-zen.com\/wp-content\/uploads\/2019\/02\/Zen-Xero-Smart.jpg\" \/>\n\t<meta property=\"og:image:width\" content=\"700\" \/>\n\t<meta property=\"og:image:height\" content=\"500\" \/>\n<meta property=\"fb:app_id\" content=\"836976856476249\" \/>\n<meta name=\"twitter:card\" content=\"summary_large_image\" \/>\n<script type=\"application\/ld+json\" class=\"yoast-schema-graph\">{\"@context\":\"https:\/\/schema.org\",\"@graph\":[{\"@type\":\"WebSite\",\"@id\":\"https:\/\/nano-zen.com\/lt\/#website\",\"url\":\"https:\/\/nano-zen.com\/lt\/\",\"name\":\"Zen-Xero Glass Coating\",\"description\":\"Zen-Xero Glass Coating protection for all parts of the car.\",\"potentialAction\":[{\"@type\":\"SearchAction\",\"target\":\"https:\/\/nano-zen.com\/lt\/?s={search_term_string}\",\"query-input\":\"required name=search_term_string\"}],\"inLanguage\":\"lt-LT\"},{\"@type\":\"ImageObject\",\"@id\":\"https:\/\/nano-zen.com\/lt\/product\/zen-xero-smart-2\/#primaryimage\",\"inLanguage\":\"lt-LT\",\"url\":\"https:\/\/nano-zen.com\/wp-content\/uploads\/2019\/02\/Zen-Xero-Smart.jpg\",\"width\":700,\"height\":500,\"caption\":\"Zen-Xero Smart\"},{\"@type\":\"WebPage\",\"@id\":\"https:\/\/nano-zen.com\/lt\/product\/zen-xero-smart-2\/#webpage\",\"url\":\"https:\/\/nano-zen.com\/lt\/product\/zen-xero-smart-2\/\",\"name\":\"Echelon Zen-Xero Smart - 2 komponent\\u0173 stiklo danga automobiliui\",\"isPartOf\":{\"@id\":\"https:\/\/nano-zen.com\/lt\/#website\"},\"primaryImageOfPage\":{\"@id\":\"https:\/\/nano-zen.com\/lt\/product\/zen-xero-smart-2\/#primaryimage\"},\"datePublished\":\"2019-02-21T08:52:43+00:00\",\"dateModified\":\"2019-10-08T21:08:14+00:00\",\"description\":\"Echelon Zen-Xero Smart \\u2013 2 komponent\\u0173 danga da\\u017eams. Superhidrofobinis. Puikus patvarumas ir lengvas pritaikymas, pasiektas naudojant nauj\\u0105 \\u201eZen-Xero\\u201c technologij\\u0105.\",\"inLanguage\":\"lt-LT\",\"potentialAction\":[{\"@type\":\"ReadAction\",\"target\":[\"https:\/\/nano-zen.com\/lt\/product\/zen-xero-smart-2\/\"]}]}]}<\/script>\n<!-- \/ Yoast SEO Premium plugin. -->","_links":{"self":[{"href":"https:\/\/nano-zen.com\/lt\/wp-json\/wp\/v2\/product\/7183"}],"collection":[{"href":"https:\/\/nano-zen.com\/lt\/wp-json\/wp\/v2\/product"}],"about":[{"href":"https:\/\/nano-zen.com\/lt\/wp-json\/wp\/v2\/types\/product"}],"wp:featuredmedia":[{"embeddable":true,"href":"https:\/\/nano-zen.com\/lt\/wp-json\/wp\/v2\/media\/7197"}],"wp:attachment":[{"href":"https:\/\/nano-zen.com\/lt\/wp-json\/wp\/v2\/media?parent=7183"}],"wp:term":[{"taxonomy":"product_cat","embeddable":true,"href":"https:\/\/nano-zen.com\/lt\/wp-json\/wp\/v2\/product_cat?post=7183"},{"taxonomy":"product_tag","embeddable":true,"href":"https:\/\/nano-zen.com\/lt\/wp-json\/wp\/v2\/product_tag?post=7183"}],"curies":[{"name":"wp","href":"https:\/\/api.w.org\/{rel}","templated":true}]}}