{"id":6398,"date":"2019-09-19T14:29:07","date_gmt":"2019-09-19T12:29:07","guid":{"rendered":"https:\/\/nano-zen.com\/?page_id=6398"},"modified":"2019-09-19T14:29:30","modified_gmt":"2019-09-19T12:29:30","slug":"asmens-duomenu-tvarkymas","status":"publish","type":"page","link":"https:\/\/nano-zen.com\/lt\/asmens-duomenu-tvarkymas\/","title":{"rendered":"Asmens duomen\u0173 tvarkymas"},"content":{"rendered":"<p>Internetin\u0117s parduotuv\u0117s asmens duomen\u0173 valdytojas yra CWH O\u00dc (registracijos kodas 11489470), registracijos adresas Tartu, Turu gatv\u0117 2, telefonas +3725511300 ir el. pa\u0161to adresas support@nano-zen.com.<\/p>\n<p><strong>\u00a0<\/strong><\/p>\n<p><strong>Kokie asmens duomenys tvarkomi<\/strong><\/p>\n<ul>\n<li>vardas ir pavard\u0117, telefono numeris ir el. pa\u0161to adresas;<\/li>\n<li>pristatymo adresas;<\/li>\n<li>banko s\u0105skaitos numeris;<\/li>\n<li>preki\u0173 ir paslaug\u0173 kaina bei su mok\u0117jimais susij\u0119 duomenys (pirkimo istorija);<\/li>\n<li>klient\u0173 aptarnavimo duomenys.<\/li>\n<\/ul>\n<p>&nbsp;<\/p>\n<p><strong>Kod\u0117l tvarkomi asmens duomenys<\/strong><\/p>\n<p>Asmens duomenys naudojami kliento u\u017esakymams tvarkyti ir prek\u0117ms pristatyti.<\/p>\n<p>Pirkimo istorijos informacija (pirkimo data, prek\u0117s, kiekis, kliento duomenys) yra naudojama ruo\u0161iant \u012fsigyt\u0173 preki\u0173 ir paslaug\u0173 santraukas ir analizuojant kliento pageidavimus. <\/p>\n<p>Banko s\u0105skaitos numeris naudojamas mok\u0117jimams klientui gr\u0105\u017einti.<\/p>\n<p>Asmens duomenys, pvz., el. pa\u0161tas, telefono numeris ir kliento vardas, pavard\u0117 apdorojami siekiant i\u0161spr\u0119sti klausimus, susijusius su preki\u0173 ir paslaug\u0173 teikimu (pagalba klientams).<\/p>\n<p>Internetin\u0117s parduotuv\u0117s naudotojo IP adresas ar kiti \u017einiatinklio identifikatoriai tvarkomi siekiant teikti internetin\u0119 parduotuv\u0119 kaip informacin\u0117s visuomen\u0117s paslaug\u0105 ir \u017einiatinklio naudojimo statistikai.<\/p>\n<p>&nbsp;<\/p>\n<p><strong>Teisinis pagrindas <\/strong><\/p>\n<p>Asmens duomenys tvarkomi siekiant, kad b\u016bt\u0173 galima vykdyti su klientu sudaryt\u0105 sutart\u012f.<\/p>\n<p>Asmens duomenys tvarkomi siekiant vykdyti teisinius \u012fsipareigojimus (pvz., vedant apskait\u0105 ir nagrin\u0117jant vartotoj\u0173 skundus).<\/p>\n<p>&nbsp;<\/p>\n<p><strong>Asmens duomen\u0173 gav\u0117jai<\/strong><\/p>\n<p>Asmens duomenys perduodami \u012f internetin\u0117s parduotuv\u0117s klient\u0173 aptarnavimo tarnyb\u0105 siekiant, kad b\u016bt\u0173 galima tvarkyti pirkimus ir pirkimo istorij\u0105 bei i\u0161spr\u0119sti problemas, kurias gali i\u0161kilti klientams. Asmens duomenys taip pat perduodami \u012fgaliotai mok\u0117jim\u0173 apdorojimo bendrovei Maksekeskus AS.<\/p>\n<p>Vardas, pavard\u0117, telefono numeris ir el. pa\u0161to adresas perduodami kliento pasirinktam transporto paslaug\u0173 teik\u0117jui. Kai prekes pristato kurjeris, kliento adresas taip pat perduodamas kartu su kontaktine informacija. <\/p>\n<p>Jei internetin\u0117s parduotuv\u0117s s\u0105skaitas tvarko paslaug\u0173 teik\u0117jas, j\u0173 duomenys perduodami paslaug\u0173 teik\u0117jui, kad jie gal\u0117t\u0173 atlikti apskaitos operacijas.<\/p>\n<p>Asmens duomenys gali b\u016bti perduodami IT paslaug\u0173 teik\u0117jams, jei tai b\u016btina siekiant u\u017etikrinti internetin\u0117s parduotuv\u0117s funkcionalum\u0105 arba duomen\u0173 prieglobos funkcij\u0105. <\/p>\n<p>&nbsp;<\/p>\n<p>&nbsp;<\/p>\n<p><strong>Saugumas ir prieiga prie duomen\u0173<\/strong><\/p>\n<p>Asmens duomenys saugomi Zone Media O\u00dc serveriuose, esan\u010diuose Europos S\u0105jungos valstyb\u0117s nar\u0117s teritorijoje arba Europos ekonomin\u0117s erdv\u0117s valstyb\u0117se. Duomenys gali b\u016bti perduodami \u0161alims, kuri\u0173 duomen\u0173 apsaugos lygis buvo \u012fvertintas kaip tinkamas Europos Komisijos ir JAV bendrovi\u0173, prisijungusi\u0173 prie \u201eprivatumo skydo&#8221; sistemos. <\/p>\n<p>Internetin\u0117s parduotuv\u0117s darbuotojai gali susipa\u017einti su asmens duomenimis, kad i\u0161spr\u0119st\u0173 techninius klausimus, susijusius su internetin\u0117s parduotuv\u0117s naudojimu, ir teikt\u0173 pagalb\u0105 klientams.<\/p>\n<p>Internetin\u0117 parduotuv\u0117 imasi tinkam\u0173 fizini\u0173, organizacini\u0173 ir IT saugumo priemoni\u0173, kad apsaugot\u0173 asmeninius duomenis nuo atsitiktinio ar neteis\u0117to sunaikinimo, praradimo, pakeitimo ar neteis\u0117tos prieigos ir atskleidimo.<\/p>\n<p>Asmens duomenys perduodami internetin\u0117s parduotuv\u0117s duomen\u0173 tvarkytojams (pvz., transporto ir duomen\u0173 prieglobos paslaug\u0173 teik\u0117jams) ir tvarkomi pagal sutartis, sudarytas tarp internetin\u0117s parduotuv\u0117s ir duomen\u0173 tvarkytojams. Tvarkantys asmens duomenis tvarkytojai turi u\u017etikrinti tinkamas apsaugos priemones.<\/p>\n<p>&nbsp;<\/p>\n<p><strong>Prieiga prie asmens duomen\u0173 ir j\u0173 i\u0161taisymas<\/strong><\/p>\n<p>Asmeniniai duomenys gali b\u016bti pasiekiami ir taisomi internetin\u0117s parduotuv\u0117s naudotojo profilyje.<\/p>\n<p>&nbsp;<\/p>\n<p><strong>Sutikimo at\u0161aukimas<\/strong><\/p>\n<p>Kai asmens duomenys tvarkomi remiantis kliento sutikimu, klientas turi teis\u0119 at\u0161aukti savo sutikim\u0105, prane\u0161damas apie tai klient\u0173 aptarnavimo el. pa\u0161tu.<\/p>\n<p><strong>\u00a0<\/strong><\/p>\n<p><strong>Saugojimas<\/strong><\/p>\n<p>Asmens duomenys i\u0161trinami u\u017edarius internetin\u0117s parduotuv\u0117s kliento paskyr\u0105, nebent duomen\u0173 saugojimas yra b\u016btinas apskaitos tikslais arba sprend\u017eiant vartotoj\u0173 gin\u010dus.<\/p>\n<p>Kilus gin\u010dams d\u0117l mok\u0117jim\u0173 ir vartotoj\u0173 gin\u010d\u0173, asmens duomenys saugomi tol, kol ie\u0161kinys netenkinamas arba iki senaties termino pabaigos.<\/p>\n<p>Apskaitos tikslais reikalingi asmens duomenys saugomi septynerius metus.<\/p>\n<p><strong>\u00a0<\/strong><\/p>\n<p><strong>I\u0161trynimas<\/strong><\/p>\n<p>Norint i\u0161trinti asmens duomenis, su klient\u0173 aptarnavimu susisiekti reikia elektroniniu pa\u0161tu. \u012e pra\u0161ymus i\u0161trinti duomenis atsakymai pateikiami ne v\u0117liau kaip per vien\u0105 m\u0117nes\u012f ir nurodomas i\u0161trynimo laikotarpis.<\/p>\n<p><strong>\u00a0<\/strong><\/p>\n<p><strong>Perdavimas<\/strong><\/p>\n<p>\u012e pra\u0161ymus perduoti elektroniniu pa\u0161tu pateiktus asmens duomenis reikia atsiliepti per vien\u0105 savait\u0119. Klient\u0173 aptarnavimo darbuotojai identifikuoja asmen\u012f ir tai, kokie asmens duomenys turi b\u016bti perduodami.<\/p>\n<p>&nbsp;<\/p>\n<p><strong>Tiesiogin\u0117s rinkodaros prane\u0161imai<\/strong><\/p>\n<p>El. pa\u0161to adresas ir telefono numeris naudojami tiesiogin\u0117s rinkodaros prane\u0161imams si\u0173sti, jei klientas dav\u0117 atitinkam\u0105 sutikim\u0105. Jei klientas nenori gauti tiesiogin\u0117s rinkodaros prane\u0161im\u0173, klientas tur\u0117t\u0173 pasirinkti atitinkam\u0105 nuorod\u0105 el. lai\u0161ko pora\u0161t\u0117je arba susisiekti su klient\u0173 aptarnavimu.<\/p>\n<p>Kai asmens duomenys tvarkomi tiesiogin\u0117s rinkodaros tikslais (profiliavimas), klientas turi teis\u0119 bet kada paprie\u0161tarauti pradiniam ir tolesniam jo asmens duomen\u0173 tvarkymui, \u012fskaitant profiliavim\u0105, susijus\u012f su tiesiogine rinkodara, prane\u0161ant klient\u0173 aptarnavimo elektroniniu pa\u0161tu  (<em>atitinkama informacija turi b\u016bti pateikta ai\u0161kiai ir atskirai nuo bet kokios kitos informacijos<\/em>).<\/p>\n<p>&nbsp;<\/p>\n<p><strong>Gin\u010d\u0173 sprendimas<\/strong><\/p>\n<p>Gin\u010dai d\u0117l asmens duomen\u0173 tvarkymo sprend\u017eiami per klient\u0173 aptarnavimo tarnyb\u0105 (support@nano-zen.com). Prie\u017ei\u016bros institucija yra Estijos duomen\u0173 apsaugos inspekcija (info@aki.ee).<\/p>\n<p>&nbsp;<\/p>\n","protected":false},"excerpt":{"rendered":"<p>Internetin\u0117s parduotuv\u0117s asmens duomen\u0173 valdytojas yra CWH O\u00dc (registracijos kodas 11489470), registracijos adresas Tartu, Turu gatv\u0117 2, telefonas +3725511300 ir el. pa\u0161to adresas support@nano-zen.com. \u00a0 Kokie asmens duomenys tvarkomi vardas [&hellip;]<\/p>\n","protected":false},"author":2,"featured_media":0,"parent":0,"menu_order":0,"comment_status":"closed","ping_status":"closed","template":"","meta":{"footnotes":""},"yoast_head":"<!-- This site is optimized with the Yoast SEO Premium plugin v14.8 - https:\/\/yoast.com\/wordpress\/plugins\/seo\/ -->\n<title>Asmens duomen\u0173 tvarkymas - Zen-Xero Glass Coating<\/title>\n<meta name=\"robots\" content=\"index, follow\" \/>\n<meta name=\"googlebot\" content=\"index, follow, max-snippet:-1, max-image-preview:large, max-video-preview:-1\" \/>\n<meta name=\"bingbot\" content=\"index, follow, max-snippet:-1, max-image-preview:large, max-video-preview:-1\" \/>\n<link rel=\"canonical\" href=\"https:\/\/nano-zen.com\/lt\/asmens-duomenu-tvarkymas\/\" \/>\n<meta property=\"og:locale\" content=\"lt_LT\" \/>\n<meta property=\"og:type\" content=\"article\" \/>\n<meta property=\"og:title\" content=\"Asmens duomen\u0173 tvarkymas - Zen-Xero Glass Coating\" \/>\n<meta property=\"og:description\" content=\"Internetin\u0117s parduotuv\u0117s asmens duomen\u0173 valdytojas yra CWH O\u00dc (registracijos kodas 11489470), registracijos adresas Tartu, Turu gatv\u0117 2, telefonas +3725511300 ir el. pa\u0161to adresas support@nano-zen.com. \u00a0 Kokie asmens duomenys tvarkomi vardas [&hellip;]\" \/>\n<meta property=\"og:url\" content=\"https:\/\/nano-zen.com\/lt\/asmens-duomenu-tvarkymas\/\" \/>\n<meta property=\"og:site_name\" content=\"Zen-Xero Glass Coating\" \/>\n<meta property=\"article:modified_time\" content=\"2019-09-19T12:29:30+00:00\" \/>\n<meta property=\"fb:app_id\" content=\"836976856476249\" \/>\n<meta name=\"twitter:card\" content=\"summary_large_image\" \/>\n<script type=\"application\/ld+json\" class=\"yoast-schema-graph\">{\"@context\":\"https:\/\/schema.org\",\"@graph\":[{\"@type\":\"WebSite\",\"@id\":\"https:\/\/nano-zen.com\/lt\/#website\",\"url\":\"https:\/\/nano-zen.com\/lt\/\",\"name\":\"Zen-Xero Glass Coating\",\"description\":\"Zen-Xero Glass Coating protection for all parts of the car.\",\"potentialAction\":[{\"@type\":\"SearchAction\",\"target\":\"https:\/\/nano-zen.com\/lt\/?s={search_term_string}\",\"query-input\":\"required name=search_term_string\"}],\"inLanguage\":\"lt-LT\"},{\"@type\":\"WebPage\",\"@id\":\"https:\/\/nano-zen.com\/lt\/asmens-duomenu-tvarkymas\/#webpage\",\"url\":\"https:\/\/nano-zen.com\/lt\/asmens-duomenu-tvarkymas\/\",\"name\":\"Asmens duomen\\u0173 tvarkymas - Zen-Xero Glass Coating\",\"isPartOf\":{\"@id\":\"https:\/\/nano-zen.com\/lt\/#website\"},\"datePublished\":\"2019-09-19T12:29:07+00:00\",\"dateModified\":\"2019-09-19T12:29:30+00:00\",\"inLanguage\":\"lt-LT\",\"potentialAction\":[{\"@type\":\"ReadAction\",\"target\":[\"https:\/\/nano-zen.com\/lt\/asmens-duomenu-tvarkymas\/\"]}]}]}<\/script>\n<!-- \/ Yoast SEO Premium plugin. -->","_links":{"self":[{"href":"https:\/\/nano-zen.com\/lt\/wp-json\/wp\/v2\/pages\/6398"}],"collection":[{"href":"https:\/\/nano-zen.com\/lt\/wp-json\/wp\/v2\/pages"}],"about":[{"href":"https:\/\/nano-zen.com\/lt\/wp-json\/wp\/v2\/types\/page"}],"author":[{"embeddable":true,"href":"https:\/\/nano-zen.com\/lt\/wp-json\/wp\/v2\/users\/2"}],"replies":[{"embeddable":true,"href":"https:\/\/nano-zen.com\/lt\/wp-json\/wp\/v2\/comments?post=6398"}],"version-history":[{"count":2,"href":"https:\/\/nano-zen.com\/lt\/wp-json\/wp\/v2\/pages\/6398\/revisions"}],"predecessor-version":[{"id":6402,"href":"https:\/\/nano-zen.com\/lt\/wp-json\/wp\/v2\/pages\/6398\/revisions\/6402"}],"wp:attachment":[{"href":"https:\/\/nano-zen.com\/lt\/wp-json\/wp\/v2\/media?parent=6398"}],"curies":[{"name":"wp","href":"https:\/\/api.w.org\/{rel}","templated":true}]}}