{"id":6395,"date":"2019-04-21T13:40:54","date_gmt":"2019-04-21T11:40:54","guid":{"rendered":"https:\/\/nano-zen.com\/terms-of-service\/"},"modified":"2019-09-19T14:11:57","modified_gmt":"2019-09-19T12:11:57","slug":"paslaugu-teikimo-salygos","status":"publish","type":"page","link":"https:\/\/nano-zen.com\/lt\/paslaugu-teikimo-salygos\/","title":{"rendered":"Paslaug\u0173 teikimo s\u0105lygos"},"content":{"rendered":"<ol>\n<li>\n<ol>\n<li>Bendrosios s\u0105lygos.<\/li>\n<\/ol>\n<p>1.1. nano-zen.com yra CWH O\u00dc prekiavimo aplinka, registracijos kodas 12330926, adresas Turu 2, Tartu 51014 (toliau pardav\u0117jas), per kuri\u0105 vyksta produkt\u0173 ir paslaug\u0173 pardavimas klientui (toliau \u2013 klientas).<\/p>\n<p>1.2. Nuostatos ir s\u0105lygos taikomos teisiniams santykiams, atsirandantiems tarp kliento ir pardav\u0117jo ry\u0161ium su produkt\u0173 ir paslaug\u0173 pirkimu internetin\u0117je parduotuv\u0117je.<\/p>\n<p>1.3. Pardav\u0117jas ir klientas vadovaujasi Prievoli\u0173 \u012fstatymu, kitais Respublikos \u012fstatymais, kitais teis\u0117s aktais ir internetin\u0117s parduotuv\u0117s naudojimo s\u0105lygose sutartais terminais ir s\u0105lygomis.<\/p>\n<p>&nbsp;<\/p>\n<ol>\n<li>Kainos<\/li>\n<\/ol>\n<p>2.1. Visos internetin\u0117s parduotuv\u0117s kainos yra eurais ir neapima 20% PVM (matomos tik prisijungusiems naudotojams). CWH O\u00dc PVM mok\u0117tojo kodas yra EE101637589. Atsiskaitymuose su klientais i\u0161 Estijos pridedamas PVM 20%. Klientams i\u0161 Latvijos ir Lietuvos PVM mokestis nepridedamas (registracijos metu turi b\u016bti pateiktas galiojantis PVM mok\u0117tojo kodas).<\/p>\n<p>2.2. Pardav\u0117jas turi teis\u0119 bet kada keisti rodomas kainas. Jei naudotojas pateik\u0117 ir sumok\u0117jo u\u017e u\u017esakym\u0105 internetin\u0117je parduotuv\u0117je, pardav\u0117jas \u012fsipareigoja pristatyti atitinkamus produktus naudotojui ir teikti paslaugas pagal u\u017esakymo metu galiojusias kainas.<\/p>\n<p>2.3. Tiek\u0117jo tiek\u0117jas turi teis\u0119 at\u0161aukti u\u017esakym\u0105, jei \u012fvyksta technin\u0117 klaida, d\u0117l kurios internetin\u0117je parduotuv\u0117je buvo padaryta klaida d\u0117l produkto kainos. Tokiu atveju kliento sumok\u0117ta pirkimo suma gr\u0105\u017einama klientui.<\/p>\n<p>&nbsp;<\/p>\n<ol>\n<li>Produktai<\/li>\n<\/ol>\n<p>3.1. Ne\u012fmanoma i\u0161 anksto i\u0161bandyti pardav\u0117jo pateiktus produktus, rodomus internetin\u0117je parduotuv\u0117je.<\/p>\n<p>3.2. Jei klientas pateikia u\u017esakym\u0105, bet pasirodo, kad \u0161io produkto n\u0117ra sand\u0117lyje, internetin\u0117 parduotuv\u0117 negal\u0117s \u012fvykdyti u\u017esakymo. Tokiu atveju pardav\u0117jas susisieks su klientu ir pasi\u016blys pakaitin\u012f produkt\u0105, galim\u0105 nauj\u0105 pristatymo laik\u0105 arba per 14 dien\u0173 gr\u0105\u017eins pirkimo sum\u0105 klientui.<\/p>\n<p>3.3. Internetin\u0117je parduotuv\u0117je rodom\u0173 produkt\u0173 ir paslaug\u0173 nuotraukos yra iliustracin\u0117s ir gali \u0161iek tiek skirtis nuo faktin\u0117s produkto i\u0161vaizdos.<\/p>\n<p>&nbsp;<\/p>\n<ol>\n<li>Pirkimas<\/li>\n<\/ol>\n<p>4.1. Pirkimas galimas juridiniams asmenims ir j\u012f gali patvirtinti tik CWH O\u00dc.<\/p>\n<p>4.2. klientas pasirenka tinkamus produktus ar paslaugas internetin\u0117je parduotuv\u0117je ir prideda jas prie pirkini\u0173 krep\u0161elio spustel\u0117damas mygtuk\u0105 \u201eD\u0117ti \u012f krep\u0161el\u012f\u201d. Kai klientas \u012f krep\u0161el\u012f \u012fd\u0117jo tinkamus produktus arba paslaugas, jis gal\u0117s patikrinti krep\u0161elio turin\u012f spustel\u0117damas mygtuk\u0105 \u201ePer\u017ei\u016br\u0117ti krep\u0161el\u012f\u201d. Jei pirkini\u0173 krep\u0161elio turinys yra teisingas, klientas gal\u0117s paspausti mygtuk\u0105 \u201eT\u0119sti pirkim\u0105\u201d, o po to klientas bus nukreiptas \u012f u\u017esakymo u\u017ebaigim\u0105.<\/p>\n<p>4.3. Nor\u0117damas u\u017epildyti u\u017esakym\u0105 fiziniam produktui, klientas u\u017epildo reikiamus laukelius ir parenka tinkam\u0105 SmartPost siuntini\u0173 terminal\u0105, \u012f kur\u012f bus siun\u010diamos prek\u0117s. Jei yra nuolaidos kodas, jis turi b\u016bti \u012fvestas u\u017epildant u\u017esakym\u0105, kai sistema automati\u0161kai apskai\u010diuoja nuolaid\u0105. Tada klientas gal\u0117s paspausti mygtuk\u0105 \u201ePateikti u\u017esakym\u0105\u201d.<\/p>\n<p>4.4. Po u\u017esakymo pateikimo klientas sumoka u\u017e produkt\u0105 ar paslaug\u0105 per internetin\u0119 banko nuorod\u0105 ir patvirtina u\u017esakym\u0105, spustel\u0117damas mygtuk\u0105 \u201eGr\u012f\u017eti pas pardav\u0117j\u0105\u201d.<\/p>\n<p>4.5. Klientas \u012fsipareigoja pateikti teisingus duomenis, reikalingus, kad b\u016bt\u0173 \u012fvykdytas u\u017esakymas u\u017ebaigus u\u017esakymo u\u017epildym\u0105.<\/p>\n<p>4.6. Pardav\u0117jas neatsako u\u017e negal\u0117jim\u0105 vykdant u\u017esakym\u0105 arba d\u0117l bet koki\u0173 su tuo susijusi\u0173 pasekmi\u0173 atlikti veiksmus d\u0117l neteising\u0173 duomen\u0173, kuriuos pateik\u0117 klientas.<\/p>\n<p>&nbsp;<\/p>\n<ol>\n<li>Mok\u0117jimo b\u016bdai<\/li>\n<\/ol>\n<p>5.1. U\u017esakymus galima saugiai apmok\u0117ti per Estijos banko nuorodas (Swedbank, SEB, Luminor, LHV, Coop, Pocopay, Liisi ID), Latvijos banko nuorodas (Swedbank, SEB, Citadele, Luminor), Lietuvos banko nuorodas (Swedbank, SEB, Luminor) ir kreditine kortele.<\/p>\n<p>5.2. Mok\u0117jimas atliekamas ne internetin\u0117s parduotuv\u0117s aplinkoje, o saugioje atitinkamo banko ar paslaug\u0173 teik\u0117jo mok\u0117jimo aplinkoje.<\/p>\n<p>5.3. Pardav\u0117jas neturi prieigos prie kliento banko duomen\u0173 ar kreditin\u0117s kortel\u0117s informacijos.<\/p>\n<p>&nbsp;<\/p>\n<ol>\n<li>Pristatymas ir pristatymo s\u0105lygos<\/li>\n<\/ol>\n<p>6.1. U\u017esakytos prek\u0117s bus pristatytos \u012f kliento pasirinkt\u0105 SmartPost siuntini\u0173 terminal\u0105 per 3 darbo dienas nuo u\u017esakymo pateikimo. Prekes pristatome tik Estijoje, Latvijoje ir Lietuvoje.<\/p>\n<p>6.2. Turime teis\u0119 i\u0161imtiniais atvejais i\u0161si\u0173sti prekes terminu iki 21 kalendorini\u0173 dien\u0173.<\/p>\n<p>6.3. SmartPost pristatymo mokestis yra 5 EUR u\u017e vien\u0105 siunt\u0105, u\u017e kuri\u0105 klientas sumoka pirkdamas prek\u0119.<\/p>\n<p>&nbsp;<\/p>\n<ol>\n<li>Sutarties atsisakymo teis\u0117<\/li>\n<\/ol>\n<p>7.1. Sutarties atsisakymo teis\u0117 (Prievoli\u0173 \u012fstatymo 53 straipsnio 4 dalis) netaikoma, jei pirk\u0117jas yra juridinis asmuo (nebent pagal u\u017esakym\u0105 buvo i\u0161si\u0173sti neteisingi, apgadinti produktai).<\/p>\n<p>&nbsp;<\/p>\n<ol>\n<li>Pretenzij\u0173 pateikimo tvarka<\/li>\n<\/ol>\n<p>8.1. Pagal Prievoli\u0173 \u012fstatymo 222 straipsnio 1 dalies nuostatas klientas turi teis\u0119 reikalauti pataisyti arba pakeisti produkt\u0105, jeigu nesilaikoma produkto s\u0105lyg\u0173. Jei produktas neatitinka sutarties s\u0105lyg\u0173, pardav\u0117jas padengia produkto taisymo arba produkto pakeitimo i\u0161laidas, ypa\u010d transporto, pa\u0161to, darbo, kelioni\u0173 ir med\u017eiag\u0173 i\u0161laidas. Klientas turi kreiptis \u012f pardav\u0117jo klient\u0173 aptarnavim\u0105 elektroniniu pa\u0161tu: support@nano-zen.com. Preki\u0173 keitimo ir pinig\u0173 gr\u0105\u017einimo procesas u\u017etrunka iki vienos (1) savait\u0117s.<\/p>\n<p>8.3. Pardav\u0117jas neatsako u\u017e joki\u0105 \u017eal\u0105, atsiradusi\u0105 d\u0117l nenumatyto u\u017esakyt\u0173 produkt\u0173 naudojimo, taip pat d\u0117l pav\u0117luoto pristatymo, jei taip yra d\u0117l aplinkybi\u0173, nepriklausan\u010di\u0173 nuo pardav\u0117jo valios ir (arba) d\u0117l force majeure aplinkybi\u0173.<\/p>\n<p>&nbsp;<\/p>\n<ol>\n<li>Privatumo politika<\/li>\n<\/ol>\n<p>9.1. Klientas suteikia pardav\u0117jui ai\u0161k\u0173 ir informuot\u0105 sutikim\u0105 d\u0117l j\u0173 asmens duomen\u0173 tvarkymo.<\/p>\n<p>9.2. Pardav\u0117jo su\u017einoti asmens duomenys (vardas, pavard\u0117, el. pa\u0161to adresas, telefono numeris) \u012ftraukiami \u012f klient\u0173 registr\u0105 ir naudojami teikiant pardavimo paslaug\u0105 ir pateikiant prekes klientui. \u0160i informacija laikoma konfidencialia ir tvarkoma pagal asmens duomen\u0173 apsaugos \u012fstatym\u0105. Asmens duomenys, reikalingi siun\u010diant produktus klientui, perduodami pa\u0161to paslaug\u0173 ir mok\u0117jimo paslaug\u0173 bendrov\u0117ms (Itella Estonia O\u00dc, Maksekeskus AS).<\/p>\n<p>9.4. Pardav\u0117jas gali naudoti kliento asmens duomenis su tikslu si\u0173sti klientui informacij\u0105 apie specialius pasi\u016blymus ir kampanijas tik el. pa\u0161tu. Klientas gali bet kuriuo metu atsisakyti rinkodaros prane\u0161im\u0173, el. lai\u0161ko pabaigoje spustel\u0117damas atitinkam\u0105 nuorod\u0105 arba si\u0173sdamas atitinkam\u0105 pra\u0161ym\u0105 el. pa\u0161tu.<\/p>\n<p>9.5. Mok\u0117jimas atliekamas ne internetin\u0117s parduotuv\u0117s aplinkoje, o saugioje atitinkamo banko ar paslaug\u0173 teik\u0117jo mok\u0117jimo aplinkoje. Pardav\u0117jas neturi prieigos prie kliento banko duomen\u0173 ar kreditin\u0117s kortel\u0117s informacijos.<\/p>\n<p>9.6. Asmens duomenis tvarko CWH O\u00dc.<\/p>\n<p>&nbsp;<\/p>\n<ol>\n<li>Atsakomyb\u0117<\/li>\n<\/ol>\n<p>10.1. Pardav\u0117jas prisiima atsakomyb\u0119 apimtimi, ribojama produkto pardavimo kaina.<\/p>\n<p>10.2. U\u017esakovas \u012fsipareigoja naudotis internetin\u0117s parduotuv\u0117s paslauga tik \u012fstatymus ir ger\u0105 praktik\u0105 atitinkan\u010diais tikslais.<\/p>\n<p>10.3. Pardav\u0117jas ir klientas vienas prie\u0161 kit\u0105 atsako u\u017e bet koki\u0105 \u017eal\u0105, padaryt\u0105 kitai \u0161aliai pa\u017eeid\u017eiant \u0161ias naudojimo s\u0105lygas ir atvejais bei apimtimi, kurie numatyti Estijos Respublikos teis\u0117s aktuose.<\/p>\n<p>&nbsp;<\/p>\n<ol>\n<li>Nesutarim\u0173 sprendimas<\/li>\n<\/ol>\n<p>11.1. Kliento ir pardav\u0117jo nesutarimai sprend\u017eiami derybomis. Jei susitarti nepavyks, nesutarimai bus sprend\u017eiami Tartu apygardos teisme. Klientas taip pat gali susisiekti su vartotoj\u0173 apsaugos valdyba ir (arba) vartotoj\u0173 skund\u0173 komitetu.<\/p>\n<p>&nbsp;<\/p>\n<ol>\n<li>Naudojimo s\u0105lygos<\/li>\n<\/ol>\n<p>12.1. Klientas privalo susipa\u017einti su pirkimo sutartyje nustatytomis nuostatomis ir s\u0105lygomis.<\/p>\n<p>12.2. U\u017esakymo metu, pa\u017eym\u0117damas atitinkamo lango \u017eymim\u0105j\u012f laukel\u012f \u201eSutinku su nuostatomis ir s\u0105lygomis\u201c, klientas sutinka, kad jis perskait\u0117 ir suprato pardavimo sutarties nuostatas ir s\u0105lygas bei sutinka su nuostatomis ir s\u0105lygomis, nurodytomis pardavimo sutartyje.<\/p>\n<p>12.3. Pardavimo sutartis pardav\u0117jui ir klientui \u012fsigalioja nuo pirkimo sumos, mok\u0117tinos \u012f pardav\u0117jo einam\u0105j\u0105 s\u0105skait\u0105, gavimo.<\/p>\n<p>12.4. Pardav\u0117jas gali pakeisti internetin\u0117s parduotuv\u0117s naudojimo s\u0105lygas ir produkt\u0173 kainas. Pakeitimo skelbimas skelbiamas internetin\u0117s parduotuv\u0117s aplinkoje. Sandoriui taikomos s\u0105lygos ir kainos, taikomos sandorio metu.<\/p>\n<p>12.5. Pardav\u0117jas turi teis\u0119 atsisakyti vykdyti u\u017esakym\u0105, jei internetin\u0117s parduotuv\u0117s rodomos prek\u0117s kaina d\u0117l technin\u0117s klaidos buvo klaidinga. Tokiu atveju pirk\u0117jo sumok\u0117ta pirkimo suma gr\u0105\u017einama klientui.<\/p>\n<p>&nbsp;<\/p>\n<ol>\n<li>Klient\u0173 aptarnavimo tarnyba<\/li>\n<\/ol>\n<p>13.1. Klient\u0173 aptarnavimo tarnybos telefonas yra +372 55 11\u00a0300, o el. pa\u0161to adresas yra support@nano-zen.com<\/li>\n<\/ol>\n","protected":false},"excerpt":{"rendered":"<p>Bendrosios s\u0105lygos. 1.1. nano-zen.com yra CWH O\u00dc prekiavimo aplinka, registracijos kodas 12330926, adresas Turu 2, Tartu 51014 (toliau pardav\u0117jas), per kuri\u0105 vyksta produkt\u0173 ir paslaug\u0173 pardavimas klientui (toliau \u2013 klientas). [&hellip;]<\/p>\n","protected":false},"author":2,"featured_media":0,"parent":0,"menu_order":0,"comment_status":"closed","ping_status":"closed","template":"","meta":{"footnotes":""},"yoast_head":"<!-- This site is optimized with the Yoast SEO Premium plugin v14.8 - https:\/\/yoast.com\/wordpress\/plugins\/seo\/ -->\n<title>Paslaug\u0173 teikimo s\u0105lygos - Zen-Xero Glass Coating<\/title>\n<meta name=\"robots\" content=\"index, follow\" \/>\n<meta name=\"googlebot\" content=\"index, follow, max-snippet:-1, max-image-preview:large, max-video-preview:-1\" \/>\n<meta name=\"bingbot\" content=\"index, follow, max-snippet:-1, max-image-preview:large, max-video-preview:-1\" \/>\n<link rel=\"canonical\" href=\"https:\/\/nano-zen.com\/lt\/paslaugu-teikimo-salygos\/\" \/>\n<meta property=\"og:locale\" content=\"lt_LT\" \/>\n<meta property=\"og:type\" content=\"article\" \/>\n<meta property=\"og:title\" content=\"Paslaug\u0173 teikimo s\u0105lygos - Zen-Xero Glass Coating\" \/>\n<meta property=\"og:description\" content=\"Bendrosios s\u0105lygos. 1.1. nano-zen.com yra CWH O\u00dc prekiavimo aplinka, registracijos kodas 12330926, adresas Turu 2, Tartu 51014 (toliau pardav\u0117jas), per kuri\u0105 vyksta produkt\u0173 ir paslaug\u0173 pardavimas klientui (toliau \u2013 klientas). [&hellip;]\" \/>\n<meta property=\"og:url\" content=\"https:\/\/nano-zen.com\/lt\/paslaugu-teikimo-salygos\/\" \/>\n<meta property=\"og:site_name\" content=\"Zen-Xero Glass Coating\" \/>\n<meta property=\"article:modified_time\" content=\"2019-09-19T12:11:57+00:00\" \/>\n<meta property=\"fb:app_id\" content=\"836976856476249\" \/>\n<meta name=\"twitter:card\" content=\"summary_large_image\" \/>\n<script type=\"application\/ld+json\" class=\"yoast-schema-graph\">{\"@context\":\"https:\/\/schema.org\",\"@graph\":[{\"@type\":\"WebSite\",\"@id\":\"https:\/\/nano-zen.com\/lt\/#website\",\"url\":\"https:\/\/nano-zen.com\/lt\/\",\"name\":\"Zen-Xero Glass Coating\",\"description\":\"Zen-Xero Glass Coating protection for all parts of the car.\",\"potentialAction\":[{\"@type\":\"SearchAction\",\"target\":\"https:\/\/nano-zen.com\/lt\/?s={search_term_string}\",\"query-input\":\"required name=search_term_string\"}],\"inLanguage\":\"lt-LT\"},{\"@type\":\"WebPage\",\"@id\":\"https:\/\/nano-zen.com\/lt\/paslaugu-teikimo-salygos\/#webpage\",\"url\":\"https:\/\/nano-zen.com\/lt\/paslaugu-teikimo-salygos\/\",\"name\":\"Paslaug\\u0173 teikimo s\\u0105lygos - Zen-Xero Glass Coating\",\"isPartOf\":{\"@id\":\"https:\/\/nano-zen.com\/lt\/#website\"},\"datePublished\":\"2019-04-21T11:40:54+00:00\",\"dateModified\":\"2019-09-19T12:11:57+00:00\",\"inLanguage\":\"lt-LT\",\"potentialAction\":[{\"@type\":\"ReadAction\",\"target\":[\"https:\/\/nano-zen.com\/lt\/paslaugu-teikimo-salygos\/\"]}]}]}<\/script>\n<!-- \/ Yoast SEO Premium plugin. -->","_links":{"self":[{"href":"https:\/\/nano-zen.com\/lt\/wp-json\/wp\/v2\/pages\/6395"}],"collection":[{"href":"https:\/\/nano-zen.com\/lt\/wp-json\/wp\/v2\/pages"}],"about":[{"href":"https:\/\/nano-zen.com\/lt\/wp-json\/wp\/v2\/types\/page"}],"author":[{"embeddable":true,"href":"https:\/\/nano-zen.com\/lt\/wp-json\/wp\/v2\/users\/2"}],"replies":[{"embeddable":true,"href":"https:\/\/nano-zen.com\/lt\/wp-json\/wp\/v2\/comments?post=6395"}],"version-history":[{"count":2,"href":"https:\/\/nano-zen.com\/lt\/wp-json\/wp\/v2\/pages\/6395\/revisions"}],"predecessor-version":[{"id":6397,"href":"https:\/\/nano-zen.com\/lt\/wp-json\/wp\/v2\/pages\/6395\/revisions\/6397"}],"wp:attachment":[{"href":"https:\/\/nano-zen.com\/lt\/wp-json\/wp\/v2\/media?parent=6395"}],"curies":[{"name":"wp","href":"https:\/\/api.w.org\/{rel}","templated":true}]}}