{"id":6388,"date":"2019-02-25T20:07:05","date_gmt":"2019-02-25T20:07:05","guid":{"rendered":"https:\/\/nano-zen.com\/about-us\/"},"modified":"2020-11-14T14:13:07","modified_gmt":"2020-11-14T12:13:07","slug":"apie-mus","status":"publish","type":"page","link":"https:\/\/nano-zen.com\/lt\/apie-mus\/","title":{"rendered":"Apie mus"},"content":{"rendered":"<div class=\"fusion-fullwidth fullwidth-box fusion-builder-row-1 nonhundred-percent-fullwidth non-hundred-percent-height-scrolling\" style=\"background-color: rgba(255,255,255,0);background-position: center center;background-repeat: no-repeat;padding-top:0px;padding-right:0px;padding-bottom:0px;padding-left:0px;margin-bottom: 0px;margin-top: 0px;border-width: 0px 0px 0px 0px;border-color:#eae9e9;border-style:solid;\" ><div class=\"fusion-builder-row fusion-row\"><div class=\"fusion-layout-column fusion_builder_column fusion-builder-column-0 fusion_builder_column_1_1 1_1 fusion-one-full fusion-column-first fusion-column-last\" style=\"margin-top:15px;margin-bottom:15px;\"><div class=\"fusion-column-wrapper fusion-flex-column-wrapper-legacy\" style=\"background-position:left top;background-repeat:no-repeat;-webkit-background-size:cover;-moz-background-size:cover;-o-background-size:cover;background-size:cover;padding: 0px 0px 0px 0px;\"><div class=\"fusion-text fusion-text-1\"><h2>\u0160iandien.<\/h2>\n<p>\u0160iuo metu a\u0161 turiu automobili\u0173 plovimo \u012fmon\u0119 Tartu centre, kur mes si\u016blome visas pagrindines automobili\u0173 ir detali\u0173 plovimo paslaugas. Automobili\u0173 plovimas ir valymas, salono \u0161lapias valymas, poliravimas, va\u0161kavimas, kietos dangos (skystas stiklas ir keramika).<br \/>\nA\u0161 visada buvau aktyvus verslininkas, kuris i\u0161 esm\u0117s \u017eino visas m\u016bs\u0173 si\u016blomas paslaugas, kurias, jei reikia, teikiu pats. Mane domina kaip ka\u017ekas veikia, o kaip buv\u0119s sportininkas esu suinteresuotas gauti rezultatus grei\u010diau ir geriau bei optimizuoti darbo procesus. Med\u017eiaga taip pat yra svarbi dalis, o Echelon produktai \u0161iuo at\u017evilgiu yra labai naudingi.<br \/>\nA\u0161 per\u0117miau \u201eTasku\u201c automobili\u0173 plovykl\u0105 daugiau nei prie\u0161 3 metus (2016 m. kov\u0105). Automobili\u0173 plovykla nebuvo nuostolinga, bet ir ne pelninga. Mes padidinome apyvart\u0105 vidutini\u0161kai 50% per metus, trejus metus i\u0161 eil\u0117s. 2019 m. planuojama apyvart\u0105 irgi \u0161iek tiek padidinti.<\/p>\n<p><img decoding=\"async\" class=\" wp-image-4867 aligncenter\" src=\"https:\/\/nano-zen.com\/wp-content\/uploads\/2019\/08\/Screen-Shot-2019-08-08-at-11.17.05.png\" alt=\"\" width=\"720\" height=\"227\" srcset=\"https:\/\/nano-zen.com\/wp-content\/uploads\/2019\/08\/Screen-Shot-2019-08-08-at-11.17.05-200x63.png 200w, https:\/\/nano-zen.com\/wp-content\/uploads\/2019\/08\/Screen-Shot-2019-08-08-at-11.17.05-300x95.png 300w, https:\/\/nano-zen.com\/wp-content\/uploads\/2019\/08\/Screen-Shot-2019-08-08-at-11.17.05-400x126.png 400w, https:\/\/nano-zen.com\/wp-content\/uploads\/2019\/08\/Screen-Shot-2019-08-08-at-11.17.05-500x158.png 500w, https:\/\/nano-zen.com\/wp-content\/uploads\/2019\/08\/Screen-Shot-2019-08-08-at-11.17.05-600x189.png 600w, https:\/\/nano-zen.com\/wp-content\/uploads\/2019\/08\/Screen-Shot-2019-08-08-at-11.17.05-700x221.png 700w, https:\/\/nano-zen.com\/wp-content\/uploads\/2019\/08\/Screen-Shot-2019-08-08-at-11.17.05-768x242.png 768w, https:\/\/nano-zen.com\/wp-content\/uploads\/2019\/08\/Screen-Shot-2019-08-08-at-11.17.05-800x252.png 800w, https:\/\/nano-zen.com\/wp-content\/uploads\/2019\/08\/Screen-Shot-2019-08-08-at-11.17.05.png 996w\" sizes=\"(max-width: 720px) 100vw, 720px\" \/><\/p>\n<p>Skysto stiklo ir keramikos apsaugos paslaugos sudaro didel\u0119 dal\u012f m\u016bs\u0173 apyvartos (per pastaruosius 2 metus mes padar\u0117me beveik 300 dengim\u0173 kiet\u0105ja danga, i\u0161 kuri\u0173 apie 100 yra keramin\u0117 danga ir beveik 200 stikli\u0161ka danga, 50 i\u0161 j\u0173 mes atlikome 2019 m. sausio ir kovo m\u0117nesiais. Tuo pa\u010diu metu a\u0161 sugalvojau pateikti bendradarbiavimo pasi\u016blym\u0105 skysto stiklo dangos gamintojui FE Trade LTD.<\/p>\n<h2>Automobili\u0173 plovykl\u0173 versle esu 13 met\u0173.<\/h2>\n<p>Pirm\u0105j\u0105 automobili\u0173 plovykl\u0105 \u012fsteigiau 2006 m. 2008 m. i\u0161pl\u0117\u010diau versl\u0105 \u2013 \u012fk\u016briau 6 automobili\u0173 plovyklas: 4 automobili\u0173 plovyklas gimtajame mieste ir 2 Taline (Estijos sostin\u0117, 200 km nuo Tartu).<\/p>\n<p>Nuo 2008 m. a\u0161 savo gimtajame mieste taip pat buvau Presta ir Malco automobili\u0173 prie\u017ei\u016bros produkt\u0173 pardav\u0117jas. 2013 m. buvo prid\u0117tas Ma-Fra prek\u0117s \u017eenklas.<\/p>\n<p>2013 m. paskutin\u0117 plovykla, kuri\u0105 a\u0161 tur\u0117jau, buvo parduota. A\u0161 buvau labai pavarg\u0119s. At\u0117jo laikas pertraukai nuo automobili\u0173 plovykl\u0173 verslo\u2026<\/p>\n<p>2012 m. a\u0161 \u012fk\u016briau programin\u0117s \u012frangos versl\u0105. Prasid\u0117jo automobili\u0173 plovykl\u0173 rezervavimo internete ir i\u0161tekli\u0173 valdymo platformos pl\u0117tra. Jis \u012fstrigo. \u0160iuo metu yra keletas vartotoj\u0173, ta\u010diau pardavimai grei\u010diausiai t\u0119sis nuo 2019 m. rudens, kai tikimasi, kad platforma bus pasirengusi tarptautinei rinkai (\u0161iuo metu ji prieinama tik est\u0173 kalba).<\/p>\n<p>Lygiagre\u010diai su mano programin\u0117s \u012frangos kompanija, a\u0161 dirbau kaip interneto rinkodaros specialistas verslo startuoliui Sportlyzer (sporto klub\u0173 valdymo programin\u0117 \u012franga visame pasaulyje). Sportlyzer autorius ir lyderis yra mano buv\u0119s karat\u0117 partneris ir konkurentas T\u00f5nis Saag.<\/p>\n<p>2016 m. Automobili\u0173 plovykla \u201eTasku\u201c. A\u0161 gavau 5 ar daugiau pasi\u016blym\u0173 d\u0117l nauj\u0173 plovykl\u0173, bet nesutikau. \u0160iuo metu a\u0161 turiu 4 darbuotojus, ko pakanka ma\u017eai plovyklai. Mes dirbame 7 dienas per savait\u0119.<\/p>\n<p><img decoding=\"async\" class=\"alignnone wp-image-3505\" src=\"https:\/\/nano-zen.com\/wp-content\/uploads\/2019\/07\/Tasku-Autopesula-Marko-Luhamaa.jpg\" alt=\"Tasku Autopesula Marko Luhamaa\" width=\"156\" height=\"231\" srcset=\"https:\/\/nano-zen.com\/wp-content\/uploads\/2019\/07\/Tasku-Autopesula-Marko-Luhamaa-200x297.jpg 200w, https:\/\/nano-zen.com\/wp-content\/uploads\/2019\/07\/Tasku-Autopesula-Marko-Luhamaa-202x300.jpg 202w, https:\/\/nano-zen.com\/wp-content\/uploads\/2019\/07\/Tasku-Autopesula-Marko-Luhamaa.jpg 400w\" sizes=\"(max-width: 156px) 100vw, 156px\" \/><\/p>\n<p>Marko Luhamaa<br \/>\n<a href=\"https:\/\/nano-zen.com\">nano-zen.com<\/a> \u012fk\u016br\u0117jas ir vadovas<\/p>\n<\/div><div class=\"fusion-clearfix\"><\/div><\/div><\/div><\/div><\/div>\n","protected":false},"excerpt":{"rendered":"","protected":false},"author":2,"featured_media":0,"parent":0,"menu_order":0,"comment_status":"closed","ping_status":"closed","template":"","meta":{"footnotes":""},"yoast_head":"<!-- This site is optimized with the Yoast SEO Premium plugin v14.8 - https:\/\/yoast.com\/wordpress\/plugins\/seo\/ -->\n<title>Apie mus - Zen-Xero Glass Coating<\/title>\n<meta name=\"description\" content=\"I have been using Japanese Echelon Zen-Xero products over 3 years. I&#039;m confidet, these products are the best.\" \/>\n<meta name=\"robots\" content=\"index, follow\" \/>\n<meta name=\"googlebot\" content=\"index, follow, max-snippet:-1, max-image-preview:large, max-video-preview:-1\" \/>\n<meta name=\"bingbot\" content=\"index, follow, max-snippet:-1, max-image-preview:large, max-video-preview:-1\" \/>\n<link rel=\"canonical\" href=\"https:\/\/nano-zen.com\/lt\/apie-mus\/\" \/>\n<meta property=\"og:locale\" content=\"lt_LT\" \/>\n<meta property=\"og:type\" content=\"article\" \/>\n<meta property=\"og:title\" content=\"Apie mus - Zen-Xero Glass Coating\" \/>\n<meta property=\"og:description\" content=\"I have been using Japanese Echelon Zen-Xero products over 3 years. I&#039;m confidet, these products are the best.\" \/>\n<meta property=\"og:url\" content=\"https:\/\/nano-zen.com\/lt\/apie-mus\/\" \/>\n<meta property=\"og:site_name\" content=\"Zen-Xero Glass Coating\" \/>\n<meta property=\"article:modified_time\" content=\"2020-11-14T12:13:07+00:00\" \/>\n<meta property=\"og:image\" content=\"https:\/\/nano-zen.com\/wp-content\/uploads\/2019\/08\/Screen-Shot-2019-08-08-at-11.17.05.png\" \/>\n<meta property=\"fb:app_id\" content=\"836976856476249\" \/>\n<meta name=\"twitter:card\" content=\"summary_large_image\" \/>\n<script type=\"application\/ld+json\" class=\"yoast-schema-graph\">{\"@context\":\"https:\/\/schema.org\",\"@graph\":[{\"@type\":\"WebSite\",\"@id\":\"https:\/\/nano-zen.com\/lt\/#website\",\"url\":\"https:\/\/nano-zen.com\/lt\/\",\"name\":\"Zen-Xero Glass Coating\",\"description\":\"Zen-Xero Glass Coating protection for all parts of the car.\",\"potentialAction\":[{\"@type\":\"SearchAction\",\"target\":\"https:\/\/nano-zen.com\/lt\/?s={search_term_string}\",\"query-input\":\"required name=search_term_string\"}],\"inLanguage\":\"lt-LT\"},{\"@type\":\"ImageObject\",\"@id\":\"https:\/\/nano-zen.com\/lt\/apie-mus\/#primaryimage\",\"inLanguage\":\"lt-LT\",\"url\":\"https:\/\/nano-zen.com\/wp-content\/uploads\/2019\/08\/Screen-Shot-2019-08-08-at-11.17.05.png\",\"width\":996,\"height\":314},{\"@type\":\"WebPage\",\"@id\":\"https:\/\/nano-zen.com\/lt\/apie-mus\/#webpage\",\"url\":\"https:\/\/nano-zen.com\/lt\/apie-mus\/\",\"name\":\"Apie mus - Zen-Xero Glass Coating\",\"isPartOf\":{\"@id\":\"https:\/\/nano-zen.com\/lt\/#website\"},\"primaryImageOfPage\":{\"@id\":\"https:\/\/nano-zen.com\/lt\/apie-mus\/#primaryimage\"},\"datePublished\":\"2019-02-25T20:07:05+00:00\",\"dateModified\":\"2020-11-14T12:13:07+00:00\",\"description\":\"I have been using Japanese Echelon Zen-Xero products over 3 years. I'm confidet, these products are the best.\",\"inLanguage\":\"lt-LT\",\"potentialAction\":[{\"@type\":\"ReadAction\",\"target\":[\"https:\/\/nano-zen.com\/lt\/apie-mus\/\"]}]}]}<\/script>\n<!-- \/ Yoast SEO Premium plugin. -->","_links":{"self":[{"href":"https:\/\/nano-zen.com\/lt\/wp-json\/wp\/v2\/pages\/6388"}],"collection":[{"href":"https:\/\/nano-zen.com\/lt\/wp-json\/wp\/v2\/pages"}],"about":[{"href":"https:\/\/nano-zen.com\/lt\/wp-json\/wp\/v2\/types\/page"}],"author":[{"embeddable":true,"href":"https:\/\/nano-zen.com\/lt\/wp-json\/wp\/v2\/users\/2"}],"replies":[{"embeddable":true,"href":"https:\/\/nano-zen.com\/lt\/wp-json\/wp\/v2\/comments?post=6388"}],"version-history":[{"count":4,"href":"https:\/\/nano-zen.com\/lt\/wp-json\/wp\/v2\/pages\/6388\/revisions"}],"predecessor-version":[{"id":16872,"href":"https:\/\/nano-zen.com\/lt\/wp-json\/wp\/v2\/pages\/6388\/revisions\/16872"}],"wp:attachment":[{"href":"https:\/\/nano-zen.com\/lt\/wp-json\/wp\/v2\/media?parent=6388"}],"curies":[{"name":"wp","href":"https:\/\/api.w.org\/{rel}","templated":true}]}}