{"id":4803,"date":"2019-02-21T11:54:19","date_gmt":"2019-02-21T09:54:19","guid":{"rendered":"https:\/\/nano-zen.com\/product\/echelon-ion-adsorbing-shampoo\/"},"modified":"2019-10-07T23:06:30","modified_gmt":"2019-10-07T21:06:30","slug":"echelon-ioone-adsorbeeriv-sampoon","status":"publish","type":"product","link":"https:\/\/nano-zen.com\/et\/product\/echelon-ioone-adsorbeeriv-sampoon\/","title":{"rendered":"Echelon ioone adsorbeeriv \u0161ampoon"},"content":{"rendered":"","protected":false},"excerpt":{"rendered":"<ul>\n<li>Pesta autot, kui vedelklaas katte vett h\u00fclgav efekt hakkab v\u00e4henema.<\/li>\n<li>Tekitab lisakihi vedelklaas katte peale ning taastab stabiilselt vett h\u00fclgava efekti.<\/li>\n<li>Lahjendada 1:100.<\/li>\n<li>Pakend 200ml.<\/li>\n<\/ul>\n","protected":false},"featured_media":4804,"template":"","meta":[],"product_cat":[68,71],"product_tag":[],"yoast_head":"<!-- This site is optimized with the Yoast SEO Premium plugin v14.8 - https:\/\/yoast.com\/wordpress\/plugins\/seo\/ -->\n<title>Echelon ioone adsorbeeriv \u0161ampoon - ZEN DETAILING<\/title>\n<meta name=\"robots\" content=\"index, follow\" \/>\n<meta name=\"googlebot\" content=\"index, follow, max-snippet:-1, max-image-preview:large, max-video-preview:-1\" \/>\n<meta name=\"bingbot\" content=\"index, follow, max-snippet:-1, max-image-preview:large, max-video-preview:-1\" \/>\n<link rel=\"canonical\" href=\"https:\/\/nano-zen.com\/et\/product\/echelon-ioone-adsorbeeriv-sampoon\/\" \/>\n<meta property=\"og:locale\" content=\"et_EE\" \/>\n<meta property=\"og:type\" content=\"article\" \/>\n<meta property=\"og:title\" content=\"Echelon ioone adsorbeeriv \u0161ampoon - ZEN DETAILING\" \/>\n<meta property=\"og:description\" content=\"Pesta autot, kui vedelklaas katte vett h\u00fclgav efekt hakkab v\u00e4henema.  Tekitab lisakihi vedelklaas katte peale ning taastab stabiilselt vett h\u00fclgava efekti.  Lahjendada 1:100.  Pakend 200ml.\" \/>\n<meta property=\"og:url\" content=\"https:\/\/nano-zen.com\/et\/product\/echelon-ioone-adsorbeeriv-sampoon\/\" \/>\n<meta property=\"og:site_name\" content=\"ZEN DETAILING\" \/>\n<meta property=\"article:modified_time\" content=\"2019-10-07T21:06:30+00:00\" \/>\n<meta property=\"og:image\" content=\"https:\/\/nano-zen.com\/wp-content\/uploads\/2019\/02\/Echelon-Ion-Adsorbing-Shampoo.jpg\" \/>\n\t<meta property=\"og:image:width\" content=\"130\" \/>\n\t<meta property=\"og:image:height\" content=\"209\" \/>\n<meta property=\"fb:app_id\" content=\"836976856476249\" \/>\n<meta name=\"twitter:card\" content=\"summary_large_image\" \/>\n<script type=\"application\/ld+json\" class=\"yoast-schema-graph\">{\"@context\":\"https:\/\/schema.org\",\"@graph\":[{\"@type\":\"WebSite\",\"@id\":\"https:\/\/nano-zen.com\/et\/#website\",\"url\":\"https:\/\/nano-zen.com\/et\/\",\"name\":\"ZEN DETAILING\",\"description\":\"Zen-Xero Glass Coating protection for all parts of the car.\",\"potentialAction\":[{\"@type\":\"SearchAction\",\"target\":\"https:\/\/nano-zen.com\/et\/?s={search_term_string}\",\"query-input\":\"required name=search_term_string\"}],\"inLanguage\":\"et\"},{\"@type\":\"ImageObject\",\"@id\":\"https:\/\/nano-zen.com\/et\/product\/echelon-ioone-adsorbeeriv-sampoon\/#primaryimage\",\"inLanguage\":\"et\",\"url\":\"https:\/\/nano-zen.com\/wp-content\/uploads\/2019\/02\/Echelon-Ion-Adsorbing-Shampoo.jpg\",\"width\":130,\"height\":209},{\"@type\":\"WebPage\",\"@id\":\"https:\/\/nano-zen.com\/et\/product\/echelon-ioone-adsorbeeriv-sampoon\/#webpage\",\"url\":\"https:\/\/nano-zen.com\/et\/product\/echelon-ioone-adsorbeeriv-sampoon\/\",\"name\":\"Echelon ioone adsorbeeriv \\u0161ampoon - ZEN DETAILING\",\"isPartOf\":{\"@id\":\"https:\/\/nano-zen.com\/et\/#website\"},\"primaryImageOfPage\":{\"@id\":\"https:\/\/nano-zen.com\/et\/product\/echelon-ioone-adsorbeeriv-sampoon\/#primaryimage\"},\"datePublished\":\"2019-02-21T09:54:19+00:00\",\"dateModified\":\"2019-10-07T21:06:30+00:00\",\"inLanguage\":\"et\",\"potentialAction\":[{\"@type\":\"ReadAction\",\"target\":[\"https:\/\/nano-zen.com\/et\/product\/echelon-ioone-adsorbeeriv-sampoon\/\"]}]}]}<\/script>\n<!-- \/ Yoast SEO Premium plugin. -->","_links":{"self":[{"href":"https:\/\/nano-zen.com\/et\/wp-json\/wp\/v2\/product\/4803"}],"collection":[{"href":"https:\/\/nano-zen.com\/et\/wp-json\/wp\/v2\/product"}],"about":[{"href":"https:\/\/nano-zen.com\/et\/wp-json\/wp\/v2\/types\/product"}],"wp:featuredmedia":[{"embeddable":true,"href":"https:\/\/nano-zen.com\/et\/wp-json\/wp\/v2\/media\/4804"}],"wp:attachment":[{"href":"https:\/\/nano-zen.com\/et\/wp-json\/wp\/v2\/media?parent=4803"}],"wp:term":[{"taxonomy":"product_cat","embeddable":true,"href":"https:\/\/nano-zen.com\/et\/wp-json\/wp\/v2\/product_cat?post=4803"},{"taxonomy":"product_tag","embeddable":true,"href":"https:\/\/nano-zen.com\/et\/wp-json\/wp\/v2\/product_tag?post=4803"}],"curies":[{"name":"wp","href":"https:\/\/api.w.org\/{rel}","templated":true}]}}