{"id":4797,"date":"2019-02-21T11:30:21","date_gmt":"2019-02-21T09:30:21","guid":{"rendered":"https:\/\/nano-zen.com\/product\/echelon-clareed\/"},"modified":"2019-09-30T20:31:14","modified_gmt":"2019-09-30T18:31:14","slug":"echelon-clareed","status":"publish","type":"product","link":"https:\/\/nano-zen.com\/et\/product\/echelon-clareed\/","title":{"rendered":"Echelon Clareed akendele"},"content":{"rendered":"<p><img decoding=\"async\" class=\"alignnone size-full wp-image-2750\" src=\"https:\/\/nano-zen.com\/wp-content\/uploads\/2019\/02\/Echelon-Clareed-Powered-by-Zen-Xero.png\" alt=\"Echelon Clareed Powered by Zen-Xero\" width=\"433\" height=\"617\" srcset=\"https:\/\/nano-zen.com\/wp-content\/uploads\/2019\/02\/Echelon-Clareed-Powered-by-Zen-Xero-200x285.png 200w, https:\/\/nano-zen.com\/wp-content\/uploads\/2019\/02\/Echelon-Clareed-Powered-by-Zen-Xero-211x300.png 211w, https:\/\/nano-zen.com\/wp-content\/uploads\/2019\/02\/Echelon-Clareed-Powered-by-Zen-Xero-324x462.png 324w, https:\/\/nano-zen.com\/wp-content\/uploads\/2019\/02\/Echelon-Clareed-Powered-by-Zen-Xero-400x570.png 400w, https:\/\/nano-zen.com\/wp-content\/uploads\/2019\/02\/Echelon-Clareed-Powered-by-Zen-Xero-416x593.png 416w, https:\/\/nano-zen.com\/wp-content\/uploads\/2019\/02\/Echelon-Clareed-Powered-by-Zen-Xero.png 433w\" sizes=\"(max-width: 433px) 100vw, 433px\" \/><\/p>\n","protected":false},"excerpt":{"rendered":"<p>\u30fb Super-vetth\u00fclgav kate klaasidele.<br \/>\n\u30fb Suurep\u00e4rane kestvus ja vetth\u00fclgav efekt t\u00e4nud Zen-Xero tehnoloogiale.<br \/>\n\u30fb Pakub vee mahajookslmist ka v\u00e4ikese s\u00f5idukiirusega (alates 40km\/h).<br \/>\n\u30fb L\u00e4bis testi 1 miljoni kojamehe p\u00fchkimise ts\u00fckliga.<br \/>\n\u30fb Pakub h\u00e4sti tasakaalu vee h\u00fclgamise ja kestvus vahel t\u00e4nud 2 komponendilisele puhtale fluoriidi kattele.<br \/>\n\u30fb Kr\u00fcoportektiivne efekt aitab \u00e4ra hoida klaasi j\u00e4\u00e4tumist.<\/p>\n<p><strong>Komplektis (ca 15 auto esiklaasi jaoks):<\/strong><\/p>\n<p>-Vedelik A 50ml x1<br \/>\n-Vedeli B 50ml x1<br \/>\n-Klaasi pinna taastamise poleerimise pasta 100ml \u00d71<br \/>\n-Kiirendi 17ml \u00d73<br \/>\n-Tilguti \u00d72<br \/>\n-Segamispudel \u00d71<br \/>\n-Must\/valge paigaldamise svamm \u00d71<br \/>\n-Kollane\/valge poleerimise svamm \u00d71<br \/>\n-MIkrokiud lapp x 1<br \/>\n-Tilguti kiirendi jaoks x 1<\/p>\n","protected":false},"featured_media":4798,"template":"","meta":[],"product_cat":[68,70],"product_tag":[],"yoast_head":"<!-- This site is optimized with the Yoast SEO Premium plugin v14.8 - https:\/\/yoast.com\/wordpress\/plugins\/seo\/ -->\n<title>Echelon Clareed akendele - ZEN DETAILING<\/title>\n<meta name=\"description\" content=\"Exhelon Clareed Powered by Zen-Xero Technology. Water-repellent coating for glass surfaces. Great durability and water-repellent effect.\" \/>\n<meta name=\"robots\" content=\"index, follow\" \/>\n<meta name=\"googlebot\" content=\"index, follow, max-snippet:-1, max-image-preview:large, max-video-preview:-1\" \/>\n<meta name=\"bingbot\" content=\"index, follow, max-snippet:-1, max-image-preview:large, max-video-preview:-1\" \/>\n<link rel=\"canonical\" href=\"https:\/\/nano-zen.com\/et\/product\/echelon-clareed\/\" \/>\n<meta property=\"og:locale\" content=\"et_EE\" \/>\n<meta property=\"og:type\" content=\"article\" \/>\n<meta property=\"og:title\" content=\"Echelon Clareed akendele - ZEN DETAILING\" \/>\n<meta property=\"og:description\" content=\"Exhelon Clareed Powered by Zen-Xero Technology. Water-repellent coating for glass surfaces. Great durability and water-repellent effect.\" \/>\n<meta property=\"og:url\" content=\"https:\/\/nano-zen.com\/et\/product\/echelon-clareed\/\" \/>\n<meta property=\"og:site_name\" content=\"ZEN DETAILING\" \/>\n<meta property=\"article:modified_time\" content=\"2019-09-30T18:31:14+00:00\" \/>\n<meta property=\"og:image\" content=\"https:\/\/nano-zen.com\/wp-content\/uploads\/2019\/02\/ECHELON-Clareed.jpg\" \/>\n\t<meta property=\"og:image:width\" content=\"700\" \/>\n\t<meta property=\"og:image:height\" content=\"504\" \/>\n<meta property=\"fb:app_id\" content=\"836976856476249\" \/>\n<meta name=\"twitter:card\" content=\"summary_large_image\" \/>\n<script type=\"application\/ld+json\" class=\"yoast-schema-graph\">{\"@context\":\"https:\/\/schema.org\",\"@graph\":[{\"@type\":\"WebSite\",\"@id\":\"https:\/\/nano-zen.com\/et\/#website\",\"url\":\"https:\/\/nano-zen.com\/et\/\",\"name\":\"ZEN DETAILING\",\"description\":\"Zen-Xero Glass Coating protection for all parts of the car.\",\"potentialAction\":[{\"@type\":\"SearchAction\",\"target\":\"https:\/\/nano-zen.com\/et\/?s={search_term_string}\",\"query-input\":\"required name=search_term_string\"}],\"inLanguage\":\"et\"},{\"@type\":\"ImageObject\",\"@id\":\"https:\/\/nano-zen.com\/et\/product\/echelon-clareed\/#primaryimage\",\"inLanguage\":\"et\",\"url\":\"https:\/\/nano-zen.com\/wp-content\/uploads\/2019\/02\/ECHELON-Clareed.jpg\",\"width\":700,\"height\":504},{\"@type\":\"WebPage\",\"@id\":\"https:\/\/nano-zen.com\/et\/product\/echelon-clareed\/#webpage\",\"url\":\"https:\/\/nano-zen.com\/et\/product\/echelon-clareed\/\",\"name\":\"Echelon Clareed akendele - ZEN DETAILING\",\"isPartOf\":{\"@id\":\"https:\/\/nano-zen.com\/et\/#website\"},\"primaryImageOfPage\":{\"@id\":\"https:\/\/nano-zen.com\/et\/product\/echelon-clareed\/#primaryimage\"},\"datePublished\":\"2019-02-21T09:30:21+00:00\",\"dateModified\":\"2019-09-30T18:31:14+00:00\",\"description\":\"Exhelon Clareed Powered by Zen-Xero Technology. Water-repellent coating for glass surfaces. Great durability and water-repellent effect.\",\"inLanguage\":\"et\",\"potentialAction\":[{\"@type\":\"ReadAction\",\"target\":[\"https:\/\/nano-zen.com\/et\/product\/echelon-clareed\/\"]}]}]}<\/script>\n<!-- \/ Yoast SEO Premium plugin. -->","_links":{"self":[{"href":"https:\/\/nano-zen.com\/et\/wp-json\/wp\/v2\/product\/4797"}],"collection":[{"href":"https:\/\/nano-zen.com\/et\/wp-json\/wp\/v2\/product"}],"about":[{"href":"https:\/\/nano-zen.com\/et\/wp-json\/wp\/v2\/types\/product"}],"wp:featuredmedia":[{"embeddable":true,"href":"https:\/\/nano-zen.com\/et\/wp-json\/wp\/v2\/media\/4798"}],"wp:attachment":[{"href":"https:\/\/nano-zen.com\/et\/wp-json\/wp\/v2\/media?parent=4797"}],"wp:term":[{"taxonomy":"product_cat","embeddable":true,"href":"https:\/\/nano-zen.com\/et\/wp-json\/wp\/v2\/product_cat?post=4797"},{"taxonomy":"product_tag","embeddable":true,"href":"https:\/\/nano-zen.com\/et\/wp-json\/wp\/v2\/product_tag?post=4797"}],"curies":[{"name":"wp","href":"https:\/\/api.w.org\/{rel}","templated":true}]}}