{"id":4794,"date":"2019-02-21T11:51:17","date_gmt":"2019-02-21T09:51:17","guid":{"rendered":"https:\/\/nano-zen.com\/product\/echelon-zen-xero-maintenance-shampoo\/"},"modified":"2019-08-07T14:27:32","modified_gmt":"2019-08-07T12:27:32","slug":"echelon-zen-xero-hooldamise-sampoon","status":"publish","type":"product","link":"https:\/\/nano-zen.com\/et\/product\/echelon-zen-xero-hooldamise-sampoon\/","title":{"rendered":"Echelon Zen-Xero vedelklaasi hooldamise \u0161ampoon"},"content":{"rendered":"","protected":false},"excerpt":{"rendered":"<p>Toote kirjeldus:<\/p>\n<ul>\n<li>Hooldus\u0161apoon Zen-Xero vedelklaas kaitset\u00f6\u00f6tlustele.<\/li>\n<li>Eemaldab tavalise mustuse autodelt, millele on pandud Zen-Xero vedelklaas.<\/li>\n<li>Lahjendada 1:100.<\/li>\n<li>Pakend 200ml<\/li>\n<\/ul>\n","protected":false},"featured_media":4795,"template":"","meta":[],"product_cat":[68,71],"product_tag":[],"yoast_head":"<!-- This site is optimized with the Yoast SEO Premium plugin v14.8 - https:\/\/yoast.com\/wordpress\/plugins\/seo\/ -->\n<title>Echelon Zen-Xero vedelklaasi hooldamise \u0161ampoon - ZEN DETAILING<\/title>\n<meta name=\"robots\" content=\"index, follow\" \/>\n<meta name=\"googlebot\" content=\"index, follow, max-snippet:-1, max-image-preview:large, max-video-preview:-1\" \/>\n<meta name=\"bingbot\" content=\"index, follow, max-snippet:-1, max-image-preview:large, max-video-preview:-1\" \/>\n<link rel=\"canonical\" href=\"https:\/\/nano-zen.com\/et\/product\/echelon-zen-xero-hooldamise-sampoon\/\" \/>\n<meta property=\"og:locale\" content=\"et_EE\" \/>\n<meta property=\"og:type\" content=\"article\" \/>\n<meta property=\"og:title\" content=\"Echelon Zen-Xero vedelklaasi hooldamise \u0161ampoon - ZEN DETAILING\" \/>\n<meta property=\"og:description\" content=\"Toote kirjeldus:   Hooldus\u0161apoon Zen-Xero vedelklaas kaitset\u00f6\u00f6tlustele.  Eemaldab tavalise mustuse autodelt, millele on pandud Zen-Xero vedelklaas.  Lahjendada 1:100.  Pakend 200ml\" \/>\n<meta property=\"og:url\" content=\"https:\/\/nano-zen.com\/et\/product\/echelon-zen-xero-hooldamise-sampoon\/\" \/>\n<meta property=\"og:site_name\" content=\"ZEN DETAILING\" \/>\n<meta property=\"article:modified_time\" content=\"2019-08-07T12:27:32+00:00\" \/>\n<meta property=\"og:image\" content=\"https:\/\/nano-zen.com\/wp-content\/uploads\/2019\/02\/Zen-xero-shampoo-1-1.jpg\" \/>\n\t<meta property=\"og:image:width\" content=\"130\" \/>\n\t<meta property=\"og:image:height\" content=\"194\" \/>\n<meta property=\"fb:app_id\" content=\"836976856476249\" \/>\n<meta name=\"twitter:card\" content=\"summary_large_image\" \/>\n<script type=\"application\/ld+json\" class=\"yoast-schema-graph\">{\"@context\":\"https:\/\/schema.org\",\"@graph\":[{\"@type\":\"WebSite\",\"@id\":\"https:\/\/nano-zen.com\/et\/#website\",\"url\":\"https:\/\/nano-zen.com\/et\/\",\"name\":\"ZEN DETAILING\",\"description\":\"Zen-Xero Glass Coating protection for all parts of the car.\",\"potentialAction\":[{\"@type\":\"SearchAction\",\"target\":\"https:\/\/nano-zen.com\/et\/?s={search_term_string}\",\"query-input\":\"required name=search_term_string\"}],\"inLanguage\":\"et\"},{\"@type\":\"ImageObject\",\"@id\":\"https:\/\/nano-zen.com\/et\/product\/echelon-zen-xero-hooldamise-sampoon\/#primaryimage\",\"inLanguage\":\"et\",\"url\":\"https:\/\/nano-zen.com\/wp-content\/uploads\/2019\/02\/Zen-xero-shampoo-1-1.jpg\",\"width\":130,\"height\":194},{\"@type\":\"WebPage\",\"@id\":\"https:\/\/nano-zen.com\/et\/product\/echelon-zen-xero-hooldamise-sampoon\/#webpage\",\"url\":\"https:\/\/nano-zen.com\/et\/product\/echelon-zen-xero-hooldamise-sampoon\/\",\"name\":\"Echelon Zen-Xero vedelklaasi hooldamise \\u0161ampoon - ZEN DETAILING\",\"isPartOf\":{\"@id\":\"https:\/\/nano-zen.com\/et\/#website\"},\"primaryImageOfPage\":{\"@id\":\"https:\/\/nano-zen.com\/et\/product\/echelon-zen-xero-hooldamise-sampoon\/#primaryimage\"},\"datePublished\":\"2019-02-21T09:51:17+00:00\",\"dateModified\":\"2019-08-07T12:27:32+00:00\",\"inLanguage\":\"et\",\"potentialAction\":[{\"@type\":\"ReadAction\",\"target\":[\"https:\/\/nano-zen.com\/et\/product\/echelon-zen-xero-hooldamise-sampoon\/\"]}]}]}<\/script>\n<!-- \/ Yoast SEO Premium plugin. -->","_links":{"self":[{"href":"https:\/\/nano-zen.com\/et\/wp-json\/wp\/v2\/product\/4794"}],"collection":[{"href":"https:\/\/nano-zen.com\/et\/wp-json\/wp\/v2\/product"}],"about":[{"href":"https:\/\/nano-zen.com\/et\/wp-json\/wp\/v2\/types\/product"}],"wp:featuredmedia":[{"embeddable":true,"href":"https:\/\/nano-zen.com\/et\/wp-json\/wp\/v2\/media\/4795"}],"wp:attachment":[{"href":"https:\/\/nano-zen.com\/et\/wp-json\/wp\/v2\/media?parent=4794"}],"wp:term":[{"taxonomy":"product_cat","embeddable":true,"href":"https:\/\/nano-zen.com\/et\/wp-json\/wp\/v2\/product_cat?post=4794"},{"taxonomy":"product_tag","embeddable":true,"href":"https:\/\/nano-zen.com\/et\/wp-json\/wp\/v2\/product_tag?post=4794"}],"curies":[{"name":"wp","href":"https:\/\/api.w.org\/{rel}","templated":true}]}}