{"id":4748,"date":"2019-02-21T10:50:04","date_gmt":"2019-02-21T08:50:04","guid":{"rendered":"https:\/\/nano-zen.com\/product\/nano-fil-2\/"},"modified":"2019-10-08T23:15:49","modified_gmt":"2019-10-08T21:15:49","slug":"nano-fil-2","status":"publish","type":"product","link":"https:\/\/nano-zen.com\/et\/product\/nano-fil-2\/","title":{"rendered":"Echelon Nano-fil"},"content":{"rendered":"<p>NANOFILi paindlik nanov\u00f5rgustruktuur on v\u00f5rreldes olemasolevate keraamiliste pinnakatetega t\u00e4iesti erinev, mille peamine omadus oli selle v\u00e4ga suur k\u00f5vadus. Iga osake on tugevalt \u00fchendatud oma naabriga nagu keti l\u00fclid, mille tulemuseks ongi NANOFILi v\u00f5ime pakkuda keraamilise katte tugevust ja paindlikkust.<\/p>\n<p>NANOFIL-i nanov\u00f5rgu struktuuril on ka p\u00f5rutusi pehmendav m\u00f5ju, mis aitab v\u00e4ltida v\u00e4rvitud pindadele v\u00e4liste kahjustuste tekkimist nagu peened kriimud ja m\u00e4\u00e4rdunud kohad.<\/p>\n<p>&nbsp;<\/p>\n<p><img decoding=\"async\" class=\"alignnone wp-image-1957\" src=\"https:\/\/nano-zen.com\/wp-content\/uploads\/2019\/02\/nanolink-vana-versioon.jpg\" alt=\"\" width=\"373\" height=\"222\" srcset=\"https:\/\/nano-zen.com\/wp-content\/uploads\/2019\/02\/nanolink-vana-versioon-200x119.jpg 200w, https:\/\/nano-zen.com\/wp-content\/uploads\/2019\/02\/nanolink-vana-versioon-300x179.jpg 300w, https:\/\/nano-zen.com\/wp-content\/uploads\/2019\/02\/nanolink-vana-versioon.jpg 400w\" sizes=\"(max-width: 373px) 100vw, 373px\" \/>\u00a0 \u00a0 \u00a0<img decoding=\"async\" class=\"alignnone wp-image-1952\" src=\"https:\/\/nano-zen.com\/wp-content\/uploads\/2019\/02\/Nanolink-Network-struckture-previous-version.jpg\" alt=\"\" width=\"400\" height=\"222\" srcset=\"https:\/\/nano-zen.com\/wp-content\/uploads\/2019\/02\/Nanolink-Network-struckture-previous-version-200x111.jpg 200w, https:\/\/nano-zen.com\/wp-content\/uploads\/2019\/02\/Nanolink-Network-struckture-previous-version-300x167.jpg 300w, https:\/\/nano-zen.com\/wp-content\/uploads\/2019\/02\/Nanolink-Network-struckture-previous-version.jpg 400w\" sizes=\"(max-width: 400px) 100vw, 400px\" \/><\/p>\n<h2>Ilus vett t\u00f5rjuv efekt ja vee maha jooksmine pinnalt.<\/h2>\n<div class=\"clearfix\">NANOFIL moodustab tiheda kihi, millel on iseloomulikult s\u00fcgav l\u00e4ige. Sellel kihil on imeliselt head vett h\u00fclgavad omadused ning suurep\u00e4rane vee \u00e4ravooluomadus koos v\u00e4ga madala h\u00f5\u00f5rdeteguriga, mis kaitseb v\u00e4rvitud pinda veeplekkide ja kogumite eest s\u00fcnergiaga, mida see paindliku kattekihiga loob ja tulemuseks on kauakestev ja ilus tulemus.<\/div>\n<div><\/div>\n<h2>Silmapaistev kaitse v\u00e4liskeskkonna faktorite vastu.<\/h2>\n<div><\/div>\n<div>NANOFIL minimeerib keskkonnategurite m\u00f5ju v\u00e4rvitud pindadele, nt lindude v\u00e4ljaheited, kollane liiv, puuvaik ja happevihm. UV-resistentne NANOFIL t\u00f5kestab pinnakihi kollakaks muutumist ja kulumist ning s\u00e4ilitab selle kirstallselge l\u00e4ikepinna ka p\u00e4rast pikka aega. (Vt joonist 2)<\/div>\n<div>\n<p>Reaalselt kasutuses olevatel autodel teostatud \u00fcle kolmeaastase testi tulemused tehtud s\u00f5ltumatu organisatsiooni poolt kasutades \u201ep\u00e4ikeselise ilma m\u00f5\u00f5tjat\u201c, mille tulemusena anti NANONFILile v\u00e4ga k\u00f5rge j\u00f5udlusn\u00e4itaja.<\/p>\n<p>&nbsp;<\/p>\n<\/div>\n<div><img decoding=\"async\" class=\"alignnone size-full wp-image-1942\" src=\"https:\/\/nano-zen.com\/wp-content\/uploads\/2019\/02\/Wavelength-of-Sunlight-Spectrum-nano-meters_1.jpg\" alt=\"\" width=\"799\" height=\"268\" srcset=\"https:\/\/nano-zen.com\/wp-content\/uploads\/2019\/02\/Wavelength-of-Sunlight-Spectrum-nano-meters_1-200x67.jpg 200w, https:\/\/nano-zen.com\/wp-content\/uploads\/2019\/02\/Wavelength-of-Sunlight-Spectrum-nano-meters_1-300x101.jpg 300w, https:\/\/nano-zen.com\/wp-content\/uploads\/2019\/02\/Wavelength-of-Sunlight-Spectrum-nano-meters_1-400x134.jpg 400w, https:\/\/nano-zen.com\/wp-content\/uploads\/2019\/02\/Wavelength-of-Sunlight-Spectrum-nano-meters_1-500x168.jpg 500w, https:\/\/nano-zen.com\/wp-content\/uploads\/2019\/02\/Wavelength-of-Sunlight-Spectrum-nano-meters_1-600x201.jpg 600w, https:\/\/nano-zen.com\/wp-content\/uploads\/2019\/02\/Wavelength-of-Sunlight-Spectrum-nano-meters_1-700x235.jpg 700w, https:\/\/nano-zen.com\/wp-content\/uploads\/2019\/02\/Wavelength-of-Sunlight-Spectrum-nano-meters_1-768x258.jpg 768w, https:\/\/nano-zen.com\/wp-content\/uploads\/2019\/02\/Wavelength-of-Sunlight-Spectrum-nano-meters_1.jpg 799w\" sizes=\"(max-width: 799px) 100vw, 799px\" \/><\/div>\n","protected":false},"excerpt":{"rendered":"<h2>Hard Glass coating with Flexible Nanolink Network Structure<\/h2>\n<h3>Product Features<\/h3>\n<ul>\n<li>Forms an effective &#8220;water-sliding&#8221; coating with great antifouling and protective power.<\/li>\n<li>Protects the paint flexibility with its unique &#8220;nanolink\u00a0network structure&#8221;.<\/li>\n<li>Fast and easy application due to a 1-component agent.<\/li>\n<\/ul>\n<p><strong>Inside the kit:<\/strong><\/p>\n<p>-Main liquid 20ml (for 1 car)<br \/>\n-Micro grid cloth\u00d71<br \/>\n-Green &amp; Black sponge \u00d71<br \/>\n-Stickers<\/p>\n","protected":false},"featured_media":4750,"template":"","meta":[],"product_cat":[819,68,70],"product_tag":[],"yoast_head":"<!-- This site is optimized with the Yoast SEO Premium plugin v14.8 - https:\/\/yoast.com\/wordpress\/plugins\/seo\/ -->\n<title>Echelon Nano-fil - ZEN DETAILING<\/title>\n<meta name=\"robots\" content=\"index, follow\" \/>\n<meta name=\"googlebot\" content=\"index, follow, max-snippet:-1, max-image-preview:large, max-video-preview:-1\" \/>\n<meta name=\"bingbot\" content=\"index, follow, max-snippet:-1, max-image-preview:large, max-video-preview:-1\" \/>\n<link rel=\"canonical\" href=\"https:\/\/nano-zen.com\/et\/product\/nano-fil-2\/\" \/>\n<meta property=\"og:locale\" content=\"et_EE\" \/>\n<meta property=\"og:type\" content=\"article\" \/>\n<meta property=\"og:title\" content=\"Echelon Nano-fil - ZEN DETAILING\" \/>\n<meta property=\"og:description\" content=\"Hard Glass coating with Flexible Nanolink Network Structure Product Features   Forms an effective &quot;water-sliding&quot; coating with great antifouling and protective power.  Protects the paint flexibility with its unique &quot;nanolink\u00a0network structure&quot;.  Fast and easy application due to a 1-component agent.  Inside the kit:  -Main liquid 20ml (for 1 car) -Micro grid cloth\u00d71 -Green &amp; Black sponge \u00d71 -Stickers\" \/>\n<meta property=\"og:url\" content=\"https:\/\/nano-zen.com\/et\/product\/nano-fil-2\/\" \/>\n<meta property=\"og:site_name\" content=\"ZEN DETAILING\" \/>\n<meta property=\"article:modified_time\" content=\"2019-10-08T21:15:49+00:00\" \/>\n<meta property=\"og:image\" content=\"https:\/\/nano-zen.com\/wp-content\/uploads\/2019\/02\/Echelon-Nano-Fil.jpg\" \/>\n\t<meta property=\"og:image:width\" content=\"700\" \/>\n\t<meta property=\"og:image:height\" content=\"500\" \/>\n<meta property=\"fb:app_id\" content=\"836976856476249\" \/>\n<meta name=\"twitter:card\" content=\"summary_large_image\" \/>\n<script type=\"application\/ld+json\" class=\"yoast-schema-graph\">{\"@context\":\"https:\/\/schema.org\",\"@graph\":[{\"@type\":\"WebSite\",\"@id\":\"https:\/\/nano-zen.com\/et\/#website\",\"url\":\"https:\/\/nano-zen.com\/et\/\",\"name\":\"ZEN DETAILING\",\"description\":\"Zen-Xero Glass Coating protection for all parts of the car.\",\"potentialAction\":[{\"@type\":\"SearchAction\",\"target\":\"https:\/\/nano-zen.com\/et\/?s={search_term_string}\",\"query-input\":\"required name=search_term_string\"}],\"inLanguage\":\"et\"},{\"@type\":\"ImageObject\",\"@id\":\"https:\/\/nano-zen.com\/et\/product\/nano-fil-2\/#primaryimage\",\"inLanguage\":\"et\",\"url\":\"https:\/\/nano-zen.com\/wp-content\/uploads\/2019\/02\/Echelon-Nano-Fil.jpg\",\"width\":700,\"height\":500},{\"@type\":\"WebPage\",\"@id\":\"https:\/\/nano-zen.com\/et\/product\/nano-fil-2\/#webpage\",\"url\":\"https:\/\/nano-zen.com\/et\/product\/nano-fil-2\/\",\"name\":\"Echelon Nano-fil - ZEN DETAILING\",\"isPartOf\":{\"@id\":\"https:\/\/nano-zen.com\/et\/#website\"},\"primaryImageOfPage\":{\"@id\":\"https:\/\/nano-zen.com\/et\/product\/nano-fil-2\/#primaryimage\"},\"datePublished\":\"2019-02-21T08:50:04+00:00\",\"dateModified\":\"2019-10-08T21:15:49+00:00\",\"inLanguage\":\"et\",\"potentialAction\":[{\"@type\":\"ReadAction\",\"target\":[\"https:\/\/nano-zen.com\/et\/product\/nano-fil-2\/\"]}]}]}<\/script>\n<!-- \/ Yoast SEO Premium plugin. -->","_links":{"self":[{"href":"https:\/\/nano-zen.com\/et\/wp-json\/wp\/v2\/product\/4748"}],"collection":[{"href":"https:\/\/nano-zen.com\/et\/wp-json\/wp\/v2\/product"}],"about":[{"href":"https:\/\/nano-zen.com\/et\/wp-json\/wp\/v2\/types\/product"}],"wp:featuredmedia":[{"embeddable":true,"href":"https:\/\/nano-zen.com\/et\/wp-json\/wp\/v2\/media\/4750"}],"wp:attachment":[{"href":"https:\/\/nano-zen.com\/et\/wp-json\/wp\/v2\/media?parent=4748"}],"wp:term":[{"taxonomy":"product_cat","embeddable":true,"href":"https:\/\/nano-zen.com\/et\/wp-json\/wp\/v2\/product_cat?post=4748"},{"taxonomy":"product_tag","embeddable":true,"href":"https:\/\/nano-zen.com\/et\/wp-json\/wp\/v2\/product_tag?post=4748"}],"curies":[{"name":"wp","href":"https:\/\/api.w.org\/{rel}","templated":true}]}}