{"id":4745,"date":"2019-02-21T10:51:37","date_gmt":"2019-02-21T08:51:37","guid":{"rendered":"https:\/\/nano-zen.com\/product\/zen-xero-dynamic-2\/"},"modified":"2019-10-08T23:03:38","modified_gmt":"2019-10-08T21:03:38","slug":"zen-xero-dynamic-2","status":"publish","type":"product","link":"https:\/\/nano-zen.com\/et\/product\/zen-xero-dynamic-2\/","title":{"rendered":"ECHELON Zen-Xero Dynamic"},"content":{"rendered":"<h2 class=\"p1\">Mis on Zen-Xero tehnoloogia?<\/h2>\n<p class=\"p1\">Kuigi katteainete t\u00f5husus on tehnoloogia arenguga parenenud, on taoliste pinnakatete kinnitumisel v\u00e4rvitud pindadele puhul ikka veel arenguruumi, seda siis parima v\u00f5imaliku tulemuse saavutamiseks. ZenXero Technology arendati v\u00e4lja v\u00e4rvitud pinna ja katte vahelise sideme t\u00f5hustamiseks. Selle tehnoloogia p\u00f5hielement Accelerator suurendab m\u00e4rkimisv\u00e4\u00e4rselt selle nakkumist ja muudab kattekihi v\u00f5imalikult t\u00f5husaks.<\/p>\n<p>&nbsp;<\/p>\n<p><img decoding=\"async\" class=\"size-800 wp-image-2146 aligncenter\" src=\"https:\/\/nano-zen.com\/wp-content\/uploads\/2019\/02\/with-or-without-accelerator-2-800x492.jpg\" alt=\"Zen-Xero accelerator\" width=\"800\" height=\"492\" srcset=\"https:\/\/nano-zen.com\/wp-content\/uploads\/2019\/02\/with-or-without-accelerator-2-200x123.jpg 200w, https:\/\/nano-zen.com\/wp-content\/uploads\/2019\/02\/with-or-without-accelerator-2-300x185.jpg 300w, https:\/\/nano-zen.com\/wp-content\/uploads\/2019\/02\/with-or-without-accelerator-2-400x246.jpg 400w, https:\/\/nano-zen.com\/wp-content\/uploads\/2019\/02\/with-or-without-accelerator-2-500x308.jpg 500w, https:\/\/nano-zen.com\/wp-content\/uploads\/2019\/02\/with-or-without-accelerator-2-600x369.jpg 600w, https:\/\/nano-zen.com\/wp-content\/uploads\/2019\/02\/with-or-without-accelerator-2-700x431.jpg 700w, https:\/\/nano-zen.com\/wp-content\/uploads\/2019\/02\/with-or-without-accelerator-2-768x472.jpg 768w, https:\/\/nano-zen.com\/wp-content\/uploads\/2019\/02\/with-or-without-accelerator-2-800x492.jpg 800w, https:\/\/nano-zen.com\/wp-content\/uploads\/2019\/02\/with-or-without-accelerator-2-1024x630.jpg 1024w, https:\/\/nano-zen.com\/wp-content\/uploads\/2019\/02\/with-or-without-accelerator-2-1200x738.jpg 1200w, https:\/\/nano-zen.com\/wp-content\/uploads\/2019\/02\/with-or-without-accelerator-2.jpg 1385w\" sizes=\"(max-width: 800px) 100vw, 800px\" \/><\/p>\n<p>&nbsp;<\/p>\n<p>&nbsp;<\/p>\n<h2 class=\"p1\">T\u00e4iuslik klaaskomponentide ja fluori segunemine.<\/h2>\n<p class=\"p1\">Fluor on r\u00e4nidioksiidi sidemete vahel ideaalselt jagunenud, mis annabki sellele kattele ideaalse sileduse ja vett t\u00f5rjuvad omadused.<\/p>\n<p><img decoding=\"async\" class=\" wp-image-2167 aligncenter\" src=\"https:\/\/nano-zen.com\/wp-content\/uploads\/2019\/02\/zen-xero-complete-fusion-of-glass-component-and-fluorine-800x448.jpg\" alt=\"zen-xero complete fusion of glass component and fluorine\" width=\"691\" height=\"387\" srcset=\"https:\/\/nano-zen.com\/wp-content\/uploads\/2019\/02\/zen-xero-complete-fusion-of-glass-component-and-fluorine-200x112.jpg 200w, https:\/\/nano-zen.com\/wp-content\/uploads\/2019\/02\/zen-xero-complete-fusion-of-glass-component-and-fluorine-300x168.jpg 300w, https:\/\/nano-zen.com\/wp-content\/uploads\/2019\/02\/zen-xero-complete-fusion-of-glass-component-and-fluorine-400x224.jpg 400w, https:\/\/nano-zen.com\/wp-content\/uploads\/2019\/02\/zen-xero-complete-fusion-of-glass-component-and-fluorine-500x280.jpg 500w, https:\/\/nano-zen.com\/wp-content\/uploads\/2019\/02\/zen-xero-complete-fusion-of-glass-component-and-fluorine-600x336.jpg 600w, https:\/\/nano-zen.com\/wp-content\/uploads\/2019\/02\/zen-xero-complete-fusion-of-glass-component-and-fluorine-700x392.jpg 700w, https:\/\/nano-zen.com\/wp-content\/uploads\/2019\/02\/zen-xero-complete-fusion-of-glass-component-and-fluorine-768x430.jpg 768w, https:\/\/nano-zen.com\/wp-content\/uploads\/2019\/02\/zen-xero-complete-fusion-of-glass-component-and-fluorine-800x448.jpg 800w, https:\/\/nano-zen.com\/wp-content\/uploads\/2019\/02\/zen-xero-complete-fusion-of-glass-component-and-fluorine-1024x574.jpg 1024w, https:\/\/nano-zen.com\/wp-content\/uploads\/2019\/02\/zen-xero-complete-fusion-of-glass-component-and-fluorine-1200x672.jpg 1200w\" sizes=\"(max-width: 691px) 100vw, 691px\" \/><\/p>\n<p>&nbsp;<\/p>\n<h2 class=\"p1\">D\u00fcnaamilise vee t\u00f5rjumise funktsionaalsus.<\/h2>\n<p class=\"p1\">Zen-Xero Dynamicu d\u00fcnaamiline vee t\u00f5rjumine saavutati mitmete erinevate \u00fchendite vahel ideaalse tasakaalu leidmisega; sobivad toormaterjalid, ideaalne segamisvahekord, pinnasiledus, ideaalne veekontakti nurk ja palju muud. Vaid fluoriid\u00fchendite pinnale kandmisest ei piisa. Zen-Xero p\u00f5hiline koostisosa on metalli\u00fchenditega tugevdatud silikoon, mis tagab fluori \u00fchtlase jaotuse kogu katte ulatuses. Lisaks sellele on muudetud l\u00e4bi fluori segamissuhte ka veekontakti nurka, mille tulemuseks on klaaskihi imeline siledus ja \u00e4\u00e4rmiselt t\u00f5hus vee \u00e4ravool.<\/p>\n<\/p>\n<div class=\"table-1\">\n<table width=\"100%\">\n<thead>\n<tr>\n<th align=\"center\">\n<table width=\"100%\">\n<thead>\n<tr>\n<th align=\"center\">Staatiline vee t\u00f5rjumine<\/th>\n<\/tr>\n<\/thead>\n<\/table>\n<\/th>\n<th align=\"center\">D\u00fcnaamiline vee t\u00f5rjumine<\/th>\n<\/tr>\n<\/thead>\n<tbody>\n<tr>\n<td align=\"center\"><img decoding=\"async\" class=\"alignnone wp-image-2163\" src=\"https:\/\/nano-zen.com\/wp-content\/uploads\/2019\/02\/water-repellency-800x641.jpg\" alt=\"Static water repellency\" width=\"349\" height=\"280\" srcset=\"https:\/\/nano-zen.com\/wp-content\/uploads\/2019\/02\/water-repellency-177x142.jpg 177w, https:\/\/nano-zen.com\/wp-content\/uploads\/2019\/02\/water-repellency-200x160.jpg 200w, https:\/\/nano-zen.com\/wp-content\/uploads\/2019\/02\/water-repellency-300x240.jpg 300w, https:\/\/nano-zen.com\/wp-content\/uploads\/2019\/02\/water-repellency-400x320.jpg 400w, https:\/\/nano-zen.com\/wp-content\/uploads\/2019\/02\/water-repellency-500x400.jpg 500w, https:\/\/nano-zen.com\/wp-content\/uploads\/2019\/02\/water-repellency-600x481.jpg 600w, https:\/\/nano-zen.com\/wp-content\/uploads\/2019\/02\/water-repellency-700x561.jpg 700w, https:\/\/nano-zen.com\/wp-content\/uploads\/2019\/02\/water-repellency-768x615.jpg 768w, https:\/\/nano-zen.com\/wp-content\/uploads\/2019\/02\/water-repellency-800x641.jpg 800w, https:\/\/nano-zen.com\/wp-content\/uploads\/2019\/02\/water-repellency-1024x820.jpg 1024w, https:\/\/nano-zen.com\/wp-content\/uploads\/2019\/02\/water-repellency.jpg 1200w\" sizes=\"(max-width: 349px) 100vw, 349px\" \/><\/td>\n<td align=\"center\"><img decoding=\"async\" class=\"alignnone wp-image-2165\" src=\"https:\/\/nano-zen.com\/wp-content\/uploads\/2019\/02\/Water-repellency-dynamic-800x641.jpg\" alt=\"Dynamic water-repellency\" width=\"349\" height=\"280\" srcset=\"https:\/\/nano-zen.com\/wp-content\/uploads\/2019\/02\/Water-repellency-dynamic-177x142.jpg 177w, https:\/\/nano-zen.com\/wp-content\/uploads\/2019\/02\/Water-repellency-dynamic-200x160.jpg 200w, https:\/\/nano-zen.com\/wp-content\/uploads\/2019\/02\/Water-repellency-dynamic-300x240.jpg 300w, https:\/\/nano-zen.com\/wp-content\/uploads\/2019\/02\/Water-repellency-dynamic-400x320.jpg 400w, https:\/\/nano-zen.com\/wp-content\/uploads\/2019\/02\/Water-repellency-dynamic-500x400.jpg 500w, https:\/\/nano-zen.com\/wp-content\/uploads\/2019\/02\/Water-repellency-dynamic-600x481.jpg 600w, https:\/\/nano-zen.com\/wp-content\/uploads\/2019\/02\/Water-repellency-dynamic-700x561.jpg 700w, https:\/\/nano-zen.com\/wp-content\/uploads\/2019\/02\/Water-repellency-dynamic-768x615.jpg 768w, https:\/\/nano-zen.com\/wp-content\/uploads\/2019\/02\/Water-repellency-dynamic-800x641.jpg 800w, https:\/\/nano-zen.com\/wp-content\/uploads\/2019\/02\/Water-repellency-dynamic-1024x820.jpg 1024w, https:\/\/nano-zen.com\/wp-content\/uploads\/2019\/02\/Water-repellency-dynamic.jpg 1200w\" sizes=\"(max-width: 349px) 100vw, 349px\" \/><\/td>\n<\/tr>\n<\/tbody>\n<\/table>\n<\/div>\n<p>\n<p>Loe <a href=\"https:\/\/nano-zen.com\/et\/case-study-volkswagen-passat-2015-auto-poleerimine-ja-zen-xero-dynamic-vedelklaas-kaitse\/\" target=\"_blank\" rel=\"noopener noreferrer\">blogi nanokaitse case study kohta SIIT.<\/a><\/p>\n","protected":false},"excerpt":{"rendered":"<h3><img decoding=\"async\" class=\"alignnone wp-image-2754\" src=\"https:\/\/nano-zen.com\/wp-content\/uploads\/2019\/02\/Echelon-Zen-Xero-Dynamic.png\" alt=\"Echelon Zen-Xero Dynamic\" width=\"360\" height=\"512\" srcset=\"https:\/\/nano-zen.com\/wp-content\/uploads\/2019\/02\/Echelon-Zen-Xero-Dynamic-200x284.png 200w, https:\/\/nano-zen.com\/wp-content\/uploads\/2019\/02\/Echelon-Zen-Xero-Dynamic-211x300.png 211w, https:\/\/nano-zen.com\/wp-content\/uploads\/2019\/02\/Echelon-Zen-Xero-Dynamic-324x461.png 324w, https:\/\/nano-zen.com\/wp-content\/uploads\/2019\/02\/Echelon-Zen-Xero-Dynamic-400x569.png 400w, https:\/\/nano-zen.com\/wp-content\/uploads\/2019\/02\/Echelon-Zen-Xero-Dynamic-416x591.png 416w, https:\/\/nano-zen.com\/wp-content\/uploads\/2019\/02\/Echelon-Zen-Xero-Dynamic.png 434w\" sizes=\"(max-width: 360px) 100vw, 360px\" \/><\/h3>\n<h3 class=\"p1\">Dynamic Water-repellency Repels Water Even More Beautifully and Reduces Stains.<\/h3>\n<h4>Product Features<\/h4>\n<p class=\"p1\">\u30fbDynamic water-repellent layer: water-repellent effect.<\/p>\n<p class=\"p1\">\u30fbPerfect balance of performance and ease of application through the one-time application of a three-component mixture.<\/p>\n<p class=\"p1\">\u30fbComplete fusion of glass and fluorine that makes water-repellency last.<\/p>\n<p class=\"p1\">\u30fbDeep gloss and shine, perfect for dark-colored cars.<\/p>\n<p class=\"p1\">\u30fbExcellent coating performance with an anti-acid property.<\/p>\n<p><strong>Inside the kit:<\/strong><\/p>\n<p>Liquid I (30 ml)<br \/>\n-Liquid II (3ml)<br \/>\n-Liquid III (0.5ml)<br \/>\n-Accelerator (30ml)<br \/>\n-Applicator sponge x 1<\/p>\n","protected":false},"featured_media":4746,"template":"","meta":[],"product_cat":[819,68,70],"product_tag":[],"yoast_head":"<!-- This site is optimized with the Yoast SEO Premium plugin v14.8 - https:\/\/yoast.com\/wordpress\/plugins\/seo\/ -->\n<title>ECHELON Zen-Xero Dynamic - ZEN DETAILING<\/title>\n<meta name=\"robots\" content=\"index, follow\" \/>\n<meta name=\"googlebot\" content=\"index, follow, max-snippet:-1, max-image-preview:large, max-video-preview:-1\" \/>\n<meta name=\"bingbot\" content=\"index, follow, max-snippet:-1, max-image-preview:large, max-video-preview:-1\" \/>\n<link rel=\"canonical\" href=\"https:\/\/nano-zen.com\/et\/product\/zen-xero-dynamic-2\/\" \/>\n<meta property=\"og:locale\" content=\"et_EE\" \/>\n<meta property=\"og:type\" content=\"article\" \/>\n<meta property=\"og:title\" content=\"ECHELON Zen-Xero Dynamic - ZEN DETAILING\" \/>\n<meta property=\"og:description\" content=\"Dynamic Water-repellency Repels Water Even More Beautifully and Reduces Stains. Product Features \u30fbDynamic water-repellent layer: water-repellent effect. \u30fbPerfect balance of performance and ease of application through the one-time application of a three-component mixture. \u30fbComplete fusion of glass and fluorine that makes water-repellency last. \u30fbDeep gloss and shine, perfect for dark-colored cars. \u30fbExcellent coating performance with an anti-acid property. Inside the kit:  Liquid I (30 ml) -Liquid II (3ml) -Liquid III (0.5ml) -Accelerator (30ml) -Applicator sponge x 1\" \/>\n<meta property=\"og:url\" content=\"https:\/\/nano-zen.com\/et\/product\/zen-xero-dynamic-2\/\" \/>\n<meta property=\"og:site_name\" content=\"ZEN DETAILING\" \/>\n<meta property=\"article:modified_time\" content=\"2019-10-08T21:03:38+00:00\" \/>\n<meta property=\"og:image\" content=\"https:\/\/nano-zen.com\/wp-content\/uploads\/2019\/02\/Zen-Xero-Dynamic.jpg\" \/>\n\t<meta property=\"og:image:width\" content=\"700\" \/>\n\t<meta property=\"og:image:height\" content=\"500\" \/>\n<meta property=\"fb:app_id\" content=\"836976856476249\" \/>\n<meta name=\"twitter:card\" content=\"summary_large_image\" \/>\n<script type=\"application\/ld+json\" class=\"yoast-schema-graph\">{\"@context\":\"https:\/\/schema.org\",\"@graph\":[{\"@type\":\"WebSite\",\"@id\":\"https:\/\/nano-zen.com\/et\/#website\",\"url\":\"https:\/\/nano-zen.com\/et\/\",\"name\":\"ZEN DETAILING\",\"description\":\"Zen-Xero Glass Coating protection for all parts of the car.\",\"potentialAction\":[{\"@type\":\"SearchAction\",\"target\":\"https:\/\/nano-zen.com\/et\/?s={search_term_string}\",\"query-input\":\"required name=search_term_string\"}],\"inLanguage\":\"et\"},{\"@type\":\"ImageObject\",\"@id\":\"https:\/\/nano-zen.com\/et\/product\/zen-xero-dynamic-2\/#primaryimage\",\"inLanguage\":\"et\",\"url\":\"https:\/\/nano-zen.com\/wp-content\/uploads\/2019\/02\/Zen-Xero-Dynamic.jpg\",\"width\":700,\"height\":500,\"caption\":\"Vedelklaas Zen-Xero Dynamic (3 komponentne)\"},{\"@type\":\"WebPage\",\"@id\":\"https:\/\/nano-zen.com\/et\/product\/zen-xero-dynamic-2\/#webpage\",\"url\":\"https:\/\/nano-zen.com\/et\/product\/zen-xero-dynamic-2\/\",\"name\":\"ECHELON Zen-Xero Dynamic - ZEN DETAILING\",\"isPartOf\":{\"@id\":\"https:\/\/nano-zen.com\/et\/#website\"},\"primaryImageOfPage\":{\"@id\":\"https:\/\/nano-zen.com\/et\/product\/zen-xero-dynamic-2\/#primaryimage\"},\"datePublished\":\"2019-02-21T08:51:37+00:00\",\"dateModified\":\"2019-10-08T21:03:38+00:00\",\"inLanguage\":\"et\",\"potentialAction\":[{\"@type\":\"ReadAction\",\"target\":[\"https:\/\/nano-zen.com\/et\/product\/zen-xero-dynamic-2\/\"]}]}]}<\/script>\n<!-- \/ Yoast SEO Premium plugin. -->","_links":{"self":[{"href":"https:\/\/nano-zen.com\/et\/wp-json\/wp\/v2\/product\/4745"}],"collection":[{"href":"https:\/\/nano-zen.com\/et\/wp-json\/wp\/v2\/product"}],"about":[{"href":"https:\/\/nano-zen.com\/et\/wp-json\/wp\/v2\/types\/product"}],"wp:featuredmedia":[{"embeddable":true,"href":"https:\/\/nano-zen.com\/et\/wp-json\/wp\/v2\/media\/4746"}],"wp:attachment":[{"href":"https:\/\/nano-zen.com\/et\/wp-json\/wp\/v2\/media?parent=4745"}],"wp:term":[{"taxonomy":"product_cat","embeddable":true,"href":"https:\/\/nano-zen.com\/et\/wp-json\/wp\/v2\/product_cat?post=4745"},{"taxonomy":"product_tag","embeddable":true,"href":"https:\/\/nano-zen.com\/et\/wp-json\/wp\/v2\/product_tag?post=4745"}],"curies":[{"name":"wp","href":"https:\/\/api.w.org\/{rel}","templated":true}]}}