{"id":4741,"date":"2019-02-21T10:52:43","date_gmt":"2019-08-06T11:52:32","guid":{"rendered":"https:\/\/nano-zen.com\/?post_type=product&#038;p=4741"},"modified":"2019-10-08T23:08:14","modified_gmt":"2019-10-08T21:08:14","slug":"zen-xero-smart","status":"publish","type":"product","link":"https:\/\/nano-zen.com\/et\/product\/zen-xero-smart\/","title":{"rendered":"Zen-Xero Smart"},"content":{"rendered":"<h2 class=\"p1\">What\u2019s Zen-Xero Technology?<\/h2>\n<p class=\"p1\">Kuigi katteainete t\u00f5husus on tehnoloogia arenguga parenenud, on taoliste pinnakatete kinnitumisel v\u00e4rvitud pindadele puhul ikka veel arenguruumi, seda siis parima v\u00f5imaliku tulemuse saavutamiseks. ZenXero Technology arendati v\u00e4lja v\u00e4rvitud pinna ja kattekihi vahelise sideme t\u00f5hustamiseks. Selle tehnoloogia p\u00f5hielement Accelerator suurendab m\u00e4rkimisv\u00e4\u00e4rselt selle nakkumist ja muudab kattekihi v\u00f5imalikult t\u00f5husaks.<\/p>\n<p><img decoding=\"async\" class=\"aligncenter wp-image-2148 size-800\" src=\"https:\/\/nano-zen.com\/wp-content\/uploads\/2019\/02\/with-or-without-accelerator-2-1-800x491.jpg\" alt=\"Zen-Xero accelerator\" width=\"800\" height=\"491\" srcset=\"https:\/\/nano-zen.com\/wp-content\/uploads\/2019\/02\/with-or-without-accelerator-2-1-200x123.jpg 200w, https:\/\/nano-zen.com\/wp-content\/uploads\/2019\/02\/with-or-without-accelerator-2-1-300x184.jpg 300w, https:\/\/nano-zen.com\/wp-content\/uploads\/2019\/02\/with-or-without-accelerator-2-1-400x246.jpg 400w, https:\/\/nano-zen.com\/wp-content\/uploads\/2019\/02\/with-or-without-accelerator-2-1-500x307.jpg 500w, https:\/\/nano-zen.com\/wp-content\/uploads\/2019\/02\/with-or-without-accelerator-2-1-600x368.jpg 600w, https:\/\/nano-zen.com\/wp-content\/uploads\/2019\/02\/with-or-without-accelerator-2-1-700x430.jpg 700w, https:\/\/nano-zen.com\/wp-content\/uploads\/2019\/02\/with-or-without-accelerator-2-1-768x472.jpg 768w, https:\/\/nano-zen.com\/wp-content\/uploads\/2019\/02\/with-or-without-accelerator-2-1-800x491.jpg 800w, https:\/\/nano-zen.com\/wp-content\/uploads\/2019\/02\/with-or-without-accelerator-2-1-1024x629.jpg 1024w, https:\/\/nano-zen.com\/wp-content\/uploads\/2019\/02\/with-or-without-accelerator-2-1-1200x737.jpg 1200w\" sizes=\"(max-width: 800px) 100vw, 800px\" \/><\/p>\n<p>&nbsp;<\/p>\n<h2 class=\"p1\">Zen-Xero Smart&#8217;i suurep\u00e4rane vastupidavus kemikaalidele.<\/h2>\n<p class=\"p1\">Zen-Xero Smart has great resistant properties to various chemicals in addition to the acid-resistant property. Insusceptible to the negative environmental effects it<\/p>\n<p class=\"p1\">provides a long-term protection of the painted surface from the most severe ones, such as ultraviolet rays.<\/p>\n<p class=\"p1\"><img decoding=\"async\" class=\"wp-image-2150 alignnone\" src=\"https:\/\/nano-zen.com\/wp-content\/uploads\/2019\/02\/Screen-Shot-2019-04-11-at-14.38.41.png\" alt=\"\" width=\"714\" height=\"180\" srcset=\"https:\/\/nano-zen.com\/wp-content\/uploads\/2019\/02\/Screen-Shot-2019-04-11-at-14.38.41-200x50.png 200w, https:\/\/nano-zen.com\/wp-content\/uploads\/2019\/02\/Screen-Shot-2019-04-11-at-14.38.41-300x76.png 300w, https:\/\/nano-zen.com\/wp-content\/uploads\/2019\/02\/Screen-Shot-2019-04-11-at-14.38.41-400x101.png 400w, https:\/\/nano-zen.com\/wp-content\/uploads\/2019\/02\/Screen-Shot-2019-04-11-at-14.38.41-500x126.png 500w, https:\/\/nano-zen.com\/wp-content\/uploads\/2019\/02\/Screen-Shot-2019-04-11-at-14.38.41-600x151.png 600w, https:\/\/nano-zen.com\/wp-content\/uploads\/2019\/02\/Screen-Shot-2019-04-11-at-14.38.41-700x177.png 700w, https:\/\/nano-zen.com\/wp-content\/uploads\/2019\/02\/Screen-Shot-2019-04-11-at-14.38.41-768x194.png 768w, https:\/\/nano-zen.com\/wp-content\/uploads\/2019\/02\/Screen-Shot-2019-04-11-at-14.38.41-800x202.png 800w, https:\/\/nano-zen.com\/wp-content\/uploads\/2019\/02\/Screen-Shot-2019-04-11-at-14.38.41.png 979w\" sizes=\"(max-width: 714px) 100vw, 714px\" \/> <img decoding=\"async\" class=\"wp-image-2152 alignnone\" src=\"https:\/\/nano-zen.com\/wp-content\/uploads\/2019\/02\/Screen-Shot-2019-04-11-at-14.39.01.png\" alt=\"\" width=\"256\" height=\"180\" srcset=\"https:\/\/nano-zen.com\/wp-content\/uploads\/2019\/02\/Screen-Shot-2019-04-11-at-14.39.01-200x141.png 200w, https:\/\/nano-zen.com\/wp-content\/uploads\/2019\/02\/Screen-Shot-2019-04-11-at-14.39.01-300x212.png 300w, https:\/\/nano-zen.com\/wp-content\/uploads\/2019\/02\/Screen-Shot-2019-04-11-at-14.39.01-400x282.png 400w, https:\/\/nano-zen.com\/wp-content\/uploads\/2019\/02\/Screen-Shot-2019-04-11-at-14.39.01.png 451w\" sizes=\"(max-width: 256px) 100vw, 256px\" \/><\/p>\n<p>&nbsp;<\/p>\n<h2 class=\"p1\">Zen-Xero Smart\u2019i vett t\u00f5rjuva m\u00f5ju kauaaegse kesvuse saladus.<\/h2>\n<p class=\"p1\">Traditsioonilistes kattetoodetes saavutatakse vett h\u00fclgav m\u00f5ju ainetega (fluoriid, met\u00fc\u00fclr\u00fchmad jne), mis kogunevad vaid katte pinnale. Seet\u00f5ttu kaotab taoline pinnakiht ajapikku ka oma veet\u00f5rjeomadused. ZenXero Smarti puhul on saavutatud t\u00e4ielik fluori ja keraamilise komponendi \u00fchendumine. T\u00e4nu fluori \u00fchtlasele jaotumisele keraamilises pinnakattes, p\u00fcsib vett t\u00f5rjuv m\u00f5ju katte sees ka pikka aega p\u00e4rast kaitset\u00f6\u00f6tlust.<\/p>\n<p>&nbsp;<\/p>\n<h3 class=\"p1\">Pilt klaasikihist tavaliste kaitsetoodete puhul.<\/h3>\n<p class=\"p1\"><img decoding=\"async\" class=\"wp-image-2156 alignleft\" src=\"https:\/\/nano-zen.com\/wp-content\/uploads\/2019\/02\/water-reppelency-usual-800x356.jpg\" alt=\"water-reppelency usual\" width=\"800\" height=\"356\" srcset=\"https:\/\/nano-zen.com\/wp-content\/uploads\/2019\/02\/water-reppelency-usual-200x89.jpg 200w, https:\/\/nano-zen.com\/wp-content\/uploads\/2019\/02\/water-reppelency-usual-300x134.jpg 300w, https:\/\/nano-zen.com\/wp-content\/uploads\/2019\/02\/water-reppelency-usual-400x178.jpg 400w, https:\/\/nano-zen.com\/wp-content\/uploads\/2019\/02\/water-reppelency-usual-500x223.jpg 500w, https:\/\/nano-zen.com\/wp-content\/uploads\/2019\/02\/water-reppelency-usual-600x267.jpg 600w, https:\/\/nano-zen.com\/wp-content\/uploads\/2019\/02\/water-reppelency-usual-700x312.jpg 700w, https:\/\/nano-zen.com\/wp-content\/uploads\/2019\/02\/water-reppelency-usual-768x342.jpg 768w, https:\/\/nano-zen.com\/wp-content\/uploads\/2019\/02\/water-reppelency-usual-800x356.jpg 800w, https:\/\/nano-zen.com\/wp-content\/uploads\/2019\/02\/water-reppelency-usual-1024x456.jpg 1024w, https:\/\/nano-zen.com\/wp-content\/uploads\/2019\/02\/water-reppelency-usual.jpg 1184w\" sizes=\"(max-width: 800px) 100vw, 800px\" \/><\/p>\n<p>&nbsp;<\/p>\n<p>&nbsp;<\/p>\n<p class=\"p1\">Vett t\u00f5rjuv m\u00f5ju moodustub vaid pinnakatte peal. Vett t\u00f5rjuv m\u00f5ju n\u00f5rgeneb pinnakatte kulumisel.<\/p>\n<p>&nbsp;<\/p>\n<p>&nbsp;<\/p>\n<p>&nbsp;<\/p>\n<p>&nbsp;<\/p>\n<h3><\/h3>\n<h3><\/h3>\n<h3 class=\"p1\">Pilt klaasikihist Zen-Xero Smart&#8217;i puhul.<\/h3>\n<p><img decoding=\"async\" class=\"wp-image-2154 alignleft\" src=\"https:\/\/nano-zen.com\/wp-content\/uploads\/2019\/02\/water-repellency-ZX-800x357.jpg\" alt=\"\" width=\"800\" height=\"357\" srcset=\"https:\/\/nano-zen.com\/wp-content\/uploads\/2019\/02\/water-repellency-ZX-200x89.jpg 200w, https:\/\/nano-zen.com\/wp-content\/uploads\/2019\/02\/water-repellency-ZX-300x134.jpg 300w, https:\/\/nano-zen.com\/wp-content\/uploads\/2019\/02\/water-repellency-ZX-400x178.jpg 400w, https:\/\/nano-zen.com\/wp-content\/uploads\/2019\/02\/water-repellency-ZX-500x223.jpg 500w, https:\/\/nano-zen.com\/wp-content\/uploads\/2019\/02\/water-repellency-ZX-600x268.jpg 600w, https:\/\/nano-zen.com\/wp-content\/uploads\/2019\/02\/water-repellency-ZX-700x312.jpg 700w, https:\/\/nano-zen.com\/wp-content\/uploads\/2019\/02\/water-repellency-ZX-768x342.jpg 768w, https:\/\/nano-zen.com\/wp-content\/uploads\/2019\/02\/water-repellency-ZX-800x357.jpg 800w, https:\/\/nano-zen.com\/wp-content\/uploads\/2019\/02\/water-repellency-ZX-1024x457.jpg 1024w, https:\/\/nano-zen.com\/wp-content\/uploads\/2019\/02\/water-repellency-ZX.jpg 1200w\" sizes=\"(max-width: 800px) 100vw, 800px\" \/><\/p>\n<p>&nbsp;<\/p>\n<p>&nbsp;<\/p>\n<p class=\"p1\">Vett t\u00f5rjuv m\u00f5ju on klaaskihis \u00fchtlaselt jaotunud, kindlustades, et see p\u00fcsib ka pinnakihi kuludes.<\/p>\n<p>&nbsp;<\/p>\n<p>&nbsp;<\/p>\n<p>&nbsp;<\/p>\n<p>&nbsp;<\/p>\n<p>&nbsp;<\/p>\n<h2><\/h2>\n<p>&nbsp;<\/p>\n","protected":false},"excerpt":{"rendered":"<p><img decoding=\"async\" class=\"alignnone wp-image-2752\" src=\"https:\/\/nano-zen.com\/wp-content\/uploads\/2019\/02\/Echelon-Zen-Xero-Smart.png\" alt=\"Echelon Zen-Xero Smart\" width=\"360\" height=\"514\" srcset=\"https:\/\/nano-zen.com\/wp-content\/uploads\/2019\/02\/Echelon-Zen-Xero-Smart-200x285.png 200w, https:\/\/nano-zen.com\/wp-content\/uploads\/2019\/02\/Echelon-Zen-Xero-Smart-210x300.png 210w, https:\/\/nano-zen.com\/wp-content\/uploads\/2019\/02\/Echelon-Zen-Xero-Smart-324x462.png 324w, https:\/\/nano-zen.com\/wp-content\/uploads\/2019\/02\/Echelon-Zen-Xero-Smart-400x571.png 400w, https:\/\/nano-zen.com\/wp-content\/uploads\/2019\/02\/Echelon-Zen-Xero-Smart-416x594.png 416w, https:\/\/nano-zen.com\/wp-content\/uploads\/2019\/02\/Echelon-Zen-Xero-Smart.png 433w\" sizes=\"(max-width: 360px) 100vw, 360px\" \/><\/p>\n<p class=\"p1\"><strong>Great Durability and Ease of Application Achieved with the New Technology<\/strong><\/p>\n<ul>\n<li>Dynamic water-repellent layer: water-repellent effect.<\/li>\n<li>Complete fusion of glass and fluorine that makes water-repellency last.<\/li>\n<li>Deep gloss and shine, perfect for dark-colored cars.<\/li>\n<li>Excellent coating performance with an anti-acid property.<\/li>\n<li>Uniform and high-quality application by only one-time application of a 2-component mixture.<\/li>\n<\/ul>\n<p><strong>Inside the kit:<\/strong> -Liquid I (30 ml) -Liquid II (0.5ml) -Accelerator (30ml) -Applicator sponge x 1<\/p>\n","protected":false},"featured_media":4740,"template":"","meta":[],"product_cat":[819,68,70],"product_tag":[],"yoast_head":"<!-- This site is optimized with the Yoast SEO Premium plugin v14.8 - https:\/\/yoast.com\/wordpress\/plugins\/seo\/ -->\n<title>Echelon Zen-Xero Smart - 2 Component Glass Coating For Car<\/title>\n<meta name=\"description\" content=\"Echelon Zen-Xero Smart \u2013 2 copmonent coating for paintwork. Superhydrofobic. Great Durability and Ease of ApplicationAchieved with New Zen-Xero Technology.\" \/>\n<meta name=\"robots\" content=\"index, follow\" \/>\n<meta name=\"googlebot\" content=\"index, follow, max-snippet:-1, max-image-preview:large, max-video-preview:-1\" \/>\n<meta name=\"bingbot\" content=\"index, follow, max-snippet:-1, max-image-preview:large, max-video-preview:-1\" \/>\n<link rel=\"canonical\" href=\"https:\/\/nano-zen.com\/et\/product\/zen-xero-smart\/\" \/>\n<meta property=\"og:locale\" content=\"et_EE\" \/>\n<meta property=\"og:type\" content=\"article\" \/>\n<meta property=\"og:title\" content=\"Echelon Zen-Xero Smart - 2 Component Glass Coating For Car\" \/>\n<meta property=\"og:description\" content=\"Echelon Zen-Xero Smart \u2013 2 copmonent coating for paintwork. Superhydrofobic. Great Durability and Ease of ApplicationAchieved with New Zen-Xero Technology.\" \/>\n<meta property=\"og:url\" content=\"https:\/\/nano-zen.com\/et\/product\/zen-xero-smart\/\" \/>\n<meta property=\"og:site_name\" content=\"ZEN DETAILING\" \/>\n<meta property=\"article:modified_time\" content=\"2019-10-08T21:08:14+00:00\" \/>\n<meta property=\"og:image\" content=\"https:\/\/nano-zen.com\/wp-content\/uploads\/2019\/02\/Zen-Xero-Smart.jpg\" \/>\n\t<meta property=\"og:image:width\" content=\"700\" \/>\n\t<meta property=\"og:image:height\" content=\"500\" \/>\n<meta property=\"fb:app_id\" content=\"836976856476249\" \/>\n<meta name=\"twitter:card\" content=\"summary_large_image\" \/>\n<script type=\"application\/ld+json\" class=\"yoast-schema-graph\">{\"@context\":\"https:\/\/schema.org\",\"@graph\":[{\"@type\":\"WebSite\",\"@id\":\"https:\/\/nano-zen.com\/et\/#website\",\"url\":\"https:\/\/nano-zen.com\/et\/\",\"name\":\"ZEN DETAILING\",\"description\":\"Zen-Xero Glass Coating protection for all parts of the car.\",\"potentialAction\":[{\"@type\":\"SearchAction\",\"target\":\"https:\/\/nano-zen.com\/et\/?s={search_term_string}\",\"query-input\":\"required name=search_term_string\"}],\"inLanguage\":\"et\"},{\"@type\":\"ImageObject\",\"@id\":\"https:\/\/nano-zen.com\/et\/product\/zen-xero-smart\/#primaryimage\",\"inLanguage\":\"et\",\"url\":\"https:\/\/nano-zen.com\/wp-content\/uploads\/2019\/02\/Zen-Xero-Smart.jpg\",\"width\":700,\"height\":500,\"caption\":\"Vedelklaas Zen-Xero Smart (2 komponentne)\"},{\"@type\":\"WebPage\",\"@id\":\"https:\/\/nano-zen.com\/et\/product\/zen-xero-smart\/#webpage\",\"url\":\"https:\/\/nano-zen.com\/et\/product\/zen-xero-smart\/\",\"name\":\"Echelon Zen-Xero Smart - 2 Component Glass Coating For Car\",\"isPartOf\":{\"@id\":\"https:\/\/nano-zen.com\/et\/#website\"},\"primaryImageOfPage\":{\"@id\":\"https:\/\/nano-zen.com\/et\/product\/zen-xero-smart\/#primaryimage\"},\"datePublished\":\"2019-08-06T11:52:32+00:00\",\"dateModified\":\"2019-10-08T21:08:14+00:00\",\"description\":\"Echelon Zen-Xero Smart \\u2013 2 copmonent coating for paintwork. Superhydrofobic. Great Durability and Ease of ApplicationAchieved with New Zen-Xero Technology.\",\"inLanguage\":\"et\",\"potentialAction\":[{\"@type\":\"ReadAction\",\"target\":[\"https:\/\/nano-zen.com\/et\/product\/zen-xero-smart\/\"]}]}]}<\/script>\n<!-- \/ Yoast SEO Premium plugin. -->","_links":{"self":[{"href":"https:\/\/nano-zen.com\/et\/wp-json\/wp\/v2\/product\/4741"}],"collection":[{"href":"https:\/\/nano-zen.com\/et\/wp-json\/wp\/v2\/product"}],"about":[{"href":"https:\/\/nano-zen.com\/et\/wp-json\/wp\/v2\/types\/product"}],"wp:featuredmedia":[{"embeddable":true,"href":"https:\/\/nano-zen.com\/et\/wp-json\/wp\/v2\/media\/4740"}],"wp:attachment":[{"href":"https:\/\/nano-zen.com\/et\/wp-json\/wp\/v2\/media?parent=4741"}],"wp:term":[{"taxonomy":"product_cat","embeddable":true,"href":"https:\/\/nano-zen.com\/et\/wp-json\/wp\/v2\/product_cat?post=4741"},{"taxonomy":"product_tag","embeddable":true,"href":"https:\/\/nano-zen.com\/et\/wp-json\/wp\/v2\/product_tag?post=4741"}],"curies":[{"name":"wp","href":"https:\/\/api.w.org\/{rel}","templated":true}]}}