{"id":4705,"date":"2019-04-11T12:12:41","date_gmt":"2019-04-11T10:12:41","guid":{"rendered":"https:\/\/nano-zen.com\/product\/zen-xero-vario\/"},"modified":"2019-09-30T20:30:23","modified_gmt":"2019-09-30T18:30:23","slug":"zen-xero-vario","status":"publish","type":"product","link":"https:\/\/nano-zen.com\/et\/product\/zen-xero-vario\/","title":{"rendered":"Zen-Xero Vario"},"content":{"rendered":"<h3 class=\"border_gray\" style=\"font-weight: bold;\">Performance of Zen-Xero Vario<\/h3>\n<div class=\"fusion-tabs fusion-tabs-1 classic horizontal-tabs icon-position-left\"><style type=\"text\/css\">.fusion-tabs.fusion-tabs-1 .nav-tabs li a.tab-link{border-top-color:#f4f6f8;background-color:#f4f6f8;}.fusion-tabs.fusion-tabs-1 .nav-tabs{background-color:#ffffff;}.fusion-tabs.fusion-tabs-1 .nav-tabs li.active a.tab-link,.fusion-tabs.fusion-tabs-1 .nav-tabs li.active a.tab-link:hover,.fusion-tabs.fusion-tabs-1 .nav-tabs li.active a.tab-link:focus{border-right-color:#ffffff;}.fusion-tabs.fusion-tabs-1 .nav-tabs li.active a.tab-link,.fusion-tabs.fusion-tabs-1 .nav-tabs li.active a.tab-link:hover,.fusion-tabs.fusion-tabs-1 .nav-tabs li.active a.tab-link:focus{background-color:#ffffff;}.fusion-tabs.fusion-tabs-1 .nav-tabs li a:hover{background-color:#ffffff;border-top-color:#ffffff;}.fusion-tabs.fusion-tabs-1 .tab-pane{background-color:#ffffff;}.fusion-tabs.fusion-tabs-1 .nav,.fusion-tabs.fusion-tabs-1 .nav-tabs,.fusion-tabs.fusion-tabs-1 .tab-content .tab-pane{border-color:#dbe2ea;}<\/style><div class=\"nav\"><ul class=\"nav-tabs nav-justified\" role=\"tablist\"><li class=\"active\"><a class=\"tab-link\" data-toggle=\"tab\" role=\"tab\" aria-controls=\"tab-1c2f42100ed5feb583a\" aria-selected=\"true\" id=\"fusion-tab-forwheels\" href=\"#tab-1c2f42100ed5feb583a\"><h4 class=\"fusion-tab-heading\">for Wheels<\/h4><\/a><\/li><li><a class=\"tab-link\" data-toggle=\"tab\" role=\"tab\" aria-controls=\"tab-966e0e05989e424ab64\" aria-selected=\"false\" tabindex=\"-1\" id=\"fusion-tab-forleather\" href=\"#tab-966e0e05989e424ab64\"><h4 class=\"fusion-tab-heading\">for Leather<\/h4><\/a><\/li><li><a class=\"tab-link\" data-toggle=\"tab\" role=\"tab\" aria-controls=\"tab-b350cd0394da2e7d0d1\" aria-selected=\"false\" tabindex=\"-1\" id=\"fusion-tab-forheadlights\" href=\"#tab-b350cd0394da2e7d0d1\"><h4 class=\"fusion-tab-heading\">for Headlights<\/h4><\/a><\/li><li><a class=\"tab-link\" data-toggle=\"tab\" role=\"tab\" aria-controls=\"tab-d458fd5a7c696d0d976\" aria-selected=\"false\" tabindex=\"-1\" id=\"fusion-tab-formetaltrim\" href=\"#tab-d458fd5a7c696d0d976\"><h4 class=\"fusion-tab-heading\">for Metal Trim<\/h4><\/a><\/li><\/ul><\/div><div class=\"tab-content\"><div class=\"nav fusion-mobile-tab-nav\"><ul class=\"nav-tabs nav-justified\"><li class=\"active\"><a class=\"tab-link\" data-toggle=\"tab\" role=\"tab\" aria-controls=\"tab-1c2f42100ed5feb583a\" aria-selected=\"true\" id=\"mobile-fusion-tab-forwheels\" href=\"#tab-1c2f42100ed5feb583a\"><h4 class=\"fusion-tab-heading\">for Wheels<\/h4><\/a><\/li><\/ul><\/div><div class=\"tab-pane fade fusion-clearfix in active\" role=\"tabpanel\" tabindex=\"0\" aria-labelledby=\"fusion-tab-forwheels\" id=\"tab-1c2f42100ed5feb583a\"><\/p>\n<p>Alumiinium veljed omavad suurt osa terve auto v\u00e4ljan\u00e4gemisel. V\u00f5rreldes auto kerega \u00fcldiselt, on need palju karmimates tingimustes, n\u00e4iteks piduritolmu ja \u00f5lise\/rasvase mustuse t\u00f5ttu. Pealegi, pidurdamisel tekkiva kuumuse t\u00f5ttu j\u00e4\u00e4b mustus veelgi k\u00f5vemini kinni. Zen-Xero Vario on h\u00fcbriidset t\u00fc\u00fcpi pol\u00fcsilasaan, olles piisavalt paks kiht ja kauakestev, et pakkuda vajalikku kaitset velgedele.<\/p>\n<p>&nbsp;<\/p>\n<p><img decoding=\"async\" class=\"aligncenter wp-image-2134 size-400\" src=\"https:\/\/nano-zen.com\/wp-content\/uploads\/2019\/04\/wheels_content1-400x157.jpg\" alt=\"Zen-Xero Vario for Wheels\" width=\"400\" height=\"157\" srcset=\"https:\/\/nano-zen.com\/wp-content\/uploads\/2019\/04\/wheels_content1-200x78.jpg 200w, https:\/\/nano-zen.com\/wp-content\/uploads\/2019\/04\/wheels_content1-300x117.jpg 300w, https:\/\/nano-zen.com\/wp-content\/uploads\/2019\/04\/wheels_content1-400x157.jpg 400w, https:\/\/nano-zen.com\/wp-content\/uploads\/2019\/04\/wheels_content1.jpg 460w\" sizes=\"(max-width: 400px) 100vw, 400px\" \/><\/p>\n<p>Zen-Xero Vario on paigaldatud vaid poolele veljele. Kui v\u00f5rrelda olukorda p\u00e4rast kuu m\u00f6\u00f6dumist ilma velge pesemata, on n\u00e4ha, et t\u00f6\u00f6deldud pind on puhtam.<\/p>\n<h3 style=\"font-weight: bold;\">K\u00f5venemise aja v\u00e4hendamine = V\u00e4hendab autoomaniku ooteaega p\u00e4rast teenuse teostamist<\/h3>\n<p>T\u00e4nap\u00e4eval on velgede kaitset\u00f6\u00f6tlused aina populaarsemaks muutumas ning turul on v\u00e4ga erinevaid tooteid. Siiski, \u00fcks suuremates probleemidest on kaitseainete kuivamine p\u00e4rast t\u00f6\u00f6tlust. \u00dchest k\u00fcljest kergelt ja kiirelt paigaldatavad kaitset\u00f6\u00f6tlused ei paku piisavat kaitset ja korralikku kaitset pakkuvad ained vajavad liiga pikka aega kuivamist. Zen-Xero Vario v\u00e4lja arvestati selle probleemiga. T\u00f6\u00f6deldud pind kuivab kiiresti ja hoiab mustuse eemale peagi p\u00e4rast kaitse t\u00f6\u00f6tlust. See v\u00f5imaldab efektiivsemalt ja kiiremalt teostada kaitset\u00f6\u00f6tlusi ning tagastada s\u00f5iduk omanikule kiiremini.<\/p>\n<p><\/div><div class=\"nav fusion-mobile-tab-nav\"><ul class=\"nav-tabs nav-justified\"><li><a class=\"tab-link\" data-toggle=\"tab\" role=\"tab\" aria-controls=\"tab-966e0e05989e424ab64\" aria-selected=\"false\" tabindex=\"-1\" id=\"mobile-fusion-tab-forleather\" href=\"#tab-966e0e05989e424ab64\"><h4 class=\"fusion-tab-heading\">for Leather<\/h4><\/a><\/li><\/ul><\/div><div class=\"tab-pane fade fusion-clearfix\" role=\"tabpanel\" tabindex=\"0\" aria-labelledby=\"fusion-tab-forleather\" id=\"tab-966e0e05989e424ab64\"><\/p>\n<p>&nbsp;<\/p>\n<p>\u00dcks k\u00f5ige \u00f5rnemaid materjale, mida kastuatakse autode salongides on nahk. Maailmas on kasutusel v\u00e4ga erinevaid materjale nahast ja kunstnahast. \u00dcldiselt on raske hoida neid pindasid puhtana. Samuti on t\u00fclikas nende puhastamine ja hooldamine. Tradistiooniline nahkpindade hooldamine sisaldab pesu ja siis vastavate kemikaalidega niisutamist. Siiski, kui me r\u00e4\u00e4gime pinna kaitsmisest mustuse vastu, traditsiooniline l\u00e4henemine ei aita. Teisalt, kui panna nahale k\u00f5va kate nagu v\u00e4rvipinnale, siis see rikub \u00e4ra naha pehmed omadused ning on v\u00f5imalikud nahk pinna murdumine ja m\u00f5ranemine. Zen-Xero Vario on revolutsiooniline kaitse vahend nahkpindadele, mis kaitseb nahka klaasist pinnaga ilma, et rikuks \u00e4ra naha tekstuuri.<\/p>\n<p>&nbsp;<\/p>\n<p><img decoding=\"async\" class=\"aligncenter wp-image-2136 size-400\" src=\"https:\/\/nano-zen.com\/wp-content\/uploads\/2019\/04\/leather_content1-400x157.jpg\" alt=\"Zen-Xero Vario for Leather\" width=\"400\" height=\"157\" srcset=\"https:\/\/nano-zen.com\/wp-content\/uploads\/2019\/04\/leather_content1-200x78.jpg 200w, https:\/\/nano-zen.com\/wp-content\/uploads\/2019\/04\/leather_content1-300x117.jpg 300w, https:\/\/nano-zen.com\/wp-content\/uploads\/2019\/04\/leather_content1-400x157.jpg 400w, https:\/\/nano-zen.com\/wp-content\/uploads\/2019\/04\/leather_content1.jpg 460w\" sizes=\"(max-width: 400px) 100vw, 400px\" \/><\/p>\n<p>Toode on paigaldatud nahast istmele osaliselt. P\u00e4rast 6 kuu m\u00f6\u00f6dumist on selgelt n\u00e4ha erinevus.<\/p>\n<h3 style=\"font-weight: bold;\">Mitte-kiristalne klaasist kate, mis ei riku \u00e4ra naha pehmet tekstuuri.<\/h3>\n<p>Olemasolevad v\u00e4rvkattele m\u00f5eldud klaas ja keraamilised kaitsed moodustavad pinnale klaasistunud kaitsekihi. Kui aga nahale paneks samasuguse t\u00e4ielikult-kristalse kaitse, ei saaks see hakkama naha pehmete omadustega ning nahk v\u00f5ib hakata m\u00f5ranema ja koorduma. Zen-Xero Vario on mitte-kristalne pinna katte t\u00fc\u00fcp, mis sobib h\u00e4sti elastsele nahale, sealjuures kahjustamata selle poorset pinda.<\/p>\n<p>&nbsp;<\/p>\n<p>&nbsp;<\/p>\n<p><\/div><div class=\"nav fusion-mobile-tab-nav\"><ul class=\"nav-tabs nav-justified\"><li><a class=\"tab-link\" data-toggle=\"tab\" role=\"tab\" aria-controls=\"tab-b350cd0394da2e7d0d1\" aria-selected=\"false\" tabindex=\"-1\" id=\"mobile-fusion-tab-forheadlights\" href=\"#tab-b350cd0394da2e7d0d1\"><h4 class=\"fusion-tab-heading\">for Headlights<\/h4><\/a><\/li><\/ul><\/div><div class=\"tab-pane fade fusion-clearfix\" role=\"tabpanel\" tabindex=\"0\" aria-labelledby=\"fusion-tab-forheadlights\" id=\"tab-b350cd0394da2e7d0d1\"><\/p>\n<p>T\u00e4nap\u00e4eva esitulede klaasid on enamjaolt tegelikult tehtud pol\u00fckarbonaat vaigust (plastikust). Esituled on ka olulised osad s\u00f5iduki disainist tervikuna. Esitulede pinna k\u00f5vakattekihi halvenemist ning valge-h\u00e4gusaks muutumist peetakse t\u00e4nap\u00e4eval pol\u00fckarbonaat vaigu baasil tulede n\u00f5rgaks kohaks. Tavaliselt lihvitakse liivapaberiga see k\u00f5vakattekiht maha ja poleeritakse pind j\u00e4lle l\u00e4bipaistvaks. Seej\u00e4rel paigaldatakse uus k\u00f5vakattekiht, et see probleem k\u00f5rvaldada. Zen-Xero Vario on formuleeritud esitulede jaoks hoides \u00e4ra kattekihi enda halvenemine ning kaitseb ka pol\u00fckarbonaat pinda.<\/p>\n<p>&nbsp;<\/p>\n<p><img decoding=\"async\" class=\"aligncenter wp-image-2138 size-400\" src=\"https:\/\/nano-zen.com\/wp-content\/uploads\/2019\/04\/headlight_content1-400x157.jpg\" alt=\"Zen-Xero Vario for Headlights\" width=\"400\" height=\"157\" srcset=\"https:\/\/nano-zen.com\/wp-content\/uploads\/2019\/04\/headlight_content1-200x78.jpg 200w, https:\/\/nano-zen.com\/wp-content\/uploads\/2019\/04\/headlight_content1-300x117.jpg 300w, https:\/\/nano-zen.com\/wp-content\/uploads\/2019\/04\/headlight_content1-400x157.jpg 400w, https:\/\/nano-zen.com\/wp-content\/uploads\/2019\/04\/headlight_content1.jpg 460w\" sizes=\"(max-width: 400px) 100vw, 400px\" \/><\/p>\n<p>&nbsp;<\/p>\n<h3 style=\"font-weight: bold;\">Ilmastiku kindlad omadused mis kaitsevad UV kiirete vastu.<\/h3>\n<p>Tavalised k\u00f5vakatted esituledel sisaldavad seda t\u00fc\u00fcpi v\u00e4rve, mis v\u00e4hendavad UV kiirte kahjustavat m\u00f5ju. Isegi nii ei ole v\u00f5imalik t\u00e4ielikult ara hoida see m\u00f5ju, ning l\u00f5puks ikka muutuvad pinnad h\u00e4guseks.<\/p>\n<p>&nbsp;<\/p>\n<p><\/div><div class=\"nav fusion-mobile-tab-nav\"><ul class=\"nav-tabs nav-justified\"><li><a class=\"tab-link\" data-toggle=\"tab\" role=\"tab\" aria-controls=\"tab-d458fd5a7c696d0d976\" aria-selected=\"false\" tabindex=\"-1\" id=\"mobile-fusion-tab-formetaltrim\" href=\"#tab-d458fd5a7c696d0d976\"><h4 class=\"fusion-tab-heading\">for Metal Trim<\/h4><\/a><\/li><\/ul><\/div><div class=\"tab-pane fade fusion-clearfix\" role=\"tabpanel\" tabindex=\"0\" aria-labelledby=\"fusion-tab-formetaltrim\" id=\"tab-d458fd5a7c696d0d976\"><\/p>\n<p>H\u00e4gune valge pind on alumiinium liistude peamine probleem. Sageli esinevad need just Euroopa autode puhul. Autohoolduse ettev\u00f5tetel on praktiliselt v\u00f5imatu neid taastada algsesse seisu. Lisaks, kui isegi \u00f5nnestub algne ilu poleerimisega taastada, see ei kesta kaua. Zen-Xero Vario on vedelklaas kaitse aine alumiiniumist ja roostevabast terasest pindadele nagu: akna raamid, katuse reelingud jne.<\/p>\n<p>&nbsp;<\/p>\n<p><img decoding=\"async\" class=\"aligncenter wp-image-2140 size-400\" src=\"https:\/\/nano-zen.com\/wp-content\/uploads\/2019\/04\/metaltrims_content1-400x157.jpg\" alt=\"Zen-Xero Vario For Metal Trims\" width=\"400\" height=\"157\" srcset=\"https:\/\/nano-zen.com\/wp-content\/uploads\/2019\/04\/metaltrims_content1-200x78.jpg 200w, https:\/\/nano-zen.com\/wp-content\/uploads\/2019\/04\/metaltrims_content1-300x117.jpg 300w, https:\/\/nano-zen.com\/wp-content\/uploads\/2019\/04\/metaltrims_content1-400x157.jpg 400w, https:\/\/nano-zen.com\/wp-content\/uploads\/2019\/04\/metaltrims_content1.jpg 460w\" sizes=\"(max-width: 400px) 100vw, 400px\" \/><\/p>\n<p>&nbsp;<\/p>\n<h3 style=\"font-weight: bold;\">Uskumatult paks katte kiht pakub t\u00f5elist kaitset<\/h3>\n<p>Olemasolevad v\u00e4rvipindadele m\u00f5eldud klaasist kaitsed p\u00fchitakse tavaliselt kohe p\u00e4rast pinnale kandmist. Seet\u00f5ttu on kaitsekihi paksus limiteeritud. Pealegi, kui kaitsekihi paksus on liiga suur, kaotab see ka elastususe ja v\u00f5ib p\u00f5hjustada m\u00f5ranemist. Selle toote unikaalne koostis v\u00f5imaldab kujundada piisavalt paksu ja siiski elastse kaitsekihi ilma m\u00f5ranemise ohuta.<\/p>\n<p><\/div><\/div><\/div>\n","protected":false},"excerpt":{"rendered":"[fusion_text columns=\"\" column_min_width=\"\" column_spacing=\"\" rule_style=\"default\" rule_size=\"\" rule_color=\"\" hide_on_mobile=\"small-visibility,medium-visibility,large-visibility\" class=\"\" id=\"\"]\n<h3 class=\"txt_center\" style=\"font-weight: bold;\">Just One Product Applicable to Various Auto Parts Like Interior Leather and Alminum Wheels<\/h3>\n<h4 class=\"box-header2\">Zen-Xero Vario 100ml<\/h4>\n<p>&nbsp;<\/p>\n<p>[\/fusion_text][fusion_builder_container hundred_percent=\"no\" hundred_percent_height=\"no\" hundred_percent_height_scroll=\"no\" hundred_percent_height_center_content=\"yes\" equal_height_columns=\"no\" menu_anchor=\"\" hide_on_mobile=\"small-visibility,medium-visibility,large-visibility\" status=\"published\" publish_date=\"\" class=\"\" id=\"\" background_color=\"\" background_image=\"\" background_position=\"center center\" background_repeat=\"no-repeat\" fade=\"no\" background_parallax=\"none\" enable_mobile=\"no\" parallax_speed=\"0.3\" video_mp4=\"\" video_webm=\"\" video_ogv=\"\" video_url=\"\" video_aspect_ratio=\"16:9\" video_loop=\"yes\" video_mute=\"yes\" video_preview_image=\"\" border_size=\"\" border_color=\"\" border_style=\"solid\" margin_top=\"\" margin_bottom=\"\" padding_top=\"\" padding_right=\"\" padding_bottom=\"\" padding_left=\"\"][fusion_builder_row][\/fusion_builder_row][\/fusion_builder_container]<\/p>\n","protected":false},"featured_media":2130,"template":"","meta":[],"product_cat":[68,69],"product_tag":[],"yoast_head":"<!-- This site is optimized with the Yoast SEO Premium plugin v14.8 - https:\/\/yoast.com\/wordpress\/plugins\/seo\/ -->\n<title>Zen-Xero Vario - ZEN DETAILING<\/title>\n<meta name=\"description\" content=\"Zen-Xero Vario. Just One Product Applicable to Various Auto Parts Like Interior Leather, Exterior Aluminum Wheels, Headlights and Metal Trims.\" \/>\n<meta name=\"robots\" content=\"index, follow\" \/>\n<meta name=\"googlebot\" content=\"index, follow, max-snippet:-1, max-image-preview:large, max-video-preview:-1\" \/>\n<meta name=\"bingbot\" content=\"index, follow, max-snippet:-1, max-image-preview:large, max-video-preview:-1\" \/>\n<link rel=\"canonical\" href=\"https:\/\/nano-zen.com\/et\/product\/zen-xero-vario\/\" \/>\n<meta property=\"og:locale\" content=\"et_EE\" \/>\n<meta property=\"og:type\" content=\"article\" \/>\n<meta property=\"og:title\" content=\"Zen-Xero Vario - ZEN DETAILING\" \/>\n<meta property=\"og:description\" content=\"Zen-Xero Vario. Just One Product Applicable to Various Auto Parts Like Interior Leather, Exterior Aluminum Wheels, Headlights and Metal Trims.\" \/>\n<meta property=\"og:url\" content=\"https:\/\/nano-zen.com\/et\/product\/zen-xero-vario\/\" \/>\n<meta property=\"og:site_name\" content=\"ZEN DETAILING\" \/>\n<meta property=\"article:modified_time\" content=\"2019-09-30T18:30:23+00:00\" \/>\n<meta property=\"og:image\" content=\"https:\/\/nano-zen.com\/wp-content\/uploads\/2019\/04\/vario-main.jpg\" \/>\n\t<meta property=\"og:image:width\" content=\"600\" \/>\n\t<meta property=\"og:image:height\" content=\"466\" \/>\n<meta property=\"fb:app_id\" content=\"836976856476249\" \/>\n<meta name=\"twitter:card\" content=\"summary_large_image\" \/>\n<script type=\"application\/ld+json\" class=\"yoast-schema-graph\">{\"@context\":\"https:\/\/schema.org\",\"@graph\":[{\"@type\":\"WebSite\",\"@id\":\"https:\/\/nano-zen.com\/et\/#website\",\"url\":\"https:\/\/nano-zen.com\/et\/\",\"name\":\"ZEN DETAILING\",\"description\":\"Zen-Xero Glass Coating protection for all parts of the car.\",\"potentialAction\":[{\"@type\":\"SearchAction\",\"target\":\"https:\/\/nano-zen.com\/et\/?s={search_term_string}\",\"query-input\":\"required name=search_term_string\"}],\"inLanguage\":\"et\"},{\"@type\":\"ImageObject\",\"@id\":\"https:\/\/nano-zen.com\/et\/product\/zen-xero-vario\/#primaryimage\",\"inLanguage\":\"et\",\"url\":\"https:\/\/nano-zen.com\/wp-content\/uploads\/2019\/04\/vario-main.jpg\",\"width\":600,\"height\":466,\"caption\":\"Zen-xero Vario\"},{\"@type\":\"WebPage\",\"@id\":\"https:\/\/nano-zen.com\/et\/product\/zen-xero-vario\/#webpage\",\"url\":\"https:\/\/nano-zen.com\/et\/product\/zen-xero-vario\/\",\"name\":\"Zen-Xero Vario - ZEN DETAILING\",\"isPartOf\":{\"@id\":\"https:\/\/nano-zen.com\/et\/#website\"},\"primaryImageOfPage\":{\"@id\":\"https:\/\/nano-zen.com\/et\/product\/zen-xero-vario\/#primaryimage\"},\"datePublished\":\"2019-04-11T10:12:41+00:00\",\"dateModified\":\"2019-09-30T18:30:23+00:00\",\"description\":\"Zen-Xero Vario. Just One Product Applicable to Various Auto Parts Like Interior Leather, Exterior Aluminum Wheels, Headlights and Metal Trims.\",\"inLanguage\":\"et\",\"potentialAction\":[{\"@type\":\"ReadAction\",\"target\":[\"https:\/\/nano-zen.com\/et\/product\/zen-xero-vario\/\"]}]}]}<\/script>\n<!-- \/ Yoast SEO Premium plugin. -->","_links":{"self":[{"href":"https:\/\/nano-zen.com\/et\/wp-json\/wp\/v2\/product\/4705"}],"collection":[{"href":"https:\/\/nano-zen.com\/et\/wp-json\/wp\/v2\/product"}],"about":[{"href":"https:\/\/nano-zen.com\/et\/wp-json\/wp\/v2\/types\/product"}],"wp:featuredmedia":[{"embeddable":true,"href":"https:\/\/nano-zen.com\/et\/wp-json\/wp\/v2\/media\/2130"}],"wp:attachment":[{"href":"https:\/\/nano-zen.com\/et\/wp-json\/wp\/v2\/media?parent=4705"}],"wp:term":[{"taxonomy":"product_cat","embeddable":true,"href":"https:\/\/nano-zen.com\/et\/wp-json\/wp\/v2\/product_cat?post=4705"},{"taxonomy":"product_tag","embeddable":true,"href":"https:\/\/nano-zen.com\/et\/wp-json\/wp\/v2\/product_tag?post=4705"}],"curies":[{"name":"wp","href":"https:\/\/api.w.org\/{rel}","templated":true}]}}