{"id":4830,"date":"2019-03-01T15:21:59","date_gmt":"2019-03-01T15:21:59","guid":{"rendered":"https:\/\/nano-zen.com\/my-account\/"},"modified":"2020-07-05T22:02:08","modified_gmt":"2020-07-05T20:02:08","slug":"minu-konto","status":"publish","type":"page","link":"https:\/\/nano-zen.com\/et\/minu-konto\/","title":{"rendered":"Minu konto"},"content":{"rendered":"\n<p style=\"text-align: center;\"><strong class=\"caution\">*T\u00e4helepanu. Me m\u00fc\u00fcme kaupu vaid registreerunud \u00e4riklientidele ja tarnime vaid Eesti, L\u00e4ti ja Leedu klientidele.<\/strong><\/p>\n<p style=\"text-align: center;\">Kui sa oled m\u00f5nest teisest riigist, siis palun t\u00e4ida allj\u00e4rgnev vorm ja me edastame su p\u00e4ringu vastava piirkonna edasim\u00fc\u00fcjale.<\/p>\n<p><div class=\"woocommerce\"><\/div><\/p>\n","protected":false},"excerpt":{"rendered":"","protected":false},"author":1,"featured_media":0,"parent":0,"menu_order":0,"comment_status":"closed","ping_status":"closed","template":"","meta":{"footnotes":""},"yoast_head":"<!-- This site is optimized with the Yoast SEO Premium plugin v14.8 - https:\/\/yoast.com\/wordpress\/plugins\/seo\/ -->\n<title>Minu konto - ZEN DETAILING<\/title>\n<meta name=\"robots\" content=\"index, follow\" \/>\n<meta name=\"googlebot\" content=\"index, follow, max-snippet:-1, max-image-preview:large, max-video-preview:-1\" \/>\n<meta name=\"bingbot\" content=\"index, follow, max-snippet:-1, max-image-preview:large, max-video-preview:-1\" \/>\n<link rel=\"canonical\" href=\"https:\/\/nano-zen.com\/et\/minu-konto\/\" \/>\n<meta property=\"og:locale\" content=\"et_EE\" \/>\n<meta property=\"og:type\" content=\"article\" \/>\n<meta property=\"og:title\" content=\"Minu konto - ZEN DETAILING\" \/>\n<meta property=\"og:url\" content=\"https:\/\/nano-zen.com\/et\/minu-konto\/\" \/>\n<meta property=\"og:site_name\" content=\"ZEN DETAILING\" \/>\n<meta property=\"article:modified_time\" content=\"2020-07-05T20:02:08+00:00\" \/>\n<meta property=\"fb:app_id\" content=\"836976856476249\" \/>\n<meta name=\"twitter:card\" content=\"summary_large_image\" \/>\n<script type=\"application\/ld+json\" class=\"yoast-schema-graph\">{\"@context\":\"https:\/\/schema.org\",\"@graph\":[{\"@type\":\"WebSite\",\"@id\":\"https:\/\/nano-zen.com\/et\/#website\",\"url\":\"https:\/\/nano-zen.com\/et\/\",\"name\":\"ZEN DETAILING\",\"description\":\"Zen-Xero Glass Coating protection for all parts of the car.\",\"potentialAction\":[{\"@type\":\"SearchAction\",\"target\":\"https:\/\/nano-zen.com\/et\/?s={search_term_string}\",\"query-input\":\"required name=search_term_string\"}],\"inLanguage\":\"et\"},{\"@type\":\"WebPage\",\"@id\":\"https:\/\/nano-zen.com\/et\/minu-konto\/#webpage\",\"url\":\"https:\/\/nano-zen.com\/et\/minu-konto\/\",\"name\":\"Minu konto - ZEN DETAILING\",\"isPartOf\":{\"@id\":\"https:\/\/nano-zen.com\/et\/#website\"},\"datePublished\":\"2019-03-01T15:21:59+00:00\",\"dateModified\":\"2020-07-05T20:02:08+00:00\",\"inLanguage\":\"et\",\"potentialAction\":[{\"@type\":\"ReadAction\",\"target\":[\"https:\/\/nano-zen.com\/et\/minu-konto\/\"]}]}]}<\/script>\n<!-- \/ Yoast SEO Premium plugin. -->","_links":{"self":[{"href":"https:\/\/nano-zen.com\/et\/wp-json\/wp\/v2\/pages\/4830"}],"collection":[{"href":"https:\/\/nano-zen.com\/et\/wp-json\/wp\/v2\/pages"}],"about":[{"href":"https:\/\/nano-zen.com\/et\/wp-json\/wp\/v2\/types\/page"}],"author":[{"embeddable":true,"href":"https:\/\/nano-zen.com\/et\/wp-json\/wp\/v2\/users\/1"}],"replies":[{"embeddable":true,"href":"https:\/\/nano-zen.com\/et\/wp-json\/wp\/v2\/comments?post=4830"}],"version-history":[{"count":4,"href":"https:\/\/nano-zen.com\/et\/wp-json\/wp\/v2\/pages\/4830\/revisions"}],"predecessor-version":[{"id":4946,"href":"https:\/\/nano-zen.com\/et\/wp-json\/wp\/v2\/pages\/4830\/revisions\/4946"}],"wp:attachment":[{"href":"https:\/\/nano-zen.com\/et\/wp-json\/wp\/v2\/media?parent=4830"}],"curies":[{"name":"wp","href":"https:\/\/api.w.org\/{rel}","templated":true}]}}