{"id":4630,"date":"2019-02-25T20:07:05","date_gmt":"2019-02-25T20:07:05","guid":{"rendered":"https:\/\/nano-zen.com\/about-us\/"},"modified":"2021-06-05T22:36:58","modified_gmt":"2021-06-05T20:36:58","slug":"meist","status":"publish","type":"page","link":"https:\/\/nano-zen.com\/et\/meist\/","title":{"rendered":"Meist"},"content":{"rendered":"<div class=\"fusion-fullwidth fullwidth-box fusion-builder-row-1 nonhundred-percent-fullwidth non-hundred-percent-height-scrolling\" style=\"background-color: rgba(255,255,255,0);background-position: center center;background-repeat: no-repeat;padding-top:0px;padding-right:0px;padding-bottom:0px;padding-left:0px;margin-bottom: 0px;margin-top: 0px;border-width: 0px 0px 0px 0px;border-color:#eae9e9;border-style:solid;\" ><div class=\"fusion-builder-row fusion-row\"><div class=\"fusion-layout-column fusion_builder_column fusion-builder-column-0 fusion_builder_column_1_1 1_1 fusion-one-full fusion-column-first fusion-column-last\" style=\"margin-top:15px;margin-bottom:15px;\"><div class=\"fusion-column-wrapper fusion-flex-column-wrapper-legacy\" style=\"background-position:left top;background-repeat:no-repeat;-webkit-background-size:cover;-moz-background-size:cover;-o-background-size:cover;background-size:cover;padding: 0px 0px 0px 0px;\"><div class=\"fusion-text fusion-text-1\"><h2><strong>T\u00e4nap\u00e4ev.\u00a0<\/strong><\/h2>\n<p><span style=\"font-weight: 400;\">Alates 1.02.2021 pean autohoolduse t\u00f6\u00f6koda Tartus, Jalaka 77-18.\u00a0 Ligi neli aastat juhtisin autopesulat Tartu kesklinnas, kus pakkusime k\u00f5iki peamisi autopesu valdkonda kuuluvaid teenuseid. Autopesu ja puhastus, salongi m\u00e4rgpesu, auto poleerimine, auto vahatamine, vedelklaasi ehk keraamiline kaitset\u00f6\u00f6tlus.\u00a0<\/span><\/p>\n<p><span style=\"font-weight: 400;\">Olen alati olnud selline aktiivne ettev\u00f5tja, kes p\u00f5him\u00f5tteliselt oskab k\u00f5iki teenuseid, mida pakume, ka ise teha, kui selleks on vajadus. Mind huvitab, kuidas miski toimib ning endise sportlasena huvitab ka, kuidas saada tulemus kiiremini ja paremini, samal ajal optimeerides t\u00f6\u00f6 teostaja pingutust. Selle k\u00f5ige juures on oluline osa ka materjalidel ja selles osas on Echeloni Zen-Xero tooted v\u00e4ga kasulikud.\u00a0<\/span><\/p>\n<p><span style=\"font-weight: 400;\">V\u00f5tsin Tasku autopesula enda hallata m\u00e4rts alguses aastal 2016. Pesula ei olnud k\u00fcll kahjumis, kuid ei tootnud ka kasumit. Kasvatanud k\u00e4ivet keskmiselt 50% aastas ja nii kolm aastat j\u00e4rjest.\u00a0<\/span><\/p>\n<p><span style=\"font-weight: 400;\">Kuna vedelklaasi ja keraamilise kaitse t\u00f6\u00f6tlused annavad meile olulise osa k\u00e4ibest (oleme teinud viimase 4 aasta jooksul ligi 500 kaitset\u00f6\u00f6tlust ningnendest umbes 100 keraamilist kaitset ja ligi 400 vedelklaasi kaitset\u00f6\u00f6tlust).\u00a0<\/span><\/p>\n<h2><\/h2>\n<h2><strong>Autopesulatega seotud juba 13 aastat.\u00a0<\/strong><\/h2>\n<p><span style=\"font-weight: 400;\">Esimese autopesula tegin 2006. Laienemine toimus 2008 aastal ja siis oli mul 6 autopesulat. Neist 4 kodulinnas Tartus ja 2 Tallinnas (200 km kaugusel kodust)\u00a0<\/span><\/p>\n<p><span style=\"font-weight: 400;\">Aastast 2008 olen olnud ka Presta ja Malco autohooldustoodete edasim\u00fc\u00fcja oma kodulinnas. 2013 lisandus ka\u00a0 Itaalia Ma-fra kaubam\u00e4rk.\u00a0<\/span><\/p>\n<p><span style=\"font-weight: 400;\">2011 hakkasin oma autopesula projekte kokku t\u00f5mbama. 2013 vabanesin viimasest pesulast. Miks? Sest olin v\u00e4ga v\u00e4sinud. Oli aeg teha autopesulatega paus\u2026 .<\/span><\/p>\n<p><span style=\"font-weight: 400;\">Teine p\u00f5hjus oli v\u00e4ike suunamuutus. 2012 alustasin tarkvara ettev\u00f5tlusega. Alustatud sai autopesulate online broneeringu ja ressursihalduse platvormi arendamisega. See j\u00e4i toppama. Hetkel on olemas m\u00f5ned kliendid.<\/span><\/p>\n<p><span style=\"font-weight: 400;\">Oma tarkvara firmaga paralleelselt t\u00f6\u00f6tasin interneti turundajana start-up ettev\u00f5ttes Sportlyzer (spordiklubide haldamise tarkvara &#8211; worldwide). Sportlyzeri\u00a0 idee autor ja juht on mu kunagine karate aegne v\u00f5itluskaaslane ja konkurent T\u00f5nis Saag.\u00a0<\/span><\/p>\n<p><span style=\"font-weight: 400;\">Olen saanud ligi 5 pakkumist uus pesula v\u00f5tta, aga ei soovi.\u00a0<\/span><\/p>\n<p><span style=\"font-weight: 400;\">Vedelklaasiga tegin tutvust 2016 aasta keskpaiku. Esialgu ei uskunud v\u00e4ga nendesse toodetesse. Aga, oh sa imet. Vahepeal on asjad arenenud ikka v\u00e4ga palju. Ja paistab, et arenevad v\u00e4ga kiiresti edasi ka.\u00a0<\/span><\/p>\n<h2><\/h2>\n<h2><strong>Enne autopesulaid minu elus&#8230;<\/strong><\/h2>\n<p><span style=\"font-weight: 400;\">Olen olnud sportlane ja tippsportlane, tegelenud Moodsa viiev\u00f5istlusega ja v\u00f5istluskaratega WKF.<\/span><\/p>\n<p><span style=\"font-weight: 400;\">V\u00f5istluskarate karj\u00e4\u00e4ri iseloomustaksid j\u00e4rgnevad tulemused.\u00a0<\/span><\/p>\n<p><span style=\"font-weight: 400;\">Osalenud umbes 130 v\u00f5istlusel aastatel 1996-2010.<\/span><\/p>\n<p><span style=\"font-weight: 400;\">7 korda pidanud medali mat\u0161i (euroopa meistriv\u00f5istlused ja maailmameistriv\u00f5istlused)<\/span><\/p>\n<p><span style=\"font-weight: 400;\">20 x Eesti meister (absoluutkaal, individuaalsed kaalukategooriad and meeskonna arvestus).\u00a0<\/span><\/p>\n<p><span style=\"font-weight: 400;\">2006 aasta raskekaalu maailmameister. Ka t\u00e4na 13 aastat hiljem, olen ainuke eestlane, kellel on medal WKF maailma meistriv\u00f5istlustelt t\u00e4iskasvanute klassis.\u00a0<\/span><\/p>\n<h2><\/h2>\n<h2><strong>Kuidas on seotud tippsport ja Echelon Zen-Xero tooted?\u00a0<\/strong><\/h2>\n<p><span style=\"font-weight: 400;\">Tegelikult on ettev\u00f5tlus ja tippsport p\u00f5him\u00f5tetelt t\u00e4iesti samalaadsed. Eesm\u00e4rgid peavad olema k\u00f5rged. Pingutama peab palju. Sarnaselt tippspordiga tuleb ka ettev\u00f5tluses enne panustada v\u00e4ga palju ja alles siis hakata ootama tulemusi. Enamasti ei piisa paari kuust v\u00f5i poolest aastast pingutamisest. See protsess on oluliselt pikem.\u00a0 Aga seda nauditavam on \u00f5nnestumine.\u00a0<\/span><\/p>\n<p><span style=\"font-weight: 400;\">\u00d5nnestumise \u00fcheks oluliseks eelduseks on ka v\u00e4ga kvaliteetne materjal. Ja seda Echeloni tooted minu jaoks ka on. Olen osasid Echeloni tooteid kasutanud n\u00fc\u00fcdseks \u00fcle 4 aasta ning olen kvaliteedis t\u00e4iesti veendunud. \u00dchel hetkel tundus t\u00e4iesti loogiline samm, teha tootjale ettepanek ja hakata Echeloni toodete edasim\u00fc\u00fcjaks meie piirkonnas (Balti riikides). Minu sisetunne \u00fctleb, et\u00a0 nii heal tasemel tooted on saanud liiga v\u00e4he t\u00e4helepanu meie piirkonnas. Nende toodete tuntust t\u00f5stes leiab juurde v\u00e4ga palju rahulolevaid autoomanikke ja teenusepakkujaid.<\/span><\/p>\n<p><img decoding=\"async\" class=\"alignnone wp-image-3505\" src=\"https:\/\/nano-zen.com\/wp-content\/uploads\/2019\/07\/Tasku-Autopesula-Marko-Luhamaa.jpg\" alt=\"Tasku Autopesula Marko Luhamaa\" width=\"156\" height=\"231\" srcset=\"https:\/\/nano-zen.com\/wp-content\/uploads\/2019\/07\/Tasku-Autopesula-Marko-Luhamaa-200x297.jpg 200w, https:\/\/nano-zen.com\/wp-content\/uploads\/2019\/07\/Tasku-Autopesula-Marko-Luhamaa-202x300.jpg 202w, https:\/\/nano-zen.com\/wp-content\/uploads\/2019\/07\/Tasku-Autopesula-Marko-Luhamaa.jpg 400w\" sizes=\"(max-width: 156px) 100vw, 156px\" \/><\/p>\n<p>Marko Luhamaa<br \/>\n<a href=\"https:\/\/nano-zen.com\">nano-zen.com<\/a><\/p>\n<\/div><div class=\"fusion-clearfix\"><\/div><\/div><\/div><\/div><\/div>\n","protected":false},"excerpt":{"rendered":"","protected":false},"author":2,"featured_media":0,"parent":0,"menu_order":0,"comment_status":"closed","ping_status":"closed","template":"","meta":{"footnotes":""},"yoast_head":"<!-- This site is optimized with the Yoast SEO Premium plugin v14.8 - https:\/\/yoast.com\/wordpress\/plugins\/seo\/ -->\n<title>Meist - ZEN DETAILING<\/title>\n<meta name=\"description\" content=\"I have been using Japanese Echelon Zen-Xero products over 3 years. I&#039;m confidet, these products are the best.\" \/>\n<meta name=\"robots\" content=\"index, follow\" \/>\n<meta name=\"googlebot\" content=\"index, follow, max-snippet:-1, max-image-preview:large, max-video-preview:-1\" \/>\n<meta name=\"bingbot\" content=\"index, follow, max-snippet:-1, max-image-preview:large, max-video-preview:-1\" \/>\n<link rel=\"canonical\" href=\"https:\/\/nano-zen.com\/et\/meist\/\" \/>\n<meta property=\"og:locale\" content=\"et_EE\" \/>\n<meta property=\"og:type\" content=\"article\" \/>\n<meta property=\"og:title\" content=\"Meist - ZEN DETAILING\" \/>\n<meta property=\"og:description\" content=\"I have been using Japanese Echelon Zen-Xero products over 3 years. I&#039;m confidet, these products are the best.\" \/>\n<meta property=\"og:url\" content=\"https:\/\/nano-zen.com\/et\/meist\/\" \/>\n<meta property=\"og:site_name\" content=\"ZEN DETAILING\" \/>\n<meta property=\"article:modified_time\" content=\"2021-06-05T20:36:58+00:00\" \/>\n<meta property=\"og:image\" content=\"https:\/\/nano-zen.com\/wp-content\/uploads\/2019\/07\/Tasku-Autopesula-Marko-Luhamaa.jpg\" \/>\n<meta property=\"fb:app_id\" content=\"836976856476249\" \/>\n<meta name=\"twitter:card\" content=\"summary_large_image\" \/>\n<script type=\"application\/ld+json\" class=\"yoast-schema-graph\">{\"@context\":\"https:\/\/schema.org\",\"@graph\":[{\"@type\":\"WebSite\",\"@id\":\"https:\/\/nano-zen.com\/et\/#website\",\"url\":\"https:\/\/nano-zen.com\/et\/\",\"name\":\"ZEN DETAILING\",\"description\":\"Zen-Xero Glass Coating protection for all parts of the car.\",\"potentialAction\":[{\"@type\":\"SearchAction\",\"target\":\"https:\/\/nano-zen.com\/et\/?s={search_term_string}\",\"query-input\":\"required name=search_term_string\"}],\"inLanguage\":\"et\"},{\"@type\":\"ImageObject\",\"@id\":\"https:\/\/nano-zen.com\/et\/meist\/#primaryimage\",\"inLanguage\":\"et\",\"url\":\"https:\/\/nano-zen.com\/wp-content\/uploads\/2019\/07\/Tasku-Autopesula-Marko-Luhamaa.jpg\",\"width\":400,\"height\":593},{\"@type\":\"WebPage\",\"@id\":\"https:\/\/nano-zen.com\/et\/meist\/#webpage\",\"url\":\"https:\/\/nano-zen.com\/et\/meist\/\",\"name\":\"Meist - ZEN DETAILING\",\"isPartOf\":{\"@id\":\"https:\/\/nano-zen.com\/et\/#website\"},\"primaryImageOfPage\":{\"@id\":\"https:\/\/nano-zen.com\/et\/meist\/#primaryimage\"},\"datePublished\":\"2019-02-25T20:07:05+00:00\",\"dateModified\":\"2021-06-05T20:36:58+00:00\",\"description\":\"I have been using Japanese Echelon Zen-Xero products over 3 years. I'm confidet, these products are the best.\",\"inLanguage\":\"et\",\"potentialAction\":[{\"@type\":\"ReadAction\",\"target\":[\"https:\/\/nano-zen.com\/et\/meist\/\"]}]}]}<\/script>\n<!-- \/ Yoast SEO Premium plugin. -->","_links":{"self":[{"href":"https:\/\/nano-zen.com\/et\/wp-json\/wp\/v2\/pages\/4630"}],"collection":[{"href":"https:\/\/nano-zen.com\/et\/wp-json\/wp\/v2\/pages"}],"about":[{"href":"https:\/\/nano-zen.com\/et\/wp-json\/wp\/v2\/types\/page"}],"author":[{"embeddable":true,"href":"https:\/\/nano-zen.com\/et\/wp-json\/wp\/v2\/users\/2"}],"replies":[{"embeddable":true,"href":"https:\/\/nano-zen.com\/et\/wp-json\/wp\/v2\/comments?post=4630"}],"version-history":[{"count":9,"href":"https:\/\/nano-zen.com\/et\/wp-json\/wp\/v2\/pages\/4630\/revisions"}],"predecessor-version":[{"id":17535,"href":"https:\/\/nano-zen.com\/et\/wp-json\/wp\/v2\/pages\/4630\/revisions\/17535"}],"wp:attachment":[{"href":"https:\/\/nano-zen.com\/et\/wp-json\/wp\/v2\/media?parent=4630"}],"curies":[{"name":"wp","href":"https:\/\/api.w.org\/{rel}","templated":true}]}}