{"id":16358,"date":"2020-05-15T22:40:05","date_gmt":"2020-05-15T20:40:05","guid":{"rendered":"https:\/\/nano-zen.com\/?page_id=16358"},"modified":"2021-10-16T17:08:10","modified_gmt":"2021-10-16T15:08:10","slug":"auto-vahatamine","status":"publish","type":"page","link":"https:\/\/nano-zen.com\/et\/zen-detailing\/auto-vahatamine\/","title":{"rendered":"Auto vahatamine"},"content":{"rendered":"<p><div class=\"fusion-fullwidth fullwidth-box fusion-builder-row-1 fusion-flex-container nonhundred-percent-fullwidth non-hundred-percent-height-scrolling\" style=\"background-color: rgba(255,255,255,0);background-position: center center;background-repeat: no-repeat;border-width: 0px 0px 0px 0px;border-color:#eae9e9;border-style:solid;\" ><div class=\"fusion-builder-row fusion-row fusion-flex-align-items-flex-start\" style=\"max-width:1216.8px;margin-left: calc(-4% \/ 2 );margin-right: calc(-4% \/ 2 );\"><div class=\"fusion-layout-column fusion_builder_column fusion-builder-column-0 fusion_builder_column_1_6 1_6 fusion-flex-column\"><div class=\"fusion-column-wrapper fusion-flex-justify-content-flex-start fusion-content-layout-column\" style=\"background-position:left top;background-repeat:no-repeat;-webkit-background-size:cover;-moz-background-size:cover;-o-background-size:cover;background-size:cover;padding: 0px 0px 0px 0px;\"><\/div><\/div><style type=\"text\/css\">.fusion-body .fusion-builder-column-0{width:16.666666666667% !important;margin-top : 15px;margin-bottom : 15px;}.fusion-builder-column-0 > .fusion-column-wrapper {padding-top : 0px !important;padding-right : 0px !important;margin-right : 11.52%;padding-bottom : 0px !important;padding-left : 0px !important;margin-left : 11.52%;}@media only screen and (max-width:1024px) {.fusion-body .fusion-builder-column-0{width:100% !important;order : 0;}.fusion-builder-column-0 > .fusion-column-wrapper {margin-right : 1.92%;margin-left : 1.92%;}}@media only screen and (max-width:640px) {.fusion-body .fusion-builder-column-0{width:100% !important;order : 0;}.fusion-builder-column-0 > .fusion-column-wrapper {margin-right : 1.92%;margin-left : 1.92%;}}<\/style><div class=\"fusion-layout-column fusion_builder_column fusion-builder-column-1 fusion_builder_column_2_3 2_3 fusion-flex-column\"><div class=\"fusion-column-wrapper fusion-flex-justify-content-flex-start fusion-content-layout-column\" style=\"background-position:left top;background-repeat:no-repeat;-webkit-background-size:cover;-moz-background-size:cover;-o-background-size:cover;background-size:cover;padding: 0px 0px 0px 0px;\"><div class=\"fusion-video fusion-youtube\" style=\"max-width:600px;max-height:360px;align-self:center; width:100%\"><div class=\"video-shortcode\"><iframe title=\"YouTube video player\" src=\"https:\/\/www.youtube.com\/embed\/eC7aIlrCKqo?wmode=transparent&autoplay=0rel=0\" width=\"600\" height=\"360\" allowfullscreen allow=\"autoplay; fullscreen\"><\/iframe><\/div><\/div><\/div><\/div><style type=\"text\/css\">.fusion-body .fusion-builder-column-1{width:66.666666666667% !important;margin-top : 15px;margin-bottom : 15px;}.fusion-builder-column-1 > .fusion-column-wrapper {padding-top : 0px !important;padding-right : 0px !important;margin-right : 2.88%;padding-bottom : 0px !important;padding-left : 0px !important;margin-left : 2.88%;}@media only screen and (max-width:1024px) {.fusion-body .fusion-builder-column-1{width:100% !important;order : 0;}.fusion-builder-column-1 > .fusion-column-wrapper {margin-right : 1.92%;margin-left : 1.92%;}}@media only screen and (max-width:640px) {.fusion-body .fusion-builder-column-1{width:100% !important;order : 0;}.fusion-builder-column-1 > .fusion-column-wrapper {margin-right : 1.92%;margin-left : 1.92%;}}<\/style><div class=\"fusion-layout-column fusion_builder_column fusion-builder-column-2 fusion_builder_column_1_6 1_6 fusion-flex-column\"><div class=\"fusion-column-wrapper fusion-flex-justify-content-flex-start fusion-content-layout-column\" style=\"background-position:left top;background-repeat:no-repeat;-webkit-background-size:cover;-moz-background-size:cover;-o-background-size:cover;background-size:cover;padding: 0px 0px 0px 0px;\"><\/div><\/div><style type=\"text\/css\">.fusion-body .fusion-builder-column-2{width:16.666666666667% !important;margin-top : 15px;margin-bottom : 15px;}.fusion-builder-column-2 > .fusion-column-wrapper {padding-top : 0px !important;padding-right : 0px !important;margin-right : 11.52%;padding-bottom : 0px !important;padding-left : 0px !important;margin-left : 11.52%;}@media only screen and (max-width:1024px) {.fusion-body .fusion-builder-column-2{width:100% !important;order : 0;}.fusion-builder-column-2 > .fusion-column-wrapper {margin-right : 1.92%;margin-left : 1.92%;}}@media only screen and (max-width:640px) {.fusion-body .fusion-builder-column-2{width:100% !important;order : 0;}.fusion-builder-column-2 > .fusion-column-wrapper {margin-right : 1.92%;margin-left : 1.92%;}}<\/style><\/div><style type=\"text\/css\">.fusion-body .fusion-flex-container.fusion-builder-row-1{ padding-top : 0px;margin-top : 0px;padding-right : 0px;padding-bottom : 0px;margin-bottom : 0px;padding-left : 0px;}<\/style><\/div><div class=\"fusion-fullwidth fullwidth-box fusion-builder-row-2 nonhundred-percent-fullwidth non-hundred-percent-height-scrolling\" style=\"background-color: rgba(255,255,255,0);background-position: center center;background-repeat: no-repeat;padding-top:0px;padding-right:0px;padding-bottom:0px;padding-left:0px;margin-bottom: 0px;margin-top: 0px;border-width: 0px 0px 0px 0px;border-color:#eae9e9;border-style:solid;\" ><div class=\"fusion-builder-row fusion-row\"><div class=\"fusion-layout-column fusion_builder_column fusion-builder-column-3 fusion_builder_column_1_1 1_1 fusion-one-full fusion-column-first fusion-column-last\" style=\"margin-top:0px;margin-bottom:0px;\"><div class=\"fusion-column-wrapper fusion-flex-column-wrapper-legacy\" style=\"background-position:left top;background-repeat:no-repeat;-webkit-background-size:cover;-moz-background-size:cover;-o-background-size:cover;background-size:cover;padding: 0px 0px 0px 0px;\"><div class=\"fusion-text fusion-text-1\"><div id=\"pl-269\" class=\"panel-layout\">\n<div id=\"pg-269-0\" class=\"panel-grid panel-no-style\">\n<div id=\"pgc-269-0-0\" class=\"panel-grid-cell\" data-weight=\"1\">\n<div id=\"panel-269-0-0-0\" class=\"so-panel widget widget_sow-editor panel-first-child panel-last-child\" data-index=\"0\" data-style=\"{&quot;background_image_attachment&quot;:false,&quot;background_display&quot;:&quot;tile&quot;}\">\n<div class=\"so-widget-sow-editor so-widget-sow-editor-base\">\n<div class=\"siteorigin-widget-tinymce textwidget\">\n<h2>Auto vahatamine.<\/h2>\n<p>Auto vahatamine on meil t\u00e4ispakett-teenusena. See t\u00e4hendab, et auto vahatamisel teostame ka k\u00f5ik vajalikud ettevalmistus- ja viimistlust\u00f6\u00f6d.<\/p>\n<ul>\n<li>pigiplekkide eemaldamine ja autopesu<\/li>\n<li>p\u00f5hjalik kuivatamine<\/li>\n<li>k\u00e4sitsi vahatamine<\/li>\n<li>rehvide l\u00e4igestamine<\/li>\n<li>plastikpindade hooldus<\/li>\n<\/ul>\n<p><strong>Vaha on kindlasti parem kui mitte midagi. Siiski, on t\u00e4nap\u00e4eval palju t\u00f5husamaid kaitsemeetodeid. <a href=\"https:\/\/nano-zen.com\/et\/kaitsetootlused-sinu-autole-2\/\" target=\"_blank\" rel=\"noopener noreferrer\">Tutvu teiste pinnakaitse t\u00f6\u00f6tlustega siin<\/a>.<\/strong><\/p>\n<p><img decoding=\"async\" class=\"aligncenter size-full wp-image-16864\" src=\"https:\/\/nano-zen.com\/wp-content\/uploads\/2020\/11\/auto-vahatamine-nano-blueberry-pastewax-.png\" alt=\"auto vahatamine nano blueberry pastewax\" width=\"600\" height=\"314\" \/><\/p>\n<p>T\u00e4naseks on meil j\u00e4\u00e4nud kasutusse vaid Blueberry Paste Wax. Nano Blueberry annab autole oluliselt juurde l\u00e4iget.\u00a0 Samas ei ole vahatamisel saavutatud l\u00e4ige v\u00f5rreldav <a href=\"https:\/\/nano-zen.com\/et\/zen-detailing\/auto-poleerimine\/\">l\u00e4igestamise ja poleerimise<\/a> teenusega saavutatava tulemusega.<\/p>\n<p>Pildil on n\u00e4ha, kuidas vaha paneb v\u00e4ga kriimulise v\u00e4rvkatte l\u00e4ikima. Kuid kas see tulemus on sinu jaoks piisav? Vaata allj\u00e4rgnevat pilti.<\/p>\n<p>Teine pilt n\u00e4itab sama kohta l\u00e4hivaates. Selgub, et vaha annab k\u00fcll v\u00e4ga hea l\u00e4ike, kuid kriimude peitmisega hakkama ei saa. See kehtib k\u00f5ikide vahade kohta. \u00a0Vaadates l\u00e4hemalt, tulevad teatud valguse nurga alla kriimud rohkem n\u00e4htavale.<\/p>\n<\/div>\n<p><img decoding=\"async\" class=\"aligncenter wp-image-16854\" src=\"https:\/\/nano-zen.com\/wp-content\/uploads\/2020\/11\/auto-vahatamine-Best-wax-kriimuline-uks-la\u0308ikima.jpg\" alt=\"auto vahatamine kriimuline uks la\u0308ikima\" width=\"589\" height=\"308\" \/><\/p>\n<div class=\"siteorigin-widget-tinymce textwidget\">\n<p><img decoding=\"async\" class=\"aligncenter size-full wp-image-16859\" src=\"https:\/\/nano-zen.com\/wp-content\/uploads\/2020\/11\/auto-vahatamine-kriimuline-uks-2.jpg\" alt=\"auto vahatamine kriimuline uks-2\" width=\"600\" height=\"314\" \/><\/p>\n<p>Kui see tulemus ei ole piisav, siis soovitame auto <a href=\"https:\/\/nano-zen.com\/et\/zen-detailing\/auto-poleerimine\/\">l\u00e4igestamist v\u00f5i poleerimist.<\/a><\/p>\n<h2>Nano Blueberry Paste Wax<\/h2>\n<p>&#8220;Mustika vaha&#8221; on v\u00f5rreldes teiste vahadega parema kestvusega, kuna sisaldab nendest enim carnauba vaha. &#8220;Mustika vaha&#8221; soovitame v\u00e4ga heas seisukorras v\u00e4rvkattega autodele kauakestva kaitse andmiseks. Samuti on see hea valik p\u00e4rast auto <a href=\"https:\/\/nano-zen.com\/et\/zen-detailing\/auto-poleerimine\/\">poleerimist<\/a> v\u00f5i l\u00e4igestamist.<br \/>\nSoovitame seda vaha heas seisukorras autodele sellep\u00e4rast, et Blueberry vaha ei sisalda poleerivaid osakesi, mis aitaksid v\u00e4rvipinda korralikult puhastada ja piisavalt l\u00e4iget lisada. Soovitame Nano Blueberry-iga autot vahatada 1-2 korda aastas.<\/p>\n<h2>Milleks autot vahatada?<\/h2>\n<p>Auto vahatamine kaitseb v\u00e4rvi kihti mehaaniliste ja keemiliste kahjustuste eest. Lisaks sellele paneb auto vahatamine v\u00e4rvkatte ka l\u00e4ikima. M\u00f5ned vahad annavad l\u00e4iget rohkem, teised v\u00e4hem.<\/p>\n<p>Mida teha, et vaha sinu autot kauem kaitseks &#8230;<\/p>\n<ul>\n<li>3-5 p\u00e4eva p\u00e4rast auto vahatamist ei ole soovitatav autot pesta kemikaalidega. Vajadusel tee survepesu ilma leotusaineid lisamata.<\/li>\n<li>Suure lahusti sisaldusega pesuained kulutavad kiiresti vaha ning kuivatavad ka v\u00e4lised plastikust pinnad. Seega v\u00e4ldi lahustit sisaldavaid pesuaineid.<\/li>\n<li>Kindluse m\u00f5ttes , taasta vahakihti vedel- ja kiirvahadega .<\/li>\n<\/ul>\n<p>Vajad lisateavet?<br \/>\nHelista julgesti, aitan meeleldi. tel 5511300 (Marko Luhamaa ).<\/p>\n<\/div>\n<\/div>\n<\/div>\n<\/div>\n<\/div>\n<\/div>\n<\/div><div class=\"fusion-clearfix\"><\/div><\/div><\/div><\/div><\/div><\/p>\n","protected":false},"excerpt":{"rendered":"","protected":false},"author":2,"featured_media":0,"parent":16352,"menu_order":0,"comment_status":"closed","ping_status":"closed","template":"","meta":{"footnotes":""},"yoast_head":"<!-- This site is optimized with the Yoast SEO Premium plugin v14.8 - https:\/\/yoast.com\/wordpress\/plugins\/seo\/ -->\n<title>Auto vahatamine TARTUS - KAMPAANIA kuni -65%<\/title>\n<meta name=\"description\" content=\"Auto vahatamine kaitseb v\u00e4rvipinda ja paneb auto l\u00e4ikima. Praegu soodushindadega ka teised teenused. Keraamiline kaitse isegi kuni -65%\" \/>\n<meta name=\"robots\" content=\"index, follow\" \/>\n<meta name=\"googlebot\" content=\"index, follow, max-snippet:-1, max-image-preview:large, max-video-preview:-1\" \/>\n<meta name=\"bingbot\" content=\"index, follow, max-snippet:-1, max-image-preview:large, max-video-preview:-1\" \/>\n<link rel=\"canonical\" href=\"https:\/\/nano-zen.com\/et\/zen-detailing\/auto-vahatamine\/\" \/>\n<meta property=\"og:locale\" content=\"et_EE\" \/>\n<meta property=\"og:type\" content=\"article\" \/>\n<meta property=\"og:title\" content=\"Auto vahatamine TARTUS - KAMPAANIA kuni -65%\" \/>\n<meta property=\"og:description\" content=\"Auto vahatamine kaitseb v\u00e4rvipinda ja paneb auto l\u00e4ikima. Praegu soodushindadega ka teised teenused. Keraamiline kaitse isegi kuni -65%\" \/>\n<meta property=\"og:url\" content=\"https:\/\/nano-zen.com\/et\/zen-detailing\/auto-vahatamine\/\" \/>\n<meta property=\"og:site_name\" content=\"ZEN DETAILING\" \/>\n<meta property=\"article:modified_time\" content=\"2021-10-16T15:08:10+00:00\" \/>\n<meta property=\"og:image\" content=\"https:\/\/nano-zen.com\/wp-content\/uploads\/2020\/11\/auto-vahatamine-nano-blueberry-pastewax-.png\" \/>\n<meta property=\"fb:app_id\" content=\"836976856476249\" \/>\n<meta name=\"twitter:card\" content=\"summary_large_image\" \/>\n<script type=\"application\/ld+json\" class=\"yoast-schema-graph\">{\"@context\":\"https:\/\/schema.org\",\"@graph\":[{\"@type\":\"WebSite\",\"@id\":\"https:\/\/nano-zen.com\/et\/#website\",\"url\":\"https:\/\/nano-zen.com\/et\/\",\"name\":\"ZEN DETAILING\",\"description\":\"Zen-Xero Glass Coating protection for all parts of the car.\",\"potentialAction\":[{\"@type\":\"SearchAction\",\"target\":\"https:\/\/nano-zen.com\/et\/?s={search_term_string}\",\"query-input\":\"required name=search_term_string\"}],\"inLanguage\":\"et\"},{\"@type\":\"ImageObject\",\"@id\":\"https:\/\/nano-zen.com\/et\/zen-detailing\/auto-vahatamine\/#primaryimage\",\"inLanguage\":\"et\",\"url\":\"https:\/\/nano-zen.com\/wp-content\/uploads\/2020\/11\/auto-vahatamine-nano-blueberry-pastewax-.png\",\"width\":600,\"height\":314,\"caption\":\"auto vahatamine nano blueberry pastewax\"},{\"@type\":\"WebPage\",\"@id\":\"https:\/\/nano-zen.com\/et\/zen-detailing\/auto-vahatamine\/#webpage\",\"url\":\"https:\/\/nano-zen.com\/et\/zen-detailing\/auto-vahatamine\/\",\"name\":\"Auto vahatamine TARTUS - KAMPAANIA kuni -65%\",\"isPartOf\":{\"@id\":\"https:\/\/nano-zen.com\/et\/#website\"},\"primaryImageOfPage\":{\"@id\":\"https:\/\/nano-zen.com\/et\/zen-detailing\/auto-vahatamine\/#primaryimage\"},\"datePublished\":\"2020-05-15T20:40:05+00:00\",\"dateModified\":\"2021-10-16T15:08:10+00:00\",\"description\":\"Auto vahatamine kaitseb v\\u00e4rvipinda ja paneb auto l\\u00e4ikima. Praegu soodushindadega ka teised teenused. Keraamiline kaitse isegi kuni -65%\",\"inLanguage\":\"et\",\"potentialAction\":[{\"@type\":\"ReadAction\",\"target\":[\"https:\/\/nano-zen.com\/et\/zen-detailing\/auto-vahatamine\/\"]}]}]}<\/script>\n<!-- \/ Yoast SEO Premium plugin. -->","_links":{"self":[{"href":"https:\/\/nano-zen.com\/et\/wp-json\/wp\/v2\/pages\/16358"}],"collection":[{"href":"https:\/\/nano-zen.com\/et\/wp-json\/wp\/v2\/pages"}],"about":[{"href":"https:\/\/nano-zen.com\/et\/wp-json\/wp\/v2\/types\/page"}],"author":[{"embeddable":true,"href":"https:\/\/nano-zen.com\/et\/wp-json\/wp\/v2\/users\/2"}],"replies":[{"embeddable":true,"href":"https:\/\/nano-zen.com\/et\/wp-json\/wp\/v2\/comments?post=16358"}],"version-history":[{"count":13,"href":"https:\/\/nano-zen.com\/et\/wp-json\/wp\/v2\/pages\/16358\/revisions"}],"predecessor-version":[{"id":16470,"href":"https:\/\/nano-zen.com\/et\/wp-json\/wp\/v2\/pages\/16358\/revisions\/16470"}],"up":[{"embeddable":true,"href":"https:\/\/nano-zen.com\/et\/wp-json\/wp\/v2\/pages\/16352"}],"wp:attachment":[{"href":"https:\/\/nano-zen.com\/et\/wp-json\/wp\/v2\/media?parent=16358"}],"curies":[{"name":"wp","href":"https:\/\/api.w.org\/{rel}","templated":true}]}}