{"id":16356,"date":"2020-05-15T22:37:38","date_gmt":"2020-05-15T20:37:38","guid":{"rendered":"https:\/\/nano-zen.com\/?page_id=16356"},"modified":"2023-11-15T08:48:35","modified_gmt":"2023-11-15T06:48:35","slug":"auto-keemiline-puhastus","status":"publish","type":"page","link":"https:\/\/nano-zen.com\/et\/zen-detailing\/auto-keemiline-puhastus\/","title":{"rendered":"Auto keemiline puhastus"},"content":{"rendered":"<p><div class=\"fusion-fullwidth fullwidth-box fusion-builder-row-1 fusion-flex-container nonhundred-percent-fullwidth non-hundred-percent-height-scrolling\" style=\"background-color: rgba(255,255,255,0);background-position: center center;background-repeat: no-repeat;border-width: 0px 0px 0px 0px;border-color:#eae9e9;border-style:solid;\" ><div class=\"fusion-builder-row fusion-row fusion-flex-align-items-flex-start\" style=\"max-width:1216.8px;margin-left: calc(-4% \/ 2 );margin-right: calc(-4% \/ 2 );\"><div class=\"fusion-layout-column fusion_builder_column fusion-builder-column-0 fusion_builder_column_1_3 1_3 fusion-flex-column\"><div class=\"fusion-column-wrapper fusion-flex-justify-content-flex-start fusion-content-layout-column\" style=\"background-position:left top;background-repeat:no-repeat;-webkit-background-size:cover;-moz-background-size:cover;-o-background-size:cover;background-size:cover;padding: 0px 0px 0px 0px;\"><\/div><\/div><style type=\"text\/css\">.fusion-body .fusion-builder-column-0{width:33.333333333333% !important;margin-top : 15px;margin-bottom : 15px;}.fusion-builder-column-0 > .fusion-column-wrapper {padding-top : 0px !important;padding-right : 0px !important;margin-right : 5.76%;padding-bottom : 0px !important;padding-left : 0px !important;margin-left : 5.76%;}@media only screen and (max-width:1024px) {.fusion-body .fusion-builder-column-0{width:100% !important;order : 0;}.fusion-builder-column-0 > .fusion-column-wrapper {margin-right : 1.92%;margin-left : 1.92%;}}@media only screen and (max-width:640px) {.fusion-body .fusion-builder-column-0{width:100% !important;order : 0;}.fusion-builder-column-0 > .fusion-column-wrapper {margin-right : 1.92%;margin-left : 1.92%;}}<\/style><div class=\"fusion-layout-column fusion_builder_column fusion-builder-column-1 fusion_builder_column_1_3 1_3 fusion-flex-column\"><div class=\"fusion-column-wrapper fusion-flex-justify-content-flex-start fusion-content-layout-column\" style=\"background-position:left top;background-repeat:no-repeat;-webkit-background-size:cover;-moz-background-size:cover;-o-background-size:cover;background-size:cover;padding: 0px 0px 0px 0px;\"><\/div><\/div><style type=\"text\/css\">.fusion-body .fusion-builder-column-1{width:33.333333333333% !important;margin-top : 15px;margin-bottom : 15px;}.fusion-builder-column-1 > .fusion-column-wrapper {padding-top : 0px !important;padding-right : 0px !important;margin-right : 5.76%;padding-bottom : 0px !important;padding-left : 0px !important;margin-left : 5.76%;}@media only screen and (max-width:1024px) {.fusion-body .fusion-builder-column-1{width:100% !important;order : 0;}.fusion-builder-column-1 > .fusion-column-wrapper {margin-right : 1.92%;margin-left : 1.92%;}}@media only screen and (max-width:640px) {.fusion-body .fusion-builder-column-1{width:100% !important;order : 0;}.fusion-builder-column-1 > .fusion-column-wrapper {margin-right : 1.92%;margin-left : 1.92%;}}<\/style><div class=\"fusion-layout-column fusion_builder_column fusion-builder-column-2 fusion_builder_column_1_3 1_3 fusion-flex-column\"><div class=\"fusion-column-wrapper fusion-flex-justify-content-flex-start fusion-content-layout-column\" style=\"background-position:left top;background-repeat:no-repeat;-webkit-background-size:cover;-moz-background-size:cover;-o-background-size:cover;background-size:cover;padding: 0px 0px 0px 0px;\"><\/div><\/div><style type=\"text\/css\">.fusion-body .fusion-builder-column-2{width:33.333333333333% !important;margin-top : 15px;margin-bottom : 15px;}.fusion-builder-column-2 > .fusion-column-wrapper {padding-top : 0px !important;padding-right : 0px !important;margin-right : 5.76%;padding-bottom : 0px !important;padding-left : 0px !important;margin-left : 5.76%;}@media only screen and (max-width:1024px) {.fusion-body .fusion-builder-column-2{width:100% !important;order : 0;}.fusion-builder-column-2 > .fusion-column-wrapper {margin-right : 1.92%;margin-left : 1.92%;}}@media only screen and (max-width:640px) {.fusion-body .fusion-builder-column-2{width:100% !important;order : 0;}.fusion-builder-column-2 > .fusion-column-wrapper {margin-right : 1.92%;margin-left : 1.92%;}}<\/style><\/div><style type=\"text\/css\">.fusion-body .fusion-flex-container.fusion-builder-row-1{ padding-top : 0px;margin-top : 0px;padding-right : 0px;padding-bottom : 0px;margin-bottom : 0px;padding-left : 0px;}<\/style><\/div><div class=\"fusion-fullwidth fullwidth-box fusion-builder-row-2 nonhundred-percent-fullwidth non-hundred-percent-height-scrolling\" style=\"background-color: rgba(255,255,255,0);background-position: center center;background-repeat: no-repeat;padding-top:0px;padding-right:0px;padding-bottom:0px;padding-left:0px;margin-bottom: 0px;margin-top: 0px;border-width: 0px 0px 0px 0px;border-color:#eae9e9;border-style:solid;\" ><div class=\"fusion-builder-row fusion-row\"><div class=\"fusion-layout-column fusion_builder_column fusion-builder-column-3 fusion_builder_column_1_1 1_1 fusion-one-full fusion-column-first fusion-column-last\" style=\"margin-top:0px;margin-bottom:0px;\"><div class=\"fusion-column-wrapper fusion-flex-column-wrapper-legacy\" style=\"background-position:left top;background-repeat:no-repeat;-webkit-background-size:cover;-moz-background-size:cover;-o-background-size:cover;background-size:cover;padding: 0px 0px 0px 0px;\"><div class=\"fusion-text fusion-text-1\"><div id=\"pl-240\" class=\"panel-layout\">\n<div id=\"pg-240-0\" class=\"panel-grid panel-no-style\" data-style=\"{\">\n<div id=\"pgc-240-0-0\" class=\"panel-grid-cell\" data-weight=\"1\">\n<div id=\"panel-240-0-0-0\" class=\"so-panel widget widget_sow-editor panel-first-child panel-last-child\" data-index=\"0\" data-style=\"{\">\n<div class=\"so-widget-sow-editor so-widget-sow-editor-base\">\n<div class=\"siteorigin-widget-tinymce textwidget\">\n<p>Auto keemiline puhastus on rahavasuus tuntud ka nimedega: auto sisepesu, auto salongi m\u00e4rgpesu, autosalongi keemiline puhastus jne-jne. Tegemist on k\u00f5ige p\u00f5hjalikuma sisepuhastuse teenusega. Selle k\u00e4igus peseme auto laest kuni p\u00f5randani (eemaldame k\u00f5ik plekid, mis v\u00e4hegi v\u00f5imalik). Paketi sisse kuulub ka p\u00f5hjalik v\u00e4lipesu pigileotusega. Seega saab auto puhtaks nii seest kui ka v\u00e4ljast. N\u00f5nda on tagatud kliendi positiivne emotsioon igati puhtast autost.<\/p>\n<p>Teenus sisaldab:<\/p>\n<ul>\n<li>p\u00f5hjalik v\u00e4lipesu (pigileotusega)<\/li>\n<li>salongi k\u00f5ikide pindade m\u00e4rgpesu (vajadusel leotamine)<\/li>\n<li>pagasiruumi k\u00f5ikide pindade m\u00e4rgpesu<\/li>\n<li>armatuuri detailide, v\u00f5rede puhastamine<\/li>\n<li>plastikpindade hooldamine<\/li>\n<li>nahkpindade hooldamine (kui on nahksisu)<\/li>\n<li>kuivatamine<\/li>\n<\/ul>\n<h2><\/h2>\n<h2>Soovitusi, et auto keemiline puhastus tagaks puhtuse pikemaks ajaks<\/h2>\n<p>Auto keemilise puhastuse teostamisel oleme v\u00f5tnud standardiks, et anname kliendile auto tagasi t\u00e4iesti kuivana. Selleks peaks klient arvestama v\u00f5imalusega, et auto j\u00e4\u00e4b pesulasse \u00fcle \u00f6\u00f6 hommikuni. Oluline on m\u00e4rkida, et n\u00f5nda p\u00f5jalik kuivatamine on eriti oluline s\u00fcgis-talvisel perioodil, kui suurel hulgal salongi j\u00e4\u00e4nud niiskus hiljem loomulikul teel enam v\u00e4lja ei kuivagi, kuna \u00f5ues on r\u00f5ske. Suvisel perioodil v\u00f5ime veel loota nn j\u00e4relkuivamisele.<\/p>\n<p>Kui auto keemiline puhastus tehtud,\u00a0 soovime k\u00f5ik, et see tulemus kestaks v\u00f5imalikult kaua. Sageli tekitavad meeleh\u00e4rmi ka lihtsad vihmast v\u00f5i joogiveest j\u00e4rgi j\u00e4\u00e4vad laigud. Selliste \u00fcllatuste \u00e4ra hoidmiseks soovitame lisateenust &#8211; riidekaitset. Riidekaitse muudab riidest pinnad vetth\u00fclgavaks. Kui pind ei m\u00e4rgu, siis ei j\u00e4\u00e4 j\u00e4rgi ka laiku. Riidekaitse teine oluline omadus on see, et mustus ei j\u00e4\u00e4 nii tugevasti kangasse kinni. See t\u00e4hendab, et j\u00e4rgmine auto keemline puhastus v\u00f5ib p\u00e4evakorda tulla tavalisest hiljem. Samuti on siis puhastus ka t\u00f5husam (on v\u00e4iksem oht, et riidele kogunevad sellised plekid, millest enam jagu ei saagi). Seega, riidekaitse on eriti soovitatav heleda sisuga autodele.<\/p>\n<p>Kui tihti peaks autole tegema keemilise puhastuse? Sellele k\u00fcsimusele ei ole \u00fchtset vastust. Kui jagada h\u00e4sti \u00fcldiseid soovitusi, siis kord aastas oleks hea, kui saab autole teha seest t\u00e4ieliku puhastuse. Enamasti tehakse seda kevade paiku nn suurpuhastuste aegu. Samas leidub aastaringselt inimesi, kes avastavad, et on k\u00e4tte j\u00f5udnud aeg ette v\u00f5tta auto p\u00f5hjalik puhastus. Teine aktiivsem periood on s\u00fcgis-talv, kui korralikud autoomanikud v\u00f5tavad ette auto v\u00e4rvipinna kaitsmise\u00a0 <a href=\"https:\/\/nano-zen.com\/et\/zen-detailing\/auto-vahatamine\/\" target=\"_blank\" rel=\"noopener noreferrer\">vahatamise<\/a> n\u00e4ol v\u00f5i siis <a href=\"https:\/\/nano-zen.com\/et\/zen-detailing\/auto-keraamiline-kaitse\/\" target=\"_blank\" rel=\"noopener noreferrer\">keraamilise kaitsega<\/a>. Nende t\u00f6\u00f6dega on m\u00f5istlik teha ka auto keemiline puhastus, kui olukord seda n\u00f5uab.<\/p>\n<\/div>\n<div class=\"siteorigin-widget-tinymce textwidget\">\n<p><img decoding=\"async\" class=\" wp-image-17406 aligncenter\" src=\"https:\/\/nano-zen.com\/wp-content\/uploads\/2021\/03\/auto-keemiline-puhastus-zen-detailing.jpg\" alt=\"auto keemiline puhastus zen detailing\" width=\"527\" height=\"232\" \/><\/p>\n<\/div>\n<\/div>\n<\/div>\n<\/div>\n<\/div>\n<\/div>\n<\/div><div class=\"fusion-clearfix\"><\/div><\/div><\/div><\/div><\/div><\/p>\n","protected":false},"excerpt":{"rendered":"","protected":false},"author":2,"featured_media":0,"parent":16352,"menu_order":0,"comment_status":"closed","ping_status":"closed","template":"","meta":{"footnotes":""},"yoast_head":"<!-- This site is optimized with the Yoast SEO Premium plugin v14.8 - https:\/\/yoast.com\/wordpress\/plugins\/seo\/ -->\n<title>Auto keemiline puhastus - Tartu -<\/title>\n<meta name=\"description\" content=\"Auto keemiline puhastus. Helista 5511300.\" \/>\n<meta name=\"robots\" content=\"index, follow\" \/>\n<meta name=\"googlebot\" content=\"index, follow, max-snippet:-1, max-image-preview:large, max-video-preview:-1\" \/>\n<meta name=\"bingbot\" content=\"index, follow, max-snippet:-1, max-image-preview:large, max-video-preview:-1\" \/>\n<link rel=\"canonical\" href=\"https:\/\/nano-zen.com\/et\/zen-detailing\/auto-keemiline-puhastus\/\" \/>\n<meta property=\"og:locale\" content=\"et_EE\" \/>\n<meta property=\"og:type\" content=\"article\" \/>\n<meta property=\"og:title\" content=\"Auto keemiline puhastus - Tartu -\" \/>\n<meta property=\"og:description\" content=\"Auto keemiline puhastus. Helista 5511300.\" \/>\n<meta property=\"og:url\" content=\"https:\/\/nano-zen.com\/et\/zen-detailing\/auto-keemiline-puhastus\/\" \/>\n<meta property=\"og:site_name\" content=\"ZEN DETAILING\" \/>\n<meta property=\"article:modified_time\" content=\"2023-11-15T06:48:35+00:00\" \/>\n<meta property=\"og:image\" content=\"https:\/\/nano-zen.com\/wp-content\/uploads\/2021\/03\/auto-keemiline-puhastus-zen-detailing.jpg\" \/>\n<meta property=\"fb:app_id\" content=\"836976856476249\" \/>\n<meta name=\"twitter:card\" content=\"summary_large_image\" \/>\n<script type=\"application\/ld+json\" class=\"yoast-schema-graph\">{\"@context\":\"https:\/\/schema.org\",\"@graph\":[{\"@type\":\"WebSite\",\"@id\":\"https:\/\/nano-zen.com\/et\/#website\",\"url\":\"https:\/\/nano-zen.com\/et\/\",\"name\":\"ZEN DETAILING\",\"description\":\"Zen-Xero Glass Coating protection for all parts of the car.\",\"potentialAction\":[{\"@type\":\"SearchAction\",\"target\":\"https:\/\/nano-zen.com\/et\/?s={search_term_string}\",\"query-input\":\"required name=search_term_string\"}],\"inLanguage\":\"et\"},{\"@type\":\"ImageObject\",\"@id\":\"https:\/\/nano-zen.com\/et\/zen-detailing\/auto-keemiline-puhastus\/#primaryimage\",\"inLanguage\":\"et\",\"url\":\"https:\/\/nano-zen.com\/wp-content\/uploads\/2021\/03\/auto-keemiline-puhastus-zen-detailing.jpg\",\"width\":1200,\"height\":528,\"caption\":\"auto keemiline puhastus zen detailing\"},{\"@type\":\"WebPage\",\"@id\":\"https:\/\/nano-zen.com\/et\/zen-detailing\/auto-keemiline-puhastus\/#webpage\",\"url\":\"https:\/\/nano-zen.com\/et\/zen-detailing\/auto-keemiline-puhastus\/\",\"name\":\"Auto keemiline puhastus - Tartu -\",\"isPartOf\":{\"@id\":\"https:\/\/nano-zen.com\/et\/#website\"},\"primaryImageOfPage\":{\"@id\":\"https:\/\/nano-zen.com\/et\/zen-detailing\/auto-keemiline-puhastus\/#primaryimage\"},\"datePublished\":\"2020-05-15T20:37:38+00:00\",\"dateModified\":\"2023-11-15T06:48:35+00:00\",\"description\":\"Auto keemiline puhastus. Helista 5511300.\",\"inLanguage\":\"et\",\"potentialAction\":[{\"@type\":\"ReadAction\",\"target\":[\"https:\/\/nano-zen.com\/et\/zen-detailing\/auto-keemiline-puhastus\/\"]}]}]}<\/script>\n<!-- \/ Yoast SEO Premium plugin. -->","_links":{"self":[{"href":"https:\/\/nano-zen.com\/et\/wp-json\/wp\/v2\/pages\/16356"}],"collection":[{"href":"https:\/\/nano-zen.com\/et\/wp-json\/wp\/v2\/pages"}],"about":[{"href":"https:\/\/nano-zen.com\/et\/wp-json\/wp\/v2\/types\/page"}],"author":[{"embeddable":true,"href":"https:\/\/nano-zen.com\/et\/wp-json\/wp\/v2\/users\/2"}],"replies":[{"embeddable":true,"href":"https:\/\/nano-zen.com\/et\/wp-json\/wp\/v2\/comments?post=16356"}],"version-history":[{"count":14,"href":"https:\/\/nano-zen.com\/et\/wp-json\/wp\/v2\/pages\/16356\/revisions"}],"predecessor-version":[{"id":224753,"href":"https:\/\/nano-zen.com\/et\/wp-json\/wp\/v2\/pages\/16356\/revisions\/224753"}],"up":[{"embeddable":true,"href":"https:\/\/nano-zen.com\/et\/wp-json\/wp\/v2\/pages\/16352"}],"wp:attachment":[{"href":"https:\/\/nano-zen.com\/et\/wp-json\/wp\/v2\/media?parent=16356"}],"curies":[{"name":"wp","href":"https:\/\/api.w.org\/{rel}","templated":true}]}}