{"id":16354,"date":"2020-05-15T22:30:38","date_gmt":"2020-05-15T20:30:38","guid":{"rendered":"https:\/\/nano-zen.com\/?page_id=16354"},"modified":"2021-11-08T16:11:59","modified_gmt":"2021-11-08T14:11:59","slug":"auto-poleerimine","status":"publish","type":"page","link":"https:\/\/nano-zen.com\/et\/zen-detailing\/auto-poleerimine\/","title":{"rendered":"Auto poleerimine"},"content":{"rendered":"<p><div class=\"fusion-fullwidth fullwidth-box fusion-builder-row-1 fusion-flex-container nonhundred-percent-fullwidth non-hundred-percent-height-scrolling\" style=\"background-color: rgba(255,255,255,0);background-position: center center;background-repeat: no-repeat;border-width: 0px 0px 0px 0px;border-color:#eae9e9;border-style:solid;\" ><div class=\"fusion-builder-row fusion-row fusion-flex-align-items-flex-start\" style=\"max-width:1216.8px;margin-left: calc(-4% \/ 2 );margin-right: calc(-4% \/ 2 );\"><div class=\"fusion-layout-column fusion_builder_column fusion-builder-column-0 fusion_builder_column_1_3 1_3 fusion-flex-column\"><div class=\"fusion-column-wrapper fusion-flex-justify-content-flex-start fusion-content-layout-column\" style=\"background-position:left top;background-repeat:no-repeat;-webkit-background-size:cover;-moz-background-size:cover;-o-background-size:cover;background-size:cover;padding: 0px 0px 0px 0px;\"><\/div><\/div><style type=\"text\/css\">.fusion-body .fusion-builder-column-0{width:33.333333333333% !important;margin-top : 15px;margin-bottom : 15px;}.fusion-builder-column-0 > .fusion-column-wrapper {padding-top : 0px !important;padding-right : 0px !important;margin-right : 5.76%;padding-bottom : 0px !important;padding-left : 0px !important;margin-left : 5.76%;}@media only screen and (max-width:1024px) {.fusion-body .fusion-builder-column-0{width:100% !important;order : 0;}.fusion-builder-column-0 > .fusion-column-wrapper {margin-right : 1.92%;margin-left : 1.92%;}}@media only screen and (max-width:640px) {.fusion-body .fusion-builder-column-0{width:100% !important;order : 0;}.fusion-builder-column-0 > .fusion-column-wrapper {margin-right : 1.92%;margin-left : 1.92%;}}<\/style><div class=\"fusion-layout-column fusion_builder_column fusion-builder-column-1 fusion_builder_column_1_3 1_3 fusion-flex-column\"><div class=\"fusion-column-wrapper fusion-flex-justify-content-flex-start fusion-content-layout-column\" style=\"background-position:left top;background-repeat:no-repeat;-webkit-background-size:cover;-moz-background-size:cover;-o-background-size:cover;background-size:cover;padding: 0px 0px 0px 0px;\"><\/div><\/div><style type=\"text\/css\">.fusion-body .fusion-builder-column-1{width:33.333333333333% !important;margin-top : 15px;margin-bottom : 15px;}.fusion-builder-column-1 > .fusion-column-wrapper {padding-top : 0px !important;padding-right : 0px !important;margin-right : 5.76%;padding-bottom : 0px !important;padding-left : 0px !important;margin-left : 5.76%;}@media only screen and (max-width:1024px) {.fusion-body .fusion-builder-column-1{width:100% !important;order : 0;}.fusion-builder-column-1 > .fusion-column-wrapper {margin-right : 1.92%;margin-left : 1.92%;}}@media only screen and (max-width:640px) {.fusion-body .fusion-builder-column-1{width:100% !important;order : 0;}.fusion-builder-column-1 > .fusion-column-wrapper {margin-right : 1.92%;margin-left : 1.92%;}}<\/style><div class=\"fusion-layout-column fusion_builder_column fusion-builder-column-2 fusion_builder_column_1_3 1_3 fusion-flex-column\"><div class=\"fusion-column-wrapper fusion-flex-justify-content-flex-start fusion-content-layout-column\" style=\"background-position:left top;background-repeat:no-repeat;-webkit-background-size:cover;-moz-background-size:cover;-o-background-size:cover;background-size:cover;padding: 0px 0px 0px 0px;\"><\/div><\/div><style type=\"text\/css\">.fusion-body .fusion-builder-column-2{width:33.333333333333% !important;margin-top : 15px;margin-bottom : 15px;}.fusion-builder-column-2 > .fusion-column-wrapper {padding-top : 0px !important;padding-right : 0px !important;margin-right : 5.76%;padding-bottom : 0px !important;padding-left : 0px !important;margin-left : 5.76%;}@media only screen and (max-width:1024px) {.fusion-body .fusion-builder-column-2{width:100% !important;order : 0;}.fusion-builder-column-2 > .fusion-column-wrapper {margin-right : 1.92%;margin-left : 1.92%;}}@media only screen and (max-width:640px) {.fusion-body .fusion-builder-column-2{width:100% !important;order : 0;}.fusion-builder-column-2 > .fusion-column-wrapper {margin-right : 1.92%;margin-left : 1.92%;}}<\/style><\/div><style type=\"text\/css\">.fusion-body .fusion-flex-container.fusion-builder-row-1{ padding-top : 0px;margin-top : 0px;padding-right : 0px;padding-bottom : 0px;margin-bottom : 0px;padding-left : 0px;}<\/style><\/div><div class=\"fusion-fullwidth fullwidth-box fusion-builder-row-2 nonhundred-percent-fullwidth non-hundred-percent-height-scrolling\" style=\"background-color: rgba(255,255,255,0);background-position: center center;background-repeat: no-repeat;padding-top:0px;padding-right:0px;padding-bottom:0px;padding-left:0px;margin-bottom: 0px;margin-top: 0px;border-width: 0px 0px 0px 0px;border-color:#eae9e9;border-style:solid;\" ><div class=\"fusion-builder-row fusion-row\"><div class=\"fusion-layout-column fusion_builder_column fusion-builder-column-3 fusion_builder_column_1_1 1_1 fusion-one-full fusion-column-first fusion-column-last\" style=\"margin-top:0px;margin-bottom:0px;\"><div class=\"fusion-column-wrapper fusion-flex-column-wrapper-legacy\" style=\"background-position:left top;background-repeat:no-repeat;-webkit-background-size:cover;-moz-background-size:cover;-o-background-size:cover;background-size:cover;padding: 0px 0px 0px 0px;\"><div class=\"fusion-text fusion-text-1\"><div id=\"pl-169\" class=\"panel-layout\">\n<div id=\"pg-169-0\" class=\"panel-grid panel-no-style\">\n<div id=\"pgc-169-0-0\" class=\"panel-grid-cell\" data-weight=\"1\">\n<div id=\"panel-169-0-0-0\" class=\"so-panel widget widget_sow-editor panel-first-child panel-last-child\" data-index=\"0\" data-style=\"{\">\n<div class=\"so-widget-sow-editor so-widget-sow-editor-base\">\n<div class=\"siteorigin-widget-tinymce textwidget\">\n<p>Auto poleerimine on auto pinnahooldustest peaaegu k\u00f5ige p\u00f5hjalikum. Selle k\u00e4igus eemaldame auto v\u00e4rvkattelt k\u00f5ik kriimud, mis ei ole lakki l\u00e4bistavad. Seej\u00e4rel poleeritakse 2-3 pastaga auto \u00fcle, et anda pinnale k\u00f5rgl\u00e4ige ning eemaldada poleerimise (kriimude eemaldamise) j\u00e4ljed. Kriime eemaldatakse reegline suurema abrasiivsusega pastaga poleerides. Need aga j\u00e4tavad v\u00e4rvkattele p\u00e4ikese k\u00e4es n\u00e4htavad r\u00f5ngad ehk &#8220;hologrammid&#8221;.<\/p>\n<\/div>\n<p>K\u00f5ige p\u00f5hjalikum on siis poleerimine koos apelsini koore efekti eemaldamisega. Selle pinna krobelisuse nimetusi on teisigi: N: auto on &#8220;kananahas&#8221;. Niisiis, v\u00f5ime julgelt v\u00e4ita, et oleme v\u00f5imelised andma sinu autole isegi parema l\u00e4ike kui see on uuel autol autopoest ostetult. Loe <a href=\"https:\/\/nano-zen.com\/et\/apelsini-koore-eemaldamine-autolt-koorida-voi-mitte-koorida\/\" target=\"_blank\" rel=\"noopener noreferrer\">apelsini koore teem<\/a>a kohta l\u00e4hemalt p\u00f5hjalikku blogi postitust.<\/p>\n<div class=\"siteorigin-widget-tinymce textwidget\">\n<ul>\n<li>pigieemalduspesu<\/li>\n<li>p\u00f5hjalik kuivatamine<\/li>\n<li>ohtlike piirkondade kinni teipimine<\/li>\n<li>masinaga\u00a0erineva abrasiivsusega pastadega poleerimine, &#8220;hologrammide&#8221; eemaldamine<\/li>\n<li>vahatamine kiirvahaga (v\u00f5imalik tellida ka <a href=\"https:\/\/nano-zen.com\/et\/case-study-volkswagen-passat-2015-auto-poleerimine-ja-zen-xero-dynamic-vedelklaas-kaitse\/\">vedelklaasist kaitse<\/a>\u00a0, <a href=\"https:\/\/nano-zen.com\/et\/zen-detailing\/auto-keraamiline-kaitse\/\">keraamiline kaitse<\/a>,\u00a0\u00a0<a href=\"https:\/\/nano-zen.com\/et\/zen-detailing\/auto-vahatamine\/\">auto vahatamine\u00a0p\u00fcsivahaga<\/a>)<\/li>\n<li>plastiku hooldus<\/li>\n<li>rehvil\u00e4ige<\/li>\n<\/ul>\n<h3><\/h3>\n<p>Poleerimise m\u00f5ju koos vedelklaasist kaitsega saad <a href=\"https:\/\/nano-zen.com\/et\/case-study-volkswagen-passat-2015-auto-poleerimine-ja-zen-xero-dynamic-vedelklaas-kaitse\/\">vaadata sellest v\u00e4rskest blogi postitusest. Poleerisime \u00fche auto poolenisti \u00e4ra. V\u00e4ga ilmekad pildid tulid.<\/a><\/p>\n<p>\u00dcks pilt kah sellest postitusest:<\/p>\n<p><img decoding=\"async\" class=\"wp-image-2280 aligncenter\" src=\"https:\/\/nano-zen.com\/wp-content\/uploads\/2019\/06\/tagaosa-numbrita.jpg\" alt=\"auto poleerimine\" width=\"753\" height=\"394\" srcset=\"https:\/\/nano-zen.com\/wp-content\/uploads\/2019\/06\/tagaosa-numbrita-200x105.jpg 200w, https:\/\/nano-zen.com\/wp-content\/uploads\/2019\/06\/tagaosa-numbrita-300x157.jpg 300w, https:\/\/nano-zen.com\/wp-content\/uploads\/2019\/06\/tagaosa-numbrita-400x209.jpg 400w, https:\/\/nano-zen.com\/wp-content\/uploads\/2019\/06\/tagaosa-numbrita-500x262.jpg 500w, https:\/\/nano-zen.com\/wp-content\/uploads\/2019\/06\/tagaosa-numbrita-600x314.jpg 600w, https:\/\/nano-zen.com\/wp-content\/uploads\/2019\/06\/tagaosa-numbrita-700x366.jpg 700w, https:\/\/nano-zen.com\/wp-content\/uploads\/2019\/06\/tagaosa-numbrita-768x402.jpg 768w, https:\/\/nano-zen.com\/wp-content\/uploads\/2019\/06\/tagaosa-numbrita-800x419.jpg 800w, https:\/\/nano-zen.com\/wp-content\/uploads\/2019\/06\/tagaosa-numbrita-1024x536.jpg 1024w, https:\/\/nano-zen.com\/wp-content\/uploads\/2019\/06\/tagaosa-numbrita.jpg 1200w\" sizes=\"(max-width: 753px) 100vw, 753px\" \/><\/p>\n<p>Paljude klientide silmis on vahatamine, l\u00e4igestamine ja poleerimine v\u00e4ga sarnased teenused, millel on lihtsalt erinev hind. Tegelikkuses on nendel teenustel aga oluliselt erinev t\u00f6\u00f6maht ja ka tulemus. Ootustele \u00a0vastava v\u00e4lipinna hoolduse teenuse valimiseks soovitame pesulaga \u00fchendust v\u00f5tta ning konsulteerida.<\/p>\n<h2>Auto poleerimine enne\/p\u00e4rast.<\/h2>\n<p>Enne.<\/p>\n<p><img decoding=\"async\" class=\"size-full wp-image-17364 aligncenter\" src=\"https:\/\/nano-zen.com\/wp-content\/uploads\/2021\/03\/auto-poleerimine-enne-zen-detailing.jpg\" alt=\"auto poleerimine enne zen detailing\" width=\"700\" height=\"308\" \/><\/p>\n<p>P\u00e4rast.<\/p>\n<p><img decoding=\"async\" class=\"size-full wp-image-17369 aligncenter\" src=\"https:\/\/nano-zen.com\/wp-content\/uploads\/2021\/03\/auto-poleerimine-pa\u0308rast-zen-detailing.jpg\" alt=\"auto poleerimine p\u00e4rast zen detailing\" width=\"692\" height=\"366\" \/><\/p>\n<\/div>\n<div class=\"siteorigin-widget-tinymce textwidget\">\n<p>Allj\u00e4rgneval pildil (\u00fcks ja sama esiuks erinevates t\u00f6\u00f6tlusastmetes) on h\u00e4sti n\u00e4ha, et sageli ei ole kriimulisel autol n\u00e4ha isegi seda, et tegemist on ilusa metallikv\u00e4rviga.<br \/>\nL\u00e4igestamine toob v\u00e4rvi ilu esile, kuid teatud valguse nurga alt l\u00e4hemal vaatamisel j\u00e4\u00e4vad m\u00f5ned\u00a0kriimud\u00a0n\u00e4ha.<br \/>\nPoleerimine eemaldab k\u00f5ik v\u00f5imalikud kriimud. K\u00f5iki kriime ei ole siiski v\u00f5imalik poleerimisega eemaldada.<\/p>\n<p><a href=\"https:\/\/taskuautopesula.ee\/wp-content\/uploads\/2016\/11\/auto-poleerimine-ja-l\u00e4igestamine-Tasku-Autopesula.jpg\"><img decoding=\"async\" class=\"aligncenter wp-image-61 size-full\" src=\"https:\/\/taskuautopesula.ee\/wp-content\/uploads\/2016\/11\/auto-poleerimine-ja-l\u00e4igestamine-Tasku-Autopesula.jpg\" alt=\"Auto poleerimine Tartus, Tallinnas, P\u00e4rnus, Rakveres ja Viljandis\" width=\"600\" height=\"314\" \/><\/a><\/p>\n<p><b><br \/>\nTeenuse kirjeldus.<\/b><br \/>\nAuto poleerimine on sisuliselt v\u00e4rvipinna v\u00e4ga pindmine lihvimine. Selleks kasutatakse reeglina 3-4 erineva abrasiivsusega poleerimise pastasid. Abrasiivsemad pastad aitavad poleerida v\u00e4lja kriimud ja v\u00e4iksema abrasiivsusega pastadega eemaldatakse poleerimise j\u00e4ljed ning antakse autole korralik l\u00e4ige.<\/p>\n<p>Soovitame autot p\u00e4rast l\u00e4igestamist v\u00f5i poleerimist ka vahatada p\u00fcsivahaga\u00a0v\u00f5i panna vedelklaasist kaitse (vedelklaas).<\/p>\n<p>P\u00fcsivahatamisel lisandub l\u00e4igestamise hinnale 50% vahatamise hinnast (Ei kehti vedelklaasist\u00a0kaitse puhul. K\u00fcsi oma autole hinnapakkumist tel 5511300).<\/p>\n<p>Kui sa oled juba auto \u00e4ra lasknud poleerida, siis vaata igaks juhuks \u00fcle ka 9 enim levinud autode kahjustamise viisi. Ehk peaksid ka ise oma harjumustes v\u00e4ikesed muudatused sisse viima, et suhteliselt kalli teenuse tulemus ka v\u00f5imalikult kaua kestaks.<\/p>\n<\/div>\n<\/div>\n<\/div>\n<\/div>\n<\/div>\n<\/div>\n<\/div><div class=\"fusion-aligncenter\"><style type=\"text\/css\">.fusion-button.button-1 .fusion-button-text {text-transform:uppercase;}<\/style><a class=\"fusion-button button-flat fusion-button-default-size button-green button-1 fusion-button-default-span fusion-button-default-type\" target=\"_self\" href=\"tel:+3725511300\" style=\"margin-bottom:4%;\"><i class=\"fa-mobile-alt fas button-icon-left\" aria-hidden=\"true\"><\/i><span class=\"fusion-button-text\">Helista ja k\u00fcsi lisainfot 5511300<\/span><\/a><\/div><div class=\"fusion-clearfix\"><\/div><\/div><\/div><\/div><\/div><\/p>\n","protected":false},"excerpt":{"rendered":"","protected":false},"author":2,"featured_media":0,"parent":16352,"menu_order":0,"comment_status":"closed","ping_status":"closed","template":"","meta":{"footnotes":""},"yoast_head":"<!-- This site is optimized with the Yoast SEO Premium plugin v14.8 - https:\/\/yoast.com\/wordpress\/plugins\/seo\/ -->\n<title>Auto poleerimine TARTUS. KAMPAANIA kuni -60%<\/title>\n<meta name=\"description\" content=\"Auto poleerimine. Sooduskampaania. Keraamiline kaitse kuni -60%. Soodushinnad ka: auto vahatamine, keemiline puhastus, klaasi keraamika jne.\" \/>\n<meta name=\"robots\" content=\"index, follow\" \/>\n<meta name=\"googlebot\" content=\"index, follow, max-snippet:-1, max-image-preview:large, max-video-preview:-1\" \/>\n<meta name=\"bingbot\" content=\"index, follow, max-snippet:-1, max-image-preview:large, max-video-preview:-1\" \/>\n<link rel=\"canonical\" href=\"https:\/\/nano-zen.com\/et\/zen-detailing\/auto-poleerimine\/\" \/>\n<meta property=\"og:locale\" content=\"et_EE\" \/>\n<meta property=\"og:type\" content=\"article\" \/>\n<meta property=\"og:title\" content=\"Auto poleerimine TARTUS. KAMPAANIA kuni -60%\" \/>\n<meta property=\"og:description\" content=\"Auto poleerimine. Sooduskampaania. Keraamiline kaitse kuni -60%. Soodushinnad ka: auto vahatamine, keemiline puhastus, klaasi keraamika jne.\" \/>\n<meta property=\"og:url\" content=\"https:\/\/nano-zen.com\/et\/zen-detailing\/auto-poleerimine\/\" \/>\n<meta property=\"og:site_name\" content=\"ZEN DETAILING\" \/>\n<meta property=\"article:modified_time\" content=\"2021-11-08T14:11:59+00:00\" \/>\n<meta property=\"og:image\" content=\"https:\/\/nano-zen.com\/wp-content\/uploads\/2019\/06\/tagaosa-numbrita.jpg\" \/>\n<meta property=\"fb:app_id\" content=\"836976856476249\" \/>\n<meta name=\"twitter:card\" content=\"summary_large_image\" \/>\n<script type=\"application\/ld+json\" class=\"yoast-schema-graph\">{\"@context\":\"https:\/\/schema.org\",\"@graph\":[{\"@type\":\"WebSite\",\"@id\":\"https:\/\/nano-zen.com\/et\/#website\",\"url\":\"https:\/\/nano-zen.com\/et\/\",\"name\":\"ZEN DETAILING\",\"description\":\"Zen-Xero Glass Coating protection for all parts of the car.\",\"potentialAction\":[{\"@type\":\"SearchAction\",\"target\":\"https:\/\/nano-zen.com\/et\/?s={search_term_string}\",\"query-input\":\"required name=search_term_string\"}],\"inLanguage\":\"et\"},{\"@type\":\"ImageObject\",\"@id\":\"https:\/\/nano-zen.com\/et\/zen-detailing\/auto-poleerimine\/#primaryimage\",\"inLanguage\":\"et\",\"url\":\"https:\/\/nano-zen.com\/wp-content\/uploads\/2019\/06\/tagaosa-numbrita.jpg\",\"width\":1200,\"height\":628},{\"@type\":\"WebPage\",\"@id\":\"https:\/\/nano-zen.com\/et\/zen-detailing\/auto-poleerimine\/#webpage\",\"url\":\"https:\/\/nano-zen.com\/et\/zen-detailing\/auto-poleerimine\/\",\"name\":\"Auto poleerimine TARTUS. KAMPAANIA kuni -60%\",\"isPartOf\":{\"@id\":\"https:\/\/nano-zen.com\/et\/#website\"},\"primaryImageOfPage\":{\"@id\":\"https:\/\/nano-zen.com\/et\/zen-detailing\/auto-poleerimine\/#primaryimage\"},\"datePublished\":\"2020-05-15T20:30:38+00:00\",\"dateModified\":\"2021-11-08T14:11:59+00:00\",\"description\":\"Auto poleerimine. Sooduskampaania. Keraamiline kaitse kuni -60%. Soodushinnad ka: auto vahatamine, keemiline puhastus, klaasi keraamika jne.\",\"inLanguage\":\"et\",\"potentialAction\":[{\"@type\":\"ReadAction\",\"target\":[\"https:\/\/nano-zen.com\/et\/zen-detailing\/auto-poleerimine\/\"]}]}]}<\/script>\n<!-- \/ Yoast SEO Premium plugin. -->","_links":{"self":[{"href":"https:\/\/nano-zen.com\/et\/wp-json\/wp\/v2\/pages\/16354"}],"collection":[{"href":"https:\/\/nano-zen.com\/et\/wp-json\/wp\/v2\/pages"}],"about":[{"href":"https:\/\/nano-zen.com\/et\/wp-json\/wp\/v2\/types\/page"}],"author":[{"embeddable":true,"href":"https:\/\/nano-zen.com\/et\/wp-json\/wp\/v2\/users\/2"}],"replies":[{"embeddable":true,"href":"https:\/\/nano-zen.com\/et\/wp-json\/wp\/v2\/comments?post=16354"}],"version-history":[{"count":17,"href":"https:\/\/nano-zen.com\/et\/wp-json\/wp\/v2\/pages\/16354\/revisions"}],"predecessor-version":[{"id":17781,"href":"https:\/\/nano-zen.com\/et\/wp-json\/wp\/v2\/pages\/16354\/revisions\/17781"}],"up":[{"embeddable":true,"href":"https:\/\/nano-zen.com\/et\/wp-json\/wp\/v2\/pages\/16352"}],"wp:attachment":[{"href":"https:\/\/nano-zen.com\/et\/wp-json\/wp\/v2\/media?parent=16354"}],"curies":[{"name":"wp","href":"https:\/\/api.w.org\/{rel}","templated":true}]}}